{"id":73241,"date":"2024-05-09T09:25:06","date_gmt":"2024-05-09T08:25:06","guid":{"rendered":"https:\/\/www.aurigaspa.com\/?page_id=73241"},"modified":"2025-11-11T15:43:10","modified_gmt":"2025-11-11T14:43:10","slug":"seguridad-de-la-red-atm","status":"publish","type":"page","link":"https:\/\/www.aurigaspa.com\/es\/banca\/necesidades\/seguridad-de-la-red-atm\/","title":{"rendered":"Seguridad de la red ATM"},"content":{"rendered":"<h2>SEGURIDAD PARA LA RED DE AUTOSERVICIO CON ENFOQUE ZERO TRUST<\/h2>\n<p>La revoluci\u00f3n digital y la innovaci\u00f3n tecnol\u00f3gica han tenido un impacto muy fuerte no solo en la oferta de servicios bancarios a los clientes, sino tambi\u00e9n en la relaci\u00f3n banco-cliente.<\/p>\n<p>Si bien es cierto que los bancos tienen clara la necesidad de prepararse adecuadamente para hacer frente a estos desaf\u00edos sin precedentes, adaptando sus estrategias, el reto principal se basa sobre todo en la capacidad de mantenerse al d\u00eda con las nuevas tecnolog\u00edas y contar con una ventaja competitiva a largo plazo.<\/p>\n<p>Los ataques de ciberseguridad en el entorno del banco representan claramente <strong>una amenaza muy apremiante y creciente en todo el mundo<\/strong>. La implementaci\u00f3n de medidas de seguridad para los bancos es un proceso continuo que necesita desarrollo e investigaci\u00f3n constantes.<\/p>\n<p>Las instituciones financieras se enfrentan a una variedad de desaf\u00edos para hacer que los cajeros autom\u00e1ticos est\u00e9n disponibles las 24 horas del d\u00eda y <strong>garantizar la m\u00e1xima seguridad.<\/strong><\/p>\n<p>Los bancos necesitan elaborar un\u00a0programa de ciberseguridad que comprenda el contexto comercial, la infraestructura t\u00e9cnica que respalda las funciones cr\u00edticas y las amenazas de seguridad cibern\u00e9tica relacionadas.<\/p>\n<h3>Disponibilidad vs Seguridad de la red ATM<\/h3>\n<p>Los cajeros autom\u00e1ticos son dispositivos cr\u00edticos que prestan servicios esenciales para los ciudadanos y cuyo principal objetivo es garantizar la disponibilidad y fiabilidad del servicio, de forma continua y sin interrupciones.<\/p>\n<p>Sin embargo, desde el punto de vista de la seguridad de la red ATM, la falta de pol\u00edticas proactivas de actualizaci\u00f3n, sumada a la accesibilidad f\u00edsica de estos dispositivos, crea un <strong>entorno vulnerable<\/strong> que hace que los cajeros sean muy dif\u00edciles de proteger con las tecnolog\u00edas de seguridad tradicionales.<\/p>\n<p>Se trata de <strong>dispositivos cr\u00edticos<\/strong> y, por tanto, deben estar en activo 24 horas al d\u00eda, 365 d\u00edas al a\u00f1o. El mayor compromiso de la banca con sus clientes es garantizar su seguridad y estabilidad, tanto en relaci\u00f3n al software como al hardware.<\/p>\n<p>Algunos elementos que caracterizan una eficaz gesti\u00f3n del autoservicio:<\/p>\n<ul>\n<li>Control de las operaciones del ATM, especialmente en lo que se refiere al <strong>desarrollo de im\u00e1genes de software y procesos on-site<\/strong> que los t\u00e9cnicos (que muchas veces provienen de terceras partes) llevan a cabo para el mantenimiento de los terminales.<\/li>\n<li><strong>Monitorizaci\u00f3n<\/strong> de amenazas potenciales y de cualquier actividad f\u00edsica no programada sobre el dispositivo.<\/li>\n<li>Maximizaci\u00f3n del tiempo en activo de los ATMs.<\/li>\n<\/ul>\n<p>Las ciberamenazas, y los ataques resultantes causan grandes p\u00e9rdidas econ\u00f3micas a las organizaciones bancarias. Seg\u00fan los informes de la industria, parece que los ciberdelincuentes vuelvan con fuerzas cada vez m\u00e1s renovadas y <strong>nuevas variantes de malware<\/strong> capaces de eludir los sistemas de seguridad.<\/p>\n<p>La mayor\u00eda de ellas consigue obtener acceso ileg\u00edtimo al middleware XFS (servicios financieros extendidos). El hecho de atacar la capa XFS hace que sea una amenaza para m\u00faltiples proveedores y modelos de cajeros autom\u00e1ticos.<\/p>\n<p>La implementaci\u00f3n de una estrategia de ciberseguridad basada en una <strong>plataforma\u00a0de whitelisting<\/strong>, con el conjunto adecuado de tecnolog\u00edas de protecci\u00f3n, garantiza la seguridad de los cajeros sin interrumpir las operaciones.<\/p>\n<h3>Modelo de protecci\u00f3n ATM \u201cZero Trust\u201d<\/h3>\n<p><a href=\"https:\/\/www.aurigaspa.com\/es\/noticias-y-medios-de-comunicacion\/blog-esp\/zero-trust-que-significa-para-la-ciberseguridad-de-la-banca\/\" target=\"_blank\" rel=\"noopener noreferrer\"><strong>Zero Trust <\/strong><\/a>es un modelo de seguridad de la red ATM basado en el supuesto de que su infraestructura ya est\u00e1 comprometida. \u00bfQu\u00e9 significa esto?<\/p>\n<ul>\n<li>La imagen SW puede verse comprometida en tr\u00e1nsito.<\/li>\n<li>El sistema de distribuci\u00f3n de software puede verse comprometido para enviar paquetes maliciosos.<\/li>\n<li>El sistema de acceso remoto puede verse comprometido para obtener acceso ileg\u00edtimo.<\/li>\n<li>Se pueden conectar dispositivos HW no autorizados a su cajero autom\u00e1tico.<\/li>\n<li>El disco duro de su cajero puede ser robado para realizar un an\u00e1lisis de ingenier\u00eda inversa.<\/li>\n<\/ul>\n<p>Las tecnolog\u00edas de seguridad del software de cajeros autom\u00e1ticos (atm) con el modelo Zero Trust involucran los aspectos internos profundos de los sistemas operativos, lo que los hace <strong>independientes del hardware, software o ubicaci\u00f3n<\/strong>.<\/p>\n<p>Adem\u00e1s, la estrategia Zero Trust se basa en el principio de privilegios m\u00ednimos y, por lo tanto, las mismas configuraciones no deben aplicarse a un estado heterog\u00e9neo. La pol\u00edtica de seguridad debe ajustarse a las necesidades de los diferentes grupos de dispositivos.<\/p>\n<h3>Lookwise Device Manager: la soluci\u00f3n a medida de ATM<\/h3>\n<p>LDM es la soluci\u00f3n<strong> centralizada y modular,<\/strong> espec\u00edficamente disegnada para la seguridad de la red de cajeros autom\u00e1ticos.<\/p>\n<p>Proporciona un conjunto integral de funciones para garantizar la protecci\u00f3n y monitoreo de sus dispositivos cr\u00edticos. Agrega <strong>una capa de control adicional <\/strong>que permite a los usuarios ejecutar acciones remotas personalizadas para investigar o reaccionar ante posibles incidentes.<\/p>\n<p>Al implementar una estrategia efectiva de ciberseguridad de tecnologia operacional, es posible proteger los dispositivos cr\u00edticos sin afectar las operaciones y<strong> cumplir con las regulaciones <\/strong>al mismo tiempo.<\/p>\n<p>El modelo de seguridad sigue tres reglas principales:<\/p>\n<ol>\n<li>Define un procedimiento para desarrollar de manera segura una imagen de software<\/li>\n<li>Define los procesos para llevar a cabo <strong>actividades de mantenimiento on-site <\/strong>de manera segura en el ATM<\/li>\n<li>Define las pr\u00e1cticas de respuesta y monitorizaci\u00f3n 24\/7<\/li>\n<\/ol>\n<p>De esta manera se mantiene un control centralizado sobre los cambios de software y hardware, con una visibilidad y gesti\u00f3n integradas del estado de la red y un aumento de la disponibilidad general.<\/p>\n<p>Como resultado, la banca puede conseguir una <a href=\"https:\/\/www.aurigaspa.com\/es\/recursos\/casos-de-exito\/\" target=\"_blank\" rel=\"noopener noreferrer\"><strong>optimizaci\u00f3n del 98,4% en el tiempo activo de toda su red de ATMs<\/strong>. <\/a>Adem\u00e1s, el 100% de los discos duros encriptados mantiene la integridad del software y hardware.<\/p>\n<p>Uno de los principales beneficios de LDM es que centraliza la seguridad de la red de dispositivos garantizando as\u00ed un control eficiente. Adem\u00e1s, al concentrar las operaciones de seguridad en una sola plataforma, se logra un impacto m\u00ednimo en el rendimiento de los dispositivos.<\/p>\n<p>Es crucial planificar la estrategia de seguridad que mejor se adapte al escenario bancario y responder a tiempo a las ciberamenazas.<\/p>\n","protected":false},"excerpt":{"rendered":"<p>SEGURIDAD PARA LA RED DE AUTOSERVICIO CON ENFOQUE ZERO TRUST La revoluci\u00f3n digital y la innovaci\u00f3n tecnol\u00f3gica han tenido un impacto muy fuerte no solo en la oferta de servicios bancarios a los clientes, sino tambi\u00e9n en la relaci\u00f3n banco-cliente. Si bien es cierto que los bancos tienen clara la necesidad de prepararse adecuadamente para<\/p>\n","protected":false},"author":1,"featured_media":0,"parent":32804,"menu_order":0,"comment_status":"closed","ping_status":"closed","template":"","meta":{"footnotes":""},"class_list":["post-73241","page","type-page","status-publish","hentry"],"yoast_head":"<!-- This site is optimized with the Yoast SEO Premium plugin v27.3 (Yoast SEO v27.3) - https:\/\/yoast.com\/product\/yoast-seo-premium-wordpress\/ -->\n<title>Necesidades &gt; Seguridad de la red ATM | Auriga The banking evolution<\/title>\n<meta name=\"description\" content=\"Auriga The banking evolution - Seguridad de la red ATM - Necesidades\" \/>\n<meta name=\"robots\" content=\"index, follow, max-snippet:-1, max-image-preview:large, max-video-preview:-1\" \/>\n<link rel=\"canonical\" href=\"https:\/\/www.aurigaspa.com\/es\/banca\/necesidades\/seguridad-de-la-red-atm\/\" \/>\n<meta property=\"og:locale\" content=\"es_ES\" \/>\n<meta property=\"og:type\" content=\"article\" \/>\n<meta property=\"og:title\" content=\"Seguridad de la red ATM\" \/>\n<meta property=\"og:description\" content=\"Auriga The banking evolution - Seguridad de la red ATM - Necesidades\" \/>\n<meta property=\"og:url\" content=\"https:\/\/www.aurigaspa.com\/es\/banca\/necesidades\/seguridad-de-la-red-atm\/\" \/>\n<meta property=\"og:site_name\" content=\"Auriga\" \/>\n<meta property=\"article:publisher\" content=\"https:\/\/www.facebook.com\/aurigaspa\" \/>\n<meta property=\"article:modified_time\" content=\"2025-11-11T14:43:10+00:00\" \/>\n<meta name=\"twitter:card\" content=\"summary_large_image\" \/>\n<meta name=\"twitter:label1\" content=\"Tiempo de lectura\" \/>\n\t<meta name=\"twitter:data1\" content=\"6 minutos\" \/>\n<script type=\"application\/ld+json\" class=\"yoast-schema-graph\">{\"@context\":\"https:\\\/\\\/schema.org\",\"@graph\":[{\"@type\":\"WebPage\",\"@id\":\"https:\\\/\\\/www.aurigaspa.com\\\/es\\\/banca\\\/necesidades\\\/seguridad-de-la-red-atm\\\/\",\"url\":\"https:\\\/\\\/www.aurigaspa.com\\\/es\\\/banca\\\/necesidades\\\/seguridad-de-la-red-atm\\\/\",\"name\":\"Necesidades > Seguridad de la red ATM | Auriga The banking evolution\",\"isPartOf\":{\"@id\":\"https:\\\/\\\/www.aurigaspa.com\\\/es\\\/#website\"},\"datePublished\":\"2024-05-09T08:25:06+00:00\",\"dateModified\":\"2025-11-11T14:43:10+00:00\",\"description\":\"Auriga The banking evolution - Seguridad de la red ATM - Necesidades\",\"breadcrumb\":{\"@id\":\"https:\\\/\\\/www.aurigaspa.com\\\/es\\\/banca\\\/necesidades\\\/seguridad-de-la-red-atm\\\/#breadcrumb\"},\"inLanguage\":\"es\",\"potentialAction\":[{\"@type\":\"ReadAction\",\"target\":[\"https:\\\/\\\/www.aurigaspa.com\\\/es\\\/banca\\\/necesidades\\\/seguridad-de-la-red-atm\\\/\"]}]},{\"@type\":\"BreadcrumbList\",\"@id\":\"https:\\\/\\\/www.aurigaspa.com\\\/es\\\/banca\\\/necesidades\\\/seguridad-de-la-red-atm\\\/#breadcrumb\",\"itemListElement\":[{\"@type\":\"ListItem\",\"position\":1,\"name\":\"Home\",\"item\":\"https:\\\/\\\/www.aurigaspa.com\\\/es\\\/\"},{\"@type\":\"ListItem\",\"position\":2,\"name\":\"Banca\",\"item\":\"https:\\\/\\\/www.aurigaspa.com\\\/es\\\/banca\\\/\"},{\"@type\":\"ListItem\",\"position\":3,\"name\":\"Necesidades\",\"item\":\"https:\\\/\\\/www.aurigaspa.com\\\/es\\\/banca\\\/necesidades\\\/\"},{\"@type\":\"ListItem\",\"position\":4,\"name\":\"Seguridad de la red ATM\"}]},{\"@type\":\"WebSite\",\"@id\":\"https:\\\/\\\/www.aurigaspa.com\\\/es\\\/#website\",\"url\":\"https:\\\/\\\/www.aurigaspa.com\\\/es\\\/\",\"name\":\"Auriga\",\"description\":\"The banking evolution\",\"publisher\":{\"@id\":\"https:\\\/\\\/www.aurigaspa.com\\\/es\\\/#organization\"},\"potentialAction\":[{\"@type\":\"SearchAction\",\"target\":{\"@type\":\"EntryPoint\",\"urlTemplate\":\"https:\\\/\\\/www.aurigaspa.com\\\/es\\\/?s={search_term_string}\"},\"query-input\":{\"@type\":\"PropertyValueSpecification\",\"valueRequired\":true,\"valueName\":\"search_term_string\"}}],\"inLanguage\":\"es\"},{\"@type\":\"Organization\",\"@id\":\"https:\\\/\\\/www.aurigaspa.com\\\/es\\\/#organization\",\"name\":\"Auriga\",\"url\":\"https:\\\/\\\/www.aurigaspa.com\\\/es\\\/\",\"logo\":{\"@type\":\"ImageObject\",\"inLanguage\":\"es\",\"@id\":\"https:\\\/\\\/www.aurigaspa.com\\\/es\\\/#\\\/schema\\\/logo\\\/image\\\/\",\"url\":\"https:\\\/\\\/www.aurigaspa.com\\\/wp-content\\\/uploads\\\/marchio_auriga_nopayoff_web.png\",\"contentUrl\":\"https:\\\/\\\/www.aurigaspa.com\\\/wp-content\\\/uploads\\\/marchio_auriga_nopayoff_web.png\",\"width\":660,\"height\":360,\"caption\":\"Auriga\"},\"image\":{\"@id\":\"https:\\\/\\\/www.aurigaspa.com\\\/es\\\/#\\\/schema\\\/logo\\\/image\\\/\"},\"sameAs\":[\"https:\\\/\\\/www.facebook.com\\\/aurigaspa\",\"https:\\\/\\\/www.instagram.com\\\/auriga_the_banking_evolution\\\/\",\"https:\\\/\\\/www.linkedin.com\\\/company\\\/auriga-spa\",\"https:\\\/\\\/www.youtube.com\\\/user\\\/aurigaspacom\"]}]}<\/script>\n<!-- \/ Yoast SEO Premium plugin. -->","yoast_head_json":{"title":"Necesidades > Seguridad de la red ATM | Auriga The banking evolution","description":"Auriga The banking evolution - Seguridad de la red ATM - Necesidades","robots":{"index":"index","follow":"follow","max-snippet":"max-snippet:-1","max-image-preview":"max-image-preview:large","max-video-preview":"max-video-preview:-1"},"canonical":"https:\/\/www.aurigaspa.com\/es\/banca\/necesidades\/seguridad-de-la-red-atm\/","og_locale":"es_ES","og_type":"article","og_title":"Seguridad de la red ATM","og_description":"Auriga The banking evolution - Seguridad de la red ATM - Necesidades","og_url":"https:\/\/www.aurigaspa.com\/es\/banca\/necesidades\/seguridad-de-la-red-atm\/","og_site_name":"Auriga","article_publisher":"https:\/\/www.facebook.com\/aurigaspa","article_modified_time":"2025-11-11T14:43:10+00:00","twitter_card":"summary_large_image","twitter_misc":{"Tiempo de lectura":"6 minutos"},"schema":{"@context":"https:\/\/schema.org","@graph":[{"@type":"WebPage","@id":"https:\/\/www.aurigaspa.com\/es\/banca\/necesidades\/seguridad-de-la-red-atm\/","url":"https:\/\/www.aurigaspa.com\/es\/banca\/necesidades\/seguridad-de-la-red-atm\/","name":"Necesidades > Seguridad de la red ATM | Auriga The banking evolution","isPartOf":{"@id":"https:\/\/www.aurigaspa.com\/es\/#website"},"datePublished":"2024-05-09T08:25:06+00:00","dateModified":"2025-11-11T14:43:10+00:00","description":"Auriga The banking evolution - Seguridad de la red ATM - Necesidades","breadcrumb":{"@id":"https:\/\/www.aurigaspa.com\/es\/banca\/necesidades\/seguridad-de-la-red-atm\/#breadcrumb"},"inLanguage":"es","potentialAction":[{"@type":"ReadAction","target":["https:\/\/www.aurigaspa.com\/es\/banca\/necesidades\/seguridad-de-la-red-atm\/"]}]},{"@type":"BreadcrumbList","@id":"https:\/\/www.aurigaspa.com\/es\/banca\/necesidades\/seguridad-de-la-red-atm\/#breadcrumb","itemListElement":[{"@type":"ListItem","position":1,"name":"Home","item":"https:\/\/www.aurigaspa.com\/es\/"},{"@type":"ListItem","position":2,"name":"Banca","item":"https:\/\/www.aurigaspa.com\/es\/banca\/"},{"@type":"ListItem","position":3,"name":"Necesidades","item":"https:\/\/www.aurigaspa.com\/es\/banca\/necesidades\/"},{"@type":"ListItem","position":4,"name":"Seguridad de la red ATM"}]},{"@type":"WebSite","@id":"https:\/\/www.aurigaspa.com\/es\/#website","url":"https:\/\/www.aurigaspa.com\/es\/","name":"Auriga","description":"The banking evolution","publisher":{"@id":"https:\/\/www.aurigaspa.com\/es\/#organization"},"potentialAction":[{"@type":"SearchAction","target":{"@type":"EntryPoint","urlTemplate":"https:\/\/www.aurigaspa.com\/es\/?s={search_term_string}"},"query-input":{"@type":"PropertyValueSpecification","valueRequired":true,"valueName":"search_term_string"}}],"inLanguage":"es"},{"@type":"Organization","@id":"https:\/\/www.aurigaspa.com\/es\/#organization","name":"Auriga","url":"https:\/\/www.aurigaspa.com\/es\/","logo":{"@type":"ImageObject","inLanguage":"es","@id":"https:\/\/www.aurigaspa.com\/es\/#\/schema\/logo\/image\/","url":"https:\/\/www.aurigaspa.com\/wp-content\/uploads\/marchio_auriga_nopayoff_web.png","contentUrl":"https:\/\/www.aurigaspa.com\/wp-content\/uploads\/marchio_auriga_nopayoff_web.png","width":660,"height":360,"caption":"Auriga"},"image":{"@id":"https:\/\/www.aurigaspa.com\/es\/#\/schema\/logo\/image\/"},"sameAs":["https:\/\/www.facebook.com\/aurigaspa","https:\/\/www.instagram.com\/auriga_the_banking_evolution\/","https:\/\/www.linkedin.com\/company\/auriga-spa","https:\/\/www.youtube.com\/user\/aurigaspacom"]}]}},"_links":{"self":[{"href":"https:\/\/www.aurigaspa.com\/es\/wp-json\/wp\/v2\/pages\/73241","targetHints":{"allow":["GET"]}}],"collection":[{"href":"https:\/\/www.aurigaspa.com\/es\/wp-json\/wp\/v2\/pages"}],"about":[{"href":"https:\/\/www.aurigaspa.com\/es\/wp-json\/wp\/v2\/types\/page"}],"author":[{"embeddable":true,"href":"https:\/\/www.aurigaspa.com\/es\/wp-json\/wp\/v2\/users\/1"}],"replies":[{"embeddable":true,"href":"https:\/\/www.aurigaspa.com\/es\/wp-json\/wp\/v2\/comments?post=73241"}],"version-history":[{"count":5,"href":"https:\/\/www.aurigaspa.com\/es\/wp-json\/wp\/v2\/pages\/73241\/revisions"}],"predecessor-version":[{"id":77793,"href":"https:\/\/www.aurigaspa.com\/es\/wp-json\/wp\/v2\/pages\/73241\/revisions\/77793"}],"up":[{"embeddable":true,"href":"https:\/\/www.aurigaspa.com\/es\/wp-json\/wp\/v2\/pages\/32804"}],"wp:attachment":[{"href":"https:\/\/www.aurigaspa.com\/es\/wp-json\/wp\/v2\/media?parent=73241"}],"curies":[{"name":"wp","href":"https:\/\/api.w.org\/{rel}","templated":true}]}}