{"id":69387,"date":"2022-01-03T17:18:52","date_gmt":"2022-01-03T15:18:52","guid":{"rendered":"https:\/\/www.aurigaspa.com\/?page_id=69387"},"modified":"2026-04-08T11:01:27","modified_gmt":"2026-04-08T10:01:27","slug":"wws-one-to-one-omnia","status":"publish","type":"page","link":"https:\/\/www.aurigaspa.com\/es\/banca\/productos-y-soluciones\/marketing-de-banca-y-senalizacion-digital\/wws-one-to-one-omnia\/","title":{"rendered":"WWS One to One OMNIA"},"content":{"rendered":"<p>MARKETING OMNICANAL<\/p>\n<p>Los canales digitales contin\u00faan creciendo y se vuelven cada vez m\u00e1s h\u00edbridos. Por lo tanto, para ofrecer una experiencia bancaria integrada y automatizada sin problemas, las estrategias de marketing omnicanal deben estar respaldadas por la tecnolog\u00eda m\u00e1s avanzada.<\/p>\n<p>WWS One to One OMNIA es el m\u00f3dulo WinWebServer para la planificaci\u00f3n y edici\u00f3n de campa\u00f1as de marketing y relaciones con el cliente. A partir de un panel de control centralizado, diversifica y personaliza los mensajes y servicios, no solo a trav\u00e9s del canal de autoservicio, sino en todos los puntos de contacto activos.<\/p>\n<p>Los distintos m\u00f3dulos de la aplicaci\u00f3n WWS One to One (OTO) OMNIA le permiten implementar la segmentaci\u00f3n, administrar la biblioteca multimedia, dise\u00f1ar campa\u00f1as multimedia incluyendo textos, gr\u00e1ficos, im\u00e1genes y videos, as\u00ed como configurar campa\u00f1as y publicarlas en canales predeterminados.<\/p>\n<p>El enfoque pr\u00e1ctico y funcional de la soluci\u00f3n permite supervisar todas las etapas del desarrollo de una campa\u00f1a de marketing de forma sencilla y eficaz.<br \/>\nCARACTER\u00cdSTICAS DE WWS ONE TO ONE OMNIA<br \/>\nDEFINICI\u00d3N DE ELEMENTOS DE MARKETING<\/p>\n<p>Determine los tiempos de las campa\u00f1as y los \u00abelementos de marketing\u00bb a presentar en la red de autoservicio, con la posibilidad de elegirlos conforme a diferentes criterios:<\/p>\n<p>    C\u00f3digos bancarios<br \/>\n    Diferentes grupos de autoservicio o m\u00e1quinas de autoservicio individuales ubicadas en \u00e1reas geogr\u00e1ficas<br \/>\n    M\u00e1quinas de autoservicio situadas en ubicaciones espec\u00edficas (por ejemplo, centros comerciales)<br \/>\n    Grupos o categor\u00edas de clientes (por ejemplo, por edad, \u00e1rea de residencia, perfil extra\u00eddo de CRM, etc.)<br \/>\n    Clientes individuales (CRM)<\/p>\n<p>EN TIEMPO REAL<\/p>\n<p>La posibilidad de seguimiento o programaci\u00f3n en tiempo real en etapas predeterminadas depende de las caracter\u00edsticas. Con WWS One to One OMNIA, es posible acceder a herramientas de an\u00e1lisis estad\u00edstico sobre el progreso de las campa\u00f1as, que se pueden mostrar en un solo panel de control.<br \/>\nFLEXIBILIDAD<\/p>\n<p>Cada canal bancario se convierte en una herramienta de marketing que permite transmitir un mensaje \u00fanico y uniforme en l\u00ednea con la estrategia de la entidad.<\/p>\n<p>En el \u00e1mbito de un plan de marketing de mensajer\u00eda m\u00faltiple, la soluci\u00f3n permite diferenciar las campa\u00f1as de acuerdo con su finalidad espec\u00edfica: mensajes informativos y promocionales, mensajes directos al cliente, mensajes de marketing contextual y mensajes interactivos de solicitud de comentarios.<\/p>\n<p>Tambi\u00e9n le permite definir cu\u00e1ndo y c\u00f3mo se deben mostrar los mensajes uno a uno espec\u00edficos dentro de una sesi\u00f3n.<br \/>\nATRACTIVO VISUAL<\/p>\n<p>Personalice el aspecto y las funciones del men\u00fa para:<\/p>\n<p>    Diferentes marcas bancarias<br \/>\n    Grupos de terminales de autoservicio<br \/>\n    Grupos de clientes <\/p>\n<p>INTERACTIVIDAD<\/p>\n<p>Cree campa\u00f1as interactivas para:<\/p>\n<p>    Gestionar encuestas para clientes, tambi\u00e9n diferenciadas por grupos de clientes u otros criterios (c\u00f3digo bancario, posici\u00f3n geogr\u00e1fica, etc.).<br \/>\n    Recibir y gestionar respuestas a trav\u00e9s de una plataforma de an\u00e1lisis espec\u00edfica, capaz de calcular la redenci\u00f3n de cada campa\u00f1a de marketing directo. <\/p>\n<p>PERSONALIZACI\u00d3N<\/p>\n<p>Personalice el men\u00fa de funciones, partiendo del perfil de un cliente individual para:<\/p>\n<p>    Lo primero y m\u00e1s importante, ofrecer funciones a los clientes que puedan utilizar de forma f\u00e1cil e instant\u00e1nea, sobre la base de un sistema de puntuaci\u00f3n.<br \/>\n    Ofrecer al cliente las funciones que el banco desea promover. <\/p>\n<p>ORIENTADO AL USUARIO<\/p>\n<p>Ofrezca al cliente la posibilidad de personalizar su propio conjunto de servicios en todos los canales bancarios:<\/p>\n<p>    L\u00f3gica de widgets\/favoritos en banca m\u00f3vil e Internet, con la opci\u00f3n de personalizar las funciones en la p\u00e1gina de inicio.<br \/>\n    Muestra el mismo conjunto de funciones en todos los canales para el acceso bancario. <\/p>\n<p>Con WWS One to One OMNIA es posible crear una nueva experiencia bancaria no solo para el cliente. Al crear el mensaje apropiado en el momento y lugar adecuados con una \u00fanica soluci\u00f3n omnicanal, se adapta a la estrategia comercial del banco y sigue el recorrido del cliente de manera integral.<\/p>\n","protected":false},"excerpt":{"rendered":"<p>MARKETING OMNICANAL Los canales digitales contin\u00faan creciendo y se vuelven cada vez m\u00e1s h\u00edbridos. Por lo tanto, para ofrecer una experiencia bancaria integrada y automatizada sin problemas, las estrategias de marketing omnicanal deben estar respaldadas por la tecnolog\u00eda m\u00e1s avanzada. WWS One to One OMNIA es el m\u00f3dulo WinWebServer para la planificaci\u00f3n y edici\u00f3n de<\/p>\n","protected":false},"author":1,"featured_media":0,"parent":70412,"menu_order":1,"comment_status":"closed","ping_status":"closed","template":"","meta":{"footnotes":""},"class_list":["post-69387","page","type-page","status-publish","hentry"],"yoast_head":"<!-- This site is optimized with the Yoast SEO Premium plugin v27.3 (Yoast SEO v27.3) - https:\/\/yoast.com\/product\/yoast-seo-premium-wordpress\/ -->\n<title>WWS One to One OMNIA: La revoluci\u00f3n digital | Auriga<\/title>\n<meta name=\"description\" content=\"WWS One to One OMNIA ofrece una gesti\u00f3n central de las campa\u00f1as de marketing, mejorando la experiencia bancaria. Averigua m\u00e1s.\" \/>\n<meta name=\"robots\" content=\"index, follow, max-snippet:-1, max-image-preview:large, max-video-preview:-1\" \/>\n<link rel=\"canonical\" href=\"https:\/\/www.aurigaspa.com\/es\/banca\/productos-y-soluciones\/marketing-de-banca-y-senalizacion-digital\/wws-one-to-one-omnia\/\" \/>\n<meta property=\"og:locale\" content=\"es_ES\" \/>\n<meta property=\"og:type\" content=\"article\" \/>\n<meta property=\"og:title\" content=\"WWS One to One OMNIA | Auriga\" \/>\n<meta property=\"og:description\" content=\"WWS One to One OMNIA ofrece una gesti\u00f3n central de las campa\u00f1as de marketing, mejorando la experiencia bancaria. Averigua m\u00e1s.\" \/>\n<meta property=\"og:url\" content=\"https:\/\/www.aurigaspa.com\/es\/banca\/productos-y-soluciones\/marketing-de-banca-y-senalizacion-digital\/wws-one-to-one-omnia\/\" \/>\n<meta property=\"og:site_name\" content=\"Auriga\" \/>\n<meta property=\"article:publisher\" content=\"https:\/\/www.facebook.com\/aurigaspa\" \/>\n<meta property=\"article:modified_time\" content=\"2026-04-08T10:01:27+00:00\" \/>\n<meta name=\"twitter:card\" content=\"summary_large_image\" \/>\n<meta name=\"twitter:label1\" content=\"Tiempo de lectura\" \/>\n\t<meta name=\"twitter:data1\" content=\"5 minutos\" \/>\n<script type=\"application\/ld+json\" class=\"yoast-schema-graph\">{\"@context\":\"https:\\\/\\\/schema.org\",\"@graph\":[{\"@type\":\"WebPage\",\"@id\":\"https:\\\/\\\/www.aurigaspa.com\\\/es\\\/banca\\\/productos-y-soluciones\\\/marketing-de-banca-y-senalizacion-digital\\\/wws-one-to-one-omnia\\\/\",\"url\":\"https:\\\/\\\/www.aurigaspa.com\\\/es\\\/banca\\\/productos-y-soluciones\\\/marketing-de-banca-y-senalizacion-digital\\\/wws-one-to-one-omnia\\\/\",\"name\":\"WWS One to One OMNIA: La revoluci\u00f3n digital | Auriga\",\"isPartOf\":{\"@id\":\"https:\\\/\\\/www.aurigaspa.com\\\/es\\\/#website\"},\"datePublished\":\"2022-01-03T15:18:52+00:00\",\"dateModified\":\"2026-04-08T10:01:27+00:00\",\"description\":\"WWS One to One OMNIA ofrece una gesti\u00f3n central de las campa\u00f1as de marketing, mejorando la experiencia bancaria. Averigua m\u00e1s.\",\"breadcrumb\":{\"@id\":\"https:\\\/\\\/www.aurigaspa.com\\\/es\\\/banca\\\/productos-y-soluciones\\\/marketing-de-banca-y-senalizacion-digital\\\/wws-one-to-one-omnia\\\/#breadcrumb\"},\"inLanguage\":\"es\",\"potentialAction\":[{\"@type\":\"ReadAction\",\"target\":[\"https:\\\/\\\/www.aurigaspa.com\\\/es\\\/banca\\\/productos-y-soluciones\\\/marketing-de-banca-y-senalizacion-digital\\\/wws-one-to-one-omnia\\\/\"]}]},{\"@type\":\"BreadcrumbList\",\"@id\":\"https:\\\/\\\/www.aurigaspa.com\\\/es\\\/banca\\\/productos-y-soluciones\\\/marketing-de-banca-y-senalizacion-digital\\\/wws-one-to-one-omnia\\\/#breadcrumb\",\"itemListElement\":[{\"@type\":\"ListItem\",\"position\":1,\"name\":\"Home\",\"item\":\"https:\\\/\\\/www.aurigaspa.com\\\/es\\\/\"},{\"@type\":\"ListItem\",\"position\":2,\"name\":\"Banca\",\"item\":\"https:\\\/\\\/www.aurigaspa.com\\\/es\\\/banca\\\/\"},{\"@type\":\"ListItem\",\"position\":3,\"name\":\"Productos y soluciones\",\"item\":\"https:\\\/\\\/www.aurigaspa.com\\\/es\\\/banca\\\/productos-y-soluciones\\\/\"},{\"@type\":\"ListItem\",\"position\":4,\"name\":\"Marketing de banca y senalizacion digital\",\"item\":\"https:\\\/\\\/www.aurigaspa.com\\\/es\\\/banca\\\/productos-y-soluciones\\\/marketing-de-banca-y-senalizacion-digital\\\/\"},{\"@type\":\"ListItem\",\"position\":5,\"name\":\"WWS One to One OMNIA\"}]},{\"@type\":\"WebSite\",\"@id\":\"https:\\\/\\\/www.aurigaspa.com\\\/es\\\/#website\",\"url\":\"https:\\\/\\\/www.aurigaspa.com\\\/es\\\/\",\"name\":\"Auriga\",\"description\":\"The banking evolution\",\"publisher\":{\"@id\":\"https:\\\/\\\/www.aurigaspa.com\\\/es\\\/#organization\"},\"potentialAction\":[{\"@type\":\"SearchAction\",\"target\":{\"@type\":\"EntryPoint\",\"urlTemplate\":\"https:\\\/\\\/www.aurigaspa.com\\\/es\\\/?s={search_term_string}\"},\"query-input\":{\"@type\":\"PropertyValueSpecification\",\"valueRequired\":true,\"valueName\":\"search_term_string\"}}],\"inLanguage\":\"es\"},{\"@type\":\"Organization\",\"@id\":\"https:\\\/\\\/www.aurigaspa.com\\\/es\\\/#organization\",\"name\":\"Auriga\",\"url\":\"https:\\\/\\\/www.aurigaspa.com\\\/es\\\/\",\"logo\":{\"@type\":\"ImageObject\",\"inLanguage\":\"es\",\"@id\":\"https:\\\/\\\/www.aurigaspa.com\\\/es\\\/#\\\/schema\\\/logo\\\/image\\\/\",\"url\":\"https:\\\/\\\/www.aurigaspa.com\\\/wp-content\\\/uploads\\\/marchio_auriga_nopayoff_web.png\",\"contentUrl\":\"https:\\\/\\\/www.aurigaspa.com\\\/wp-content\\\/uploads\\\/marchio_auriga_nopayoff_web.png\",\"width\":660,\"height\":360,\"caption\":\"Auriga\"},\"image\":{\"@id\":\"https:\\\/\\\/www.aurigaspa.com\\\/es\\\/#\\\/schema\\\/logo\\\/image\\\/\"},\"sameAs\":[\"https:\\\/\\\/www.facebook.com\\\/aurigaspa\",\"https:\\\/\\\/www.instagram.com\\\/auriga_the_banking_evolution\\\/\",\"https:\\\/\\\/www.linkedin.com\\\/company\\\/auriga-spa\",\"https:\\\/\\\/www.youtube.com\\\/user\\\/aurigaspacom\"]}]}<\/script>\n<!-- \/ Yoast SEO Premium plugin. -->","yoast_head_json":{"title":"WWS One to One OMNIA: La revoluci\u00f3n digital | Auriga","description":"WWS One to One OMNIA ofrece una gesti\u00f3n central de las campa\u00f1as de marketing, mejorando la experiencia bancaria. Averigua m\u00e1s.","robots":{"index":"index","follow":"follow","max-snippet":"max-snippet:-1","max-image-preview":"max-image-preview:large","max-video-preview":"max-video-preview:-1"},"canonical":"https:\/\/www.aurigaspa.com\/es\/banca\/productos-y-soluciones\/marketing-de-banca-y-senalizacion-digital\/wws-one-to-one-omnia\/","og_locale":"es_ES","og_type":"article","og_title":"WWS One to One OMNIA | Auriga","og_description":"WWS One to One OMNIA ofrece una gesti\u00f3n central de las campa\u00f1as de marketing, mejorando la experiencia bancaria. Averigua m\u00e1s.","og_url":"https:\/\/www.aurigaspa.com\/es\/banca\/productos-y-soluciones\/marketing-de-banca-y-senalizacion-digital\/wws-one-to-one-omnia\/","og_site_name":"Auriga","article_publisher":"https:\/\/www.facebook.com\/aurigaspa","article_modified_time":"2026-04-08T10:01:27+00:00","twitter_card":"summary_large_image","twitter_misc":{"Tiempo de lectura":"5 minutos"},"schema":{"@context":"https:\/\/schema.org","@graph":[{"@type":"WebPage","@id":"https:\/\/www.aurigaspa.com\/es\/banca\/productos-y-soluciones\/marketing-de-banca-y-senalizacion-digital\/wws-one-to-one-omnia\/","url":"https:\/\/www.aurigaspa.com\/es\/banca\/productos-y-soluciones\/marketing-de-banca-y-senalizacion-digital\/wws-one-to-one-omnia\/","name":"WWS One to One OMNIA: La revoluci\u00f3n digital | Auriga","isPartOf":{"@id":"https:\/\/www.aurigaspa.com\/es\/#website"},"datePublished":"2022-01-03T15:18:52+00:00","dateModified":"2026-04-08T10:01:27+00:00","description":"WWS One to One OMNIA ofrece una gesti\u00f3n central de las campa\u00f1as de marketing, mejorando la experiencia bancaria. Averigua m\u00e1s.","breadcrumb":{"@id":"https:\/\/www.aurigaspa.com\/es\/banca\/productos-y-soluciones\/marketing-de-banca-y-senalizacion-digital\/wws-one-to-one-omnia\/#breadcrumb"},"inLanguage":"es","potentialAction":[{"@type":"ReadAction","target":["https:\/\/www.aurigaspa.com\/es\/banca\/productos-y-soluciones\/marketing-de-banca-y-senalizacion-digital\/wws-one-to-one-omnia\/"]}]},{"@type":"BreadcrumbList","@id":"https:\/\/www.aurigaspa.com\/es\/banca\/productos-y-soluciones\/marketing-de-banca-y-senalizacion-digital\/wws-one-to-one-omnia\/#breadcrumb","itemListElement":[{"@type":"ListItem","position":1,"name":"Home","item":"https:\/\/www.aurigaspa.com\/es\/"},{"@type":"ListItem","position":2,"name":"Banca","item":"https:\/\/www.aurigaspa.com\/es\/banca\/"},{"@type":"ListItem","position":3,"name":"Productos y soluciones","item":"https:\/\/www.aurigaspa.com\/es\/banca\/productos-y-soluciones\/"},{"@type":"ListItem","position":4,"name":"Marketing de banca y senalizacion digital","item":"https:\/\/www.aurigaspa.com\/es\/banca\/productos-y-soluciones\/marketing-de-banca-y-senalizacion-digital\/"},{"@type":"ListItem","position":5,"name":"WWS One to One OMNIA"}]},{"@type":"WebSite","@id":"https:\/\/www.aurigaspa.com\/es\/#website","url":"https:\/\/www.aurigaspa.com\/es\/","name":"Auriga","description":"The banking evolution","publisher":{"@id":"https:\/\/www.aurigaspa.com\/es\/#organization"},"potentialAction":[{"@type":"SearchAction","target":{"@type":"EntryPoint","urlTemplate":"https:\/\/www.aurigaspa.com\/es\/?s={search_term_string}"},"query-input":{"@type":"PropertyValueSpecification","valueRequired":true,"valueName":"search_term_string"}}],"inLanguage":"es"},{"@type":"Organization","@id":"https:\/\/www.aurigaspa.com\/es\/#organization","name":"Auriga","url":"https:\/\/www.aurigaspa.com\/es\/","logo":{"@type":"ImageObject","inLanguage":"es","@id":"https:\/\/www.aurigaspa.com\/es\/#\/schema\/logo\/image\/","url":"https:\/\/www.aurigaspa.com\/wp-content\/uploads\/marchio_auriga_nopayoff_web.png","contentUrl":"https:\/\/www.aurigaspa.com\/wp-content\/uploads\/marchio_auriga_nopayoff_web.png","width":660,"height":360,"caption":"Auriga"},"image":{"@id":"https:\/\/www.aurigaspa.com\/es\/#\/schema\/logo\/image\/"},"sameAs":["https:\/\/www.facebook.com\/aurigaspa","https:\/\/www.instagram.com\/auriga_the_banking_evolution\/","https:\/\/www.linkedin.com\/company\/auriga-spa","https:\/\/www.youtube.com\/user\/aurigaspacom"]}]}},"_links":{"self":[{"href":"https:\/\/www.aurigaspa.com\/es\/wp-json\/wp\/v2\/pages\/69387","targetHints":{"allow":["GET"]}}],"collection":[{"href":"https:\/\/www.aurigaspa.com\/es\/wp-json\/wp\/v2\/pages"}],"about":[{"href":"https:\/\/www.aurigaspa.com\/es\/wp-json\/wp\/v2\/types\/page"}],"author":[{"embeddable":true,"href":"https:\/\/www.aurigaspa.com\/es\/wp-json\/wp\/v2\/users\/1"}],"replies":[{"embeddable":true,"href":"https:\/\/www.aurigaspa.com\/es\/wp-json\/wp\/v2\/comments?post=69387"}],"version-history":[{"count":7,"href":"https:\/\/www.aurigaspa.com\/es\/wp-json\/wp\/v2\/pages\/69387\/revisions"}],"predecessor-version":[{"id":80032,"href":"https:\/\/www.aurigaspa.com\/es\/wp-json\/wp\/v2\/pages\/69387\/revisions\/80032"}],"up":[{"embeddable":true,"href":"https:\/\/www.aurigaspa.com\/es\/wp-json\/wp\/v2\/pages\/70412"}],"wp:attachment":[{"href":"https:\/\/www.aurigaspa.com\/es\/wp-json\/wp\/v2\/media?parent=69387"}],"curies":[{"name":"wp","href":"https:\/\/api.w.org\/{rel}","templated":true}]}}