{"id":65459,"date":"2021-05-21T12:41:52","date_gmt":"2021-05-21T10:41:52","guid":{"rendered":"https:\/\/beta.aurigaspa.com\/privacy-policy-2\/"},"modified":"2023-08-04T16:11:40","modified_gmt":"2023-08-04T15:11:40","slug":"politica-de-privacidad","status":"publish","type":"page","link":"https:\/\/www.aurigaspa.com\/es\/politica-de-privacidad\/","title":{"rendered":"Pol\u00edtica de privacidad"},"content":{"rendered":"<p class=\"text_05\"><strong>Pol\u00edtica de privacidad<\/strong><\/p>\n<p>Esta p\u00e1gina describe los procedimientos empleados para gestionar la p\u00e1gina web <a href=\"https:\/\/www.aurigaspa.com\">www.aurigaspa.com<\/a> en relaci\u00f3n al procesamiento de los datos personales de los usuarios que la visitan. De acuerdo a lo establecido en el art. 13 del Reglamento General de Protecci\u00f3n de Datos 2016\/679 (en adelante, \u201cRGPD 2016\/679\u201d) relativo a la protecci\u00f3n de las personas f\u00edsicas en lo que respecta al tratamiento de datos personales, se informa de que los datos personales proporcionados por los usuarios al visitar esta p\u00e1gina web ser\u00e1n procesados de acuerdo a la legislaci\u00f3n anteriormente mencionada y a la pol\u00edtica de privacidad de nuestra compa\u00f1\u00eda.<\/p>\n<ol>\n<li>\n<p class=\"text_05\"><strong>1. FINES DE LA RECOPILACI\u00d3N DE LOS DATOS<\/strong><\/p>\n<p>Los datos personales proporcionados por los usuarios se recaban con el objeto de enviar a dichos usuarios informaci\u00f3n y\/o comunicaciones publicitarias. En los casos en que los usuarios env\u00eden su curr\u00edculum al apartado de <a href=\"https:\/\/www.aurigaspa.com\/es\/trabajo\/trabajar-para-auriga\/\">Empleo<\/a>, la aportaci\u00f3n de datos personales se considera funcionalmente necesaria para completar el proceso de selecci\u00f3n de personal.<\/li>\n<li>\n<p class=\"text_05\"><strong>2. DERECHOS DE LOS TITULARES DE LOS DATOS <\/strong><\/p>\n<p>Seg\u00fan los arts. 15-22 del RGPD 2016\/679, los usuarios titulares de los datos recabados podr\u00e1n ejercer en cualquier momento los siguientes derechos:<\/p>\n<ol>\n<li>\n<ol>\n<li>solicitar la confirmaci\u00f3n de si se est\u00e1n tratando o no datos personales que le conciernen;<\/li>\n<li>obtener informaci\u00f3n sobre los fines del tratamiento de los datos personales recabados, las categor\u00edas de esos datos, los destinatarios o las categor\u00edas de destinatarios a los que se han comunicado o se comunicar\u00e1n esos datos y, de ser posible, el plazo previsto de conservaci\u00f3n de dichos datos;<\/li>\n<li>solicitar la rectificaci\u00f3n y\/o la supresi\u00f3n de los datos personales recabados;<\/li>\n<li>restringir el uso de los datos personales;<\/li>\n<li>obtener la portabilidad de los datos p. ej. recibi\u00e9ndolos del responsable del tratamiento de los datos en un formato estructurado de uso com\u00fan y lectura mec\u00e1nica, y que puedan transmit\u00edrselos sin impedimento alguno a otro responsable del tratamiento de datos;<\/li>\n<li>oponerse en cualquier momento a que se traten sus datos personales, incluidos aquellos destinados a fines de marketing directo;<\/li>\n<li>oponerse a que se adopten decisiones automatizadas aplicadas a personas f\u00edsicas y a que se elaboren perfiles.<\/li>\n<\/ol>\n<\/li>\n<\/ol>\n<p>El usuario podr\u00e1 ejercer sus derechos enviando un correo electr\u00f3nico a la oficina indicada de Auriga S.p.A. o a la direcci\u00f3n <a href=\"mailto:compliance@aurigaspa.com\">compliance@aurigaspa.com<\/a>.<\/li>\n<li>\n<p class=\"text_05\"><strong>3. PROCESAMIENTO Y ALMACENAMIENTO DE LOS DATOS<\/strong><\/p>\n<p>Los datos personales recabados se procesar\u00e1n autom\u00e1ticamente y\/o manualmente por parte de personal autorizado conforme a lo dispuesto en el art. 29 del RGPD 2016\/679 y empleando herramientas y m\u00e9todos que cumplan las medidas de seguridad establecidas en el art. 32 del RGPD 2016\/679.<br \/>\nDe acuerdo a los principios de licitud, limitaci\u00f3n de la finalidad y minimizaci\u00f3n de datos establecidos en el art. 5 del RGPD 2016\/679, se informa de que el periodo de conservaci\u00f3n de los datos personales del usuario no superar\u00e1 el tiempo necesario para cumplir con los fines para los que se recaban los datos y se mantendr\u00e1 dentro del plazo estipulado por la legislaci\u00f3n vigente. Ello no afectar\u00e1 al derecho de los titulares de los datos a solicitar en cualquier momento la supresi\u00f3n de sus datos personales<\/li>\n<li>\n<p class=\"text_05\"><strong>DATA CONTROLLER<\/strong><\/p>\n<p>The Data Controller under this Privacy Notice is <strong>Auriga SpA <\/strong><br \/>\nRegistered office: Via Selva n. 101, 70022 Altamura (Ba), Italy<br \/>\nOperational office: Via Don Luigi Guanella 17, 70124 Bari, Italy<br \/>\nVAT identification number: 05566820725<\/li>\n<\/ol>\n","protected":false},"excerpt":{"rendered":"<p>Pol\u00edtica de privacidad Esta p\u00e1gina describe los procedimientos empleados para gestionar la p\u00e1gina web www.aurigaspa.com en relaci\u00f3n al procesamiento de los datos personales de los usuarios que la visitan. De acuerdo a lo establecido en el art. 13 del Reglamento General de Protecci\u00f3n de Datos 2016\/679 (en adelante, \u201cRGPD 2016\/679\u201d) relativo a la protecci\u00f3n de<\/p>\n","protected":false},"author":1,"featured_media":0,"parent":0,"menu_order":0,"comment_status":"closed","ping_status":"closed","template":"","meta":{"footnotes":""},"class_list":["post-65459","page","type-page","status-publish","hentry"],"yoast_head":"<!-- This site is optimized with the Yoast SEO Premium plugin v27.3 (Yoast SEO v27.3) - https:\/\/yoast.com\/product\/yoast-seo-premium-wordpress\/ -->\n<title>Pol\u00edtica de privacidad | Auriga<\/title>\n<meta name=\"description\" content=\"Auriga The banking evolution - Pol\u00edtica de privacidad - %\" \/>\n<meta name=\"robots\" content=\"noindex, follow\" \/>\n<meta property=\"og:locale\" content=\"es_ES\" \/>\n<meta property=\"og:type\" content=\"article\" \/>\n<meta property=\"og:title\" content=\"Pol\u00edtica de privacidad | Auriga\" \/>\n<meta property=\"og:description\" content=\"Auriga The banking evolution - Pol\u00edtica de privacidad - %\" \/>\n<meta property=\"og:url\" content=\"https:\/\/www.aurigaspa.com\/es\/politica-de-privacidad\/\" \/>\n<meta property=\"og:site_name\" content=\"Auriga\" \/>\n<meta property=\"article:publisher\" content=\"https:\/\/www.facebook.com\/aurigaspa\" \/>\n<meta property=\"article:modified_time\" content=\"2023-08-04T15:11:40+00:00\" \/>\n<meta name=\"twitter:card\" content=\"summary_large_image\" \/>\n<meta name=\"twitter:label1\" content=\"Tiempo de lectura\" \/>\n\t<meta name=\"twitter:data1\" content=\"3 minutos\" \/>\n<script type=\"application\/ld+json\" class=\"yoast-schema-graph\">{\"@context\":\"https:\\\/\\\/schema.org\",\"@graph\":[{\"@type\":\"WebPage\",\"@id\":\"https:\\\/\\\/www.aurigaspa.com\\\/es\\\/politica-de-privacidad\\\/\",\"url\":\"https:\\\/\\\/www.aurigaspa.com\\\/es\\\/politica-de-privacidad\\\/\",\"name\":\"Pol\u00edtica de privacidad | Auriga\",\"isPartOf\":{\"@id\":\"https:\\\/\\\/www.aurigaspa.com\\\/es\\\/#website\"},\"datePublished\":\"2021-05-21T10:41:52+00:00\",\"dateModified\":\"2023-08-04T15:11:40+00:00\",\"description\":\"Auriga The banking evolution - Pol\u00edtica de privacidad - %\",\"breadcrumb\":{\"@id\":\"https:\\\/\\\/www.aurigaspa.com\\\/es\\\/politica-de-privacidad\\\/#breadcrumb\"},\"inLanguage\":\"es\",\"potentialAction\":[{\"@type\":\"ReadAction\",\"target\":[\"https:\\\/\\\/www.aurigaspa.com\\\/es\\\/politica-de-privacidad\\\/\"]}]},{\"@type\":\"BreadcrumbList\",\"@id\":\"https:\\\/\\\/www.aurigaspa.com\\\/es\\\/politica-de-privacidad\\\/#breadcrumb\",\"itemListElement\":[{\"@type\":\"ListItem\",\"position\":1,\"name\":\"Home\",\"item\":\"https:\\\/\\\/www.aurigaspa.com\\\/es\\\/\"},{\"@type\":\"ListItem\",\"position\":2,\"name\":\"Pol\u00edtica de privacidad\"}]},{\"@type\":\"WebSite\",\"@id\":\"https:\\\/\\\/www.aurigaspa.com\\\/es\\\/#website\",\"url\":\"https:\\\/\\\/www.aurigaspa.com\\\/es\\\/\",\"name\":\"Auriga\",\"description\":\"The banking evolution\",\"publisher\":{\"@id\":\"https:\\\/\\\/www.aurigaspa.com\\\/es\\\/#organization\"},\"potentialAction\":[{\"@type\":\"SearchAction\",\"target\":{\"@type\":\"EntryPoint\",\"urlTemplate\":\"https:\\\/\\\/www.aurigaspa.com\\\/es\\\/?s={search_term_string}\"},\"query-input\":{\"@type\":\"PropertyValueSpecification\",\"valueRequired\":true,\"valueName\":\"search_term_string\"}}],\"inLanguage\":\"es\"},{\"@type\":\"Organization\",\"@id\":\"https:\\\/\\\/www.aurigaspa.com\\\/es\\\/#organization\",\"name\":\"Auriga\",\"url\":\"https:\\\/\\\/www.aurigaspa.com\\\/es\\\/\",\"logo\":{\"@type\":\"ImageObject\",\"inLanguage\":\"es\",\"@id\":\"https:\\\/\\\/www.aurigaspa.com\\\/es\\\/#\\\/schema\\\/logo\\\/image\\\/\",\"url\":\"https:\\\/\\\/www.aurigaspa.com\\\/wp-content\\\/uploads\\\/marchio_auriga_nopayoff_web.png\",\"contentUrl\":\"https:\\\/\\\/www.aurigaspa.com\\\/wp-content\\\/uploads\\\/marchio_auriga_nopayoff_web.png\",\"width\":660,\"height\":360,\"caption\":\"Auriga\"},\"image\":{\"@id\":\"https:\\\/\\\/www.aurigaspa.com\\\/es\\\/#\\\/schema\\\/logo\\\/image\\\/\"},\"sameAs\":[\"https:\\\/\\\/www.facebook.com\\\/aurigaspa\",\"https:\\\/\\\/www.instagram.com\\\/auriga_the_banking_evolution\\\/\",\"https:\\\/\\\/www.linkedin.com\\\/company\\\/auriga-spa\",\"https:\\\/\\\/www.youtube.com\\\/user\\\/aurigaspacom\"]}]}<\/script>\n<!-- \/ Yoast SEO Premium plugin. -->","yoast_head_json":{"title":"Pol\u00edtica de privacidad | Auriga","description":"Auriga The banking evolution - Pol\u00edtica de privacidad - %","robots":{"index":"noindex","follow":"follow"},"og_locale":"es_ES","og_type":"article","og_title":"Pol\u00edtica de privacidad | Auriga","og_description":"Auriga The banking evolution - Pol\u00edtica de privacidad - %","og_url":"https:\/\/www.aurigaspa.com\/es\/politica-de-privacidad\/","og_site_name":"Auriga","article_publisher":"https:\/\/www.facebook.com\/aurigaspa","article_modified_time":"2023-08-04T15:11:40+00:00","twitter_card":"summary_large_image","twitter_misc":{"Tiempo de lectura":"3 minutos"},"schema":{"@context":"https:\/\/schema.org","@graph":[{"@type":"WebPage","@id":"https:\/\/www.aurigaspa.com\/es\/politica-de-privacidad\/","url":"https:\/\/www.aurigaspa.com\/es\/politica-de-privacidad\/","name":"Pol\u00edtica de privacidad | Auriga","isPartOf":{"@id":"https:\/\/www.aurigaspa.com\/es\/#website"},"datePublished":"2021-05-21T10:41:52+00:00","dateModified":"2023-08-04T15:11:40+00:00","description":"Auriga The banking evolution - Pol\u00edtica de privacidad - %","breadcrumb":{"@id":"https:\/\/www.aurigaspa.com\/es\/politica-de-privacidad\/#breadcrumb"},"inLanguage":"es","potentialAction":[{"@type":"ReadAction","target":["https:\/\/www.aurigaspa.com\/es\/politica-de-privacidad\/"]}]},{"@type":"BreadcrumbList","@id":"https:\/\/www.aurigaspa.com\/es\/politica-de-privacidad\/#breadcrumb","itemListElement":[{"@type":"ListItem","position":1,"name":"Home","item":"https:\/\/www.aurigaspa.com\/es\/"},{"@type":"ListItem","position":2,"name":"Pol\u00edtica de privacidad"}]},{"@type":"WebSite","@id":"https:\/\/www.aurigaspa.com\/es\/#website","url":"https:\/\/www.aurigaspa.com\/es\/","name":"Auriga","description":"The banking evolution","publisher":{"@id":"https:\/\/www.aurigaspa.com\/es\/#organization"},"potentialAction":[{"@type":"SearchAction","target":{"@type":"EntryPoint","urlTemplate":"https:\/\/www.aurigaspa.com\/es\/?s={search_term_string}"},"query-input":{"@type":"PropertyValueSpecification","valueRequired":true,"valueName":"search_term_string"}}],"inLanguage":"es"},{"@type":"Organization","@id":"https:\/\/www.aurigaspa.com\/es\/#organization","name":"Auriga","url":"https:\/\/www.aurigaspa.com\/es\/","logo":{"@type":"ImageObject","inLanguage":"es","@id":"https:\/\/www.aurigaspa.com\/es\/#\/schema\/logo\/image\/","url":"https:\/\/www.aurigaspa.com\/wp-content\/uploads\/marchio_auriga_nopayoff_web.png","contentUrl":"https:\/\/www.aurigaspa.com\/wp-content\/uploads\/marchio_auriga_nopayoff_web.png","width":660,"height":360,"caption":"Auriga"},"image":{"@id":"https:\/\/www.aurigaspa.com\/es\/#\/schema\/logo\/image\/"},"sameAs":["https:\/\/www.facebook.com\/aurigaspa","https:\/\/www.instagram.com\/auriga_the_banking_evolution\/","https:\/\/www.linkedin.com\/company\/auriga-spa","https:\/\/www.youtube.com\/user\/aurigaspacom"]}]}},"_links":{"self":[{"href":"https:\/\/www.aurigaspa.com\/es\/wp-json\/wp\/v2\/pages\/65459","targetHints":{"allow":["GET"]}}],"collection":[{"href":"https:\/\/www.aurigaspa.com\/es\/wp-json\/wp\/v2\/pages"}],"about":[{"href":"https:\/\/www.aurigaspa.com\/es\/wp-json\/wp\/v2\/types\/page"}],"author":[{"embeddable":true,"href":"https:\/\/www.aurigaspa.com\/es\/wp-json\/wp\/v2\/users\/1"}],"replies":[{"embeddable":true,"href":"https:\/\/www.aurigaspa.com\/es\/wp-json\/wp\/v2\/comments?post=65459"}],"version-history":[{"count":5,"href":"https:\/\/www.aurigaspa.com\/es\/wp-json\/wp\/v2\/pages\/65459\/revisions"}],"predecessor-version":[{"id":72280,"href":"https:\/\/www.aurigaspa.com\/es\/wp-json\/wp\/v2\/pages\/65459\/revisions\/72280"}],"wp:attachment":[{"href":"https:\/\/www.aurigaspa.com\/es\/wp-json\/wp\/v2\/media?parent=65459"}],"curies":[{"name":"wp","href":"https:\/\/api.w.org\/{rel}","templated":true}]}}