{"id":59817,"date":"2020-11-05T15:04:33","date_gmt":"2020-11-05T13:04:33","guid":{"rendered":"https:\/\/www.aurigaspa.com\/?page_id=59817"},"modified":"2020-11-05T15:04:33","modified_gmt":"2020-11-05T13:04:33","slug":"aviso-newsletter","status":"publish","type":"page","link":"https:\/\/www.aurigaspa.com\/es\/aviso-newsletter\/","title":{"rendered":"Aviso newsletter"},"content":{"rendered":"<h4>NOTA INFORMATIVA SOBRE EL ART. 13 DEL REGLAMENTO EUROPEO SOBRE PROTECCI\u00d3N DE DATOS 2016\/679<\/h4>\n<p>De acuerdo a lo establecido en el art. 13 del Reglamento General de Protecci\u00f3n de Datos 2016\/679 (en adelante, \u201cRGPD 2016\/679\u201d) relativo a la protecci\u00f3n de las personas f\u00edsicas en lo que respecta al tratamiento de datos personales, se informa de que los datos personales proporcionados por los usuarios al visitar esta p\u00e1gina web ser\u00e1n procesados de acuerdo a la legislaci\u00f3n anteriormente mencionada y a la pol\u00edtica de privacidad de nuestra compa\u00f1\u00eda.<\/p>\n<h4>FINES DE LA RECOPILACI\u00d3N DE LOS DATOS<\/h4>\n<p>Los datos personales proporcionados por los usuarios se recaban con el objeto de enviar a dichos usuarios informaci\u00f3n y\/o comunicaciones publicitarias. Negarse a proporcionar dichos datos nos impedir\u00eda enviar a los usuarios dicha informaci\u00f3n.<\/p>\n<h4>PROCESAMIENTO Y ALMACENAMIENTO DE LOS DATOS<\/h4>\n<p>Los datos personales recabados se procesar\u00e1n autom\u00e1ticamente y\/o manualmente por parte de personal autorizado conforme a lo dispuesto en el art. 29 del RGPD 2016\/679 y empleando herramientas y m\u00e9todos que cumplan las medidas de seguridad establecidas en el art. 32 del RGPD 2016\/679. De acuerdo a los principios de licitud, limitaci\u00f3n de la finalidad y minimizaci\u00f3n de datos establecidos en el art. 5 del RGPD 2016\/679, se informa de que el periodo de conservaci\u00f3n de los datos personales del usuario no superar\u00e1 el tiempo necesario para cumplir con los fines para los que se recaban los datos y se mantendr\u00e1 dentro del plazo estipulado por la legislaci\u00f3n vigente.<\/p>\n<h4>ALCANCE DE LA COMUNICACI\u00d3N Y TRANSMISI\u00d3N DE LOS DATOS<\/h4>\n<p>Se informa de que los datos recabados no se comunicar\u00e1n ni transmitir\u00e1n a terceros sin el consentimiento expreso del titular de dichos datos.<\/p>\n<h4>DERECHOS DE LOS TITULARES DE LOS DATOS<\/h4>\n<p>Seg\u00fan los arts. 15-22 del RGPD 2016\/679, los usuarios titulares de los datos recabados podr\u00e1n ejercer en cualquier momento los siguientes derechos:<\/p>\n<ol type=\"a\">\n<li>solicitar la confirmaci\u00f3n de si se est\u00e1n tratando o no datos personales que le conciernen;<\/li>\n<li>obtener informaci\u00f3n sobre los fines del tratamiento de los datos personales recabados, las categor\u00edas de esos datos, los destinatarios o las categor\u00edas de destinatarios a los que se han comunicado o se comunicar\u00e1n esos datos y, de ser posible, el plazo previsto de conservaci\u00f3n de dichos datos;<\/li>\n<li>solicitar la rectificaci\u00f3n y\/o la supresi\u00f3n de los datos personales recabados;<\/li>\n<li>restringir el uso de los datos personales relativos al interesado;<\/li>\n<li>obtener la portabilidad de los datos p. ej. recibi\u00e9ndolos del responsable del tratamiento de los datos en un formato estructurado de uso com\u00fan y lectura mec\u00e1nica, y que puedan transmit\u00edrselos sin impedimento alguno a otro responsable del tratamiento de datos;<\/li>\n<li>oponerse en cualquier momento a que se traten sus datos personales, incluidos aquellos destinados a fines de marketing directo;<\/li>\n<li>oponerse a que se adopten decisiones automatizadas aplicadas a personas f\u00edsicas y a que se elaboren perfiles.<\/li>\n<\/ol>\n<p>El usuario podr\u00e1 ejercer sus derechos enviando un correo electr\u00f3nico a la oficina indicada de Auriga S.p.A. o a la direcci\u00f3n: compliance@aurigaspa.com.<\/p>\n<h4>RESPONSABLE DEL TRATAMIENTO DE LOS DATOS<\/h4>\n<p>El responsable de los datos a los que se refiere esta pol\u00edtica de privacidad es Auriga S.p.A. Oficina registrada: Via Selva n. 101, 70022 Altamura (Ba), Italia Oficina operativa: Via Don Luigi Guanella n. 17, 70124 Bari, Italia N\u00famero de identificaci\u00f3n fiscal: 05566820725<\/p>\n","protected":false},"excerpt":{"rendered":"<p>NOTA INFORMATIVA SOBRE EL ART. 13 DEL REGLAMENTO EUROPEO SOBRE PROTECCI\u00d3N DE DATOS 2016\/679 De acuerdo a lo establecido en el art. 13 del Reglamento General de Protecci\u00f3n de Datos 2016\/679 (en adelante, \u201cRGPD 2016\/679\u201d) relativo a la protecci\u00f3n de las personas f\u00edsicas en lo que respecta al tratamiento de datos personales, se informa de<\/p>\n","protected":false},"author":1,"featured_media":0,"parent":0,"menu_order":0,"comment_status":"closed","ping_status":"closed","template":"","meta":{"footnotes":""},"class_list":["post-59817","page","type-page","status-publish","hentry"],"yoast_head":"<!-- This site is optimized with the Yoast SEO Premium plugin v27.5 (Yoast SEO v27.5) - https:\/\/yoast.com\/product\/yoast-seo-premium-wordpress\/ -->\n<title>Aviso newsletter | Auriga<\/title>\n<meta name=\"description\" content=\"Auriga The banking evolution - Aviso newsletter - %\" \/>\n<meta name=\"robots\" content=\"index, follow, max-snippet:-1, max-image-preview:large, max-video-preview:-1\" \/>\n<link rel=\"canonical\" href=\"https:\/\/www.aurigaspa.com\/es\/aviso-newsletter\/\" \/>\n<meta property=\"og:locale\" content=\"es_ES\" \/>\n<meta property=\"og:type\" content=\"article\" \/>\n<meta property=\"og:title\" content=\"Aviso newsletter | Auriga\" \/>\n<meta property=\"og:description\" content=\"Auriga The banking evolution - Aviso newsletter - %\" \/>\n<meta property=\"og:url\" content=\"https:\/\/www.aurigaspa.com\/es\/aviso-newsletter\/\" \/>\n<meta property=\"og:site_name\" content=\"Auriga\" \/>\n<meta property=\"article:publisher\" content=\"https:\/\/www.facebook.com\/aurigaspa\" \/>\n<meta name=\"twitter:card\" content=\"summary_large_image\" \/>\n<meta name=\"twitter:label1\" content=\"Tiempo de lectura\" \/>\n\t<meta name=\"twitter:data1\" content=\"3 minutos\" \/>\n<script type=\"application\/ld+json\" class=\"yoast-schema-graph\">{\"@context\":\"https:\\\/\\\/schema.org\",\"@graph\":[{\"@type\":\"WebPage\",\"@id\":\"https:\\\/\\\/www.aurigaspa.com\\\/es\\\/aviso-newsletter\\\/\",\"url\":\"https:\\\/\\\/www.aurigaspa.com\\\/es\\\/aviso-newsletter\\\/\",\"name\":\"Aviso newsletter | Auriga\",\"isPartOf\":{\"@id\":\"https:\\\/\\\/www.aurigaspa.com\\\/es\\\/#website\"},\"datePublished\":\"2020-11-05T13:04:33+00:00\",\"description\":\"Auriga The banking evolution - Aviso newsletter - %\",\"breadcrumb\":{\"@id\":\"https:\\\/\\\/www.aurigaspa.com\\\/es\\\/aviso-newsletter\\\/#breadcrumb\"},\"inLanguage\":\"es\",\"potentialAction\":[{\"@type\":\"ReadAction\",\"target\":[\"https:\\\/\\\/www.aurigaspa.com\\\/es\\\/aviso-newsletter\\\/\"]}]},{\"@type\":\"BreadcrumbList\",\"@id\":\"https:\\\/\\\/www.aurigaspa.com\\\/es\\\/aviso-newsletter\\\/#breadcrumb\",\"itemListElement\":[{\"@type\":\"ListItem\",\"position\":1,\"name\":\"Home\",\"item\":\"https:\\\/\\\/www.aurigaspa.com\\\/es\\\/\"},{\"@type\":\"ListItem\",\"position\":2,\"name\":\"Aviso newsletter\"}]},{\"@type\":\"WebSite\",\"@id\":\"https:\\\/\\\/www.aurigaspa.com\\\/es\\\/#website\",\"url\":\"https:\\\/\\\/www.aurigaspa.com\\\/es\\\/\",\"name\":\"Auriga\",\"description\":\"The banking evolution\",\"publisher\":{\"@id\":\"https:\\\/\\\/www.aurigaspa.com\\\/es\\\/#organization\"},\"potentialAction\":[{\"@type\":\"SearchAction\",\"target\":{\"@type\":\"EntryPoint\",\"urlTemplate\":\"https:\\\/\\\/www.aurigaspa.com\\\/es\\\/?s={search_term_string}\"},\"query-input\":{\"@type\":\"PropertyValueSpecification\",\"valueRequired\":true,\"valueName\":\"search_term_string\"}}],\"inLanguage\":\"es\"},{\"@type\":\"Organization\",\"@id\":\"https:\\\/\\\/www.aurigaspa.com\\\/es\\\/#organization\",\"name\":\"Auriga\",\"url\":\"https:\\\/\\\/www.aurigaspa.com\\\/es\\\/\",\"logo\":{\"@type\":\"ImageObject\",\"inLanguage\":\"es\",\"@id\":\"https:\\\/\\\/www.aurigaspa.com\\\/es\\\/#\\\/schema\\\/logo\\\/image\\\/\",\"url\":\"https:\\\/\\\/www.aurigaspa.com\\\/wp-content\\\/uploads\\\/marchio_auriga_nopayoff_web.png\",\"contentUrl\":\"https:\\\/\\\/www.aurigaspa.com\\\/wp-content\\\/uploads\\\/marchio_auriga_nopayoff_web.png\",\"width\":660,\"height\":360,\"caption\":\"Auriga\"},\"image\":{\"@id\":\"https:\\\/\\\/www.aurigaspa.com\\\/es\\\/#\\\/schema\\\/logo\\\/image\\\/\"},\"sameAs\":[\"https:\\\/\\\/www.facebook.com\\\/aurigaspa\",\"https:\\\/\\\/www.instagram.com\\\/auriga_the_banking_evolution\\\/\",\"https:\\\/\\\/www.linkedin.com\\\/company\\\/auriga-spa\",\"https:\\\/\\\/www.youtube.com\\\/user\\\/aurigaspacom\"]}]}<\/script>\n<!-- \/ Yoast SEO Premium plugin. -->","yoast_head_json":{"title":"Aviso newsletter | Auriga","description":"Auriga The banking evolution - Aviso newsletter - %","robots":{"index":"index","follow":"follow","max-snippet":"max-snippet:-1","max-image-preview":"max-image-preview:large","max-video-preview":"max-video-preview:-1"},"canonical":"https:\/\/www.aurigaspa.com\/es\/aviso-newsletter\/","og_locale":"es_ES","og_type":"article","og_title":"Aviso newsletter | Auriga","og_description":"Auriga The banking evolution - Aviso newsletter - %","og_url":"https:\/\/www.aurigaspa.com\/es\/aviso-newsletter\/","og_site_name":"Auriga","article_publisher":"https:\/\/www.facebook.com\/aurigaspa","twitter_card":"summary_large_image","twitter_misc":{"Tiempo de lectura":"3 minutos"},"schema":{"@context":"https:\/\/schema.org","@graph":[{"@type":"WebPage","@id":"https:\/\/www.aurigaspa.com\/es\/aviso-newsletter\/","url":"https:\/\/www.aurigaspa.com\/es\/aviso-newsletter\/","name":"Aviso newsletter | Auriga","isPartOf":{"@id":"https:\/\/www.aurigaspa.com\/es\/#website"},"datePublished":"2020-11-05T13:04:33+00:00","description":"Auriga The banking evolution - Aviso newsletter - %","breadcrumb":{"@id":"https:\/\/www.aurigaspa.com\/es\/aviso-newsletter\/#breadcrumb"},"inLanguage":"es","potentialAction":[{"@type":"ReadAction","target":["https:\/\/www.aurigaspa.com\/es\/aviso-newsletter\/"]}]},{"@type":"BreadcrumbList","@id":"https:\/\/www.aurigaspa.com\/es\/aviso-newsletter\/#breadcrumb","itemListElement":[{"@type":"ListItem","position":1,"name":"Home","item":"https:\/\/www.aurigaspa.com\/es\/"},{"@type":"ListItem","position":2,"name":"Aviso newsletter"}]},{"@type":"WebSite","@id":"https:\/\/www.aurigaspa.com\/es\/#website","url":"https:\/\/www.aurigaspa.com\/es\/","name":"Auriga","description":"The banking evolution","publisher":{"@id":"https:\/\/www.aurigaspa.com\/es\/#organization"},"potentialAction":[{"@type":"SearchAction","target":{"@type":"EntryPoint","urlTemplate":"https:\/\/www.aurigaspa.com\/es\/?s={search_term_string}"},"query-input":{"@type":"PropertyValueSpecification","valueRequired":true,"valueName":"search_term_string"}}],"inLanguage":"es"},{"@type":"Organization","@id":"https:\/\/www.aurigaspa.com\/es\/#organization","name":"Auriga","url":"https:\/\/www.aurigaspa.com\/es\/","logo":{"@type":"ImageObject","inLanguage":"es","@id":"https:\/\/www.aurigaspa.com\/es\/#\/schema\/logo\/image\/","url":"https:\/\/www.aurigaspa.com\/wp-content\/uploads\/marchio_auriga_nopayoff_web.png","contentUrl":"https:\/\/www.aurigaspa.com\/wp-content\/uploads\/marchio_auriga_nopayoff_web.png","width":660,"height":360,"caption":"Auriga"},"image":{"@id":"https:\/\/www.aurigaspa.com\/es\/#\/schema\/logo\/image\/"},"sameAs":["https:\/\/www.facebook.com\/aurigaspa","https:\/\/www.instagram.com\/auriga_the_banking_evolution\/","https:\/\/www.linkedin.com\/company\/auriga-spa","https:\/\/www.youtube.com\/user\/aurigaspacom"]}]}},"_links":{"self":[{"href":"https:\/\/www.aurigaspa.com\/es\/wp-json\/wp\/v2\/pages\/59817","targetHints":{"allow":["GET"]}}],"collection":[{"href":"https:\/\/www.aurigaspa.com\/es\/wp-json\/wp\/v2\/pages"}],"about":[{"href":"https:\/\/www.aurigaspa.com\/es\/wp-json\/wp\/v2\/types\/page"}],"author":[{"embeddable":true,"href":"https:\/\/www.aurigaspa.com\/es\/wp-json\/wp\/v2\/users\/1"}],"replies":[{"embeddable":true,"href":"https:\/\/www.aurigaspa.com\/es\/wp-json\/wp\/v2\/comments?post=59817"}],"version-history":[{"count":1,"href":"https:\/\/www.aurigaspa.com\/es\/wp-json\/wp\/v2\/pages\/59817\/revisions"}],"predecessor-version":[{"id":59818,"href":"https:\/\/www.aurigaspa.com\/es\/wp-json\/wp\/v2\/pages\/59817\/revisions\/59818"}],"wp:attachment":[{"href":"https:\/\/www.aurigaspa.com\/es\/wp-json\/wp\/v2\/media?parent=59817"}],"curies":[{"name":"wp","href":"https:\/\/api.w.org\/{rel}","templated":true}]}}