{"id":59482,"date":"2020-09-23T10:38:32","date_gmt":"2020-09-23T09:38:32","guid":{"rendered":"https:\/\/www.aurigaspa.com\/?page_id=59482"},"modified":"2025-11-12T17:29:24","modified_gmt":"2025-11-12T16:29:24","slug":"ciberseguridad-para-atm-lookwise-device-manager","status":"publish","type":"page","link":"https:\/\/www.aurigaspa.com\/es\/banca\/productos-y-soluciones\/plataforma-de-ciberseguridad\/ciberseguridad-para-atm-lookwise-device-manager\/","title":{"rendered":"Lookwise Device Manager"},"content":{"rendered":"<h2>CIBERSEGURIDAD PARA ATM: PROTEGER LOS DISPOSITIVOS CR\u00cdTICOS<\/h2>\n<p>Los dispositivos cr\u00edticos proporcionan servicios esenciales que deben estar disponibles las 24 horas del d\u00eda, los 365 d\u00edas del a\u00f1o. La seguridad de la red de cajeros autom\u00e1ticos (atm) es fundamental, ya que los ataques cibern\u00e9ticos a los dispositivos cr\u00edticos son muy espec\u00edficos. Est\u00e1n de hecho dirigidos a perjudicar la seguridad de los datos y dise\u00f1ados para detectar cualquier vulnerabilidad que presenten los sistemas inform\u00e1ticos y las infraestructuras cr\u00edticas.<\/p>\n<p>Es cada vez m\u00e1s complicado distinguir entre ataques gen\u00e9ricos y ataque de denegaci\u00f3n de servicio, lo que dificulta detectar un incidente o evaluar su posible da\u00f1o. Esta dificultad hace que las\u00a0<strong>empresas sean altamente vulnerables a amenazas tanto moderadas como complejas<\/strong>.<\/p>\n<p>Es importante implementar una estrategia de <a href=\"https:\/\/www.aurigaspa.com\/es\/noticias-y-medios-de-comunicacion\/blog-esp\/zero-trust-que-significa-para-la-ciberseguridad-de-la-banca\/\"><strong>ciberseguridad efectiva que incluye el modelo zero trust<\/strong><\/a> security del software de cajeros autom\u00e1ticos (atm). Esta estrategia debe basarse en un conjunto adecuado de sistemas de seguridad whitelisting especifico para <strong>la tecnolog\u00eda operativa<\/strong> (OT). Esto garantizar\u00e1 la seguridad sin interrumpir las operaciones ni violar los est\u00e1ndares de seguridad de cajeros autom\u00e1ticos<\/p>\n<p><strong>Lookwise Device Manager <\/strong>(LDM) es la soluci\u00f3n de seguridad completa para ATM. Aplica medidas de seguridad del software de cajeros autom\u00e1ticos a traves del monitoreo remoto. Protege dispositivos cr\u00edticos con medidas de seguridad cibern\u00e9tica como whitelisting y zero trust.<\/p>\n<h2><strong>UNA PLATAFORMA DISE\u00d1ADA PARA LA SEGURIDAD DE LA RED DE CAJEROS AUTOM\u00c1TICOS<\/strong><\/h2>\n<p>Los cajeros autom\u00e1ticos no pueden ser protegidos con programas antimalware, ya que estos est\u00e1n hechos para ordenadores de escritorio y port\u00e1tiles.<\/p>\n<p><strong>Lookwise Device Manager<\/strong> ayuda a activar <strong>un modelo de protecci\u00f3n <\/strong>completo que va m\u00e1s all\u00e1 de la ciberseguridad. Es una plataforma dise\u00f1ada para proteger dispositivos especializados, como los que brindan servicios esenciales que deben estar disponibles todo el a\u00f1o, las 24 horas del d\u00eda.<\/p>\n<p>Los cajeros autom\u00e1ticos son objetivos muy atractivos para los ataques de malware. Las redes de cajeros autom\u00e1ticos cuentan muy a menudo con equipos y aplicaciones antiguas. Hay diferentes causas de vulnerabilidad de los cajeros autom\u00e1ticos. Por ejemplo, la falta de actualizaciones, limitadas por causas t\u00e9cnicas y econ\u00f3micas, y un escaso control de acceso.<\/p>\n<p>Los criminales en l\u00ednea son m\u00e1s r\u00e1pidos y creativos ahora. Crean nuevos tipos de ataques inform\u00e1ticos espec\u00edficos que son m\u00e1s lucrativos que los ataques f\u00edsicos tradicionales. Esto se debe a que son m\u00e1s r\u00e1pidos y creativos.<\/p>\n<p><strong>Lookwise Device Manager<\/strong> es una <a href=\"https:\/\/www.aurigaspa.com\/es\/noticias-y-medios-de-comunicacion\/notas-de-prensa\/ciberseguridad-de-cajeros-automaticos\/\">plataforma modular<\/a> que brinda una <strong>amplia <\/strong>gama<strong> de funciones para la protecci\u00f3n <\/strong>de los dispositivos cr\u00edticos. Adem\u00e1s, agrega una capa adicional de control que permite realizar acciones personalizadas y monitoreo remoto de los cajeros autom\u00e1ticos para investigar o responder a posibles incidentes.<\/p>\n<h2><strong>CIBERSEGURIDAD: <\/strong><strong>LAS VENTAJAS DEL WHITELISTING<\/strong><\/h2>\n<p>Centralizar la ciberseguridad de la red de autoservicio es fundamental para\u00a0<strong>garantizar la <\/strong>seguridad de transacciones de cajeros autom\u00e1ticos\u00a0y ahorrar dispensaci\u00f3n segura de efectivo<\/p>\n<p>El Lookwise Device Manager es un sistema nativo, multi-vendor e integrado que centraliza las operaciones de seguridad inform\u00e1tica en una sola plataforma. Esto garantiza un <strong>impacto m\u00ednimo en el rendimiento<\/strong>, y al mismo tiempo protege la red de cajeros autom\u00e1ticos contra ataques de denegaci\u00f3n de servicio distribuido.<\/p>\n<p>LDM ofrece un <strong>alto nivel de seguridad<\/strong>. Incluye <a href=\"https:\/\/www.aurigaspa.com\/es\/noticias-y-medios-de-comunicacion\/titulares-de-prensa\/ldm\/\">un esquema de protecci\u00f3n completo<\/a> con whitelisting de software y hardware a trav\u00e9s de diferentes capas de protecci\u00f3n.<\/p>\n<p>Tambi\u00e9n cuenta con protecci\u00f3n de archivos y cifrado completo del disco y adopta una pol\u00edtica de\u00a0<strong>confianza cero<\/strong>\u00a0o\u00a0<em>Zero trust.<\/em> Este modelo permite que cualquier sistema de ciberseguridad\u00a0<strong>minimize el nivel de confianza impl\u00edcita. <\/strong>Tambi\u00e9n permite el acceso al software solo cuando se realizan controles estrictos, reduciendo as\u00ed la superficie de ataque.<\/p>\n<p>Con LDM, el banco cumple con los est\u00e1ndares de seguridad de cajeros autom\u00e1ticos y reduce los costes. A trav\u00e9s del fortalecimiento de sus cajeros autom\u00e1ticos puede aumentar significativamente el nivel de accesibilidad a los servicios para clientes actuales y potenciales.<\/p>\n <a href=\"\" class=\"btn ds  \" target=\"\">Descarga el folletto<\/a>\n","protected":false},"excerpt":{"rendered":"<p>CIBERSEGURIDAD PARA ATM: PROTEGER LOS DISPOSITIVOS CR\u00cdTICOS Los dispositivos cr\u00edticos proporcionan servicios esenciales que deben estar disponibles las 24 horas del d\u00eda, los 365 d\u00edas del a\u00f1o. La seguridad de la red de cajeros autom\u00e1ticos (atm) es fundamental, ya que los ataques cibern\u00e9ticos a los dispositivos cr\u00edticos son muy espec\u00edficos. Est\u00e1n de hecho dirigidos a<\/p>\n","protected":false},"author":1,"featured_media":59483,"parent":63411,"menu_order":0,"comment_status":"closed","ping_status":"closed","template":"","meta":{"footnotes":""},"class_list":["post-59482","page","type-page","status-publish","has-post-thumbnail","hentry"],"yoast_head":"<!-- This site is optimized with the Yoast SEO Premium plugin v27.3 (Yoast SEO v27.3) - https:\/\/yoast.com\/product\/yoast-seo-premium-wordpress\/ -->\n<title>Ciberseguridad para ATM | Lookwise Device Manager<\/title>\n<meta name=\"description\" content=\"Descubre c\u00f3mo Lookwise Device Manager ofrece soluciones avanzadas de ciberseguridad para cajeros autom\u00e1ticos. Lee m\u00e1s en Auriga Spa.\" \/>\n<meta name=\"robots\" content=\"index, follow, max-snippet:-1, max-image-preview:large, max-video-preview:-1\" \/>\n<link rel=\"canonical\" href=\"https:\/\/www.aurigaspa.com\/es\/banca\/productos-y-soluciones\/plataforma-de-ciberseguridad\/ciberseguridad-para-atm-lookwise-device-manager\/\" \/>\n<meta property=\"og:locale\" content=\"es_ES\" \/>\n<meta property=\"og:type\" content=\"article\" \/>\n<meta property=\"og:title\" content=\"Ciberseguridad para ATM | Lookwise Device Manager\" \/>\n<meta property=\"og:description\" content=\"Descubre c\u00f3mo Lookwise Device Manager ofrece soluciones avanzadas de ciberseguridad para cajeros autom\u00e1ticos. Lee m\u00e1s en Auriga Spa.\" \/>\n<meta property=\"og:url\" content=\"https:\/\/www.aurigaspa.com\/es\/banca\/productos-y-soluciones\/plataforma-de-ciberseguridad\/ciberseguridad-para-atm-lookwise-device-manager\/\" \/>\n<meta property=\"og:site_name\" content=\"Auriga\" \/>\n<meta property=\"article:publisher\" content=\"https:\/\/www.facebook.com\/aurigaspa\" \/>\n<meta property=\"article:modified_time\" content=\"2025-11-12T16:29:24+00:00\" \/>\n<meta property=\"og:image\" content=\"https:\/\/www.aurigaspa.com\/wp-content\/uploads\/Lookwise-Device-Manager-3.png\" \/>\n\t<meta property=\"og:image:width\" content=\"700\" \/>\n\t<meta property=\"og:image:height\" content=\"350\" \/>\n\t<meta property=\"og:image:type\" content=\"image\/png\" \/>\n<meta name=\"twitter:card\" content=\"summary_large_image\" \/>\n<meta name=\"twitter:title\" content=\"Ciberseguridad para ATM | Lookwise Device Manager\" \/>\n<meta name=\"twitter:description\" content=\"Descubre c\u00f3mo Lookwise Device Manager ofrece soluciones avanzadas de ciberseguridad para cajeros autom\u00e1ticos. Lee m\u00e1s en Auriga Spa.\" \/>\n<meta name=\"twitter:image\" content=\"https:\/\/www.aurigaspa.com\/wp-content\/uploads\/Lookwise-Device-Manager-3.png\" \/>\n<meta name=\"twitter:label1\" content=\"Tiempo de lectura\" \/>\n\t<meta name=\"twitter:data1\" content=\"5 minutos\" \/>\n<script type=\"application\/ld+json\" class=\"yoast-schema-graph\">{\"@context\":\"https:\\\/\\\/schema.org\",\"@graph\":[{\"@type\":\"WebPage\",\"@id\":\"https:\\\/\\\/www.aurigaspa.com\\\/es\\\/banca\\\/productos-y-soluciones\\\/plataforma-de-ciberseguridad\\\/ciberseguridad-para-atm-lookwise-device-manager\\\/\",\"url\":\"https:\\\/\\\/www.aurigaspa.com\\\/es\\\/banca\\\/productos-y-soluciones\\\/plataforma-de-ciberseguridad\\\/ciberseguridad-para-atm-lookwise-device-manager\\\/\",\"name\":\"Ciberseguridad para ATM | Lookwise Device Manager\",\"isPartOf\":{\"@id\":\"https:\\\/\\\/www.aurigaspa.com\\\/es\\\/#website\"},\"primaryImageOfPage\":{\"@id\":\"https:\\\/\\\/www.aurigaspa.com\\\/es\\\/banca\\\/productos-y-soluciones\\\/plataforma-de-ciberseguridad\\\/ciberseguridad-para-atm-lookwise-device-manager\\\/#primaryimage\"},\"image\":{\"@id\":\"https:\\\/\\\/www.aurigaspa.com\\\/es\\\/banca\\\/productos-y-soluciones\\\/plataforma-de-ciberseguridad\\\/ciberseguridad-para-atm-lookwise-device-manager\\\/#primaryimage\"},\"thumbnailUrl\":\"https:\\\/\\\/www.aurigaspa.com\\\/wp-content\\\/uploads\\\/Lookwise-Device-Manager-3.png\",\"datePublished\":\"2020-09-23T09:38:32+00:00\",\"dateModified\":\"2025-11-12T16:29:24+00:00\",\"description\":\"Descubre c\u00f3mo Lookwise Device Manager ofrece soluciones avanzadas de ciberseguridad para cajeros autom\u00e1ticos. Lee m\u00e1s en Auriga Spa.\",\"breadcrumb\":{\"@id\":\"https:\\\/\\\/www.aurigaspa.com\\\/es\\\/banca\\\/productos-y-soluciones\\\/plataforma-de-ciberseguridad\\\/ciberseguridad-para-atm-lookwise-device-manager\\\/#breadcrumb\"},\"inLanguage\":\"es\",\"potentialAction\":[{\"@type\":\"ReadAction\",\"target\":[\"https:\\\/\\\/www.aurigaspa.com\\\/es\\\/banca\\\/productos-y-soluciones\\\/plataforma-de-ciberseguridad\\\/ciberseguridad-para-atm-lookwise-device-manager\\\/\"]}]},{\"@type\":\"ImageObject\",\"inLanguage\":\"es\",\"@id\":\"https:\\\/\\\/www.aurigaspa.com\\\/es\\\/banca\\\/productos-y-soluciones\\\/plataforma-de-ciberseguridad\\\/ciberseguridad-para-atm-lookwise-device-manager\\\/#primaryimage\",\"url\":\"https:\\\/\\\/www.aurigaspa.com\\\/wp-content\\\/uploads\\\/Lookwise-Device-Manager-3.png\",\"contentUrl\":\"https:\\\/\\\/www.aurigaspa.com\\\/wp-content\\\/uploads\\\/Lookwise-Device-Manager-3.png\",\"width\":700,\"height\":350,\"caption\":\"Lookwise Device Manager\"},{\"@type\":\"BreadcrumbList\",\"@id\":\"https:\\\/\\\/www.aurigaspa.com\\\/es\\\/banca\\\/productos-y-soluciones\\\/plataforma-de-ciberseguridad\\\/ciberseguridad-para-atm-lookwise-device-manager\\\/#breadcrumb\",\"itemListElement\":[{\"@type\":\"ListItem\",\"position\":1,\"name\":\"Home\",\"item\":\"https:\\\/\\\/www.aurigaspa.com\\\/es\\\/\"},{\"@type\":\"ListItem\",\"position\":2,\"name\":\"Banca\",\"item\":\"https:\\\/\\\/www.aurigaspa.com\\\/es\\\/banca\\\/\"},{\"@type\":\"ListItem\",\"position\":3,\"name\":\"Productos y soluciones\",\"item\":\"https:\\\/\\\/www.aurigaspa.com\\\/es\\\/banca\\\/productos-y-soluciones\\\/\"},{\"@type\":\"ListItem\",\"position\":4,\"name\":\"Plataforma de Ciberseguridad\",\"item\":\"https:\\\/\\\/www.aurigaspa.com\\\/es\\\/banca\\\/productos-y-soluciones\\\/plataforma-de-ciberseguridad\\\/\"},{\"@type\":\"ListItem\",\"position\":5,\"name\":\"Lookwise Device Manager\"}]},{\"@type\":\"WebSite\",\"@id\":\"https:\\\/\\\/www.aurigaspa.com\\\/es\\\/#website\",\"url\":\"https:\\\/\\\/www.aurigaspa.com\\\/es\\\/\",\"name\":\"Auriga\",\"description\":\"The banking evolution\",\"publisher\":{\"@id\":\"https:\\\/\\\/www.aurigaspa.com\\\/es\\\/#organization\"},\"potentialAction\":[{\"@type\":\"SearchAction\",\"target\":{\"@type\":\"EntryPoint\",\"urlTemplate\":\"https:\\\/\\\/www.aurigaspa.com\\\/es\\\/?s={search_term_string}\"},\"query-input\":{\"@type\":\"PropertyValueSpecification\",\"valueRequired\":true,\"valueName\":\"search_term_string\"}}],\"inLanguage\":\"es\"},{\"@type\":\"Organization\",\"@id\":\"https:\\\/\\\/www.aurigaspa.com\\\/es\\\/#organization\",\"name\":\"Auriga\",\"url\":\"https:\\\/\\\/www.aurigaspa.com\\\/es\\\/\",\"logo\":{\"@type\":\"ImageObject\",\"inLanguage\":\"es\",\"@id\":\"https:\\\/\\\/www.aurigaspa.com\\\/es\\\/#\\\/schema\\\/logo\\\/image\\\/\",\"url\":\"https:\\\/\\\/www.aurigaspa.com\\\/wp-content\\\/uploads\\\/marchio_auriga_nopayoff_web.png\",\"contentUrl\":\"https:\\\/\\\/www.aurigaspa.com\\\/wp-content\\\/uploads\\\/marchio_auriga_nopayoff_web.png\",\"width\":660,\"height\":360,\"caption\":\"Auriga\"},\"image\":{\"@id\":\"https:\\\/\\\/www.aurigaspa.com\\\/es\\\/#\\\/schema\\\/logo\\\/image\\\/\"},\"sameAs\":[\"https:\\\/\\\/www.facebook.com\\\/aurigaspa\",\"https:\\\/\\\/www.instagram.com\\\/auriga_the_banking_evolution\\\/\",\"https:\\\/\\\/www.linkedin.com\\\/company\\\/auriga-spa\",\"https:\\\/\\\/www.youtube.com\\\/user\\\/aurigaspacom\"]}]}<\/script>\n<!-- \/ Yoast SEO Premium plugin. -->","yoast_head_json":{"title":"Ciberseguridad para ATM | Lookwise Device Manager","description":"Descubre c\u00f3mo Lookwise Device Manager ofrece soluciones avanzadas de ciberseguridad para cajeros autom\u00e1ticos. Lee m\u00e1s en Auriga Spa.","robots":{"index":"index","follow":"follow","max-snippet":"max-snippet:-1","max-image-preview":"max-image-preview:large","max-video-preview":"max-video-preview:-1"},"canonical":"https:\/\/www.aurigaspa.com\/es\/banca\/productos-y-soluciones\/plataforma-de-ciberseguridad\/ciberseguridad-para-atm-lookwise-device-manager\/","og_locale":"es_ES","og_type":"article","og_title":"Ciberseguridad para ATM | Lookwise Device Manager","og_description":"Descubre c\u00f3mo Lookwise Device Manager ofrece soluciones avanzadas de ciberseguridad para cajeros autom\u00e1ticos. Lee m\u00e1s en Auriga Spa.","og_url":"https:\/\/www.aurigaspa.com\/es\/banca\/productos-y-soluciones\/plataforma-de-ciberseguridad\/ciberseguridad-para-atm-lookwise-device-manager\/","og_site_name":"Auriga","article_publisher":"https:\/\/www.facebook.com\/aurigaspa","article_modified_time":"2025-11-12T16:29:24+00:00","og_image":[{"width":700,"height":350,"url":"https:\/\/www.aurigaspa.com\/wp-content\/uploads\/Lookwise-Device-Manager-3.png","type":"image\/png"}],"twitter_card":"summary_large_image","twitter_title":"Ciberseguridad para ATM | Lookwise Device Manager","twitter_description":"Descubre c\u00f3mo Lookwise Device Manager ofrece soluciones avanzadas de ciberseguridad para cajeros autom\u00e1ticos. Lee m\u00e1s en Auriga Spa.","twitter_image":"https:\/\/www.aurigaspa.com\/wp-content\/uploads\/Lookwise-Device-Manager-3.png","twitter_misc":{"Tiempo de lectura":"5 minutos"},"schema":{"@context":"https:\/\/schema.org","@graph":[{"@type":"WebPage","@id":"https:\/\/www.aurigaspa.com\/es\/banca\/productos-y-soluciones\/plataforma-de-ciberseguridad\/ciberseguridad-para-atm-lookwise-device-manager\/","url":"https:\/\/www.aurigaspa.com\/es\/banca\/productos-y-soluciones\/plataforma-de-ciberseguridad\/ciberseguridad-para-atm-lookwise-device-manager\/","name":"Ciberseguridad para ATM | Lookwise Device Manager","isPartOf":{"@id":"https:\/\/www.aurigaspa.com\/es\/#website"},"primaryImageOfPage":{"@id":"https:\/\/www.aurigaspa.com\/es\/banca\/productos-y-soluciones\/plataforma-de-ciberseguridad\/ciberseguridad-para-atm-lookwise-device-manager\/#primaryimage"},"image":{"@id":"https:\/\/www.aurigaspa.com\/es\/banca\/productos-y-soluciones\/plataforma-de-ciberseguridad\/ciberseguridad-para-atm-lookwise-device-manager\/#primaryimage"},"thumbnailUrl":"https:\/\/www.aurigaspa.com\/wp-content\/uploads\/Lookwise-Device-Manager-3.png","datePublished":"2020-09-23T09:38:32+00:00","dateModified":"2025-11-12T16:29:24+00:00","description":"Descubre c\u00f3mo Lookwise Device Manager ofrece soluciones avanzadas de ciberseguridad para cajeros autom\u00e1ticos. Lee m\u00e1s en Auriga Spa.","breadcrumb":{"@id":"https:\/\/www.aurigaspa.com\/es\/banca\/productos-y-soluciones\/plataforma-de-ciberseguridad\/ciberseguridad-para-atm-lookwise-device-manager\/#breadcrumb"},"inLanguage":"es","potentialAction":[{"@type":"ReadAction","target":["https:\/\/www.aurigaspa.com\/es\/banca\/productos-y-soluciones\/plataforma-de-ciberseguridad\/ciberseguridad-para-atm-lookwise-device-manager\/"]}]},{"@type":"ImageObject","inLanguage":"es","@id":"https:\/\/www.aurigaspa.com\/es\/banca\/productos-y-soluciones\/plataforma-de-ciberseguridad\/ciberseguridad-para-atm-lookwise-device-manager\/#primaryimage","url":"https:\/\/www.aurigaspa.com\/wp-content\/uploads\/Lookwise-Device-Manager-3.png","contentUrl":"https:\/\/www.aurigaspa.com\/wp-content\/uploads\/Lookwise-Device-Manager-3.png","width":700,"height":350,"caption":"Lookwise Device Manager"},{"@type":"BreadcrumbList","@id":"https:\/\/www.aurigaspa.com\/es\/banca\/productos-y-soluciones\/plataforma-de-ciberseguridad\/ciberseguridad-para-atm-lookwise-device-manager\/#breadcrumb","itemListElement":[{"@type":"ListItem","position":1,"name":"Home","item":"https:\/\/www.aurigaspa.com\/es\/"},{"@type":"ListItem","position":2,"name":"Banca","item":"https:\/\/www.aurigaspa.com\/es\/banca\/"},{"@type":"ListItem","position":3,"name":"Productos y soluciones","item":"https:\/\/www.aurigaspa.com\/es\/banca\/productos-y-soluciones\/"},{"@type":"ListItem","position":4,"name":"Plataforma de Ciberseguridad","item":"https:\/\/www.aurigaspa.com\/es\/banca\/productos-y-soluciones\/plataforma-de-ciberseguridad\/"},{"@type":"ListItem","position":5,"name":"Lookwise Device Manager"}]},{"@type":"WebSite","@id":"https:\/\/www.aurigaspa.com\/es\/#website","url":"https:\/\/www.aurigaspa.com\/es\/","name":"Auriga","description":"The banking evolution","publisher":{"@id":"https:\/\/www.aurigaspa.com\/es\/#organization"},"potentialAction":[{"@type":"SearchAction","target":{"@type":"EntryPoint","urlTemplate":"https:\/\/www.aurigaspa.com\/es\/?s={search_term_string}"},"query-input":{"@type":"PropertyValueSpecification","valueRequired":true,"valueName":"search_term_string"}}],"inLanguage":"es"},{"@type":"Organization","@id":"https:\/\/www.aurigaspa.com\/es\/#organization","name":"Auriga","url":"https:\/\/www.aurigaspa.com\/es\/","logo":{"@type":"ImageObject","inLanguage":"es","@id":"https:\/\/www.aurigaspa.com\/es\/#\/schema\/logo\/image\/","url":"https:\/\/www.aurigaspa.com\/wp-content\/uploads\/marchio_auriga_nopayoff_web.png","contentUrl":"https:\/\/www.aurigaspa.com\/wp-content\/uploads\/marchio_auriga_nopayoff_web.png","width":660,"height":360,"caption":"Auriga"},"image":{"@id":"https:\/\/www.aurigaspa.com\/es\/#\/schema\/logo\/image\/"},"sameAs":["https:\/\/www.facebook.com\/aurigaspa","https:\/\/www.instagram.com\/auriga_the_banking_evolution\/","https:\/\/www.linkedin.com\/company\/auriga-spa","https:\/\/www.youtube.com\/user\/aurigaspacom"]}]}},"_links":{"self":[{"href":"https:\/\/www.aurigaspa.com\/es\/wp-json\/wp\/v2\/pages\/59482","targetHints":{"allow":["GET"]}}],"collection":[{"href":"https:\/\/www.aurigaspa.com\/es\/wp-json\/wp\/v2\/pages"}],"about":[{"href":"https:\/\/www.aurigaspa.com\/es\/wp-json\/wp\/v2\/types\/page"}],"author":[{"embeddable":true,"href":"https:\/\/www.aurigaspa.com\/es\/wp-json\/wp\/v2\/users\/1"}],"replies":[{"embeddable":true,"href":"https:\/\/www.aurigaspa.com\/es\/wp-json\/wp\/v2\/comments?post=59482"}],"version-history":[{"count":6,"href":"https:\/\/www.aurigaspa.com\/es\/wp-json\/wp\/v2\/pages\/59482\/revisions"}],"predecessor-version":[{"id":77860,"href":"https:\/\/www.aurigaspa.com\/es\/wp-json\/wp\/v2\/pages\/59482\/revisions\/77860"}],"up":[{"embeddable":true,"href":"https:\/\/www.aurigaspa.com\/es\/wp-json\/wp\/v2\/pages\/63411"}],"wp:featuredmedia":[{"embeddable":true,"href":"https:\/\/www.aurigaspa.com\/es\/wp-json\/wp\/v2\/media\/59483"}],"wp:attachment":[{"href":"https:\/\/www.aurigaspa.com\/es\/wp-json\/wp\/v2\/media?parent=59482"}],"curies":[{"name":"wp","href":"https:\/\/api.w.org\/{rel}","templated":true}]}}