{"id":54785,"date":"2019-10-09T09:00:17","date_gmt":"2019-10-09T08:00:17","guid":{"rendered":"https:\/\/www.aurigaspa.com\/?page_id=54785"},"modified":"2026-04-08T14:39:17","modified_gmt":"2026-04-08T13:39:17","slug":"sobre-nosotros","status":"publish","type":"page","link":"https:\/\/www.aurigaspa.com\/es\/empresa\/sobre-nosotros\/","title":{"rendered":"Sobre Nosotros"},"content":{"rendered":"<h2>L\u00edder en Italia en software de banca omnicanal<\/h2>\n<p>Durante m\u00e1s de 25 a\u00f1os, hemos desarrollado y creado software innovador, y continuamos siendo un punto de referencia en el mundo de la banca.<\/p>\n<p>Auriga es protagonista a nivel internacional en la creaci\u00f3n de soluciones de software exclusivas, especializada especialmente en el \u00e1mbito bancario, <strong>con el desarrollo de plataformas integradas que han contribuido a definir los est\u00e1ndares de los nuevos modelos de banca omnicanal.<\/strong><\/p>\n<p>Una arquitectura basada en la web capaz de garantizar la sinergia perfecta entre autoservicio, banca por internet y banca m\u00f3vil y que proporciona una \u00abexperiencia de banca fluida\u00bb del m\u00e1s alto nivel.<\/p>\n<div class=\"row dati_01\">\n<div class=\"col-sm-12\">\n<div class=\"box_dati\">\n<div class=\"row section_01\">\n<div class=\"col-sm-6\">\n<p class=\"title_big\">3% en el mundo<\/p>\n<\/div>\n<div class=\"col-sm-6\">\n<p class=\"title_big\">12% en Europa del Oeste<\/p>\n<\/div>\n<\/div>\n<div class=\"section_02\">\n<p>Cuota de mercado de Auriga en el sect\u00f3r de aplicaciones multiproveedor para los cajeros autom\u00e1ticos<\/p>\n<p class=\"didascalia\">Fuente: RBR Multivendor Software 2018<\/p>\n<\/div>\n<\/div>\n<\/div>\n<div class=\"col-sm-12\">\n<div class=\"box_dati\">\n<div class=\"row section_01\">\n<div class=\"col-sm-12\">\n<p class=\"title_big\">M\u00e1s de 34.000 cajeros autom\u00e1ticos gestionados por Auriga<\/p>\n<\/div>\n<\/div>\n<div class=\"section_02\">\n<p>M\u00e1s del 70% del n\u00famero total (en Italia)<\/p>\n<\/div>\n<\/div>\n<\/div>\n<div class=\"col-sm-12\">\n<div class=\"box_dati\">\n<div class=\"row section_01\">\n<div class=\"col-sm-12\">\n<p class=\"title_big\">M\u00e1s de 1.000.000<\/p>\n<\/div>\n<\/div>\n<div class=\"section_02\">\n<p>de clientes para las soluciones de banca en l\u00ednea y m\u00f3vil<\/p>\n<\/div>\n<\/div>\n<\/div>\n<\/div>\n<p style=\"text-align: center;\"><span style=\"width: 100%; font-size: 20px; text-align: center; color: #666666; font-family: Arial;\">Facturaci\u00f3n de los servicios software y TI<\/span><\/p>\n<div id=\"columnchart_fatturato\"><img decoding=\"async\" src=\"https:\/\/beta.aurigaspa.com\/wp-content\/uploads\/grafico-fatturato.svg\" alt=\"grafico fatturato\" \/><\/div>\n<p>&nbsp;<\/p>\n[dropcap style=\u00bbs2&#8243;]<i class=\"fa fa-map-marker\"><\/i>[\/dropcap]\n<div class=\"text_03\">\n<h2>El mercado internacional<\/h2>\n[divider_line]\n<\/div>\n<p>Con oficinas en Bari, Roma, Mil\u00e1n, Londres, Par\u00eds y Fr\u00e1ncfort, Auriga desarrolla una presencia internacional din\u00e1mica que actualmente opera tambi\u00e9n en Eslovenia, Rumania, Serbia, B\u00e9lgica, Francia, Portugal y el Reino Unido. Su expansi\u00f3n internacional tiene el objetivo de aportar al mundo sus conocimientos y la excelencia de la tecnolog\u00eda Made in Italy.<\/p>\n<div class=\"mappa_sedi\"><img decoding=\"async\" title=\"Auriga - Sobre nosotros - Mercado internacional\" src=\"https:\/\/www.aurigaspa.com\/wp-content\/uploads\/mappa_es.svg\" alt=\"Auriga - Sobre nosotros - Mercado internacional\" \/><\/div>\n<p>&nbsp;<\/p>\n[dropcap style=\u00bbs2&#8243;]<i class=\"fa fa-lightbulb-o\"><\/i>[\/dropcap]\n<div class=\"text_03\">\n<h2>Investigaci\u00f3n y desarrollo<\/h2>\n[divider_line]\n<\/div>\n<p>Auriga siempre ha estado comprometida con una actividad continua de investigaci\u00f3n y desarrollo para garantizar los <a href=\"\/es\/compania\/nuestra-red\/certificaciones\/\">m\u00e1s altos est\u00e1ndares en innovaci\u00f3n y calidad de productos<\/a>. Esto tambi\u00e9n ha sido posible a trav\u00e9s de <a href=\"\/es\/compania\/nuestra-red\/socios\/\">colaboraciones con socios<\/a>.<\/p>\n<p>&nbsp;<\/p>\n[dropcap style=\u00bbs2&#8243;]<i class=\"fa fa-male\"><\/i>[\/dropcap]\n<div class=\"text_03\">\n<h2>Clientes<\/h2>\n[divider_line]\n<\/div>\n<p>En la actualidad, Auriga tiene una cartera de m\u00e1s de 150 clientes, entre los que se encuentran los m\u00e1s importantes grupos bancarios y proveedores de servicios italianos.<\/p>\n<div class=\"box_dati\">\n<div class=\"row section_01\">\n<div class=\"col-sm-12\">\n<p class=\"title_big\">150 clientes<\/p>\n<\/div>\n<\/div>\n<div class=\"section_02 box_clienti\">\n<p class=\"box_clienti\">entre los quales<\/p>\n<hr \/>\n<\/div>\n<div class=\"row section_03\">\n<div class=\"col-sm-6\">\n<p class=\"title_big\">10 Grupos Bancarios<\/p>\n<\/div>\n<div class=\"col-sm-6\">\n<p class=\"title_big\">35 Proveedores de servicios bancarios<\/p>\n<\/div>\n<\/div>\n<\/div>\n<p>&nbsp;<\/p>\n[dropcap style=\u00bbs2&#8243;]<i class=\"fa fa-users\"><\/i>[\/dropcap]\n<div class=\"text_03\">\n<h2>Personas<\/h2>\n[divider_line]\n<\/div>\n<p>Auriga considera que las <a href=\"https:\/\/www.aurigaspa.com\/es\/carreras\/trabaja-con-nosostros\/\">personas<\/a> son el recurso fundamental para el \u00e9xito de la empresa y basa su modelo de negocio en la b\u00fasqueda continua de j\u00f3venes profesionales, capacitados, especializados y decididos, con los que compartir su visi\u00f3n empresarial.<\/p>\n<div class=\"row dati_01\">\n<div class=\"col-sm-6\">\n<div class=\"box_dati\">\n<div class=\"row section_01\">\n<div class=\"col-sm-12\">\n<p class=\"title_big\">370<\/p>\n<\/div>\n<\/div>\n<div class=\"section_02 dipendenti\">\n<p>empleados en Auriga<\/p>\n<\/div>\n<\/div>\n<\/div>\n<div class=\"col-sm-6\">\n<div class=\"box_dati\">\n<div class=\"row box_group\">\n<div class=\"box_dati_col_6\">\n<div class=\"row section_01\">\n<div class=\"col-sm-12\">\n<p class=\"title_big\">33 a\u00f1os<\/p>\n<\/div>\n<\/div>\n<div class=\"section_02\">\n<p>el promedio de edad<\/p>\n<\/div>\n<\/div>\n<div class=\"box_dati_col_6\">\n<div class=\"row section_01\">\n<div class=\"col-sm-12\">\n<p class=\"title_big\">75%<\/p>\n<\/div>\n<\/div>\n<div class=\"section_02\">\n<p>de los empleados tiene menos de 40 a\u00f1os<\/p>\n<\/div>\n<\/div>\n<\/div>\n<\/div>\n<\/div>\n<\/div>\n<p style=\"text-align: center;\"><span style=\"width: 100%; font-size: 20px; text-align: center; color: #666666; font-family: Arial;\">Crecimiento del empleo en Auriga<\/span><\/p>\n<div id=\"columnchart_crescita\"><img decoding=\"async\" src=\"https:\/\/beta.aurigaspa.com\/wp-content\/uploads\/grafico-crescita-occupazionale.svg\" alt=\"grafico crescita occupazionale\" \/><\/div>\n","protected":false},"excerpt":{"rendered":"<p>L\u00edder en Italia en software de banca omnicanal Durante m\u00e1s de 25 a\u00f1os, hemos desarrollado y creado software innovador, y continuamos siendo un punto de referencia en el mundo de la banca. Auriga es protagonista a nivel internacional en la creaci\u00f3n de soluciones de software exclusivas, especializada especialmente en el \u00e1mbito bancario, con el desarrollo<\/p>\n","protected":false},"author":2,"featured_media":0,"parent":32734,"menu_order":0,"comment_status":"closed","ping_status":"closed","template":"","meta":{"footnotes":""},"class_list":["post-54785","page","type-page","status-publish","hentry"],"yoast_head":"<!-- This site is optimized with the Yoast SEO Premium plugin v27.4 (Yoast SEO v27.4) - https:\/\/yoast.com\/product\/yoast-seo-premium-wordpress\/ -->\n<title>Sobre Auriga | Empresa de Banca Digital<\/title>\n<meta name=\"description\" content=\"Conoce Auriga, empresa especializada en banca digital y soluciones fintech. Innovaci\u00f3n, experiencia y tecnolog\u00eda para el sector financiero.\" \/>\n<meta name=\"robots\" content=\"index, follow, max-snippet:-1, max-image-preview:large, max-video-preview:-1\" \/>\n<link rel=\"canonical\" href=\"https:\/\/www.aurigaspa.com\/es\/empresa\/sobre-nosotros\/\" \/>\n<meta property=\"og:locale\" content=\"es_ES\" \/>\n<meta property=\"og:type\" content=\"article\" \/>\n<meta property=\"og:title\" content=\"Sobre Nosotros | Auriga\" \/>\n<meta property=\"og:description\" content=\"Conoce Auriga, empresa especializada en banca digital y soluciones fintech. Innovaci\u00f3n, experiencia y tecnolog\u00eda para el sector financiero.\" \/>\n<meta property=\"og:url\" content=\"https:\/\/www.aurigaspa.com\/es\/empresa\/sobre-nosotros\/\" \/>\n<meta property=\"og:site_name\" content=\"Auriga\" \/>\n<meta property=\"article:publisher\" content=\"https:\/\/www.facebook.com\/aurigaspa\" \/>\n<meta property=\"article:modified_time\" content=\"2026-04-08T13:39:17+00:00\" \/>\n<meta property=\"og:image\" content=\"https:\/\/www.aurigaspa.com\/wp-content\/uploads\/classifica-aziende-innovative-2.jpg\" \/>\n\t<meta property=\"og:image:width\" content=\"700\" \/>\n\t<meta property=\"og:image:height\" content=\"320\" \/>\n\t<meta property=\"og:image:type\" content=\"image\/jpeg\" \/>\n<meta name=\"twitter:card\" content=\"summary_large_image\" \/>\n<meta name=\"twitter:image\" content=\"https:\/\/www.aurigaspa.com\/wp-content\/uploads\/classifica-aziende-innovative.jpg\" \/>\n<meta name=\"twitter:label1\" content=\"Tiempo de lectura\" \/>\n\t<meta name=\"twitter:data1\" content=\"3 minutos\" \/>\n<script type=\"application\/ld+json\" class=\"yoast-schema-graph\">{\"@context\":\"https:\\\/\\\/schema.org\",\"@graph\":[{\"@type\":\"WebPage\",\"@id\":\"https:\\\/\\\/www.aurigaspa.com\\\/es\\\/empresa\\\/sobre-nosotros\\\/\",\"url\":\"https:\\\/\\\/www.aurigaspa.com\\\/es\\\/empresa\\\/sobre-nosotros\\\/\",\"name\":\"Sobre Auriga | Empresa de Banca Digital\",\"isPartOf\":{\"@id\":\"https:\\\/\\\/www.aurigaspa.com\\\/es\\\/#website\"},\"primaryImageOfPage\":{\"@id\":\"https:\\\/\\\/www.aurigaspa.com\\\/es\\\/empresa\\\/sobre-nosotros\\\/#primaryimage\"},\"image\":{\"@id\":\"https:\\\/\\\/www.aurigaspa.com\\\/es\\\/empresa\\\/sobre-nosotros\\\/#primaryimage\"},\"thumbnailUrl\":\"https:\\\/\\\/beta.aurigaspa.com\\\/wp-content\\\/uploads\\\/grafico-fatturato.svg\",\"datePublished\":\"2019-10-09T08:00:17+00:00\",\"dateModified\":\"2026-04-08T13:39:17+00:00\",\"description\":\"Conoce Auriga, empresa especializada en banca digital y soluciones fintech. Innovaci\u00f3n, experiencia y tecnolog\u00eda para el sector financiero.\",\"breadcrumb\":{\"@id\":\"https:\\\/\\\/www.aurigaspa.com\\\/es\\\/empresa\\\/sobre-nosotros\\\/#breadcrumb\"},\"inLanguage\":\"es\",\"potentialAction\":[{\"@type\":\"ReadAction\",\"target\":[\"https:\\\/\\\/www.aurigaspa.com\\\/es\\\/empresa\\\/sobre-nosotros\\\/\"]}]},{\"@type\":\"ImageObject\",\"inLanguage\":\"es\",\"@id\":\"https:\\\/\\\/www.aurigaspa.com\\\/es\\\/empresa\\\/sobre-nosotros\\\/#primaryimage\",\"url\":\"https:\\\/\\\/beta.aurigaspa.com\\\/wp-content\\\/uploads\\\/grafico-fatturato.svg\",\"contentUrl\":\"https:\\\/\\\/beta.aurigaspa.com\\\/wp-content\\\/uploads\\\/grafico-fatturato.svg\"},{\"@type\":\"BreadcrumbList\",\"@id\":\"https:\\\/\\\/www.aurigaspa.com\\\/es\\\/empresa\\\/sobre-nosotros\\\/#breadcrumb\",\"itemListElement\":[{\"@type\":\"ListItem\",\"position\":1,\"name\":\"Home\",\"item\":\"https:\\\/\\\/www.aurigaspa.com\\\/es\\\/\"},{\"@type\":\"ListItem\",\"position\":2,\"name\":\"Empresa\",\"item\":\"https:\\\/\\\/www.aurigaspa.com\\\/es\\\/empresa\\\/\"},{\"@type\":\"ListItem\",\"position\":3,\"name\":\"Sobre Nosotros\"}]},{\"@type\":\"WebSite\",\"@id\":\"https:\\\/\\\/www.aurigaspa.com\\\/es\\\/#website\",\"url\":\"https:\\\/\\\/www.aurigaspa.com\\\/es\\\/\",\"name\":\"Auriga\",\"description\":\"The banking evolution\",\"publisher\":{\"@id\":\"https:\\\/\\\/www.aurigaspa.com\\\/es\\\/#organization\"},\"potentialAction\":[{\"@type\":\"SearchAction\",\"target\":{\"@type\":\"EntryPoint\",\"urlTemplate\":\"https:\\\/\\\/www.aurigaspa.com\\\/es\\\/?s={search_term_string}\"},\"query-input\":{\"@type\":\"PropertyValueSpecification\",\"valueRequired\":true,\"valueName\":\"search_term_string\"}}],\"inLanguage\":\"es\"},{\"@type\":\"Organization\",\"@id\":\"https:\\\/\\\/www.aurigaspa.com\\\/es\\\/#organization\",\"name\":\"Auriga\",\"url\":\"https:\\\/\\\/www.aurigaspa.com\\\/es\\\/\",\"logo\":{\"@type\":\"ImageObject\",\"inLanguage\":\"es\",\"@id\":\"https:\\\/\\\/www.aurigaspa.com\\\/es\\\/#\\\/schema\\\/logo\\\/image\\\/\",\"url\":\"https:\\\/\\\/www.aurigaspa.com\\\/wp-content\\\/uploads\\\/marchio_auriga_nopayoff_web.png\",\"contentUrl\":\"https:\\\/\\\/www.aurigaspa.com\\\/wp-content\\\/uploads\\\/marchio_auriga_nopayoff_web.png\",\"width\":660,\"height\":360,\"caption\":\"Auriga\"},\"image\":{\"@id\":\"https:\\\/\\\/www.aurigaspa.com\\\/es\\\/#\\\/schema\\\/logo\\\/image\\\/\"},\"sameAs\":[\"https:\\\/\\\/www.facebook.com\\\/aurigaspa\",\"https:\\\/\\\/www.instagram.com\\\/auriga_the_banking_evolution\\\/\",\"https:\\\/\\\/www.linkedin.com\\\/company\\\/auriga-spa\",\"https:\\\/\\\/www.youtube.com\\\/user\\\/aurigaspacom\"]}]}<\/script>\n<!-- \/ Yoast SEO Premium plugin. -->","yoast_head_json":{"title":"Sobre Auriga | Empresa de Banca Digital","description":"Conoce Auriga, empresa especializada en banca digital y soluciones fintech. Innovaci\u00f3n, experiencia y tecnolog\u00eda para el sector financiero.","robots":{"index":"index","follow":"follow","max-snippet":"max-snippet:-1","max-image-preview":"max-image-preview:large","max-video-preview":"max-video-preview:-1"},"canonical":"https:\/\/www.aurigaspa.com\/es\/empresa\/sobre-nosotros\/","og_locale":"es_ES","og_type":"article","og_title":"Sobre Nosotros | Auriga","og_description":"Conoce Auriga, empresa especializada en banca digital y soluciones fintech. Innovaci\u00f3n, experiencia y tecnolog\u00eda para el sector financiero.","og_url":"https:\/\/www.aurigaspa.com\/es\/empresa\/sobre-nosotros\/","og_site_name":"Auriga","article_publisher":"https:\/\/www.facebook.com\/aurigaspa","article_modified_time":"2026-04-08T13:39:17+00:00","og_image":[{"width":700,"height":320,"url":"https:\/\/www.aurigaspa.com\/wp-content\/uploads\/classifica-aziende-innovative-2.jpg","type":"image\/jpeg"}],"twitter_card":"summary_large_image","twitter_image":"https:\/\/www.aurigaspa.com\/wp-content\/uploads\/classifica-aziende-innovative.jpg","twitter_misc":{"Tiempo de lectura":"3 minutos"},"schema":{"@context":"https:\/\/schema.org","@graph":[{"@type":"WebPage","@id":"https:\/\/www.aurigaspa.com\/es\/empresa\/sobre-nosotros\/","url":"https:\/\/www.aurigaspa.com\/es\/empresa\/sobre-nosotros\/","name":"Sobre Auriga | Empresa de Banca Digital","isPartOf":{"@id":"https:\/\/www.aurigaspa.com\/es\/#website"},"primaryImageOfPage":{"@id":"https:\/\/www.aurigaspa.com\/es\/empresa\/sobre-nosotros\/#primaryimage"},"image":{"@id":"https:\/\/www.aurigaspa.com\/es\/empresa\/sobre-nosotros\/#primaryimage"},"thumbnailUrl":"https:\/\/beta.aurigaspa.com\/wp-content\/uploads\/grafico-fatturato.svg","datePublished":"2019-10-09T08:00:17+00:00","dateModified":"2026-04-08T13:39:17+00:00","description":"Conoce Auriga, empresa especializada en banca digital y soluciones fintech. Innovaci\u00f3n, experiencia y tecnolog\u00eda para el sector financiero.","breadcrumb":{"@id":"https:\/\/www.aurigaspa.com\/es\/empresa\/sobre-nosotros\/#breadcrumb"},"inLanguage":"es","potentialAction":[{"@type":"ReadAction","target":["https:\/\/www.aurigaspa.com\/es\/empresa\/sobre-nosotros\/"]}]},{"@type":"ImageObject","inLanguage":"es","@id":"https:\/\/www.aurigaspa.com\/es\/empresa\/sobre-nosotros\/#primaryimage","url":"https:\/\/beta.aurigaspa.com\/wp-content\/uploads\/grafico-fatturato.svg","contentUrl":"https:\/\/beta.aurigaspa.com\/wp-content\/uploads\/grafico-fatturato.svg"},{"@type":"BreadcrumbList","@id":"https:\/\/www.aurigaspa.com\/es\/empresa\/sobre-nosotros\/#breadcrumb","itemListElement":[{"@type":"ListItem","position":1,"name":"Home","item":"https:\/\/www.aurigaspa.com\/es\/"},{"@type":"ListItem","position":2,"name":"Empresa","item":"https:\/\/www.aurigaspa.com\/es\/empresa\/"},{"@type":"ListItem","position":3,"name":"Sobre Nosotros"}]},{"@type":"WebSite","@id":"https:\/\/www.aurigaspa.com\/es\/#website","url":"https:\/\/www.aurigaspa.com\/es\/","name":"Auriga","description":"The banking evolution","publisher":{"@id":"https:\/\/www.aurigaspa.com\/es\/#organization"},"potentialAction":[{"@type":"SearchAction","target":{"@type":"EntryPoint","urlTemplate":"https:\/\/www.aurigaspa.com\/es\/?s={search_term_string}"},"query-input":{"@type":"PropertyValueSpecification","valueRequired":true,"valueName":"search_term_string"}}],"inLanguage":"es"},{"@type":"Organization","@id":"https:\/\/www.aurigaspa.com\/es\/#organization","name":"Auriga","url":"https:\/\/www.aurigaspa.com\/es\/","logo":{"@type":"ImageObject","inLanguage":"es","@id":"https:\/\/www.aurigaspa.com\/es\/#\/schema\/logo\/image\/","url":"https:\/\/www.aurigaspa.com\/wp-content\/uploads\/marchio_auriga_nopayoff_web.png","contentUrl":"https:\/\/www.aurigaspa.com\/wp-content\/uploads\/marchio_auriga_nopayoff_web.png","width":660,"height":360,"caption":"Auriga"},"image":{"@id":"https:\/\/www.aurigaspa.com\/es\/#\/schema\/logo\/image\/"},"sameAs":["https:\/\/www.facebook.com\/aurigaspa","https:\/\/www.instagram.com\/auriga_the_banking_evolution\/","https:\/\/www.linkedin.com\/company\/auriga-spa","https:\/\/www.youtube.com\/user\/aurigaspacom"]}]}},"_links":{"self":[{"href":"https:\/\/www.aurigaspa.com\/es\/wp-json\/wp\/v2\/pages\/54785","targetHints":{"allow":["GET"]}}],"collection":[{"href":"https:\/\/www.aurigaspa.com\/es\/wp-json\/wp\/v2\/pages"}],"about":[{"href":"https:\/\/www.aurigaspa.com\/es\/wp-json\/wp\/v2\/types\/page"}],"author":[{"embeddable":true,"href":"https:\/\/www.aurigaspa.com\/es\/wp-json\/wp\/v2\/users\/2"}],"replies":[{"embeddable":true,"href":"https:\/\/www.aurigaspa.com\/es\/wp-json\/wp\/v2\/comments?post=54785"}],"version-history":[{"count":6,"href":"https:\/\/www.aurigaspa.com\/es\/wp-json\/wp\/v2\/pages\/54785\/revisions"}],"predecessor-version":[{"id":74098,"href":"https:\/\/www.aurigaspa.com\/es\/wp-json\/wp\/v2\/pages\/54785\/revisions\/74098"}],"up":[{"embeddable":true,"href":"https:\/\/www.aurigaspa.com\/es\/wp-json\/wp\/v2\/pages\/32734"}],"wp:attachment":[{"href":"https:\/\/www.aurigaspa.com\/es\/wp-json\/wp\/v2\/media?parent=54785"}],"curies":[{"name":"wp","href":"https:\/\/api.w.org\/{rel}","templated":true}]}}