{"id":52347,"date":"2019-09-24T07:56:04","date_gmt":"2019-09-24T06:56:04","guid":{"rendered":"https:\/\/www.aurigaspa.com\/?page_id=52347"},"modified":"2025-11-11T15:32:48","modified_gmt":"2025-11-11T14:32:48","slug":"inteligencia-artificial-banca","status":"publish","type":"page","link":"https:\/\/www.aurigaspa.com\/es\/banca\/necesidades\/inteligencia-artificial-banca\/","title":{"rendered":"An\u00e1lisis de los datos bancarios"},"content":{"rendered":"<h2>La banca del futuro se centra en la inteligencia artificial<\/h2>\n<p>El impacto generalizado y significativo que est\u00e1 teniendo la tecnolog\u00eda digital en el sector bancario resulta ya indiscutible. Como ocurre en todos los sectores productivos, tambi\u00e9n el de las instituciones financieras tiene la necesidad de conciliar <strong>dos exigencias fundamentales<\/strong>: mantener una elevada tasa competitiva, incluso fuera de sus l\u00edmites geogr\u00e1ficos conocidos, y relacionarse con unos consumidores que solicitan servicios cada vez m\u00e1s sencillos y al mismo tiempo eficaces, sin fricciones, y cada vez m\u00e1s personalizados.<\/p>\n<p>La inteligencia artificial puede sin duda servir para tal fin: con un impacto silencioso aunque poderoso, es capaz de soportar y automatizar los procesos internos que afectan a los servicios prestados a los clientes, pues conf\u00eda en el <em>software<\/em> para realizar la parte autom\u00e1tica de las operaciones, lo que reduce los errores y acelera los resultados<\/p>\n<h2>\u00bfC\u00f3mo cambia la oferta de los servicios bancarios con la introducci\u00f3n de la IA?<\/h2>\n<p>Entre los procesos bancarios en los que se puede aplicar la inteligencia artificial se cuentan, evidentemente, aquellos que sirven para la<strong> mejora de la experiencia del usuario en todos los canales del banco<\/strong>.<\/p>\n<p>Pero no solo: los principales algoritmos de aprendizaje autom\u00e1tico tienen aplicaci\u00f3n en todos los \u00e1mbitos de <strong>previsi\u00f3n y an\u00e1lisis estrat\u00e9gico comercial<\/strong>, para los que la velocidad y precisi\u00f3n de las decisiones resultan fundamentales. Todo ello utilizando principalmente lo que se considera una fuente de rentabilidad a\u00fan poco explorada por las instituciones financieras: los datos.<\/p>\n<h2>La inteligencia artificial para personalizar la oferta y aumentar la fidelidad de los clientes<\/h2>\n<p>La IA puede tener un fuerte impacto en la relaci\u00f3n entre el banco y sus clientes, actuales y potenciales. Las interacciones con todos los puntos de contacto y cajeros autom\u00e1ticos del banco generan datos valiosos sobre clientes tanto potenciales como actuales, los cuales se pueden recopilar para profundizar en su satisfacci\u00f3n, comportamiento o riesgo de abandono, para luego dise\u00f1ar una <strong>experiencia del cliente a\u00fan m\u00e1s personalizada<\/strong>. Una herramienta de inteligencia artificial puede ayudar sistem\u00e1ticamente a la recopilaci\u00f3n, an\u00e1lisis y clasificaci\u00f3n de esos datos, as\u00ed como devolver otra serie de datos que puedan alimentar los sistemas de se\u00f1alizaci\u00f3n digital, la gesti\u00f3n de documentos en el mostrador, las solicitudes de citas con asesores espec\u00edficos y mucho m\u00e1s.<\/p>\n<p>Todos los puntos de contacto y los cajeros autom\u00e1ticos que participan en la experiencia del cliente est\u00e1n alineados para exponer mensajes de <em>marketing<\/em> y recomendaciones sobre productos y servicios, lo que hace que dicha experiencia sea integral y est\u00e9 enfocada en el cliente. Adem\u00e1s, los servicios de inteligencia artificial pueden contribuir a elaborar programas de fidelizaci\u00f3n personalizados, e <strong>idear nuevos servicios<\/strong> que se adapten adecuadamente a tipos espec\u00edficos de usuarios, de manera que se fomente la fidelidad de los clientes.<\/p>\n<h2>La inteligencia artificial para un an\u00e1lisis de los datos estrat\u00e9gico y evolucionado<\/h2>\n<p>Dada la gran cantidad de datos que tienen a su disposici\u00f3n las instituciones financieras, tanto en relaci\u00f3n con los servicios comerciales como por su forma de uso por parte de los clientes, se ha hecho fundamental tener herramientas de IA disponibles para el an\u00e1lisis de dichos datos.<\/p>\n<p>En este caso, el resultado de las operaciones basadas en algoritmos de <strong>miner\u00eda de datos<\/strong> y<strong> aprendizaje autom\u00e1tico<\/strong> es poder localizar correlaciones e identificar patrones reutilizables. Una de las funcionalidades del sistema basado en la IA es precisamente la de estudiar todos los datos de todas las transacciones bancarias y movimientos de flujos, en los canales minoristas activos, en todas las sucursales y en todos los puntos de contacto\/efectivo, para proporcionar resultados sobre tendencias, estacionalidad y rentabilidad de cada servicio, para as\u00ed poder identificar e implementar de la mejor forma posible estrategias de mercado espec\u00edficas.<\/p>\n<p>Un an\u00e1lisis de datos evolucionado, respaldado por la IA y utilizable a trav\u00e9s de la integraci\u00f3n nativa con las plataformas de inteligencia comercial, permite al banco desarrollar nuevos modelos de rendimiento y nuevos roles dentro de la cadena de valor.<\/p>\n<h2>La inteligencia artificial para el an\u00e1lisis predictivo y la gesti\u00f3n de riesgos<\/h2>\n<p>Una de las aplicaciones m\u00e1s naturales de las tecnolog\u00edas de inteligencia artificial es el an\u00e1lisis predictivo: se trata del proceso que utiliza los <strong>datos hist\u00f3ricos para proporcionar previsiones de escenarios futuros<\/strong> seg\u00fan ciertas condiciones. En el caso de los bancos, el an\u00e1lisis predictivo se puede aplicar a diversos procesos internos, entre los que se encuentran la gesti\u00f3n del ciclo de vida de los dispositivos f\u00edsicos y la cadena de gesti\u00f3n del efectivo. Las previsiones generadas por algoritmos espec\u00edficos de IA son fundamentales para optimizar la gesti\u00f3n de los riesgos operativos y garantizar mayores niveles de servicio y accesibilidad continua a los usuarios.<\/p>\n<p>Y si hablamos de estrategias de suministro, para el banco resulta fundamental tomar medidas para mantener el control e incluso<strong> reducir dr\u00e1sticamente los coste<\/strong>s: los de mantenimiento de los dispositivos, de manejo del dinero o, en general, los costes relacionados con aquellos tiempos y m\u00e9todos que no se encuentran en consonancia con los ritmos requeridos por el mercado.<\/p>\n<p>En el caso de la gesti\u00f3n de activos, la inteligencia artificial act\u00faa para identificar patrones y tendencias a los que se aplica un algoritmo de mantenimiento estimado capaz de obtener <strong>escenarios extremadamente precisos de futuras intervenciones<\/strong> en cada activo y del funcionamiento futuro del dispositivo.<\/p>\n<p>En el caso del proceso de manejo de efectivo, se parte de los datos de cada cajero autom\u00e1tico para elaborar un modelo predictivo capaz de <strong>prever los movimientos debidos a retiradas, dep\u00f3sitos y devoluciones<\/strong>, que luego se aplicar\u00e1 para mejorar el proceso de suministro de efectivo, de manera que resulte el m\u00e1s adecuado para cada sucursal o dispositivo.<\/p>\n<h2>IA &#8211; Los beneficios para los bancos<\/h2>\n<p>Los <strong>escenarios de aplicaci\u00f3n de las tecnolog\u00edas de inteligencia artificial<\/strong> son variados y no incluyen solo la introducci\u00f3n de sistemas, plataformas o algoritmos espec\u00edficos de aprendizaje autom\u00e1tico o aprendizaje profundo. Se trata sobre todo de la integraci\u00f3n y metabolizaci\u00f3n de estas nuevas herramientas dentro de las din\u00e1micas organizativas y la estructura tecnol\u00f3gica existentes, con el claro objetivo de marcar la diferencia.<\/p>\n<p>El m\u00f3dulo de IA, integrado con los sistemas propios, permite aprovechar al m\u00e1ximo los datos que ya est\u00e1n a disposici\u00f3n del banco para facilitar y acelerar las decisiones estrat\u00e9gicas y mejorar las inversiones.<\/p>\n<p>Al hacer uso de la inteligencia artificial, el banco podr\u00e1:<\/p>\n<ul>\n<li>Garantizar un enfoque centrado en el cliente a\u00fan m\u00e1s personalizado y que no excluya la relaci\u00f3n humana.<\/li>\n<li>Preservar las inversiones gracias a la integraci\u00f3n inmediata con la tecnolog\u00eda omnicanal<\/li>\n<li>Beneficiarse de una transformaci\u00f3n digital que involucra a todos los actores del sector bancario, desde la direcci\u00f3n hasta el cliente<\/li>\n<li>Generar cada vez m\u00e1s confianza en una marca que se renueva al poner sus miras en un enfoque inteligente, aunque sin dejar de lado la sencillez.<\/li>\n<\/ul>\n<h2>Inteligencia artificial en WinWebServer<\/h2>\n<p>Para saber m\u00e1s acerca de los <strong>m\u00f3dulos WWS<\/strong> que implementan algoritmos de IA:<\/p>\n<p style=\"text-align: left;\"> <a href=\"\" class=\"btn ds  \" target=\"\">WWS Customer Management<\/a>\n<p style=\"text-align: left;\"> <a href=\"\" class=\"btn ds  \" target=\"\">WWS Cash Management<\/a>\n<p style=\"text-align: left;\"> <a href=\"\" class=\"btn ds  \" target=\"\">WWS Business Analytics Management<\/a>\n<p style=\"text-align: left;\"> <a href=\"\" class=\"btn ds  \" target=\"\">WWS Asset Management<\/a>\n","protected":false},"excerpt":{"rendered":"<p>La banca del futuro se centra en la inteligencia artificial El impacto generalizado y significativo que est\u00e1 teniendo la tecnolog\u00eda digital en el sector bancario resulta ya indiscutible. Como ocurre en todos los sectores productivos, tambi\u00e9n el de las instituciones financieras tiene la necesidad de conciliar dos exigencias fundamentales: mantener una elevada tasa competitiva, incluso<\/p>\n","protected":false},"author":1,"featured_media":60013,"parent":32804,"menu_order":0,"comment_status":"closed","ping_status":"closed","template":"","meta":{"footnotes":""},"class_list":["post-52347","page","type-page","status-publish","has-post-thumbnail","hentry"],"yoast_head":"<!-- This site is optimized with the Yoast SEO Premium plugin v27.3 (Yoast SEO v27.3) - https:\/\/yoast.com\/product\/yoast-seo-premium-wordpress\/ -->\n<title>La Banca del Futuro se Centra en la Inteligencia Artificial<\/title>\n<meta name=\"description\" content=\"\u00bfC\u00f3mo Cambia la Oferta de los Servicios Bancarios con la Introducci\u00f3n de la IA? La Inteligencia Artificial para Personalizar la Oferta\" \/>\n<meta name=\"robots\" content=\"index, follow, max-snippet:-1, max-image-preview:large, max-video-preview:-1\" \/>\n<link rel=\"canonical\" href=\"https:\/\/www.aurigaspa.com\/es\/banca\/necesidades\/inteligencia-artificial-banca\/\" \/>\n<meta property=\"og:locale\" content=\"es_ES\" \/>\n<meta property=\"og:type\" content=\"article\" \/>\n<meta property=\"og:title\" content=\"La Banca del Futuro se Centra en la Inteligencia Artificial\" \/>\n<meta property=\"og:description\" content=\"\u00bfC\u00f3mo Cambia la Oferta de los Servicios Bancarios con la Introducci\u00f3n de la IA? La Inteligencia Artificial para Personalizar la Oferta\" \/>\n<meta property=\"og:url\" content=\"https:\/\/www.aurigaspa.com\/es\/banca\/necesidades\/inteligencia-artificial-banca\/\" \/>\n<meta property=\"og:site_name\" content=\"Auriga\" \/>\n<meta property=\"article:publisher\" content=\"https:\/\/www.facebook.com\/aurigaspa\" \/>\n<meta property=\"article:modified_time\" content=\"2025-11-11T14:32:48+00:00\" \/>\n<meta property=\"og:image\" content=\"https:\/\/www.aurigaspa.com\/wp-content\/uploads\/inteligencia-artificial.jpg\" \/>\n\t<meta property=\"og:image:width\" content=\"700\" \/>\n\t<meta property=\"og:image:height\" content=\"320\" \/>\n\t<meta property=\"og:image:type\" content=\"image\/jpeg\" \/>\n<meta name=\"twitter:card\" content=\"summary_large_image\" \/>\n<meta name=\"twitter:title\" content=\"La Banca del Futuro se Centra en la Inteligencia Artificial\" \/>\n<meta name=\"twitter:description\" content=\"\u00bfC\u00f3mo Cambia la Oferta de los Servicios Bancarios con la Introducci\u00f3n de la IA? La Inteligencia Artificial para Personalizar la Oferta\" \/>\n<meta name=\"twitter:image\" content=\"https:\/\/www.aurigaspa.com\/wp-content\/uploads\/inteligencia-artificial.jpg\" \/>\n<meta name=\"twitter:label1\" content=\"Tiempo de lectura\" \/>\n\t<meta name=\"twitter:data1\" content=\"6 minutos\" \/>\n<script type=\"application\/ld+json\" class=\"yoast-schema-graph\">{\"@context\":\"https:\\\/\\\/schema.org\",\"@graph\":[{\"@type\":\"WebPage\",\"@id\":\"https:\\\/\\\/www.aurigaspa.com\\\/es\\\/banca\\\/necesidades\\\/inteligencia-artificial-banca\\\/\",\"url\":\"https:\\\/\\\/www.aurigaspa.com\\\/es\\\/banca\\\/necesidades\\\/inteligencia-artificial-banca\\\/\",\"name\":\"La Banca del Futuro se Centra en la Inteligencia Artificial\",\"isPartOf\":{\"@id\":\"https:\\\/\\\/www.aurigaspa.com\\\/es\\\/#website\"},\"primaryImageOfPage\":{\"@id\":\"https:\\\/\\\/www.aurigaspa.com\\\/es\\\/banca\\\/necesidades\\\/inteligencia-artificial-banca\\\/#primaryimage\"},\"image\":{\"@id\":\"https:\\\/\\\/www.aurigaspa.com\\\/es\\\/banca\\\/necesidades\\\/inteligencia-artificial-banca\\\/#primaryimage\"},\"thumbnailUrl\":\"https:\\\/\\\/www.aurigaspa.com\\\/wp-content\\\/uploads\\\/inteligencia-artificial.jpg\",\"datePublished\":\"2019-09-24T06:56:04+00:00\",\"dateModified\":\"2025-11-11T14:32:48+00:00\",\"description\":\"\u00bfC\u00f3mo Cambia la Oferta de los Servicios Bancarios con la Introducci\u00f3n de la IA? La Inteligencia Artificial para Personalizar la Oferta\",\"breadcrumb\":{\"@id\":\"https:\\\/\\\/www.aurigaspa.com\\\/es\\\/banca\\\/necesidades\\\/inteligencia-artificial-banca\\\/#breadcrumb\"},\"inLanguage\":\"es\",\"potentialAction\":[{\"@type\":\"ReadAction\",\"target\":[\"https:\\\/\\\/www.aurigaspa.com\\\/es\\\/banca\\\/necesidades\\\/inteligencia-artificial-banca\\\/\"]}]},{\"@type\":\"ImageObject\",\"inLanguage\":\"es\",\"@id\":\"https:\\\/\\\/www.aurigaspa.com\\\/es\\\/banca\\\/necesidades\\\/inteligencia-artificial-banca\\\/#primaryimage\",\"url\":\"https:\\\/\\\/www.aurigaspa.com\\\/wp-content\\\/uploads\\\/inteligencia-artificial.jpg\",\"contentUrl\":\"https:\\\/\\\/www.aurigaspa.com\\\/wp-content\\\/uploads\\\/inteligencia-artificial.jpg\",\"width\":700,\"height\":320,\"caption\":\"inteligencia artificial\"},{\"@type\":\"BreadcrumbList\",\"@id\":\"https:\\\/\\\/www.aurigaspa.com\\\/es\\\/banca\\\/necesidades\\\/inteligencia-artificial-banca\\\/#breadcrumb\",\"itemListElement\":[{\"@type\":\"ListItem\",\"position\":1,\"name\":\"Home\",\"item\":\"https:\\\/\\\/www.aurigaspa.com\\\/es\\\/\"},{\"@type\":\"ListItem\",\"position\":2,\"name\":\"Banca\",\"item\":\"https:\\\/\\\/www.aurigaspa.com\\\/es\\\/banca\\\/\"},{\"@type\":\"ListItem\",\"position\":3,\"name\":\"Necesidades\",\"item\":\"https:\\\/\\\/www.aurigaspa.com\\\/es\\\/banca\\\/necesidades\\\/\"},{\"@type\":\"ListItem\",\"position\":4,\"name\":\"An\u00e1lisis de los datos bancarios\"}]},{\"@type\":\"WebSite\",\"@id\":\"https:\\\/\\\/www.aurigaspa.com\\\/es\\\/#website\",\"url\":\"https:\\\/\\\/www.aurigaspa.com\\\/es\\\/\",\"name\":\"Auriga\",\"description\":\"The banking evolution\",\"publisher\":{\"@id\":\"https:\\\/\\\/www.aurigaspa.com\\\/es\\\/#organization\"},\"potentialAction\":[{\"@type\":\"SearchAction\",\"target\":{\"@type\":\"EntryPoint\",\"urlTemplate\":\"https:\\\/\\\/www.aurigaspa.com\\\/es\\\/?s={search_term_string}\"},\"query-input\":{\"@type\":\"PropertyValueSpecification\",\"valueRequired\":true,\"valueName\":\"search_term_string\"}}],\"inLanguage\":\"es\"},{\"@type\":\"Organization\",\"@id\":\"https:\\\/\\\/www.aurigaspa.com\\\/es\\\/#organization\",\"name\":\"Auriga\",\"url\":\"https:\\\/\\\/www.aurigaspa.com\\\/es\\\/\",\"logo\":{\"@type\":\"ImageObject\",\"inLanguage\":\"es\",\"@id\":\"https:\\\/\\\/www.aurigaspa.com\\\/es\\\/#\\\/schema\\\/logo\\\/image\\\/\",\"url\":\"https:\\\/\\\/www.aurigaspa.com\\\/wp-content\\\/uploads\\\/marchio_auriga_nopayoff_web.png\",\"contentUrl\":\"https:\\\/\\\/www.aurigaspa.com\\\/wp-content\\\/uploads\\\/marchio_auriga_nopayoff_web.png\",\"width\":660,\"height\":360,\"caption\":\"Auriga\"},\"image\":{\"@id\":\"https:\\\/\\\/www.aurigaspa.com\\\/es\\\/#\\\/schema\\\/logo\\\/image\\\/\"},\"sameAs\":[\"https:\\\/\\\/www.facebook.com\\\/aurigaspa\",\"https:\\\/\\\/www.instagram.com\\\/auriga_the_banking_evolution\\\/\",\"https:\\\/\\\/www.linkedin.com\\\/company\\\/auriga-spa\",\"https:\\\/\\\/www.youtube.com\\\/user\\\/aurigaspacom\"]}]}<\/script>\n<!-- \/ Yoast SEO Premium plugin. -->","yoast_head_json":{"title":"La Banca del Futuro se Centra en la Inteligencia Artificial","description":"\u00bfC\u00f3mo Cambia la Oferta de los Servicios Bancarios con la Introducci\u00f3n de la IA? La Inteligencia Artificial para Personalizar la Oferta","robots":{"index":"index","follow":"follow","max-snippet":"max-snippet:-1","max-image-preview":"max-image-preview:large","max-video-preview":"max-video-preview:-1"},"canonical":"https:\/\/www.aurigaspa.com\/es\/banca\/necesidades\/inteligencia-artificial-banca\/","og_locale":"es_ES","og_type":"article","og_title":"La Banca del Futuro se Centra en la Inteligencia Artificial","og_description":"\u00bfC\u00f3mo Cambia la Oferta de los Servicios Bancarios con la Introducci\u00f3n de la IA? La Inteligencia Artificial para Personalizar la Oferta","og_url":"https:\/\/www.aurigaspa.com\/es\/banca\/necesidades\/inteligencia-artificial-banca\/","og_site_name":"Auriga","article_publisher":"https:\/\/www.facebook.com\/aurigaspa","article_modified_time":"2025-11-11T14:32:48+00:00","og_image":[{"width":700,"height":320,"url":"https:\/\/www.aurigaspa.com\/wp-content\/uploads\/inteligencia-artificial.jpg","type":"image\/jpeg"}],"twitter_card":"summary_large_image","twitter_title":"La Banca del Futuro se Centra en la Inteligencia Artificial","twitter_description":"\u00bfC\u00f3mo Cambia la Oferta de los Servicios Bancarios con la Introducci\u00f3n de la IA? La Inteligencia Artificial para Personalizar la Oferta","twitter_image":"https:\/\/www.aurigaspa.com\/wp-content\/uploads\/inteligencia-artificial.jpg","twitter_misc":{"Tiempo de lectura":"6 minutos"},"schema":{"@context":"https:\/\/schema.org","@graph":[{"@type":"WebPage","@id":"https:\/\/www.aurigaspa.com\/es\/banca\/necesidades\/inteligencia-artificial-banca\/","url":"https:\/\/www.aurigaspa.com\/es\/banca\/necesidades\/inteligencia-artificial-banca\/","name":"La Banca del Futuro se Centra en la Inteligencia Artificial","isPartOf":{"@id":"https:\/\/www.aurigaspa.com\/es\/#website"},"primaryImageOfPage":{"@id":"https:\/\/www.aurigaspa.com\/es\/banca\/necesidades\/inteligencia-artificial-banca\/#primaryimage"},"image":{"@id":"https:\/\/www.aurigaspa.com\/es\/banca\/necesidades\/inteligencia-artificial-banca\/#primaryimage"},"thumbnailUrl":"https:\/\/www.aurigaspa.com\/wp-content\/uploads\/inteligencia-artificial.jpg","datePublished":"2019-09-24T06:56:04+00:00","dateModified":"2025-11-11T14:32:48+00:00","description":"\u00bfC\u00f3mo Cambia la Oferta de los Servicios Bancarios con la Introducci\u00f3n de la IA? La Inteligencia Artificial para Personalizar la Oferta","breadcrumb":{"@id":"https:\/\/www.aurigaspa.com\/es\/banca\/necesidades\/inteligencia-artificial-banca\/#breadcrumb"},"inLanguage":"es","potentialAction":[{"@type":"ReadAction","target":["https:\/\/www.aurigaspa.com\/es\/banca\/necesidades\/inteligencia-artificial-banca\/"]}]},{"@type":"ImageObject","inLanguage":"es","@id":"https:\/\/www.aurigaspa.com\/es\/banca\/necesidades\/inteligencia-artificial-banca\/#primaryimage","url":"https:\/\/www.aurigaspa.com\/wp-content\/uploads\/inteligencia-artificial.jpg","contentUrl":"https:\/\/www.aurigaspa.com\/wp-content\/uploads\/inteligencia-artificial.jpg","width":700,"height":320,"caption":"inteligencia artificial"},{"@type":"BreadcrumbList","@id":"https:\/\/www.aurigaspa.com\/es\/banca\/necesidades\/inteligencia-artificial-banca\/#breadcrumb","itemListElement":[{"@type":"ListItem","position":1,"name":"Home","item":"https:\/\/www.aurigaspa.com\/es\/"},{"@type":"ListItem","position":2,"name":"Banca","item":"https:\/\/www.aurigaspa.com\/es\/banca\/"},{"@type":"ListItem","position":3,"name":"Necesidades","item":"https:\/\/www.aurigaspa.com\/es\/banca\/necesidades\/"},{"@type":"ListItem","position":4,"name":"An\u00e1lisis de los datos bancarios"}]},{"@type":"WebSite","@id":"https:\/\/www.aurigaspa.com\/es\/#website","url":"https:\/\/www.aurigaspa.com\/es\/","name":"Auriga","description":"The banking evolution","publisher":{"@id":"https:\/\/www.aurigaspa.com\/es\/#organization"},"potentialAction":[{"@type":"SearchAction","target":{"@type":"EntryPoint","urlTemplate":"https:\/\/www.aurigaspa.com\/es\/?s={search_term_string}"},"query-input":{"@type":"PropertyValueSpecification","valueRequired":true,"valueName":"search_term_string"}}],"inLanguage":"es"},{"@type":"Organization","@id":"https:\/\/www.aurigaspa.com\/es\/#organization","name":"Auriga","url":"https:\/\/www.aurigaspa.com\/es\/","logo":{"@type":"ImageObject","inLanguage":"es","@id":"https:\/\/www.aurigaspa.com\/es\/#\/schema\/logo\/image\/","url":"https:\/\/www.aurigaspa.com\/wp-content\/uploads\/marchio_auriga_nopayoff_web.png","contentUrl":"https:\/\/www.aurigaspa.com\/wp-content\/uploads\/marchio_auriga_nopayoff_web.png","width":660,"height":360,"caption":"Auriga"},"image":{"@id":"https:\/\/www.aurigaspa.com\/es\/#\/schema\/logo\/image\/"},"sameAs":["https:\/\/www.facebook.com\/aurigaspa","https:\/\/www.instagram.com\/auriga_the_banking_evolution\/","https:\/\/www.linkedin.com\/company\/auriga-spa","https:\/\/www.youtube.com\/user\/aurigaspacom"]}]}},"_links":{"self":[{"href":"https:\/\/www.aurigaspa.com\/es\/wp-json\/wp\/v2\/pages\/52347","targetHints":{"allow":["GET"]}}],"collection":[{"href":"https:\/\/www.aurigaspa.com\/es\/wp-json\/wp\/v2\/pages"}],"about":[{"href":"https:\/\/www.aurigaspa.com\/es\/wp-json\/wp\/v2\/types\/page"}],"author":[{"embeddable":true,"href":"https:\/\/www.aurigaspa.com\/es\/wp-json\/wp\/v2\/users\/1"}],"replies":[{"embeddable":true,"href":"https:\/\/www.aurigaspa.com\/es\/wp-json\/wp\/v2\/comments?post=52347"}],"version-history":[{"count":5,"href":"https:\/\/www.aurigaspa.com\/es\/wp-json\/wp\/v2\/pages\/52347\/revisions"}],"predecessor-version":[{"id":77790,"href":"https:\/\/www.aurigaspa.com\/es\/wp-json\/wp\/v2\/pages\/52347\/revisions\/77790"}],"up":[{"embeddable":true,"href":"https:\/\/www.aurigaspa.com\/es\/wp-json\/wp\/v2\/pages\/32804"}],"wp:featuredmedia":[{"embeddable":true,"href":"https:\/\/www.aurigaspa.com\/es\/wp-json\/wp\/v2\/media\/60013"}],"wp:attachment":[{"href":"https:\/\/www.aurigaspa.com\/es\/wp-json\/wp\/v2\/media?parent=52347"}],"curies":[{"name":"wp","href":"https:\/\/api.w.org\/{rel}","templated":true}]}}