{"id":44537,"date":"2019-05-30T10:11:19","date_gmt":"2019-05-30T09:11:19","guid":{"rendered":"https:\/\/www.aurigaspa.com\/?page_id=44537"},"modified":"2025-11-12T17:27:01","modified_gmt":"2025-11-12T16:27:01","slug":"wws-business-analytics-management","status":"publish","type":"page","link":"https:\/\/www.aurigaspa.com\/es\/banca\/productos-y-soluciones\/analisis-de-negocio\/wws-business-analytics-management\/","title":{"rendered":"WWS Business Analytics Management"},"content":{"rendered":"<h2>Una herramienta clave para facilitar y acelerar las decisiones estrat\u00e9gicas<\/h2>\n<p>Los bancos tienen una creciente necesidad de software para hacer un uso completo de la gran cantidad de datos que recopilan sobre los servicios que ofrecen y sobre c\u00f3mo los utilizan los clientes.<\/p>\n<p>El software debe poder extrapolar y procesar datos \u00fatiles en tiempo real, para identificar correlaciones y determinar tendencias.<\/p>\n<p>Tambi\u00e9n debe crear informes y representaciones gr\u00e1ficas de estos an\u00e1lisis multidimensionales, que pueden ser utilizados por los responsables de la toma de decisiones del banco.<\/p>\n<p>Por lo tanto, todos los servicios prestados en los canales minoristas activos del banco pueden analizarse para dise\u00f1ar e implementar estrategias de mercado espec\u00edficas, por ejemplo, para ofrecer servicios personalizados de valor agregado para una experiencia \u00f3ptima del cliente.<\/p>\n<p>Para que los bancos aprovechen mejor su riqueza de datos y obtengan una visi\u00f3n integral y profunda de la informaci\u00f3n de valor estrat\u00e9gico para la toma de decisiones, Auriga ha desarrollado WWS BAM (Business Analytics Management).<\/p>\n<p>WWS BAM es una soluci\u00f3n de an\u00e1lisis de datos que extrae, recopila, analiza y representa gr\u00e1ficamente los macrodatos bancarios, permitiendo a los responsables de la toma de decisiones crear f\u00e1cilmente m\u00faltiples niveles de an\u00e1lisis utilizando una interfaz muy intuitiva y f\u00e1cil de usar.<\/p>\n<p>Ofrece una visi\u00f3n general de los datos provenientes de todos los canales, transform\u00e1ndolos en informaci\u00f3n valiosa para decisiones gerenciales informadas.<\/p>\n<h2>C\u00f3mo funciona WWS Business Analytics Management<\/h2>\n<p>La arquitectura l\u00f3gica de WWS BAM tiene tres niveles:<br \/>\n[inline_list]\n<ol>\n<li>Extracci\u00f3n y recopilaci\u00f3n de datos de todos los puntos de contacto con el cliente, de acuerdo con criterios predefinidos<\/li>\n<li>Gesti\u00f3n de l\u00f3gica comercial y an\u00e1lisis de datos<\/li>\n<li>Representaci\u00f3n gr\u00e1fica de los resultados<\/li>\n<\/ol>\n[\/inline_list]\n<h2>Beneficios de WWS BAM<\/h2>\n[inline_list]\n<ul>\n<li>Analiza y optimiza la rentabilidad de cada servicio y canal bancario<\/li>\n<li>Costo reducido de transacciones que fallaron<\/li>\n<li>Mayor orientaci\u00f3n al servicio<\/li>\n<li>Los an\u00e1lisis de negocios de mayor rapidez ayudan a dise\u00f1ar estrategias informadas y espec\u00edficas<\/li>\n<li>El conocimiento mejorado de las elecciones de los clientes produce ventajas competitivas a largo plazo<\/li>\n<\/ul>\n[\/inline_list]\n<p>&nbsp;<\/p>\n <a href=\"\" class=\"btn ds  \" target=\"\">Descarga los folletos<\/a>\n","protected":false},"excerpt":{"rendered":"<p>Una herramienta clave para facilitar y acelerar las decisiones estrat\u00e9gicas Los bancos tienen una creciente necesidad de software para hacer un uso completo de la gran cantidad de datos que recopilan sobre los servicios que ofrecen y sobre c\u00f3mo los utilizan los clientes. El software debe poder extrapolar y procesar datos \u00fatiles en tiempo real,<\/p>\n","protected":false},"author":1,"featured_media":0,"parent":33003,"menu_order":1,"comment_status":"closed","ping_status":"closed","template":"","meta":{"footnotes":""},"class_list":["post-44537","page","type-page","status-publish","hentry"],"yoast_head":"<!-- This site is optimized with the Yoast SEO Premium plugin v27.5 (Yoast SEO v27.5) - https:\/\/yoast.com\/product\/yoast-seo-premium-wordpress\/ -->\n<title>WWS Business Analytics Management: C\u00f3mo funciona y Beneficios<\/title>\n<meta name=\"description\" content=\"WWS Business Analytics Management es una Soluci\u00f3n de An\u00e1lisis de Datos que Extrae, Recopila, Analiza y Representa Gr\u00e1ficamente los Macrodatos Bancarios\" \/>\n<meta name=\"robots\" content=\"index, follow, max-snippet:-1, max-image-preview:large, max-video-preview:-1\" \/>\n<link rel=\"canonical\" href=\"https:\/\/www.aurigaspa.com\/es\/banca\/productos-y-soluciones\/analisis-de-negocio\/wws-business-analytics-management\/\" \/>\n<meta property=\"og:locale\" content=\"es_ES\" \/>\n<meta property=\"og:type\" content=\"article\" \/>\n<meta property=\"og:title\" content=\"WWS Business Analytics Management: C\u00f3mo funciona y Beneficios\" \/>\n<meta property=\"og:description\" content=\"WWS Business Analytics Management es una Soluci\u00f3n de An\u00e1lisis de Datos que Extrae, Recopila, Analiza y Representa Gr\u00e1ficamente los Macrodatos Bancarios\" \/>\n<meta property=\"og:url\" content=\"https:\/\/www.aurigaspa.com\/es\/banca\/productos-y-soluciones\/analisis-de-negocio\/wws-business-analytics-management\/\" \/>\n<meta property=\"og:site_name\" content=\"Auriga\" \/>\n<meta property=\"article:publisher\" content=\"https:\/\/www.facebook.com\/aurigaspa\" \/>\n<meta property=\"article:modified_time\" content=\"2025-11-12T16:27:01+00:00\" \/>\n<meta name=\"twitter:card\" content=\"summary_large_image\" \/>\n<meta name=\"twitter:title\" content=\"WWS Business Analytics Management: C\u00f3mo funciona y Beneficios\" \/>\n<meta name=\"twitter:description\" content=\"WWS Business Analytics Management es una Soluci\u00f3n de An\u00e1lisis de Datos que Extrae, Recopila, Analiza y Representa Gr\u00e1ficamente los Macrodatos Bancarios\" \/>\n<meta name=\"twitter:label1\" content=\"Tiempo de lectura\" \/>\n\t<meta name=\"twitter:data1\" content=\"2 minutos\" \/>\n<script type=\"application\/ld+json\" class=\"yoast-schema-graph\">{\"@context\":\"https:\\\/\\\/schema.org\",\"@graph\":[{\"@type\":\"WebPage\",\"@id\":\"https:\\\/\\\/www.aurigaspa.com\\\/es\\\/banca\\\/productos-y-soluciones\\\/analisis-de-negocio\\\/wws-business-analytics-management\\\/\",\"url\":\"https:\\\/\\\/www.aurigaspa.com\\\/es\\\/banca\\\/productos-y-soluciones\\\/analisis-de-negocio\\\/wws-business-analytics-management\\\/\",\"name\":\"WWS Business Analytics Management: C\u00f3mo funciona y Beneficios\",\"isPartOf\":{\"@id\":\"https:\\\/\\\/www.aurigaspa.com\\\/es\\\/#website\"},\"datePublished\":\"2019-05-30T09:11:19+00:00\",\"dateModified\":\"2025-11-12T16:27:01+00:00\",\"description\":\"WWS Business Analytics Management es una Soluci\u00f3n de An\u00e1lisis de Datos que Extrae, Recopila, Analiza y Representa Gr\u00e1ficamente los Macrodatos Bancarios\",\"breadcrumb\":{\"@id\":\"https:\\\/\\\/www.aurigaspa.com\\\/es\\\/banca\\\/productos-y-soluciones\\\/analisis-de-negocio\\\/wws-business-analytics-management\\\/#breadcrumb\"},\"inLanguage\":\"es\",\"potentialAction\":[{\"@type\":\"ReadAction\",\"target\":[\"https:\\\/\\\/www.aurigaspa.com\\\/es\\\/banca\\\/productos-y-soluciones\\\/analisis-de-negocio\\\/wws-business-analytics-management\\\/\"]}]},{\"@type\":\"BreadcrumbList\",\"@id\":\"https:\\\/\\\/www.aurigaspa.com\\\/es\\\/banca\\\/productos-y-soluciones\\\/analisis-de-negocio\\\/wws-business-analytics-management\\\/#breadcrumb\",\"itemListElement\":[{\"@type\":\"ListItem\",\"position\":1,\"name\":\"Home\",\"item\":\"https:\\\/\\\/www.aurigaspa.com\\\/es\\\/\"},{\"@type\":\"ListItem\",\"position\":2,\"name\":\"Banca\",\"item\":\"https:\\\/\\\/www.aurigaspa.com\\\/es\\\/banking\\\/\"},{\"@type\":\"ListItem\",\"position\":3,\"name\":\"Productos y soluciones\",\"item\":\"https:\\\/\\\/www.aurigaspa.com\\\/es\\\/banking\\\/soluzioni-e-prodotti\\\/\"},{\"@type\":\"ListItem\",\"position\":4,\"name\":\"An\u00e1lisis de negocio\",\"item\":\"https:\\\/\\\/www.aurigaspa.com\\\/es\\\/banking\\\/soluzioni-e-prodotti\\\/business-analytics\\\/\"},{\"@type\":\"ListItem\",\"position\":5,\"name\":\"WWS Business Analytics Management\"}]},{\"@type\":\"WebSite\",\"@id\":\"https:\\\/\\\/www.aurigaspa.com\\\/es\\\/#website\",\"url\":\"https:\\\/\\\/www.aurigaspa.com\\\/es\\\/\",\"name\":\"Auriga\",\"description\":\"The banking evolution\",\"publisher\":{\"@id\":\"https:\\\/\\\/www.aurigaspa.com\\\/es\\\/#organization\"},\"potentialAction\":[{\"@type\":\"SearchAction\",\"target\":{\"@type\":\"EntryPoint\",\"urlTemplate\":\"https:\\\/\\\/www.aurigaspa.com\\\/es\\\/?s={search_term_string}\"},\"query-input\":{\"@type\":\"PropertyValueSpecification\",\"valueRequired\":true,\"valueName\":\"search_term_string\"}}],\"inLanguage\":\"es\"},{\"@type\":\"Organization\",\"@id\":\"https:\\\/\\\/www.aurigaspa.com\\\/es\\\/#organization\",\"name\":\"Auriga\",\"url\":\"https:\\\/\\\/www.aurigaspa.com\\\/es\\\/\",\"logo\":{\"@type\":\"ImageObject\",\"inLanguage\":\"es\",\"@id\":\"https:\\\/\\\/www.aurigaspa.com\\\/es\\\/#\\\/schema\\\/logo\\\/image\\\/\",\"url\":\"https:\\\/\\\/www.aurigaspa.com\\\/wp-content\\\/uploads\\\/marchio_auriga_nopayoff_web.png\",\"contentUrl\":\"https:\\\/\\\/www.aurigaspa.com\\\/wp-content\\\/uploads\\\/marchio_auriga_nopayoff_web.png\",\"width\":660,\"height\":360,\"caption\":\"Auriga\"},\"image\":{\"@id\":\"https:\\\/\\\/www.aurigaspa.com\\\/es\\\/#\\\/schema\\\/logo\\\/image\\\/\"},\"sameAs\":[\"https:\\\/\\\/www.facebook.com\\\/aurigaspa\",\"https:\\\/\\\/www.instagram.com\\\/auriga_the_banking_evolution\\\/\",\"https:\\\/\\\/www.linkedin.com\\\/company\\\/auriga-spa\",\"https:\\\/\\\/www.youtube.com\\\/user\\\/aurigaspacom\"]}]}<\/script>\n<!-- \/ Yoast SEO Premium plugin. -->","yoast_head_json":{"title":"WWS Business Analytics Management: C\u00f3mo funciona y Beneficios","description":"WWS Business Analytics Management es una Soluci\u00f3n de An\u00e1lisis de Datos que Extrae, Recopila, Analiza y Representa Gr\u00e1ficamente los Macrodatos Bancarios","robots":{"index":"index","follow":"follow","max-snippet":"max-snippet:-1","max-image-preview":"max-image-preview:large","max-video-preview":"max-video-preview:-1"},"canonical":"https:\/\/www.aurigaspa.com\/es\/banca\/productos-y-soluciones\/analisis-de-negocio\/wws-business-analytics-management\/","og_locale":"es_ES","og_type":"article","og_title":"WWS Business Analytics Management: C\u00f3mo funciona y Beneficios","og_description":"WWS Business Analytics Management es una Soluci\u00f3n de An\u00e1lisis de Datos que Extrae, Recopila, Analiza y Representa Gr\u00e1ficamente los Macrodatos Bancarios","og_url":"https:\/\/www.aurigaspa.com\/es\/banca\/productos-y-soluciones\/analisis-de-negocio\/wws-business-analytics-management\/","og_site_name":"Auriga","article_publisher":"https:\/\/www.facebook.com\/aurigaspa","article_modified_time":"2025-11-12T16:27:01+00:00","twitter_card":"summary_large_image","twitter_title":"WWS Business Analytics Management: C\u00f3mo funciona y Beneficios","twitter_description":"WWS Business Analytics Management es una Soluci\u00f3n de An\u00e1lisis de Datos que Extrae, Recopila, Analiza y Representa Gr\u00e1ficamente los Macrodatos Bancarios","twitter_misc":{"Tiempo de lectura":"2 minutos"},"schema":{"@context":"https:\/\/schema.org","@graph":[{"@type":"WebPage","@id":"https:\/\/www.aurigaspa.com\/es\/banca\/productos-y-soluciones\/analisis-de-negocio\/wws-business-analytics-management\/","url":"https:\/\/www.aurigaspa.com\/es\/banca\/productos-y-soluciones\/analisis-de-negocio\/wws-business-analytics-management\/","name":"WWS Business Analytics Management: C\u00f3mo funciona y Beneficios","isPartOf":{"@id":"https:\/\/www.aurigaspa.com\/es\/#website"},"datePublished":"2019-05-30T09:11:19+00:00","dateModified":"2025-11-12T16:27:01+00:00","description":"WWS Business Analytics Management es una Soluci\u00f3n de An\u00e1lisis de Datos que Extrae, Recopila, Analiza y Representa Gr\u00e1ficamente los Macrodatos Bancarios","breadcrumb":{"@id":"https:\/\/www.aurigaspa.com\/es\/banca\/productos-y-soluciones\/analisis-de-negocio\/wws-business-analytics-management\/#breadcrumb"},"inLanguage":"es","potentialAction":[{"@type":"ReadAction","target":["https:\/\/www.aurigaspa.com\/es\/banca\/productos-y-soluciones\/analisis-de-negocio\/wws-business-analytics-management\/"]}]},{"@type":"BreadcrumbList","@id":"https:\/\/www.aurigaspa.com\/es\/banca\/productos-y-soluciones\/analisis-de-negocio\/wws-business-analytics-management\/#breadcrumb","itemListElement":[{"@type":"ListItem","position":1,"name":"Home","item":"https:\/\/www.aurigaspa.com\/es\/"},{"@type":"ListItem","position":2,"name":"Banca","item":"https:\/\/www.aurigaspa.com\/es\/banking\/"},{"@type":"ListItem","position":3,"name":"Productos y soluciones","item":"https:\/\/www.aurigaspa.com\/es\/banking\/soluzioni-e-prodotti\/"},{"@type":"ListItem","position":4,"name":"An\u00e1lisis de negocio","item":"https:\/\/www.aurigaspa.com\/es\/banking\/soluzioni-e-prodotti\/business-analytics\/"},{"@type":"ListItem","position":5,"name":"WWS Business Analytics Management"}]},{"@type":"WebSite","@id":"https:\/\/www.aurigaspa.com\/es\/#website","url":"https:\/\/www.aurigaspa.com\/es\/","name":"Auriga","description":"The banking evolution","publisher":{"@id":"https:\/\/www.aurigaspa.com\/es\/#organization"},"potentialAction":[{"@type":"SearchAction","target":{"@type":"EntryPoint","urlTemplate":"https:\/\/www.aurigaspa.com\/es\/?s={search_term_string}"},"query-input":{"@type":"PropertyValueSpecification","valueRequired":true,"valueName":"search_term_string"}}],"inLanguage":"es"},{"@type":"Organization","@id":"https:\/\/www.aurigaspa.com\/es\/#organization","name":"Auriga","url":"https:\/\/www.aurigaspa.com\/es\/","logo":{"@type":"ImageObject","inLanguage":"es","@id":"https:\/\/www.aurigaspa.com\/es\/#\/schema\/logo\/image\/","url":"https:\/\/www.aurigaspa.com\/wp-content\/uploads\/marchio_auriga_nopayoff_web.png","contentUrl":"https:\/\/www.aurigaspa.com\/wp-content\/uploads\/marchio_auriga_nopayoff_web.png","width":660,"height":360,"caption":"Auriga"},"image":{"@id":"https:\/\/www.aurigaspa.com\/es\/#\/schema\/logo\/image\/"},"sameAs":["https:\/\/www.facebook.com\/aurigaspa","https:\/\/www.instagram.com\/auriga_the_banking_evolution\/","https:\/\/www.linkedin.com\/company\/auriga-spa","https:\/\/www.youtube.com\/user\/aurigaspacom"]}]}},"_links":{"self":[{"href":"https:\/\/www.aurigaspa.com\/es\/wp-json\/wp\/v2\/pages\/44537","targetHints":{"allow":["GET"]}}],"collection":[{"href":"https:\/\/www.aurigaspa.com\/es\/wp-json\/wp\/v2\/pages"}],"about":[{"href":"https:\/\/www.aurigaspa.com\/es\/wp-json\/wp\/v2\/types\/page"}],"author":[{"embeddable":true,"href":"https:\/\/www.aurigaspa.com\/es\/wp-json\/wp\/v2\/users\/1"}],"replies":[{"embeddable":true,"href":"https:\/\/www.aurigaspa.com\/es\/wp-json\/wp\/v2\/comments?post=44537"}],"version-history":[{"count":5,"href":"https:\/\/www.aurigaspa.com\/es\/wp-json\/wp\/v2\/pages\/44537\/revisions"}],"predecessor-version":[{"id":77858,"href":"https:\/\/www.aurigaspa.com\/es\/wp-json\/wp\/v2\/pages\/44537\/revisions\/77858"}],"up":[{"embeddable":true,"href":"https:\/\/www.aurigaspa.com\/es\/wp-json\/wp\/v2\/pages\/33003"}],"wp:attachment":[{"href":"https:\/\/www.aurigaspa.com\/es\/wp-json\/wp\/v2\/media?parent=44537"}],"curies":[{"name":"wp","href":"https:\/\/api.w.org\/{rel}","templated":true}]}}