{"id":33234,"date":"2018-05-28T10:04:24","date_gmt":"2018-05-28T08:04:24","guid":{"rendered":"https:\/\/www.aurigaspa.com\/banca\/productos-y-soluciones\/analisis-de-negocio\/wws-asset-management\/"},"modified":"2025-11-12T17:28:24","modified_gmt":"2025-11-12T16:28:24","slug":"wws-asset-management","status":"publish","type":"page","link":"https:\/\/www.aurigaspa.com\/es\/banca\/productos-y-soluciones\/analisis-de-negocio\/wws-asset-management\/","title":{"rendered":"WWS Asset Management"},"content":{"rendered":"<h2>La soluci\u00f3n que gestiona y monitoriza todo el ciclo de vida de los activos de un banco: desde su activaci\u00f3n hasta su mantenimiento predictivo continuo<\/h2>\n<p>La red de distribuci\u00f3n de un banco puede ser muy amplia y la cantidad de datos gestionados va aumentando a medida que aumenta el n\u00famero de equipos.<\/p>\n<p>Para hacer frente a ello, los bancos necesitan una gesti\u00f3n integral y un servicio \u00f3ptimo de mantenimiento de estos equipos con el fin de reducir los gastos de mantenimiento y ofrecer mejores servicios garantizando el acceso ininterrumpido de los usuarios.<\/p>\n<p>Para satisfacer esta necesidad y efectuar un an\u00e1lisis profundo de rendimiento de los equipos orientados a clientes (como p. ej. cajeros autom\u00e1ticos, ASD, quioscos, monitores de se\u00f1alizaci\u00f3n digital y PDU), Auriga ha desarrollado su sistema de gesti\u00f3n de activos WWS, un m\u00f3dulo de aplicaci\u00f3n de la plataforma WinWebServer.<\/p>\n<p>WWS Asset Management permite a los bancos supervisar, monitorizar y analizar todos los equipos de su red.<\/p>\n<p>Centralizar y compartir datos es esencial para mantener un control constante de las etapas del ciclo de vida de un activo.<\/p>\n<p>Para ello, WWS Asset Management recopila datos clave como p. ej. sobre la ubicaci\u00f3n, el estatus, las caracter\u00edsticas del hardware y el software (software XFS, software personalizado), los perif\u00e9ricos conectados y la relaci\u00f3n jer\u00e1rquica entre los distintos equipos con el fin de crear un inventario exhaustivo de los activos en red.<\/p>\n<p>Con estos datos, WWS Asset Management puede analizar inmediata y exhaustivamente los equipos y sus funciones.<\/p>\n<p>As\u00ed, estos datos pueden utilizarse para planificar el mantenimiento de forma eficaz y eficiente y, con ello, evitar que tengan que efectuarse servicios de mantenimiento no previstos y que se mantengan en funcionamiento equipos obsoletos.<\/p>\n<h2>C\u00f3mo funciona<\/h2>\n<p>WWS Asset Management opera a tres niveles:<\/p>\n[inline_list]\n<ol>\n<li>Creando y cataloguizando equipos<\/li>\n<li>Recopilando datos<\/li>\n<li>Realizando an\u00e1lisis predictivos<\/li>\n<\/ol>\n[\/inline_list]\n<p>Una vez instalado y configurado, el m\u00f3dulo escanea los equipos de la sucursal a trav\u00e9s de todos los canales de distribuci\u00f3n y ubicaciones f\u00edsicas y recopila toda la informaci\u00f3n sobre el hardware y el software.<\/p>\n<p>La interfaz de la aplicaci\u00f3n puede configurarse para que muestre los datos y los informes generales seg\u00fan los criterios definidos por el usuario (p. ej. sucursal, \u00e1rea, banco o grupo bancario).<\/p>\n<p>Su algoritmo de an\u00e1lisis predictivo utiliza los datos de los \u00faltimos 24 meses para prever de forma precisa las operaciones de mantenimiento necesarias para cada uno de los equipos.<\/p>\n<h2>Ventajas de WWS Asset Management<\/h2>\n<p>Esta soluci\u00f3n permite optimizar las operaciones bancarias y reducir costes:<\/p>\n[inline_list]\n<ul>\n<li>Monitoriza los pasos de las operaciones de mantenimiento y garantiza su conformidad con los acuerdos de nivel de servicio (ANS) y los contratos de mantenimiento<\/li>\n<li>Gesti\u00f3n de inventario eficiente<\/li>\n<li>An\u00e1lisis y evaluaci\u00f3n de la obsolescencia de los equipos<\/li>\n<li>Actualizaci\u00f3n de hardware y an\u00e1lisis de adquisiciones para activos individuales o grupos de activos<\/li>\n<\/ul>\n[\/inline_list]\n<p>&nbsp;<\/p>\n<p><a class=\"btn btn-default btn-page\" title=\"descarga los folletos\" href=\"https:\/\/www.aurigaspa.com\/es\/recursos\/folletos\/\">Descarga los folletos<\/a><\/p>\n","protected":false},"excerpt":{"rendered":"<p>La soluci\u00f3n que gestiona y monitoriza todo el ciclo de vida de los activos de un banco: desde su activaci\u00f3n hasta su mantenimiento predictivo continuo La red de distribuci\u00f3n de un banco puede ser muy amplia y la cantidad de datos gestionados va aumentando a medida que aumenta el n\u00famero de equipos. Para hacer frente<\/p>\n","protected":false},"author":1,"featured_media":0,"parent":33003,"menu_order":2,"comment_status":"closed","ping_status":"closed","template":"","meta":{"footnotes":""},"class_list":["post-33234","page","type-page","status-publish","hentry"],"yoast_head":"<!-- This site is optimized with the Yoast SEO Premium plugin v27.4 (Yoast SEO v27.4) - https:\/\/yoast.com\/product\/yoast-seo-premium-wordpress\/ -->\n<title>WWS Asset Management: La Soluci\u00f3n de Gesti\u00f3n de Activos Bancarios<\/title>\n<meta name=\"description\" content=\"Para Satisfacer esta Necesidad de los Bancos de Efectuar un An\u00e1lisis Profundo de Rendimiento de los Equipos, Auriga ha Desarrollado WWS Asset Management\" \/>\n<meta name=\"robots\" content=\"index, follow, max-snippet:-1, max-image-preview:large, max-video-preview:-1\" \/>\n<link rel=\"canonical\" href=\"https:\/\/www.aurigaspa.com\/es\/banca\/productos-y-soluciones\/analisis-de-negocio\/wws-asset-management\/\" \/>\n<meta property=\"og:locale\" content=\"es_ES\" \/>\n<meta property=\"og:type\" content=\"article\" \/>\n<meta property=\"og:title\" content=\"WWS Asset Management: La Soluci\u00f3n de Gesti\u00f3n de Activos Bancarios\" \/>\n<meta property=\"og:description\" content=\"Para Satisfacer esta Necesidad de los Bancos de Efectuar un An\u00e1lisis Profundo de Rendimiento de los Equipos, Auriga ha Desarrollado WWS Asset Management\" \/>\n<meta property=\"og:url\" content=\"https:\/\/www.aurigaspa.com\/es\/banca\/productos-y-soluciones\/analisis-de-negocio\/wws-asset-management\/\" \/>\n<meta property=\"og:site_name\" content=\"Auriga\" \/>\n<meta property=\"article:publisher\" content=\"https:\/\/www.facebook.com\/aurigaspa\" \/>\n<meta property=\"article:modified_time\" content=\"2025-11-12T16:28:24+00:00\" \/>\n<meta property=\"og:image\" content=\"https:\/\/www.aurigaspa.com\/wp-content\/uploads\/asset_management-3.png\" \/>\n\t<meta property=\"og:image:width\" content=\"1200\" \/>\n\t<meta property=\"og:image:height\" content=\"627\" \/>\n\t<meta property=\"og:image:type\" content=\"image\/png\" \/>\n<meta name=\"twitter:card\" content=\"summary_large_image\" \/>\n<meta name=\"twitter:title\" content=\"WWS Asset Management: La Soluci\u00f3n de Gesti\u00f3n de Activos Bancarios\" \/>\n<meta name=\"twitter:description\" content=\"Para Satisfacer esta Necesidad de los Bancos de Efectuar un An\u00e1lisis Profundo de Rendimiento de los Equipos, Auriga ha Desarrollado WWS Asset Management\" \/>\n<meta name=\"twitter:image\" content=\"https:\/\/www.aurigaspa.com\/wp-content\/uploads\/asset_management-3.png\" \/>\n<meta name=\"twitter:label1\" content=\"Tiempo de lectura\" \/>\n\t<meta name=\"twitter:data1\" content=\"3 minutos\" \/>\n<script type=\"application\/ld+json\" class=\"yoast-schema-graph\">{\"@context\":\"https:\\\/\\\/schema.org\",\"@graph\":[{\"@type\":\"WebPage\",\"@id\":\"https:\\\/\\\/www.aurigaspa.com\\\/es\\\/banca\\\/productos-y-soluciones\\\/analisis-de-negocio\\\/wws-asset-management\\\/\",\"url\":\"https:\\\/\\\/www.aurigaspa.com\\\/es\\\/banca\\\/productos-y-soluciones\\\/analisis-de-negocio\\\/wws-asset-management\\\/\",\"name\":\"WWS Asset Management: La Soluci\u00f3n de Gesti\u00f3n de Activos Bancarios\",\"isPartOf\":{\"@id\":\"https:\\\/\\\/www.aurigaspa.com\\\/es\\\/#website\"},\"datePublished\":\"2018-05-28T08:04:24+00:00\",\"dateModified\":\"2025-11-12T16:28:24+00:00\",\"description\":\"Para Satisfacer esta Necesidad de los Bancos de Efectuar un An\u00e1lisis Profundo de Rendimiento de los Equipos, Auriga ha Desarrollado WWS Asset Management\",\"breadcrumb\":{\"@id\":\"https:\\\/\\\/www.aurigaspa.com\\\/es\\\/banca\\\/productos-y-soluciones\\\/analisis-de-negocio\\\/wws-asset-management\\\/#breadcrumb\"},\"inLanguage\":\"es\",\"potentialAction\":[{\"@type\":\"ReadAction\",\"target\":[\"https:\\\/\\\/www.aurigaspa.com\\\/es\\\/banca\\\/productos-y-soluciones\\\/analisis-de-negocio\\\/wws-asset-management\\\/\"]}]},{\"@type\":\"BreadcrumbList\",\"@id\":\"https:\\\/\\\/www.aurigaspa.com\\\/es\\\/banca\\\/productos-y-soluciones\\\/analisis-de-negocio\\\/wws-asset-management\\\/#breadcrumb\",\"itemListElement\":[{\"@type\":\"ListItem\",\"position\":1,\"name\":\"Home\",\"item\":\"https:\\\/\\\/www.aurigaspa.com\\\/es\\\/\"},{\"@type\":\"ListItem\",\"position\":2,\"name\":\"Banca\",\"item\":\"https:\\\/\\\/www.aurigaspa.com\\\/es\\\/banca\\\/\"},{\"@type\":\"ListItem\",\"position\":3,\"name\":\"Productos y soluciones\",\"item\":\"https:\\\/\\\/www.aurigaspa.com\\\/es\\\/banca\\\/productos-y-soluciones\\\/\"},{\"@type\":\"ListItem\",\"position\":4,\"name\":\"An\u00e1lisis de negocio\",\"item\":\"https:\\\/\\\/www.aurigaspa.com\\\/es\\\/banca\\\/productos-y-soluciones\\\/analisis-de-negocio\\\/\"},{\"@type\":\"ListItem\",\"position\":5,\"name\":\"WWS Asset Management\"}]},{\"@type\":\"WebSite\",\"@id\":\"https:\\\/\\\/www.aurigaspa.com\\\/es\\\/#website\",\"url\":\"https:\\\/\\\/www.aurigaspa.com\\\/es\\\/\",\"name\":\"Auriga\",\"description\":\"The banking evolution\",\"publisher\":{\"@id\":\"https:\\\/\\\/www.aurigaspa.com\\\/es\\\/#organization\"},\"potentialAction\":[{\"@type\":\"SearchAction\",\"target\":{\"@type\":\"EntryPoint\",\"urlTemplate\":\"https:\\\/\\\/www.aurigaspa.com\\\/es\\\/?s={search_term_string}\"},\"query-input\":{\"@type\":\"PropertyValueSpecification\",\"valueRequired\":true,\"valueName\":\"search_term_string\"}}],\"inLanguage\":\"es\"},{\"@type\":\"Organization\",\"@id\":\"https:\\\/\\\/www.aurigaspa.com\\\/es\\\/#organization\",\"name\":\"Auriga\",\"url\":\"https:\\\/\\\/www.aurigaspa.com\\\/es\\\/\",\"logo\":{\"@type\":\"ImageObject\",\"inLanguage\":\"es\",\"@id\":\"https:\\\/\\\/www.aurigaspa.com\\\/es\\\/#\\\/schema\\\/logo\\\/image\\\/\",\"url\":\"https:\\\/\\\/www.aurigaspa.com\\\/wp-content\\\/uploads\\\/marchio_auriga_nopayoff_web.png\",\"contentUrl\":\"https:\\\/\\\/www.aurigaspa.com\\\/wp-content\\\/uploads\\\/marchio_auriga_nopayoff_web.png\",\"width\":660,\"height\":360,\"caption\":\"Auriga\"},\"image\":{\"@id\":\"https:\\\/\\\/www.aurigaspa.com\\\/es\\\/#\\\/schema\\\/logo\\\/image\\\/\"},\"sameAs\":[\"https:\\\/\\\/www.facebook.com\\\/aurigaspa\",\"https:\\\/\\\/www.instagram.com\\\/auriga_the_banking_evolution\\\/\",\"https:\\\/\\\/www.linkedin.com\\\/company\\\/auriga-spa\",\"https:\\\/\\\/www.youtube.com\\\/user\\\/aurigaspacom\"]}]}<\/script>\n<!-- \/ Yoast SEO Premium plugin. -->","yoast_head_json":{"title":"WWS Asset Management: La Soluci\u00f3n de Gesti\u00f3n de Activos Bancarios","description":"Para Satisfacer esta Necesidad de los Bancos de Efectuar un An\u00e1lisis Profundo de Rendimiento de los Equipos, Auriga ha Desarrollado WWS Asset Management","robots":{"index":"index","follow":"follow","max-snippet":"max-snippet:-1","max-image-preview":"max-image-preview:large","max-video-preview":"max-video-preview:-1"},"canonical":"https:\/\/www.aurigaspa.com\/es\/banca\/productos-y-soluciones\/analisis-de-negocio\/wws-asset-management\/","og_locale":"es_ES","og_type":"article","og_title":"WWS Asset Management: La Soluci\u00f3n de Gesti\u00f3n de Activos Bancarios","og_description":"Para Satisfacer esta Necesidad de los Bancos de Efectuar un An\u00e1lisis Profundo de Rendimiento de los Equipos, Auriga ha Desarrollado WWS Asset Management","og_url":"https:\/\/www.aurigaspa.com\/es\/banca\/productos-y-soluciones\/analisis-de-negocio\/wws-asset-management\/","og_site_name":"Auriga","article_publisher":"https:\/\/www.facebook.com\/aurigaspa","article_modified_time":"2025-11-12T16:28:24+00:00","og_image":[{"width":1200,"height":627,"url":"https:\/\/www.aurigaspa.com\/wp-content\/uploads\/asset_management-3.png","type":"image\/png"}],"twitter_card":"summary_large_image","twitter_title":"WWS Asset Management: La Soluci\u00f3n de Gesti\u00f3n de Activos Bancarios","twitter_description":"Para Satisfacer esta Necesidad de los Bancos de Efectuar un An\u00e1lisis Profundo de Rendimiento de los Equipos, Auriga ha Desarrollado WWS Asset Management","twitter_image":"https:\/\/www.aurigaspa.com\/wp-content\/uploads\/asset_management-3.png","twitter_misc":{"Tiempo de lectura":"3 minutos"},"schema":{"@context":"https:\/\/schema.org","@graph":[{"@type":"WebPage","@id":"https:\/\/www.aurigaspa.com\/es\/banca\/productos-y-soluciones\/analisis-de-negocio\/wws-asset-management\/","url":"https:\/\/www.aurigaspa.com\/es\/banca\/productos-y-soluciones\/analisis-de-negocio\/wws-asset-management\/","name":"WWS Asset Management: La Soluci\u00f3n de Gesti\u00f3n de Activos Bancarios","isPartOf":{"@id":"https:\/\/www.aurigaspa.com\/es\/#website"},"datePublished":"2018-05-28T08:04:24+00:00","dateModified":"2025-11-12T16:28:24+00:00","description":"Para Satisfacer esta Necesidad de los Bancos de Efectuar un An\u00e1lisis Profundo de Rendimiento de los Equipos, Auriga ha Desarrollado WWS Asset Management","breadcrumb":{"@id":"https:\/\/www.aurigaspa.com\/es\/banca\/productos-y-soluciones\/analisis-de-negocio\/wws-asset-management\/#breadcrumb"},"inLanguage":"es","potentialAction":[{"@type":"ReadAction","target":["https:\/\/www.aurigaspa.com\/es\/banca\/productos-y-soluciones\/analisis-de-negocio\/wws-asset-management\/"]}]},{"@type":"BreadcrumbList","@id":"https:\/\/www.aurigaspa.com\/es\/banca\/productos-y-soluciones\/analisis-de-negocio\/wws-asset-management\/#breadcrumb","itemListElement":[{"@type":"ListItem","position":1,"name":"Home","item":"https:\/\/www.aurigaspa.com\/es\/"},{"@type":"ListItem","position":2,"name":"Banca","item":"https:\/\/www.aurigaspa.com\/es\/banca\/"},{"@type":"ListItem","position":3,"name":"Productos y soluciones","item":"https:\/\/www.aurigaspa.com\/es\/banca\/productos-y-soluciones\/"},{"@type":"ListItem","position":4,"name":"An\u00e1lisis de negocio","item":"https:\/\/www.aurigaspa.com\/es\/banca\/productos-y-soluciones\/analisis-de-negocio\/"},{"@type":"ListItem","position":5,"name":"WWS Asset Management"}]},{"@type":"WebSite","@id":"https:\/\/www.aurigaspa.com\/es\/#website","url":"https:\/\/www.aurigaspa.com\/es\/","name":"Auriga","description":"The banking evolution","publisher":{"@id":"https:\/\/www.aurigaspa.com\/es\/#organization"},"potentialAction":[{"@type":"SearchAction","target":{"@type":"EntryPoint","urlTemplate":"https:\/\/www.aurigaspa.com\/es\/?s={search_term_string}"},"query-input":{"@type":"PropertyValueSpecification","valueRequired":true,"valueName":"search_term_string"}}],"inLanguage":"es"},{"@type":"Organization","@id":"https:\/\/www.aurigaspa.com\/es\/#organization","name":"Auriga","url":"https:\/\/www.aurigaspa.com\/es\/","logo":{"@type":"ImageObject","inLanguage":"es","@id":"https:\/\/www.aurigaspa.com\/es\/#\/schema\/logo\/image\/","url":"https:\/\/www.aurigaspa.com\/wp-content\/uploads\/marchio_auriga_nopayoff_web.png","contentUrl":"https:\/\/www.aurigaspa.com\/wp-content\/uploads\/marchio_auriga_nopayoff_web.png","width":660,"height":360,"caption":"Auriga"},"image":{"@id":"https:\/\/www.aurigaspa.com\/es\/#\/schema\/logo\/image\/"},"sameAs":["https:\/\/www.facebook.com\/aurigaspa","https:\/\/www.instagram.com\/auriga_the_banking_evolution\/","https:\/\/www.linkedin.com\/company\/auriga-spa","https:\/\/www.youtube.com\/user\/aurigaspacom"]}]}},"_links":{"self":[{"href":"https:\/\/www.aurigaspa.com\/es\/wp-json\/wp\/v2\/pages\/33234","targetHints":{"allow":["GET"]}}],"collection":[{"href":"https:\/\/www.aurigaspa.com\/es\/wp-json\/wp\/v2\/pages"}],"about":[{"href":"https:\/\/www.aurigaspa.com\/es\/wp-json\/wp\/v2\/types\/page"}],"author":[{"embeddable":true,"href":"https:\/\/www.aurigaspa.com\/es\/wp-json\/wp\/v2\/users\/1"}],"replies":[{"embeddable":true,"href":"https:\/\/www.aurigaspa.com\/es\/wp-json\/wp\/v2\/comments?post=33234"}],"version-history":[{"count":5,"href":"https:\/\/www.aurigaspa.com\/es\/wp-json\/wp\/v2\/pages\/33234\/revisions"}],"predecessor-version":[{"id":77859,"href":"https:\/\/www.aurigaspa.com\/es\/wp-json\/wp\/v2\/pages\/33234\/revisions\/77859"}],"up":[{"embeddable":true,"href":"https:\/\/www.aurigaspa.com\/es\/wp-json\/wp\/v2\/pages\/33003"}],"wp:attachment":[{"href":"https:\/\/www.aurigaspa.com\/es\/wp-json\/wp\/v2\/media?parent=33234"}],"curies":[{"name":"wp","href":"https:\/\/api.w.org\/{rel}","templated":true}]}}