{"id":33230,"date":"2018-02-15T15:29:32","date_gmt":"2018-02-15T15:29:32","guid":{"rendered":"https:\/\/www.aurigaspa.com\/legal-notice\/"},"modified":"2022-01-17T16:18:07","modified_gmt":"2022-01-17T14:18:07","slug":"aviso-legal","status":"publish","type":"page","link":"https:\/\/www.aurigaspa.com\/es\/aviso-legal\/","title":{"rendered":"Aviso legal"},"content":{"rendered":"<p>Al visitar, ver o utilizar los contenidos de la presente p\u00e1gina web (en adelante \u201cp\u00e1gina web\u201d) perteneciente a la empresa Auriga S.p.A (en adelante \u201cAuriga\u201d o \u201ccompa\u00f1\u00eda\u201d), los visitantes o usuarios (en adelante, \u201cusuario\u201d o \u201cusuarios\u201d) aceptan el contenido del aviso legal expuesto a continuaci\u00f3n.<\/p>\n<ol>\n<li><strong class=\"rosso\">Exenci\u00f3n de responsabilidad<\/strong><br \/>\nAcceder esta p\u00e1gina web implica la aceptaci\u00f3n de los t\u00e9rminos y condiciones expuestos a continuaci\u00f3n, tal y como se establece en las leyes nacionales y europeas.Excepto si se indica lo contrario, todo el contenido publicado en la p\u00e1gina web como p. ej. las im\u00e1genes, el dise\u00f1o gr\u00e1fico, las marcas de identidad, las aplicaciones de software, los c\u00f3digos y los formatos script utilizados para su ejecuci\u00f3n, as\u00ed como, en general, todo el material y los servicios presentados en ella (en adelante, \u201ccontenido\u201d), son propiedad de Auriga y est\u00e1n protegidos por derechos de autor. Reservados todos los derechos.Por lo tanto, dicho contenido y las partes que lo constituyen no podr\u00e1n ser copiados, modificados, descargados, transmitidos, mostrados o distribuidos a terceras partes ni ser divulgados de ninguna manera a no ser que Auriga lo autorice expresamente por escrito o se permita de otra forma y, en general, se proh\u00edbe modificar o utilizar de cualquier forma los datos o el contenido de la p\u00e1gina web a trav\u00e9s de medios o tecnolog\u00edas actuales o futuras, a no ser que se indique lo contrario.<\/p>\n<p>Auriga procura que la informaci\u00f3n contenida en esta p\u00e1gina web sea fiable, veraz y precisa y est\u00e9 completa y actualizada. No obstante, Auriga no asume ninguna responsabilidad por la veracidad, precisi\u00f3n o actualidad de los datos incluidos en la p\u00e1gina web o en otras p\u00e1ginas accesibles a las que pueda accederse a trav\u00e9s de enlaces integrados en la p\u00e1gina web.<\/p>\n<p>Por lo tanto, Auriga no se hace responsable de errores u omisiones que est\u00e9n fuera de su control ni de las decisiones que se tomen bas\u00e1ndose en la informaci\u00f3n incluida en esta p\u00e1gina web. Cualquier decisi\u00f3n ser\u00e1 siempre responsabilidad exclusiva del usuario que la adopte.<\/p>\n<p>Auriga tampoco asume ninguna responsabilidad por da\u00f1os directos o indirectos, particulares o consecuentes ni por ning\u00fan perjuicio (especialmente de car\u00e1cter financiero o comercial) derivado de la consulta de esta p\u00e1gina web y\/o por el uso (autorizado o no) de la informaci\u00f3n incluida en ella y, con ello, tampoco asume ninguna responsabilidad por la falta de actualizaci\u00f3n de dicha informaci\u00f3n.<\/p>\n<p>Auriga se reserva el derecho de modificar en cualquier momento seg\u00fan su libre criterio el contenido y los procedimientos operativos de la p\u00e1gina web y de cualquiera de los servicios ofrecidos.<\/p>\n<p>Pese a que Auriga adopta las medidas adecuadas para eliminar posibles virus inform\u00e1ticos en los archivos accesibles desde la p\u00e1gina web, se recomienda emplear un programa antivirus eficiente actualizado antes de abrir y usar dichos archivos.<\/p>\n<p>Auriga no asume ninguna responsabilidad por los materiales creados o publicados por terceras partes a los que pueda accederse a trav\u00e9s de enlaces integrados en esta p\u00e1gina web. Cualquier usuario que decida visitar una p\u00e1gina web desde un enlace de esta p\u00e1gina web lo har\u00e1 por su propio riesgo asumiendo la responsabilidad de adoptar todas las medidas necesarias contra virus u otros programas da\u00f1inos. Los enlaces a otras p\u00e1ginas web se incluyen \u00fanicamente para ofrecer informaci\u00f3n complementaria a los usuarios sin que ello implique ninguna garant\u00eda por parte de Auriga con respecto a dichas p\u00e1ginas web y a sus contenidos. Por lo tanto, se excluye expresamente cualquier responsabilidad de Auriga con respecto a dichas p\u00e1ginas web.<\/li>\n<li><strong>Cookies<\/strong><br \/>\nLas cookies son peque\u00f1os archivos de texto que se descargan en el ordenador del usuario cuando visita una p\u00e1gina web. Las cookies se utilizan con diversos fines. Por ejemplo, para navegar por las distintas p\u00e1ginas m\u00e1s eficazmente, para acceder m\u00e1s r\u00e1pidamente a las p\u00e1ginas m\u00e1s visitadas y, en general, para mejorar la experiencia de la navegaci\u00f3n. Asimismo, las cookies ayudan tambi\u00e9n a garantizar que la publicidad online se adapte mejor a los usuarios y a sus intereses.Seg\u00fan el objetivo y las caracter\u00edsticas de las cookies, podr\u00e1 ser necesario que el usuario tenga que aceptarlas antes de que puedan descargarse en su ordenador.Esas cookies se emplean para facilitar la navegaci\u00f3n del usuario y permitir que pueda acceder m\u00e1s f\u00e1cilmente al contenido deseado al tener en cuenta su forma de navegar en anteriores visitas.<\/p>\n<p>Existen distintos tipos de cookies:<\/p>\n<ol>\n<li><strong>Cookies de navegador y\/o sesi\u00f3n<\/strong>: facilitan la navegaci\u00f3n y el uso de la p\u00e1gina web.<\/li>\n<li><strong>Cookies anal\u00edticas<\/strong>: recopilan informaci\u00f3n sobre el n\u00famero de visitas y sobre c\u00f3mo se ven las p\u00e1ginas de la web, por ejemplo, qu\u00e9 p\u00e1ginas y apartados de las p\u00e1ginas se ven m\u00e1s y qu\u00e9 p\u00e1ginas env\u00edan mensajes de error. Los datos se obtienen de forma agregada y an\u00f3nima.<\/li>\n<\/ol>\n<\/li>\n<\/ol>\n<p>Algunas cookies (p. ej. las cookies de sesi\u00f3n) se mantienen activas hasta que se cierra el navegador, mientras que otras \u201csobreviven\u201d despu\u00e9s de cerrar el navegador y se mantienen activas en las siguientes visitas del usuario a la p\u00e1gina web.<\/p>\n<p>Esas cookies suelen ser persistentes y su duraci\u00f3n la determina el servidor cuando se crean. En algunos casos, se establece una fecha de caducidad, mientras que en otros casos la duraci\u00f3n de las cookies es indefinida.<\/p>\n<p>Auriga no utiliza cookies permanentes. No obstante, al navegar por la p\u00e1gina web de Auriga, el usuario puede interactuar con p\u00e1ginas gestionadas por terceros que podr\u00edan generar o modificar cookies permanentes o de perfil.<\/p>\n<p>Los usuarios de la p\u00e1gina web pueden decidir si desean aceptar cookies o no seleccionando los ajustes necesarios en la configuraci\u00f3n de su navegador.<\/p>\n<p>Observaci\u00f3n: desactivar las cookies parcial o completamente puede impedir el uso de algunas funciones de la p\u00e1gina reservadas para los usuarios, si bien es posible acceder al contenido p\u00fablico de la p\u00e1gina web aunque las cookies est\u00e9n completamente desactivadas.<\/p>\n<p>Desactivar las cookies de \u201cterceras partes\u201d no afecta en modo alguno a la navegabilidad de la p\u00e1gina web.<\/p>\n<p>En la configuraci\u00f3n del navegador pueden especificarse los ajustes de cookies para diferentes p\u00e1ginas web y aplicaciones web. Adem\u00e1s, los mejores navegadores permiten tambi\u00e9n establecer diferentes par\u00e1metros para cookies de propietarios de p\u00e1ginas y para cookies de terceras partes.<\/p>\n<p><!-- InstanceEndEditable --><\/p>\n<p><!--end contenuti --><\/p>\n<div style=\"clear: both;\"><\/div>\n","protected":false},"excerpt":{"rendered":"<p>Al visitar, ver o utilizar los contenidos de la presente p\u00e1gina web (en adelante \u201cp\u00e1gina web\u201d) perteneciente a la empresa Auriga S.p.A (en adelante \u201cAuriga\u201d o \u201ccompa\u00f1\u00eda\u201d), los visitantes o usuarios (en adelante, \u201cusuario\u201d o \u201cusuarios\u201d) aceptan el contenido del aviso legal expuesto a continuaci\u00f3n. Exenci\u00f3n de responsabilidad Acceder esta p\u00e1gina web implica la aceptaci\u00f3n<\/p>\n","protected":false},"author":1,"featured_media":0,"parent":0,"menu_order":0,"comment_status":"closed","ping_status":"closed","template":"","meta":{"footnotes":""},"class_list":["post-33230","page","type-page","status-publish","hentry"],"yoast_head":"<!-- This site is optimized with the Yoast SEO Premium plugin v27.3 (Yoast SEO v27.3) - https:\/\/yoast.com\/product\/yoast-seo-premium-wordpress\/ -->\n<title>&gt; Aviso legal | Auriga The banking evolution<\/title>\n<meta name=\"description\" content=\"Auriga The banking evolution - Aviso legal -\" \/>\n<meta name=\"robots\" content=\"noindex, follow\" \/>\n<meta property=\"og:locale\" content=\"es_ES\" \/>\n<meta property=\"og:type\" content=\"article\" \/>\n<meta property=\"og:title\" content=\"Aviso legal\" \/>\n<meta property=\"og:description\" content=\"Auriga The banking evolution - Aviso legal -\" \/>\n<meta property=\"og:url\" content=\"https:\/\/www.aurigaspa.com\/es\/aviso-legal\/\" \/>\n<meta property=\"og:site_name\" content=\"Auriga\" \/>\n<meta property=\"article:publisher\" content=\"https:\/\/www.facebook.com\/aurigaspa\" \/>\n<meta property=\"article:modified_time\" content=\"2022-01-17T14:18:07+00:00\" \/>\n<meta name=\"twitter:card\" content=\"summary_large_image\" \/>\n<meta name=\"twitter:label1\" content=\"Tiempo de lectura\" \/>\n\t<meta name=\"twitter:data1\" content=\"6 minutos\" \/>\n<script type=\"application\/ld+json\" class=\"yoast-schema-graph\">{\"@context\":\"https:\\\/\\\/schema.org\",\"@graph\":[{\"@type\":\"WebPage\",\"@id\":\"https:\\\/\\\/www.aurigaspa.com\\\/es\\\/aviso-legal\\\/\",\"url\":\"https:\\\/\\\/www.aurigaspa.com\\\/es\\\/aviso-legal\\\/\",\"name\":\"> Aviso legal | Auriga The banking evolution\",\"isPartOf\":{\"@id\":\"https:\\\/\\\/www.aurigaspa.com\\\/es\\\/#website\"},\"datePublished\":\"2018-02-15T15:29:32+00:00\",\"dateModified\":\"2022-01-17T14:18:07+00:00\",\"description\":\"Auriga The banking evolution - Aviso legal -\",\"breadcrumb\":{\"@id\":\"https:\\\/\\\/www.aurigaspa.com\\\/es\\\/aviso-legal\\\/#breadcrumb\"},\"inLanguage\":\"es\",\"potentialAction\":[{\"@type\":\"ReadAction\",\"target\":[\"https:\\\/\\\/www.aurigaspa.com\\\/es\\\/aviso-legal\\\/\"]}]},{\"@type\":\"BreadcrumbList\",\"@id\":\"https:\\\/\\\/www.aurigaspa.com\\\/es\\\/aviso-legal\\\/#breadcrumb\",\"itemListElement\":[{\"@type\":\"ListItem\",\"position\":1,\"name\":\"Home\",\"item\":\"https:\\\/\\\/www.aurigaspa.com\\\/es\\\/\"},{\"@type\":\"ListItem\",\"position\":2,\"name\":\"Aviso legal\"}]},{\"@type\":\"WebSite\",\"@id\":\"https:\\\/\\\/www.aurigaspa.com\\\/es\\\/#website\",\"url\":\"https:\\\/\\\/www.aurigaspa.com\\\/es\\\/\",\"name\":\"Auriga\",\"description\":\"The banking evolution\",\"publisher\":{\"@id\":\"https:\\\/\\\/www.aurigaspa.com\\\/es\\\/#organization\"},\"potentialAction\":[{\"@type\":\"SearchAction\",\"target\":{\"@type\":\"EntryPoint\",\"urlTemplate\":\"https:\\\/\\\/www.aurigaspa.com\\\/es\\\/?s={search_term_string}\"},\"query-input\":{\"@type\":\"PropertyValueSpecification\",\"valueRequired\":true,\"valueName\":\"search_term_string\"}}],\"inLanguage\":\"es\"},{\"@type\":\"Organization\",\"@id\":\"https:\\\/\\\/www.aurigaspa.com\\\/es\\\/#organization\",\"name\":\"Auriga\",\"url\":\"https:\\\/\\\/www.aurigaspa.com\\\/es\\\/\",\"logo\":{\"@type\":\"ImageObject\",\"inLanguage\":\"es\",\"@id\":\"https:\\\/\\\/www.aurigaspa.com\\\/es\\\/#\\\/schema\\\/logo\\\/image\\\/\",\"url\":\"https:\\\/\\\/www.aurigaspa.com\\\/wp-content\\\/uploads\\\/marchio_auriga_nopayoff_web.png\",\"contentUrl\":\"https:\\\/\\\/www.aurigaspa.com\\\/wp-content\\\/uploads\\\/marchio_auriga_nopayoff_web.png\",\"width\":660,\"height\":360,\"caption\":\"Auriga\"},\"image\":{\"@id\":\"https:\\\/\\\/www.aurigaspa.com\\\/es\\\/#\\\/schema\\\/logo\\\/image\\\/\"},\"sameAs\":[\"https:\\\/\\\/www.facebook.com\\\/aurigaspa\",\"https:\\\/\\\/www.instagram.com\\\/auriga_the_banking_evolution\\\/\",\"https:\\\/\\\/www.linkedin.com\\\/company\\\/auriga-spa\",\"https:\\\/\\\/www.youtube.com\\\/user\\\/aurigaspacom\"]}]}<\/script>\n<!-- \/ Yoast SEO Premium plugin. -->","yoast_head_json":{"title":"> Aviso legal | Auriga The banking evolution","description":"Auriga The banking evolution - Aviso legal -","robots":{"index":"noindex","follow":"follow"},"og_locale":"es_ES","og_type":"article","og_title":"Aviso legal","og_description":"Auriga The banking evolution - Aviso legal -","og_url":"https:\/\/www.aurigaspa.com\/es\/aviso-legal\/","og_site_name":"Auriga","article_publisher":"https:\/\/www.facebook.com\/aurigaspa","article_modified_time":"2022-01-17T14:18:07+00:00","twitter_card":"summary_large_image","twitter_misc":{"Tiempo de lectura":"6 minutos"},"schema":{"@context":"https:\/\/schema.org","@graph":[{"@type":"WebPage","@id":"https:\/\/www.aurigaspa.com\/es\/aviso-legal\/","url":"https:\/\/www.aurigaspa.com\/es\/aviso-legal\/","name":"> Aviso legal | Auriga The banking evolution","isPartOf":{"@id":"https:\/\/www.aurigaspa.com\/es\/#website"},"datePublished":"2018-02-15T15:29:32+00:00","dateModified":"2022-01-17T14:18:07+00:00","description":"Auriga The banking evolution - Aviso legal -","breadcrumb":{"@id":"https:\/\/www.aurigaspa.com\/es\/aviso-legal\/#breadcrumb"},"inLanguage":"es","potentialAction":[{"@type":"ReadAction","target":["https:\/\/www.aurigaspa.com\/es\/aviso-legal\/"]}]},{"@type":"BreadcrumbList","@id":"https:\/\/www.aurigaspa.com\/es\/aviso-legal\/#breadcrumb","itemListElement":[{"@type":"ListItem","position":1,"name":"Home","item":"https:\/\/www.aurigaspa.com\/es\/"},{"@type":"ListItem","position":2,"name":"Aviso legal"}]},{"@type":"WebSite","@id":"https:\/\/www.aurigaspa.com\/es\/#website","url":"https:\/\/www.aurigaspa.com\/es\/","name":"Auriga","description":"The banking evolution","publisher":{"@id":"https:\/\/www.aurigaspa.com\/es\/#organization"},"potentialAction":[{"@type":"SearchAction","target":{"@type":"EntryPoint","urlTemplate":"https:\/\/www.aurigaspa.com\/es\/?s={search_term_string}"},"query-input":{"@type":"PropertyValueSpecification","valueRequired":true,"valueName":"search_term_string"}}],"inLanguage":"es"},{"@type":"Organization","@id":"https:\/\/www.aurigaspa.com\/es\/#organization","name":"Auriga","url":"https:\/\/www.aurigaspa.com\/es\/","logo":{"@type":"ImageObject","inLanguage":"es","@id":"https:\/\/www.aurigaspa.com\/es\/#\/schema\/logo\/image\/","url":"https:\/\/www.aurigaspa.com\/wp-content\/uploads\/marchio_auriga_nopayoff_web.png","contentUrl":"https:\/\/www.aurigaspa.com\/wp-content\/uploads\/marchio_auriga_nopayoff_web.png","width":660,"height":360,"caption":"Auriga"},"image":{"@id":"https:\/\/www.aurigaspa.com\/es\/#\/schema\/logo\/image\/"},"sameAs":["https:\/\/www.facebook.com\/aurigaspa","https:\/\/www.instagram.com\/auriga_the_banking_evolution\/","https:\/\/www.linkedin.com\/company\/auriga-spa","https:\/\/www.youtube.com\/user\/aurigaspacom"]}]}},"_links":{"self":[{"href":"https:\/\/www.aurigaspa.com\/es\/wp-json\/wp\/v2\/pages\/33230","targetHints":{"allow":["GET"]}}],"collection":[{"href":"https:\/\/www.aurigaspa.com\/es\/wp-json\/wp\/v2\/pages"}],"about":[{"href":"https:\/\/www.aurigaspa.com\/es\/wp-json\/wp\/v2\/types\/page"}],"author":[{"embeddable":true,"href":"https:\/\/www.aurigaspa.com\/es\/wp-json\/wp\/v2\/users\/1"}],"replies":[{"embeddable":true,"href":"https:\/\/www.aurigaspa.com\/es\/wp-json\/wp\/v2\/comments?post=33230"}],"version-history":[{"count":3,"href":"https:\/\/www.aurigaspa.com\/es\/wp-json\/wp\/v2\/pages\/33230\/revisions"}],"predecessor-version":[{"id":69449,"href":"https:\/\/www.aurigaspa.com\/es\/wp-json\/wp\/v2\/pages\/33230\/revisions\/69449"}],"wp:attachment":[{"href":"https:\/\/www.aurigaspa.com\/es\/wp-json\/wp\/v2\/media?parent=33230"}],"curies":[{"name":"wp","href":"https:\/\/api.w.org\/{rel}","templated":true}]}}