{"id":33116,"date":"2018-02-28T09:38:52","date_gmt":"2018-02-28T09:38:52","guid":{"rendered":"https:\/\/www.aurigaspa.com\/newsletter\/"},"modified":"2024-05-08T12:03:40","modified_gmt":"2024-05-08T11:03:40","slug":"newsletter","status":"publish","type":"page","link":"https:\/\/www.aurigaspa.com\/es\/newsletter\/","title":{"rendered":"Sigamos en contacto"},"content":{"rendered":"","protected":false},"excerpt":{"rendered":"","protected":false},"author":1,"featured_media":56905,"parent":0,"menu_order":0,"comment_status":"closed","ping_status":"closed","template":"","meta":{"footnotes":""},"class_list":["post-33116","page","type-page","status-publish","has-post-thumbnail","hentry"],"yoast_head":"<!-- This site is optimized with the Yoast SEO Premium plugin v27.3 (Yoast SEO v27.3) - https:\/\/yoast.com\/product\/yoast-seo-premium-wordpress\/ -->\n<title>Newsletter: \u00danase a Nuestra Comunidad | Auriga The Banking Evolution<\/title>\n<meta name=\"description\" content=\"Recibir\u00e0 Comunicaciones de Nuestras Nuevas Soluciones, Informes Sobre la Participaci\u00f3n en Eventos y Noticias Sobre Tendencias Bancarias\" \/>\n<meta name=\"robots\" content=\"noindex, nofollow\" \/>\n<meta property=\"og:locale\" content=\"es_ES\" \/>\n<meta property=\"og:type\" content=\"article\" \/>\n<meta property=\"og:title\" content=\"Newsletter: \u00danase a Nuestra Comunidad | Auriga\" \/>\n<meta property=\"og:description\" content=\"Recibir\u00e0 Comunicaciones de Nuestras Nuevas Soluciones, Informes Sobre la Participaci\u00f3n en Eventos y Noticias Sobre Tendencias Bancarias\" \/>\n<meta property=\"og:url\" content=\"https:\/\/www.aurigaspa.com\/es\/newsletter\/\" \/>\n<meta property=\"og:site_name\" content=\"Auriga\" \/>\n<meta property=\"article:publisher\" content=\"https:\/\/www.facebook.com\/aurigaspa\" \/>\n<meta property=\"article:modified_time\" content=\"2024-05-08T11:03:40+00:00\" \/>\n<meta property=\"og:image\" content=\"https:\/\/www.aurigaspa.com\/wp-content\/uploads\/Newsletter.jpg\" \/>\n\t<meta property=\"og:image:width\" content=\"700\" \/>\n\t<meta property=\"og:image:height\" content=\"320\" \/>\n\t<meta property=\"og:image:type\" content=\"image\/jpeg\" \/>\n<meta name=\"twitter:card\" content=\"summary_large_image\" \/>\n<meta name=\"twitter:title\" content=\"Newsletter: \u00danase a Nuestra Comunidad | Auriga\" \/>\n<meta name=\"twitter:description\" content=\"Recibir\u00e0 Comunicaciones de Nuestras Nuevas Soluciones, Informes Sobre la Participaci\u00f3n en Eventos y Noticias Sobre Tendencias Bancarias\" \/>\n<meta name=\"twitter:image\" content=\"https:\/\/www.aurigaspa.com\/wp-content\/uploads\/Newsletter.jpg\" \/>\n<script type=\"application\/ld+json\" class=\"yoast-schema-graph\">{\"@context\":\"https:\\\/\\\/schema.org\",\"@graph\":[{\"@type\":\"WebPage\",\"@id\":\"https:\\\/\\\/www.aurigaspa.com\\\/es\\\/newsletter\\\/\",\"url\":\"https:\\\/\\\/www.aurigaspa.com\\\/es\\\/newsletter\\\/\",\"name\":\"Newsletter: \u00danase a Nuestra Comunidad | Auriga The Banking Evolution\",\"isPartOf\":{\"@id\":\"https:\\\/\\\/www.aurigaspa.com\\\/es\\\/#website\"},\"primaryImageOfPage\":{\"@id\":\"https:\\\/\\\/www.aurigaspa.com\\\/es\\\/newsletter\\\/#primaryimage\"},\"image\":{\"@id\":\"https:\\\/\\\/www.aurigaspa.com\\\/es\\\/newsletter\\\/#primaryimage\"},\"thumbnailUrl\":\"https:\\\/\\\/www.aurigaspa.com\\\/wp-content\\\/uploads\\\/Newsletter.jpg\",\"datePublished\":\"2018-02-28T09:38:52+00:00\",\"dateModified\":\"2024-05-08T11:03:40+00:00\",\"description\":\"Recibir\u00e0 Comunicaciones de Nuestras Nuevas Soluciones, Informes Sobre la Participaci\u00f3n en Eventos y Noticias Sobre Tendencias Bancarias\",\"breadcrumb\":{\"@id\":\"https:\\\/\\\/www.aurigaspa.com\\\/es\\\/newsletter\\\/#breadcrumb\"},\"inLanguage\":\"es\",\"potentialAction\":[{\"@type\":\"ReadAction\",\"target\":[\"https:\\\/\\\/www.aurigaspa.com\\\/es\\\/newsletter\\\/\"]}]},{\"@type\":\"ImageObject\",\"inLanguage\":\"es\",\"@id\":\"https:\\\/\\\/www.aurigaspa.com\\\/es\\\/newsletter\\\/#primaryimage\",\"url\":\"https:\\\/\\\/www.aurigaspa.com\\\/wp-content\\\/uploads\\\/Newsletter.jpg\",\"contentUrl\":\"https:\\\/\\\/www.aurigaspa.com\\\/wp-content\\\/uploads\\\/Newsletter.jpg\",\"width\":700,\"height\":320,\"caption\":\"Newsletter\"},{\"@type\":\"BreadcrumbList\",\"@id\":\"https:\\\/\\\/www.aurigaspa.com\\\/es\\\/newsletter\\\/#breadcrumb\",\"itemListElement\":[{\"@type\":\"ListItem\",\"position\":1,\"name\":\"Home\",\"item\":\"https:\\\/\\\/www.aurigaspa.com\\\/es\\\/\"},{\"@type\":\"ListItem\",\"position\":2,\"name\":\"Sigamos en contacto\"}]},{\"@type\":\"WebSite\",\"@id\":\"https:\\\/\\\/www.aurigaspa.com\\\/es\\\/#website\",\"url\":\"https:\\\/\\\/www.aurigaspa.com\\\/es\\\/\",\"name\":\"Auriga\",\"description\":\"The banking evolution\",\"publisher\":{\"@id\":\"https:\\\/\\\/www.aurigaspa.com\\\/es\\\/#organization\"},\"potentialAction\":[{\"@type\":\"SearchAction\",\"target\":{\"@type\":\"EntryPoint\",\"urlTemplate\":\"https:\\\/\\\/www.aurigaspa.com\\\/es\\\/?s={search_term_string}\"},\"query-input\":{\"@type\":\"PropertyValueSpecification\",\"valueRequired\":true,\"valueName\":\"search_term_string\"}}],\"inLanguage\":\"es\"},{\"@type\":\"Organization\",\"@id\":\"https:\\\/\\\/www.aurigaspa.com\\\/es\\\/#organization\",\"name\":\"Auriga\",\"url\":\"https:\\\/\\\/www.aurigaspa.com\\\/es\\\/\",\"logo\":{\"@type\":\"ImageObject\",\"inLanguage\":\"es\",\"@id\":\"https:\\\/\\\/www.aurigaspa.com\\\/es\\\/#\\\/schema\\\/logo\\\/image\\\/\",\"url\":\"https:\\\/\\\/www.aurigaspa.com\\\/wp-content\\\/uploads\\\/marchio_auriga_nopayoff_web.png\",\"contentUrl\":\"https:\\\/\\\/www.aurigaspa.com\\\/wp-content\\\/uploads\\\/marchio_auriga_nopayoff_web.png\",\"width\":660,\"height\":360,\"caption\":\"Auriga\"},\"image\":{\"@id\":\"https:\\\/\\\/www.aurigaspa.com\\\/es\\\/#\\\/schema\\\/logo\\\/image\\\/\"},\"sameAs\":[\"https:\\\/\\\/www.facebook.com\\\/aurigaspa\",\"https:\\\/\\\/www.instagram.com\\\/auriga_the_banking_evolution\\\/\",\"https:\\\/\\\/www.linkedin.com\\\/company\\\/auriga-spa\",\"https:\\\/\\\/www.youtube.com\\\/user\\\/aurigaspacom\"]}]}<\/script>\n<!-- \/ Yoast SEO Premium plugin. -->","yoast_head_json":{"title":"Newsletter: \u00danase a Nuestra Comunidad | Auriga The Banking Evolution","description":"Recibir\u00e0 Comunicaciones de Nuestras Nuevas Soluciones, Informes Sobre la Participaci\u00f3n en Eventos y Noticias Sobre Tendencias Bancarias","robots":{"index":"noindex","follow":"nofollow"},"og_locale":"es_ES","og_type":"article","og_title":"Newsletter: \u00danase a Nuestra Comunidad | Auriga","og_description":"Recibir\u00e0 Comunicaciones de Nuestras Nuevas Soluciones, Informes Sobre la Participaci\u00f3n en Eventos y Noticias Sobre Tendencias Bancarias","og_url":"https:\/\/www.aurigaspa.com\/es\/newsletter\/","og_site_name":"Auriga","article_publisher":"https:\/\/www.facebook.com\/aurigaspa","article_modified_time":"2024-05-08T11:03:40+00:00","og_image":[{"width":700,"height":320,"url":"https:\/\/www.aurigaspa.com\/wp-content\/uploads\/Newsletter.jpg","type":"image\/jpeg"}],"twitter_card":"summary_large_image","twitter_title":"Newsletter: \u00danase a Nuestra Comunidad | Auriga","twitter_description":"Recibir\u00e0 Comunicaciones de Nuestras Nuevas Soluciones, Informes Sobre la Participaci\u00f3n en Eventos y Noticias Sobre Tendencias Bancarias","twitter_image":"https:\/\/www.aurigaspa.com\/wp-content\/uploads\/Newsletter.jpg","schema":{"@context":"https:\/\/schema.org","@graph":[{"@type":"WebPage","@id":"https:\/\/www.aurigaspa.com\/es\/newsletter\/","url":"https:\/\/www.aurigaspa.com\/es\/newsletter\/","name":"Newsletter: \u00danase a Nuestra Comunidad | Auriga The Banking Evolution","isPartOf":{"@id":"https:\/\/www.aurigaspa.com\/es\/#website"},"primaryImageOfPage":{"@id":"https:\/\/www.aurigaspa.com\/es\/newsletter\/#primaryimage"},"image":{"@id":"https:\/\/www.aurigaspa.com\/es\/newsletter\/#primaryimage"},"thumbnailUrl":"https:\/\/www.aurigaspa.com\/wp-content\/uploads\/Newsletter.jpg","datePublished":"2018-02-28T09:38:52+00:00","dateModified":"2024-05-08T11:03:40+00:00","description":"Recibir\u00e0 Comunicaciones de Nuestras Nuevas Soluciones, Informes Sobre la Participaci\u00f3n en Eventos y Noticias Sobre Tendencias Bancarias","breadcrumb":{"@id":"https:\/\/www.aurigaspa.com\/es\/newsletter\/#breadcrumb"},"inLanguage":"es","potentialAction":[{"@type":"ReadAction","target":["https:\/\/www.aurigaspa.com\/es\/newsletter\/"]}]},{"@type":"ImageObject","inLanguage":"es","@id":"https:\/\/www.aurigaspa.com\/es\/newsletter\/#primaryimage","url":"https:\/\/www.aurigaspa.com\/wp-content\/uploads\/Newsletter.jpg","contentUrl":"https:\/\/www.aurigaspa.com\/wp-content\/uploads\/Newsletter.jpg","width":700,"height":320,"caption":"Newsletter"},{"@type":"BreadcrumbList","@id":"https:\/\/www.aurigaspa.com\/es\/newsletter\/#breadcrumb","itemListElement":[{"@type":"ListItem","position":1,"name":"Home","item":"https:\/\/www.aurigaspa.com\/es\/"},{"@type":"ListItem","position":2,"name":"Sigamos en contacto"}]},{"@type":"WebSite","@id":"https:\/\/www.aurigaspa.com\/es\/#website","url":"https:\/\/www.aurigaspa.com\/es\/","name":"Auriga","description":"The banking evolution","publisher":{"@id":"https:\/\/www.aurigaspa.com\/es\/#organization"},"potentialAction":[{"@type":"SearchAction","target":{"@type":"EntryPoint","urlTemplate":"https:\/\/www.aurigaspa.com\/es\/?s={search_term_string}"},"query-input":{"@type":"PropertyValueSpecification","valueRequired":true,"valueName":"search_term_string"}}],"inLanguage":"es"},{"@type":"Organization","@id":"https:\/\/www.aurigaspa.com\/es\/#organization","name":"Auriga","url":"https:\/\/www.aurigaspa.com\/es\/","logo":{"@type":"ImageObject","inLanguage":"es","@id":"https:\/\/www.aurigaspa.com\/es\/#\/schema\/logo\/image\/","url":"https:\/\/www.aurigaspa.com\/wp-content\/uploads\/marchio_auriga_nopayoff_web.png","contentUrl":"https:\/\/www.aurigaspa.com\/wp-content\/uploads\/marchio_auriga_nopayoff_web.png","width":660,"height":360,"caption":"Auriga"},"image":{"@id":"https:\/\/www.aurigaspa.com\/es\/#\/schema\/logo\/image\/"},"sameAs":["https:\/\/www.facebook.com\/aurigaspa","https:\/\/www.instagram.com\/auriga_the_banking_evolution\/","https:\/\/www.linkedin.com\/company\/auriga-spa","https:\/\/www.youtube.com\/user\/aurigaspacom"]}]}},"_links":{"self":[{"href":"https:\/\/www.aurigaspa.com\/es\/wp-json\/wp\/v2\/pages\/33116","targetHints":{"allow":["GET"]}}],"collection":[{"href":"https:\/\/www.aurigaspa.com\/es\/wp-json\/wp\/v2\/pages"}],"about":[{"href":"https:\/\/www.aurigaspa.com\/es\/wp-json\/wp\/v2\/types\/page"}],"author":[{"embeddable":true,"href":"https:\/\/www.aurigaspa.com\/es\/wp-json\/wp\/v2\/users\/1"}],"replies":[{"embeddable":true,"href":"https:\/\/www.aurigaspa.com\/es\/wp-json\/wp\/v2\/comments?post=33116"}],"version-history":[{"count":5,"href":"https:\/\/www.aurigaspa.com\/es\/wp-json\/wp\/v2\/pages\/33116\/revisions"}],"predecessor-version":[{"id":73235,"href":"https:\/\/www.aurigaspa.com\/es\/wp-json\/wp\/v2\/pages\/33116\/revisions\/73235"}],"wp:featuredmedia":[{"embeddable":true,"href":"https:\/\/www.aurigaspa.com\/es\/wp-json\/wp\/v2\/media\/56905"}],"wp:attachment":[{"href":"https:\/\/www.aurigaspa.com\/es\/wp-json\/wp\/v2\/media?parent=33116"}],"curies":[{"name":"wp","href":"https:\/\/api.w.org\/{rel}","templated":true}]}}