{"id":33072,"date":"2017-12-04T09:46:36","date_gmt":"2017-12-04T07:46:36","guid":{"rendered":"https:\/\/www.aurigaspa.com\/trabajo\/work-for-auriga\/"},"modified":"2025-11-12T17:43:22","modified_gmt":"2025-11-12T16:43:22","slug":"trabaja-con-nosostros","status":"publish","type":"page","link":"https:\/\/www.aurigaspa.com\/es\/carreras\/trabaja-con-nosostros\/","title":{"rendered":"Trabaja con nosostros"},"content":{"rendered":"<p>Sabemos que las personas son el <strong>recurso m\u00e1s importante<\/strong> para el \u00e9xito de nuestra empresa.<\/p>\n<p>Por este motivo, colaboramos con<strong> las instituciones acad\u00e9micas m\u00e1s importantes<\/strong> en la constante b\u00fasqueda de profesionales j\u00f3venes, entusiastas, decididos y capaces que quieran compartir nuestra visi\u00f3n empresarial y crecer junto a nosotros.<\/p>\n<p><img loading=\"lazy\" decoding=\"async\" class=\"alignnone wp-image-45649 size-full\" title=\"Trabaja con nosostros Auriga\" src=\"https:\/\/www.aurigaspa.com\/wp-content\/uploads\/Lavora-con-noi-Auriga.jpg\" alt=\"Trabaja con nosostros Auriga\" width=\"795\" height=\"356\" \/><\/p>\n<h2>Trabaja con nosotros en Auriga para:<\/h2>\n[inline_list]\n<ul>\n<li>Encontrarse al centro de la innovaci\u00f3n, en un entorno joven y din\u00e1mico, orientado a compartir el conocimiento y al trabajo en equipo.<\/li>\n<li>Formar parte de una empresa establecida y en constante evoluci\u00f3n, l\u00edder en su sector de mercado.<\/li>\n<li>Tener oportunidades concretas para el desarrollo profesional, con la garant\u00eda de ser evaluado \u00fanicamente en funci\u00f3n sus habilidades, compromiso y competencias.<\/li>\n<li>Aprovechar los beneficios y la formaci\u00f3n personalizada y continua.<\/li>\n<li>Tener la oportunidad de trabajar en un contexto internacional.<\/li>\n<li>Trabajar en un sector del mercado que es un punto de referencia para nuevos modelos econ\u00f3micos emergentes.<\/li>\n<\/ul>\n[\/inline_list]\n<div class=\"row dati_01\">\n<div class=\"col-sm-6\">\n<div class=\"box_dati\">\n<div class=\"row section_01\">\n<div class=\"col-sm-12\">\n<p class=\"title_big\">350<\/p>\n<\/div>\n<\/div>\n<div class=\"section_02 dipendenti\">\n<p>empleados en Auriga<\/p>\n<\/div>\n<\/div>\n<\/div>\n<div class=\"col-sm-6\">\n<div class=\"box_dati\">\n<div class=\"row box_group\">\n<div class=\"box_dati_col_6\">\n<div class=\"row section_01\">\n<div class=\"col-sm-12\">\n<p class=\"title_big\">33 years<\/p>\n<\/div>\n<\/div>\n<div class=\"section_02\">\n<p>el promedio de edad<\/p>\n<\/div>\n<\/div>\n<div class=\"box_dati_col_6\">\n<div class=\"row section_01\">\n<div class=\"col-sm-12\">\n<p class=\"title_big\">75%<\/p>\n<\/div>\n<\/div>\n<div class=\"section_02\">\n<p>de los empleados tiene menos de 40 a\u00f1os<\/p>\n<\/div>\n<\/div>\n<\/div>\n<\/div>\n<\/div>\n<\/div>\n<div class=\"barchart_container\" style=\"padding: 20px 0 0 0;\">\n<p style=\"text-align: center;\"><span style=\"width: 100%; font-size: 20px; text-align: center; color: #666666; font-family: Arial;\">Crecimiento del empleo en Auriga<\/span><\/p>\n<div id=\"columnchart_crescita\"><img decoding=\"async\" src=\"https:\/\/www.aurigaspa.com\/wp-content\/uploads\/grafico-crescita-occupazionale.svg\" alt=\"grafico crescita occupazionale\"><\/div>\n<\/div>\n<p>&nbsp;<\/p>\n<div class=\"call-to-action centered\">\n<div class=\"cta-txt\">\n<h2>Si quisieras trabajar con nosotros<\/h2>\n<\/div>\n<div class=\"cta-btn\"><a class=\"btn btn-info\" href=\"https:\/\/www.aurigaspa.com\/es\/carreras\/candidatura-espontanea\/\">Env\u00eda tu CV<\/a><\/div>\n<\/div>\n","protected":false},"excerpt":{"rendered":"<p>Sabemos que las personas son el recurso m\u00e1s importante para el \u00e9xito de nuestra empresa. Por este motivo, colaboramos con las instituciones acad\u00e9micas m\u00e1s importantes en la constante b\u00fasqueda de profesionales j\u00f3venes, entusiastas, decididos y capaces que quieran compartir nuestra visi\u00f3n empresarial y crecer junto a nosotros. Trabaja con nosotros en Auriga para: [inline_list] Encontrarse<\/p>\n","protected":false},"author":1,"featured_media":0,"parent":33064,"menu_order":0,"comment_status":"closed","ping_status":"closed","template":"","meta":{"footnotes":""},"class_list":["post-33072","page","type-page","status-publish","hentry"],"yoast_head":"<!-- This site is optimized with the Yoast SEO Premium plugin v27.3 (Yoast SEO v27.3) - https:\/\/yoast.com\/product\/yoast-seo-premium-wordpress\/ -->\n<title>Trabaja con Nosostros - Env\u00eda tu CV para Trabajar en Auriga<\/title>\n<meta name=\"description\" content=\"Sabemos que las Personas son el Recurso M\u00e1s Importante para el \u00e9xito de Nuestra Empresa. Si quisiera Trabajar con Nosotros, env\u00eda tu CV\" \/>\n<meta name=\"robots\" content=\"index, follow, max-snippet:-1, max-image-preview:large, max-video-preview:-1\" \/>\n<link rel=\"canonical\" href=\"https:\/\/www.aurigaspa.com\/es\/carreras\/trabaja-con-nosostros\/\" \/>\n<meta property=\"og:locale\" content=\"es_ES\" \/>\n<meta property=\"og:type\" content=\"article\" \/>\n<meta property=\"og:title\" content=\"Trabaja con Nosostros - Env\u00eda tu CV para Trabajar en Auriga\" \/>\n<meta property=\"og:description\" content=\"Sabemos que las Personas son el Recurso M\u00e1s Importante para el \u00e9xito de Nuestra Empresa. Si quisiera Trabajar con Nosotros, env\u00eda tu CV\" \/>\n<meta property=\"og:url\" content=\"https:\/\/www.aurigaspa.com\/es\/carreras\/trabaja-con-nosostros\/\" \/>\n<meta property=\"og:site_name\" content=\"Auriga\" \/>\n<meta property=\"article:publisher\" content=\"https:\/\/www.facebook.com\/aurigaspa\" \/>\n<meta property=\"article:modified_time\" content=\"2025-11-12T16:43:22+00:00\" \/>\n<meta property=\"og:image\" content=\"https:\/\/www.aurigaspa.com\/wp-content\/uploads\/Lavora-con-noi-Auriga.jpg\" \/>\n\t<meta property=\"og:image:width\" content=\"700\" \/>\n\t<meta property=\"og:image:height\" content=\"320\" \/>\n\t<meta property=\"og:image:type\" content=\"image\/jpeg\" \/>\n<meta name=\"twitter:card\" content=\"summary_large_image\" \/>\n<meta name=\"twitter:title\" content=\"Trabaja con Nosostros - Env\u00eda tu CV para Trabajar en Auriga\" \/>\n<meta name=\"twitter:description\" content=\"Sabemos que las Personas son el Recurso M\u00e1s Importante para el \u00e9xito de Nuestra Empresa. Si quisiera Trabajar con Nosotros, env\u00eda tu CV\" \/>\n<meta name=\"twitter:image\" content=\"https:\/\/www.aurigaspa.com\/wp-content\/uploads\/Lavora-con-noi-Auriga.jpg\" \/>\n<meta name=\"twitter:label1\" content=\"Tiempo de lectura\" \/>\n\t<meta name=\"twitter:data1\" content=\"1 minuto\" \/>\n<script type=\"application\/ld+json\" class=\"yoast-schema-graph\">{\"@context\":\"https:\\\/\\\/schema.org\",\"@graph\":[{\"@type\":\"WebPage\",\"@id\":\"https:\\\/\\\/www.aurigaspa.com\\\/es\\\/carreras\\\/trabaja-con-nosostros\\\/\",\"url\":\"https:\\\/\\\/www.aurigaspa.com\\\/es\\\/carreras\\\/trabaja-con-nosostros\\\/\",\"name\":\"Trabaja con Nosostros - Env\u00eda tu CV para Trabajar en Auriga\",\"isPartOf\":{\"@id\":\"https:\\\/\\\/www.aurigaspa.com\\\/es\\\/#website\"},\"primaryImageOfPage\":{\"@id\":\"https:\\\/\\\/www.aurigaspa.com\\\/es\\\/carreras\\\/trabaja-con-nosostros\\\/#primaryimage\"},\"image\":{\"@id\":\"https:\\\/\\\/www.aurigaspa.com\\\/es\\\/carreras\\\/trabaja-con-nosostros\\\/#primaryimage\"},\"thumbnailUrl\":\"https:\\\/\\\/www.aurigaspa.com\\\/wp-content\\\/uploads\\\/Lavora-con-noi-Auriga.jpg\",\"datePublished\":\"2017-12-04T07:46:36+00:00\",\"dateModified\":\"2025-11-12T16:43:22+00:00\",\"description\":\"Sabemos que las Personas son el Recurso M\u00e1s Importante para el \u00e9xito de Nuestra Empresa. Si quisiera Trabajar con Nosotros, env\u00eda tu CV\",\"breadcrumb\":{\"@id\":\"https:\\\/\\\/www.aurigaspa.com\\\/es\\\/carreras\\\/trabaja-con-nosostros\\\/#breadcrumb\"},\"inLanguage\":\"es\",\"potentialAction\":[{\"@type\":\"ReadAction\",\"target\":[\"https:\\\/\\\/www.aurigaspa.com\\\/es\\\/carreras\\\/trabaja-con-nosostros\\\/\"]}]},{\"@type\":\"ImageObject\",\"inLanguage\":\"es\",\"@id\":\"https:\\\/\\\/www.aurigaspa.com\\\/es\\\/carreras\\\/trabaja-con-nosostros\\\/#primaryimage\",\"url\":\"https:\\\/\\\/www.aurigaspa.com\\\/wp-content\\\/uploads\\\/Lavora-con-noi-Auriga.jpg\",\"contentUrl\":\"https:\\\/\\\/www.aurigaspa.com\\\/wp-content\\\/uploads\\\/Lavora-con-noi-Auriga.jpg\"},{\"@type\":\"BreadcrumbList\",\"@id\":\"https:\\\/\\\/www.aurigaspa.com\\\/es\\\/carreras\\\/trabaja-con-nosostros\\\/#breadcrumb\",\"itemListElement\":[{\"@type\":\"ListItem\",\"position\":1,\"name\":\"Home\",\"item\":\"https:\\\/\\\/www.aurigaspa.com\\\/es\\\/\"},{\"@type\":\"ListItem\",\"position\":2,\"name\":\"Carreras\",\"item\":\"https:\\\/\\\/www.aurigaspa.com\\\/es\\\/carreras\\\/\"},{\"@type\":\"ListItem\",\"position\":3,\"name\":\"Trabaja con nosostros\"}]},{\"@type\":\"WebSite\",\"@id\":\"https:\\\/\\\/www.aurigaspa.com\\\/es\\\/#website\",\"url\":\"https:\\\/\\\/www.aurigaspa.com\\\/es\\\/\",\"name\":\"Auriga\",\"description\":\"The banking evolution\",\"publisher\":{\"@id\":\"https:\\\/\\\/www.aurigaspa.com\\\/es\\\/#organization\"},\"potentialAction\":[{\"@type\":\"SearchAction\",\"target\":{\"@type\":\"EntryPoint\",\"urlTemplate\":\"https:\\\/\\\/www.aurigaspa.com\\\/es\\\/?s={search_term_string}\"},\"query-input\":{\"@type\":\"PropertyValueSpecification\",\"valueRequired\":true,\"valueName\":\"search_term_string\"}}],\"inLanguage\":\"es\"},{\"@type\":\"Organization\",\"@id\":\"https:\\\/\\\/www.aurigaspa.com\\\/es\\\/#organization\",\"name\":\"Auriga\",\"url\":\"https:\\\/\\\/www.aurigaspa.com\\\/es\\\/\",\"logo\":{\"@type\":\"ImageObject\",\"inLanguage\":\"es\",\"@id\":\"https:\\\/\\\/www.aurigaspa.com\\\/es\\\/#\\\/schema\\\/logo\\\/image\\\/\",\"url\":\"https:\\\/\\\/www.aurigaspa.com\\\/wp-content\\\/uploads\\\/marchio_auriga_nopayoff_web.png\",\"contentUrl\":\"https:\\\/\\\/www.aurigaspa.com\\\/wp-content\\\/uploads\\\/marchio_auriga_nopayoff_web.png\",\"width\":660,\"height\":360,\"caption\":\"Auriga\"},\"image\":{\"@id\":\"https:\\\/\\\/www.aurigaspa.com\\\/es\\\/#\\\/schema\\\/logo\\\/image\\\/\"},\"sameAs\":[\"https:\\\/\\\/www.facebook.com\\\/aurigaspa\",\"https:\\\/\\\/www.instagram.com\\\/auriga_the_banking_evolution\\\/\",\"https:\\\/\\\/www.linkedin.com\\\/company\\\/auriga-spa\",\"https:\\\/\\\/www.youtube.com\\\/user\\\/aurigaspacom\"]}]}<\/script>\n<!-- \/ Yoast SEO Premium plugin. -->","yoast_head_json":{"title":"Trabaja con Nosostros - Env\u00eda tu CV para Trabajar en Auriga","description":"Sabemos que las Personas son el Recurso M\u00e1s Importante para el \u00e9xito de Nuestra Empresa. Si quisiera Trabajar con Nosotros, env\u00eda tu CV","robots":{"index":"index","follow":"follow","max-snippet":"max-snippet:-1","max-image-preview":"max-image-preview:large","max-video-preview":"max-video-preview:-1"},"canonical":"https:\/\/www.aurigaspa.com\/es\/carreras\/trabaja-con-nosostros\/","og_locale":"es_ES","og_type":"article","og_title":"Trabaja con Nosostros - Env\u00eda tu CV para Trabajar en Auriga","og_description":"Sabemos que las Personas son el Recurso M\u00e1s Importante para el \u00e9xito de Nuestra Empresa. Si quisiera Trabajar con Nosotros, env\u00eda tu CV","og_url":"https:\/\/www.aurigaspa.com\/es\/carreras\/trabaja-con-nosostros\/","og_site_name":"Auriga","article_publisher":"https:\/\/www.facebook.com\/aurigaspa","article_modified_time":"2025-11-12T16:43:22+00:00","og_image":[{"width":700,"height":320,"url":"https:\/\/www.aurigaspa.com\/wp-content\/uploads\/Lavora-con-noi-Auriga.jpg","type":"image\/jpeg"}],"twitter_card":"summary_large_image","twitter_title":"Trabaja con Nosostros - Env\u00eda tu CV para Trabajar en Auriga","twitter_description":"Sabemos que las Personas son el Recurso M\u00e1s Importante para el \u00e9xito de Nuestra Empresa. Si quisiera Trabajar con Nosotros, env\u00eda tu CV","twitter_image":"https:\/\/www.aurigaspa.com\/wp-content\/uploads\/Lavora-con-noi-Auriga.jpg","twitter_misc":{"Tiempo de lectura":"1 minuto"},"schema":{"@context":"https:\/\/schema.org","@graph":[{"@type":"WebPage","@id":"https:\/\/www.aurigaspa.com\/es\/carreras\/trabaja-con-nosostros\/","url":"https:\/\/www.aurigaspa.com\/es\/carreras\/trabaja-con-nosostros\/","name":"Trabaja con Nosostros - Env\u00eda tu CV para Trabajar en Auriga","isPartOf":{"@id":"https:\/\/www.aurigaspa.com\/es\/#website"},"primaryImageOfPage":{"@id":"https:\/\/www.aurigaspa.com\/es\/carreras\/trabaja-con-nosostros\/#primaryimage"},"image":{"@id":"https:\/\/www.aurigaspa.com\/es\/carreras\/trabaja-con-nosostros\/#primaryimage"},"thumbnailUrl":"https:\/\/www.aurigaspa.com\/wp-content\/uploads\/Lavora-con-noi-Auriga.jpg","datePublished":"2017-12-04T07:46:36+00:00","dateModified":"2025-11-12T16:43:22+00:00","description":"Sabemos que las Personas son el Recurso M\u00e1s Importante para el \u00e9xito de Nuestra Empresa. Si quisiera Trabajar con Nosotros, env\u00eda tu CV","breadcrumb":{"@id":"https:\/\/www.aurigaspa.com\/es\/carreras\/trabaja-con-nosostros\/#breadcrumb"},"inLanguage":"es","potentialAction":[{"@type":"ReadAction","target":["https:\/\/www.aurigaspa.com\/es\/carreras\/trabaja-con-nosostros\/"]}]},{"@type":"ImageObject","inLanguage":"es","@id":"https:\/\/www.aurigaspa.com\/es\/carreras\/trabaja-con-nosostros\/#primaryimage","url":"https:\/\/www.aurigaspa.com\/wp-content\/uploads\/Lavora-con-noi-Auriga.jpg","contentUrl":"https:\/\/www.aurigaspa.com\/wp-content\/uploads\/Lavora-con-noi-Auriga.jpg"},{"@type":"BreadcrumbList","@id":"https:\/\/www.aurigaspa.com\/es\/carreras\/trabaja-con-nosostros\/#breadcrumb","itemListElement":[{"@type":"ListItem","position":1,"name":"Home","item":"https:\/\/www.aurigaspa.com\/es\/"},{"@type":"ListItem","position":2,"name":"Carreras","item":"https:\/\/www.aurigaspa.com\/es\/carreras\/"},{"@type":"ListItem","position":3,"name":"Trabaja con nosostros"}]},{"@type":"WebSite","@id":"https:\/\/www.aurigaspa.com\/es\/#website","url":"https:\/\/www.aurigaspa.com\/es\/","name":"Auriga","description":"The banking evolution","publisher":{"@id":"https:\/\/www.aurigaspa.com\/es\/#organization"},"potentialAction":[{"@type":"SearchAction","target":{"@type":"EntryPoint","urlTemplate":"https:\/\/www.aurigaspa.com\/es\/?s={search_term_string}"},"query-input":{"@type":"PropertyValueSpecification","valueRequired":true,"valueName":"search_term_string"}}],"inLanguage":"es"},{"@type":"Organization","@id":"https:\/\/www.aurigaspa.com\/es\/#organization","name":"Auriga","url":"https:\/\/www.aurigaspa.com\/es\/","logo":{"@type":"ImageObject","inLanguage":"es","@id":"https:\/\/www.aurigaspa.com\/es\/#\/schema\/logo\/image\/","url":"https:\/\/www.aurigaspa.com\/wp-content\/uploads\/marchio_auriga_nopayoff_web.png","contentUrl":"https:\/\/www.aurigaspa.com\/wp-content\/uploads\/marchio_auriga_nopayoff_web.png","width":660,"height":360,"caption":"Auriga"},"image":{"@id":"https:\/\/www.aurigaspa.com\/es\/#\/schema\/logo\/image\/"},"sameAs":["https:\/\/www.facebook.com\/aurigaspa","https:\/\/www.instagram.com\/auriga_the_banking_evolution\/","https:\/\/www.linkedin.com\/company\/auriga-spa","https:\/\/www.youtube.com\/user\/aurigaspacom"]}]}},"_links":{"self":[{"href":"https:\/\/www.aurigaspa.com\/es\/wp-json\/wp\/v2\/pages\/33072","targetHints":{"allow":["GET"]}}],"collection":[{"href":"https:\/\/www.aurigaspa.com\/es\/wp-json\/wp\/v2\/pages"}],"about":[{"href":"https:\/\/www.aurigaspa.com\/es\/wp-json\/wp\/v2\/types\/page"}],"author":[{"embeddable":true,"href":"https:\/\/www.aurigaspa.com\/es\/wp-json\/wp\/v2\/users\/1"}],"replies":[{"embeddable":true,"href":"https:\/\/www.aurigaspa.com\/es\/wp-json\/wp\/v2\/comments?post=33072"}],"version-history":[{"count":5,"href":"https:\/\/www.aurigaspa.com\/es\/wp-json\/wp\/v2\/pages\/33072\/revisions"}],"predecessor-version":[{"id":77863,"href":"https:\/\/www.aurigaspa.com\/es\/wp-json\/wp\/v2\/pages\/33072\/revisions\/77863"}],"up":[{"embeddable":true,"href":"https:\/\/www.aurigaspa.com\/es\/wp-json\/wp\/v2\/pages\/33064"}],"wp:attachment":[{"href":"https:\/\/www.aurigaspa.com\/es\/wp-json\/wp\/v2\/media?parent=33072"}],"curies":[{"name":"wp","href":"https:\/\/api.w.org\/{rel}","templated":true}]}}