{"id":33021,"date":"2017-11-28T08:01:47","date_gmt":"2017-11-28T08:01:47","guid":{"rendered":"https:\/\/www.aurigaspa.com\/news-media\/reports\/"},"modified":"2025-11-12T10:12:17","modified_gmt":"2025-11-12T09:12:17","slug":"informes","status":"publish","type":"page","link":"https:\/\/www.aurigaspa.com\/es\/recursos\/informes\/","title":{"rendered":"Informes"},"content":{"rendered":"<div class=\"text_01\">\n<h4>Leader italiano nel software per la banca omnicanale<\/h4>\n<\/div>\n<div class=\"boxTesto\">\n<div class=\"text_02\">\n<h5 style=\"text-align: left;\">Da oltre 20 anni progettiamo e realizziamo software innovativi, punto di riferimento per il mondo delle banche.<\/h5>\n<\/div>\n<p>Auriga \u00e8 protagonista di livello internazionale nella realizzazione di soluzioni software proprietarie con una forte specializzazione nell&#8217;area Banking, <strong>attraverso lo sviluppo di piattaforme integrate che hanno contribuito a definire gli standard dei nuovi modelli di banca omnicanale.<\/strong><\/p>\n<p>Una architettura web based in grado di garantire la perfetta sinergia tra self service, Internet Banking e Mobile Banking al servizio di una \u00abseamless bank experience\u00bb ai massimi livelli.<\/p>\n<div style=\"text-align: left;\"><img decoding=\"async\" style=\"width: 671px;\" src=\"https:\/\/www.aurigaspa.com\/wp-content\/uploads\/schema1_neww.jpg\" alt=\"Quote di mercato, fatturato, ATM e utenti gestiti con software Auriga\" width=\"671\" \/><\/div>\n<div><\/div>\n[divider_line]\n[dropcap style=\u00bbs2&#8243;]<i class=\"fa fa-map-marker\"><\/i>[\/dropcap]\n<div class=\"text_03\">\n<h6>Il mercato internazionale<\/h6>\n<\/div>\n<p>Con sedi a Bari, Roma, Milano, Londra, Parigi e Francoforte Auriga sta sviluppando una dinamica attivit\u00e0 internazionale \u2013 attualmente in Slovenia, Romania, Serbia, Belgio, Svizzera, Austria e UK \u2013 per portare nel mondo l&#8217;eccellenza dell&#8217;expertise e della tecnologia Made in Italy.<\/p>\n<div style=\"text-align: center;\"><img loading=\"lazy\" decoding=\"async\" style=\"width: 311px; height: 189px;\" src=\"https:\/\/www.aurigaspa.com\/wp-content\/uploads\/schema_it.png\" alt=\"Sedi e presenza internazionale Auriga\" width=\"311\" height=\"189\" \/><\/div>\n[divider_line]\n[dropcap style=\u00bbs2&#8243;]<i class=\"fa fa-lightbulb-o\"><\/i>[\/dropcap]\n<div class=\"text_03\">\n<h6>Ricerca e sviluppo<\/h6>\n<\/div>\n<p>Auriga \u00e8, da sempre, impegnata in una costante attivit\u00e0 di ricerca e sviluppo per garantire i pi\u00f9 elevati standard di innovazione e <a href=\"..\/ita\/azienda\/certificazioni-e-partnership\/certificazioni\/\">qualit\u00e0<\/a> di prodotto, anche attraverso la <a href=\"..\/ita\/azienda\/certificazioni-e-partnership\/partnership\/\">partnership<\/a> con importanti realt\u00e0 accademiche e l&#8217;appartenenza alle maggiori associazioni internazionali di settore.<\/p>\n<div style=\"margin-top: 20px; margin-bottom: 20px; text-align: justify;\"><img loading=\"lazy\" decoding=\"async\" style=\"width: 563px; height: 24px;\" src=\"..\/..\/wp-content\/uploads\/img\/datiChiSiamo1.png\" alt=\"Investimenti in ricerca e sviluppo \u2013 2,5 milioni di euro negli ultimi 3 anni\" width=\"563\" height=\"24\" \/><\/div>\n[divider_line]\n[dropcap style=\u00bbs2&#8243;]<i class=\"fa fa-male\"><\/i>[\/dropcap]\n<div class=\"text_03\">\n<h6>Clienti<\/h6>\n<\/div>\n<p>Oggi Auriga \u00e8 referente di un portafoglio di oltre 150 clienti, tra cui alcuni tra i pi\u00f9 importanti fornitori di servizi e gruppi bancari italiani.<\/p>\n<div style=\"margin-top: 20px; margin-bottom: 20px; text-align: justify;\"><img loading=\"lazy\" decoding=\"async\" style=\"width: 647px; height: 42px;\" src=\"..\/..\/wp-content\/uploads\/img\/datiChiSiamo2.png\" alt=\"Clienti Auriga - 150 clienti di cui 10 gruppo bancari e 35 societ\u00e0 di fornitura di servizi alle banche\" width=\"647\" height=\"42\" \/><\/div>\n[divider_line]\n[dropcap style=\u00bbs2&#8243;]<i class=\"fa fa-users\"><\/i>[\/dropcap]\n<div class=\"text_03\">\n<h6>Persone<\/h6>\n<\/div>\n<p>Auriga considera le <a href=\"..\/ita\/careers\/lavorare-in-auriga\/\">persone<\/a> come la risorsa fondamentale per il successo aziendale e basa il suo modello di business sulla ricerca costante di giovani professionisti capaci, competenti e determinati con cui condividere il proprio progetto imprenditoriale.<\/p>\n<div style=\"margin-top: 20px; margin-bottom: 20px; text-align: justify;\"><img loading=\"lazy\" decoding=\"async\" src=\"https:\/\/www.aurigaspa.com\/wp-content\/uploads\/schema3_ok.png\" alt=\"Dipendenti Auriga\" width=\"750\" height=\"179\" \/><\/div>\n<\/div>\n<p>&nbsp;<\/p>\n","protected":false},"excerpt":{"rendered":"<p>Leader italiano nel software per la banca omnicanale Da oltre 20 anni progettiamo e realizziamo software innovativi, punto di riferimento per il mondo delle banche. Auriga \u00e8 protagonista di livello internazionale nella realizzazione di soluzioni software proprietarie con una forte specializzazione nell&#8217;area Banking, attraverso lo sviluppo di piattaforme integrate che hanno contribuito a definire gli<\/p>\n","protected":false},"author":1,"featured_media":0,"parent":41613,"menu_order":0,"comment_status":"closed","ping_status":"closed","template":"","meta":{"footnotes":""},"class_list":["post-33021","page","type-page","status-publish","hentry"],"yoast_head":"<!-- This site is optimized with the Yoast SEO Premium plugin v27.3 (Yoast SEO v27.3) - https:\/\/yoast.com\/product\/yoast-seo-premium-wordpress\/ -->\n<title>Recursos &gt; Informes | Auriga The banking evolution<\/title>\n<meta name=\"description\" content=\"Auriga The banking evolution - Informes - Recursos\" \/>\n<meta name=\"robots\" content=\"index, follow, max-snippet:-1, max-image-preview:large, max-video-preview:-1\" \/>\n<link rel=\"canonical\" href=\"https:\/\/www.aurigaspa.com\/es\/recursos\/informes\/\" \/>\n<meta property=\"og:locale\" content=\"es_ES\" \/>\n<meta property=\"og:type\" content=\"article\" \/>\n<meta property=\"og:title\" content=\"Informes\" \/>\n<meta property=\"og:description\" content=\"Auriga The banking evolution - Informes - Recursos\" \/>\n<meta property=\"og:url\" content=\"https:\/\/www.aurigaspa.com\/es\/recursos\/informes\/\" \/>\n<meta property=\"og:site_name\" content=\"Auriga\" \/>\n<meta property=\"article:publisher\" content=\"https:\/\/www.facebook.com\/aurigaspa\" \/>\n<meta property=\"article:modified_time\" content=\"2025-11-12T09:12:17+00:00\" \/>\n<meta property=\"og:image\" content=\"https:\/\/www.aurigaspa.com\/wp-content\/uploads\/report-2018-IT-pugliese.jpg\" \/>\n<meta name=\"twitter:card\" content=\"summary_large_image\" \/>\n<meta name=\"twitter:image\" content=\"https:\/\/www.aurigaspa.com\/wp-content\/uploads\/report-2018-IT-pugliese.jpg\" \/>\n<meta name=\"twitter:label1\" content=\"Tiempo de lectura\" \/>\n\t<meta name=\"twitter:data1\" content=\"1 minuto\" \/>\n<script type=\"application\/ld+json\" class=\"yoast-schema-graph\">{\"@context\":\"https:\\\/\\\/schema.org\",\"@graph\":[{\"@type\":\"WebPage\",\"@id\":\"https:\\\/\\\/www.aurigaspa.com\\\/es\\\/recursos\\\/informes\\\/\",\"url\":\"https:\\\/\\\/www.aurigaspa.com\\\/es\\\/recursos\\\/informes\\\/\",\"name\":\"Recursos > Informes | Auriga The banking evolution\",\"isPartOf\":{\"@id\":\"https:\\\/\\\/www.aurigaspa.com\\\/es\\\/#website\"},\"primaryImageOfPage\":{\"@id\":\"https:\\\/\\\/www.aurigaspa.com\\\/es\\\/recursos\\\/informes\\\/#primaryimage\"},\"image\":{\"@id\":\"https:\\\/\\\/www.aurigaspa.com\\\/es\\\/recursos\\\/informes\\\/#primaryimage\"},\"thumbnailUrl\":\"https:\\\/\\\/www.aurigaspa.com\\\/wp-content\\\/uploads\\\/schema1_neww.jpg\",\"datePublished\":\"2017-11-28T08:01:47+00:00\",\"dateModified\":\"2025-11-12T09:12:17+00:00\",\"description\":\"Auriga The banking evolution - Informes - Recursos\",\"breadcrumb\":{\"@id\":\"https:\\\/\\\/www.aurigaspa.com\\\/es\\\/recursos\\\/informes\\\/#breadcrumb\"},\"inLanguage\":\"es\",\"potentialAction\":[{\"@type\":\"ReadAction\",\"target\":[\"https:\\\/\\\/www.aurigaspa.com\\\/es\\\/recursos\\\/informes\\\/\"]}]},{\"@type\":\"ImageObject\",\"inLanguage\":\"es\",\"@id\":\"https:\\\/\\\/www.aurigaspa.com\\\/es\\\/recursos\\\/informes\\\/#primaryimage\",\"url\":\"https:\\\/\\\/www.aurigaspa.com\\\/wp-content\\\/uploads\\\/schema1_neww.jpg\",\"contentUrl\":\"https:\\\/\\\/www.aurigaspa.com\\\/wp-content\\\/uploads\\\/schema1_neww.jpg\"},{\"@type\":\"BreadcrumbList\",\"@id\":\"https:\\\/\\\/www.aurigaspa.com\\\/es\\\/recursos\\\/informes\\\/#breadcrumb\",\"itemListElement\":[{\"@type\":\"ListItem\",\"position\":1,\"name\":\"Home\",\"item\":\"https:\\\/\\\/www.aurigaspa.com\\\/es\\\/\"},{\"@type\":\"ListItem\",\"position\":2,\"name\":\"Recursos\",\"item\":\"https:\\\/\\\/www.aurigaspa.com\\\/es\\\/recursos\\\/\"},{\"@type\":\"ListItem\",\"position\":3,\"name\":\"Informes\"}]},{\"@type\":\"WebSite\",\"@id\":\"https:\\\/\\\/www.aurigaspa.com\\\/es\\\/#website\",\"url\":\"https:\\\/\\\/www.aurigaspa.com\\\/es\\\/\",\"name\":\"Auriga\",\"description\":\"The banking evolution\",\"publisher\":{\"@id\":\"https:\\\/\\\/www.aurigaspa.com\\\/es\\\/#organization\"},\"potentialAction\":[{\"@type\":\"SearchAction\",\"target\":{\"@type\":\"EntryPoint\",\"urlTemplate\":\"https:\\\/\\\/www.aurigaspa.com\\\/es\\\/?s={search_term_string}\"},\"query-input\":{\"@type\":\"PropertyValueSpecification\",\"valueRequired\":true,\"valueName\":\"search_term_string\"}}],\"inLanguage\":\"es\"},{\"@type\":\"Organization\",\"@id\":\"https:\\\/\\\/www.aurigaspa.com\\\/es\\\/#organization\",\"name\":\"Auriga\",\"url\":\"https:\\\/\\\/www.aurigaspa.com\\\/es\\\/\",\"logo\":{\"@type\":\"ImageObject\",\"inLanguage\":\"es\",\"@id\":\"https:\\\/\\\/www.aurigaspa.com\\\/es\\\/#\\\/schema\\\/logo\\\/image\\\/\",\"url\":\"https:\\\/\\\/www.aurigaspa.com\\\/wp-content\\\/uploads\\\/marchio_auriga_nopayoff_web.png\",\"contentUrl\":\"https:\\\/\\\/www.aurigaspa.com\\\/wp-content\\\/uploads\\\/marchio_auriga_nopayoff_web.png\",\"width\":660,\"height\":360,\"caption\":\"Auriga\"},\"image\":{\"@id\":\"https:\\\/\\\/www.aurigaspa.com\\\/es\\\/#\\\/schema\\\/logo\\\/image\\\/\"},\"sameAs\":[\"https:\\\/\\\/www.facebook.com\\\/aurigaspa\",\"https:\\\/\\\/www.instagram.com\\\/auriga_the_banking_evolution\\\/\",\"https:\\\/\\\/www.linkedin.com\\\/company\\\/auriga-spa\",\"https:\\\/\\\/www.youtube.com\\\/user\\\/aurigaspacom\"]}]}<\/script>\n<!-- \/ Yoast SEO Premium plugin. -->","yoast_head_json":{"title":"Recursos > Informes | Auriga The banking evolution","description":"Auriga The banking evolution - Informes - Recursos","robots":{"index":"index","follow":"follow","max-snippet":"max-snippet:-1","max-image-preview":"max-image-preview:large","max-video-preview":"max-video-preview:-1"},"canonical":"https:\/\/www.aurigaspa.com\/es\/recursos\/informes\/","og_locale":"es_ES","og_type":"article","og_title":"Informes","og_description":"Auriga The banking evolution - Informes - Recursos","og_url":"https:\/\/www.aurigaspa.com\/es\/recursos\/informes\/","og_site_name":"Auriga","article_publisher":"https:\/\/www.facebook.com\/aurigaspa","article_modified_time":"2025-11-12T09:12:17+00:00","og_image":[{"url":"https:\/\/www.aurigaspa.com\/wp-content\/uploads\/report-2018-IT-pugliese.jpg","type":"","width":"","height":""}],"twitter_card":"summary_large_image","twitter_image":"https:\/\/www.aurigaspa.com\/wp-content\/uploads\/report-2018-IT-pugliese.jpg","twitter_misc":{"Tiempo de lectura":"1 minuto"},"schema":{"@context":"https:\/\/schema.org","@graph":[{"@type":"WebPage","@id":"https:\/\/www.aurigaspa.com\/es\/recursos\/informes\/","url":"https:\/\/www.aurigaspa.com\/es\/recursos\/informes\/","name":"Recursos > Informes | Auriga The banking evolution","isPartOf":{"@id":"https:\/\/www.aurigaspa.com\/es\/#website"},"primaryImageOfPage":{"@id":"https:\/\/www.aurigaspa.com\/es\/recursos\/informes\/#primaryimage"},"image":{"@id":"https:\/\/www.aurigaspa.com\/es\/recursos\/informes\/#primaryimage"},"thumbnailUrl":"https:\/\/www.aurigaspa.com\/wp-content\/uploads\/schema1_neww.jpg","datePublished":"2017-11-28T08:01:47+00:00","dateModified":"2025-11-12T09:12:17+00:00","description":"Auriga The banking evolution - Informes - Recursos","breadcrumb":{"@id":"https:\/\/www.aurigaspa.com\/es\/recursos\/informes\/#breadcrumb"},"inLanguage":"es","potentialAction":[{"@type":"ReadAction","target":["https:\/\/www.aurigaspa.com\/es\/recursos\/informes\/"]}]},{"@type":"ImageObject","inLanguage":"es","@id":"https:\/\/www.aurigaspa.com\/es\/recursos\/informes\/#primaryimage","url":"https:\/\/www.aurigaspa.com\/wp-content\/uploads\/schema1_neww.jpg","contentUrl":"https:\/\/www.aurigaspa.com\/wp-content\/uploads\/schema1_neww.jpg"},{"@type":"BreadcrumbList","@id":"https:\/\/www.aurigaspa.com\/es\/recursos\/informes\/#breadcrumb","itemListElement":[{"@type":"ListItem","position":1,"name":"Home","item":"https:\/\/www.aurigaspa.com\/es\/"},{"@type":"ListItem","position":2,"name":"Recursos","item":"https:\/\/www.aurigaspa.com\/es\/recursos\/"},{"@type":"ListItem","position":3,"name":"Informes"}]},{"@type":"WebSite","@id":"https:\/\/www.aurigaspa.com\/es\/#website","url":"https:\/\/www.aurigaspa.com\/es\/","name":"Auriga","description":"The banking evolution","publisher":{"@id":"https:\/\/www.aurigaspa.com\/es\/#organization"},"potentialAction":[{"@type":"SearchAction","target":{"@type":"EntryPoint","urlTemplate":"https:\/\/www.aurigaspa.com\/es\/?s={search_term_string}"},"query-input":{"@type":"PropertyValueSpecification","valueRequired":true,"valueName":"search_term_string"}}],"inLanguage":"es"},{"@type":"Organization","@id":"https:\/\/www.aurigaspa.com\/es\/#organization","name":"Auriga","url":"https:\/\/www.aurigaspa.com\/es\/","logo":{"@type":"ImageObject","inLanguage":"es","@id":"https:\/\/www.aurigaspa.com\/es\/#\/schema\/logo\/image\/","url":"https:\/\/www.aurigaspa.com\/wp-content\/uploads\/marchio_auriga_nopayoff_web.png","contentUrl":"https:\/\/www.aurigaspa.com\/wp-content\/uploads\/marchio_auriga_nopayoff_web.png","width":660,"height":360,"caption":"Auriga"},"image":{"@id":"https:\/\/www.aurigaspa.com\/es\/#\/schema\/logo\/image\/"},"sameAs":["https:\/\/www.facebook.com\/aurigaspa","https:\/\/www.instagram.com\/auriga_the_banking_evolution\/","https:\/\/www.linkedin.com\/company\/auriga-spa","https:\/\/www.youtube.com\/user\/aurigaspacom"]}]}},"_links":{"self":[{"href":"https:\/\/www.aurigaspa.com\/es\/wp-json\/wp\/v2\/pages\/33021","targetHints":{"allow":["GET"]}}],"collection":[{"href":"https:\/\/www.aurigaspa.com\/es\/wp-json\/wp\/v2\/pages"}],"about":[{"href":"https:\/\/www.aurigaspa.com\/es\/wp-json\/wp\/v2\/types\/page"}],"author":[{"embeddable":true,"href":"https:\/\/www.aurigaspa.com\/es\/wp-json\/wp\/v2\/users\/1"}],"replies":[{"embeddable":true,"href":"https:\/\/www.aurigaspa.com\/es\/wp-json\/wp\/v2\/comments?post=33021"}],"version-history":[{"count":5,"href":"https:\/\/www.aurigaspa.com\/es\/wp-json\/wp\/v2\/pages\/33021\/revisions"}],"predecessor-version":[{"id":77809,"href":"https:\/\/www.aurigaspa.com\/es\/wp-json\/wp\/v2\/pages\/33021\/revisions\/77809"}],"up":[{"embeddable":true,"href":"https:\/\/www.aurigaspa.com\/es\/wp-json\/wp\/v2\/pages\/41613"}],"wp:attachment":[{"href":"https:\/\/www.aurigaspa.com\/es\/wp-json\/wp\/v2\/media?parent=33021"}],"curies":[{"name":"wp","href":"https:\/\/api.w.org\/{rel}","templated":true}]}}