{"id":32997,"date":"2017-10-09T15:55:30","date_gmt":"2017-10-09T15:55:30","guid":{"rendered":"https:\/\/www.aurigaspa.com\/banca\/productos-y-soluciones\/digital-billing-and-document-management\/simplybank-e-invoicing-manager\/"},"modified":"2026-04-08T09:44:40","modified_gmt":"2026-04-08T08:44:40","slug":"simplybank-e-invoicing-manager","status":"publish","type":"page","link":"https:\/\/www.aurigaspa.com\/es\/banca\/productos-y-soluciones\/digital-billing-and-document-management\/simplybank-e-invoicing-manager\/","title":{"rendered":"WWS e-Invoicing"},"content":{"rendered":"<h2>WWS e-Invoicing: facturaci\u00f3n B2B automatizada<\/h2>\n<p>WWS e-Invoicing es una soluci\u00f3n pr\u00e1ctica y segura para la gesti\u00f3n e intercambio de documentos comerciales, facilitando el proceso de facturaci\u00f3n ente empresas, proveedores y bancos.<\/p>\n<h3>Probada<\/h3>\n<p>WWS e-Invoicing Manager cumple con el servicio Corporate Banking Interbancario proporcionado por ABI (Asociaci\u00f3n Italiana de Banca), que conecta m\u00e1s de 670 instituciones financieras y 840 000 empresas en una red fluida y comercialmente orientada. WWS e-Invoicing Manager puede adaptarse con facilidad para admitir flujos de trabajo comerciales y est\u00e1ndares de mensajes para otras redes B2B.<\/p>\n<h3>Completa<\/h3>\n<p>WWS e-Invoicing permite editar, administrar y compartir toda la documentaci\u00f3n administrativa, comercial e informativa entre empresas y sus bancos, incluyendo pedidos, cotizaciones, notificaciones, declaraciones, recibos e informes. WWS e-Invoicing proporciona todos los servicios necesarios para:<br \/>\n[inline_list]\n<ul>\n<li style=\"text-align: left;\">El intercambio seguro de documentos administrativos y financieros entre todas las partes de la transacci\u00f3n<\/li>\n<li style=\"text-align: left;\">La gesti\u00f3n B2B centralizada de todos los procesos administrativos y financieros, incluyendo facturaci\u00f3n, pagos y recibos.<\/li>\n<li style=\"text-align: left;\">La creaci\u00f3n y distribuci\u00f3n de documentos certificados a todas las partes<\/li>\n<\/ul>\n[\/inline_list]\n<h3>Flexible<\/h3>\n<p>WWS e-Invoicing puede implementarse en una variedad de configuraciones para complementar los sistemas manuales ya existentes o para automatizar por completo la gesti\u00f3n de los documentos comerciales.<br \/>\nUn resumen de las funciones de WWS e-Invoicing incluye:<\/p>\n<h3>Gesti\u00f3n del ciclo de facturaci\u00f3n<\/h3>\n[inline_list]\n<ul>\n<li>Introducci\u00f3n manual de facturas<\/li>\n<li>Importaci\u00f3n de documentos con formato gen\u00e9rico o est\u00e1ndar CBI<\/li>\n<li>Intercambio de facturas con socios comerciales (por correo electr\u00f3nico, correo postal y en l\u00ednea a trav\u00e9s del CBI)<\/li>\n<li>Gesti\u00f3n de disputas<\/li>\n<li>Calendario de pagos<\/li>\n<li>Almacenamiento de documentos digitales<\/li>\n<\/ul>\n[\/inline_list]\n<h3>Servicios bancarios<\/h3>\n[inline_list]\n<ul>\n<li>Creaci\u00f3n de estados de reconciliaci\u00f3n e informes configurados por el usuario<\/li>\n<li>Preparaci\u00f3n de solicitudes de cobro de facturas (\u00f3rdenes de efectivo, adeudo directo)<\/li>\n<li>Preparaci\u00f3n de pagos y transferencias bancarias<\/li>\n<\/ul>\n[\/inline_list]\n<h3>Gesti\u00f3n de documento<\/h3>\n[inline_list]\n<ul>\n<li>Escaneo e indexaci\u00f3n de documentos en formato de papel<\/li>\n<li>Importaci\u00f3n de documentos electr\u00f3nicos en distintos formatos<\/li>\n<li>Exportaci\u00f3n de documentos en formato PDF<\/li>\n<li>Archivo en l\u00ednea de documentos enviados y recibidos durante los \u00faltimos 2 a\u00f1os<\/li>\n<li>Archivo programado de documentos con firma digital en almacenamiento no reeditable<\/li>\n<li>Herramientas de b\u00fasqueda personalizada, incluyendo recogida automatizada de documentos archivados<\/li>\n<li>Gesti\u00f3n de documentos para su presentaci\u00f3n a las autoridades fiscales<\/li>\n<\/ul>\n[\/inline_list]\n","protected":false},"excerpt":{"rendered":"<p>WWS e-Invoicing: facturaci\u00f3n B2B automatizada WWS e-Invoicing es una soluci\u00f3n pr\u00e1ctica y segura para la gesti\u00f3n e intercambio de documentos comerciales, facilitando el proceso de facturaci\u00f3n ente empresas, proveedores y bancos. Probada WWS e-Invoicing Manager cumple con el servicio Corporate Banking Interbancario proporcionado por ABI (Asociaci\u00f3n Italiana de Banca), que conecta m\u00e1s de 670 instituciones<\/p>\n","protected":false},"author":1,"featured_media":0,"parent":32994,"menu_order":1,"comment_status":"closed","ping_status":"closed","template":"","meta":{"footnotes":""},"class_list":["post-32997","page","type-page","status-publish","hentry"],"yoast_head":"<!-- This site is optimized with the Yoast SEO Premium plugin v27.4 (Yoast SEO v27.4) - https:\/\/yoast.com\/product\/yoast-seo-premium-wordpress\/ -->\n<title>Facturaci\u00f3n digital y gesti\u00f3n de documentos &gt; WWS e-Invoicing | Auriga<\/title>\n<meta name=\"description\" content=\"Gesti\u00f3n eficaz y automatizada con la facturaci\u00f3n electr\u00f3nica de WWS. Descubra la facturaci\u00f3n B2B que simplifica su negocio.\" \/>\n<meta name=\"robots\" content=\"index, follow, max-snippet:-1, max-image-preview:large, max-video-preview:-1\" \/>\n<link rel=\"canonical\" href=\"https:\/\/www.aurigaspa.com\/es\/banca\/productos-y-soluciones\/digital-billing-and-document-management\/simplybank-e-invoicing-manager\/\" \/>\n<meta property=\"og:locale\" content=\"es_ES\" \/>\n<meta property=\"og:type\" content=\"article\" \/>\n<meta property=\"og:title\" content=\"WWS e-Invoicing | Auriga\" \/>\n<meta property=\"og:description\" content=\"Gesti\u00f3n eficaz y automatizada con la facturaci\u00f3n electr\u00f3nica de WWS. Descubra la facturaci\u00f3n B2B que simplifica su negocio.\" \/>\n<meta property=\"og:url\" content=\"https:\/\/www.aurigaspa.com\/es\/banca\/productos-y-soluciones\/digital-billing-and-document-management\/simplybank-e-invoicing-manager\/\" \/>\n<meta property=\"og:site_name\" content=\"Auriga\" \/>\n<meta property=\"article:publisher\" content=\"https:\/\/www.facebook.com\/aurigaspa\" \/>\n<meta property=\"article:modified_time\" content=\"2026-04-08T08:44:40+00:00\" \/>\n<meta name=\"twitter:card\" content=\"summary_large_image\" \/>\n<meta name=\"twitter:title\" content=\"WWS e-Invoicing | Auriga\" \/>\n<meta name=\"twitter:description\" content=\"Gesti\u00f3n eficaz y automatizada con la facturaci\u00f3n electr\u00f3nica de WWS. Descubra la facturaci\u00f3n B2B que simplifica su negocio.\" \/>\n<meta name=\"twitter:label1\" content=\"Tiempo de lectura\" \/>\n\t<meta name=\"twitter:data1\" content=\"3 minutos\" \/>\n<script type=\"application\/ld+json\" class=\"yoast-schema-graph\">{\"@context\":\"https:\\\/\\\/schema.org\",\"@graph\":[{\"@type\":\"WebPage\",\"@id\":\"https:\\\/\\\/www.aurigaspa.com\\\/es\\\/banca\\\/productos-y-soluciones\\\/digital-billing-and-document-management\\\/simplybank-e-invoicing-manager\\\/\",\"url\":\"https:\\\/\\\/www.aurigaspa.com\\\/es\\\/banca\\\/productos-y-soluciones\\\/digital-billing-and-document-management\\\/simplybank-e-invoicing-manager\\\/\",\"name\":\"Facturaci\u00f3n digital y gesti\u00f3n de documentos > WWS e-Invoicing | Auriga\",\"isPartOf\":{\"@id\":\"https:\\\/\\\/www.aurigaspa.com\\\/es\\\/#website\"},\"datePublished\":\"2017-10-09T15:55:30+00:00\",\"dateModified\":\"2026-04-08T08:44:40+00:00\",\"description\":\"Gesti\u00f3n eficaz y automatizada con la facturaci\u00f3n electr\u00f3nica de WWS. Descubra la facturaci\u00f3n B2B que simplifica su negocio.\",\"breadcrumb\":{\"@id\":\"https:\\\/\\\/www.aurigaspa.com\\\/es\\\/banca\\\/productos-y-soluciones\\\/digital-billing-and-document-management\\\/simplybank-e-invoicing-manager\\\/#breadcrumb\"},\"inLanguage\":\"es\",\"potentialAction\":[{\"@type\":\"ReadAction\",\"target\":[\"https:\\\/\\\/www.aurigaspa.com\\\/es\\\/banca\\\/productos-y-soluciones\\\/digital-billing-and-document-management\\\/simplybank-e-invoicing-manager\\\/\"]}]},{\"@type\":\"BreadcrumbList\",\"@id\":\"https:\\\/\\\/www.aurigaspa.com\\\/es\\\/banca\\\/productos-y-soluciones\\\/digital-billing-and-document-management\\\/simplybank-e-invoicing-manager\\\/#breadcrumb\",\"itemListElement\":[{\"@type\":\"ListItem\",\"position\":1,\"name\":\"Home\",\"item\":\"https:\\\/\\\/www.aurigaspa.com\\\/es\\\/\"},{\"@type\":\"ListItem\",\"position\":2,\"name\":\"Banca\",\"item\":\"https:\\\/\\\/www.aurigaspa.com\\\/es\\\/banca\\\/\"},{\"@type\":\"ListItem\",\"position\":3,\"name\":\"Productos y soluciones\",\"item\":\"https:\\\/\\\/www.aurigaspa.com\\\/es\\\/banca\\\/productos-y-soluciones\\\/\"},{\"@type\":\"ListItem\",\"position\":4,\"name\":\"Facturaci\u00f3n digital y gesti\u00f3n de documentos\",\"item\":\"https:\\\/\\\/www.aurigaspa.com\\\/es\\\/banca\\\/productos-y-soluciones\\\/digital-billing-and-document-management\\\/\"},{\"@type\":\"ListItem\",\"position\":5,\"name\":\"WWS e-Invoicing\"}]},{\"@type\":\"WebSite\",\"@id\":\"https:\\\/\\\/www.aurigaspa.com\\\/es\\\/#website\",\"url\":\"https:\\\/\\\/www.aurigaspa.com\\\/es\\\/\",\"name\":\"Auriga\",\"description\":\"The banking evolution\",\"publisher\":{\"@id\":\"https:\\\/\\\/www.aurigaspa.com\\\/es\\\/#organization\"},\"potentialAction\":[{\"@type\":\"SearchAction\",\"target\":{\"@type\":\"EntryPoint\",\"urlTemplate\":\"https:\\\/\\\/www.aurigaspa.com\\\/es\\\/?s={search_term_string}\"},\"query-input\":{\"@type\":\"PropertyValueSpecification\",\"valueRequired\":true,\"valueName\":\"search_term_string\"}}],\"inLanguage\":\"es\"},{\"@type\":\"Organization\",\"@id\":\"https:\\\/\\\/www.aurigaspa.com\\\/es\\\/#organization\",\"name\":\"Auriga\",\"url\":\"https:\\\/\\\/www.aurigaspa.com\\\/es\\\/\",\"logo\":{\"@type\":\"ImageObject\",\"inLanguage\":\"es\",\"@id\":\"https:\\\/\\\/www.aurigaspa.com\\\/es\\\/#\\\/schema\\\/logo\\\/image\\\/\",\"url\":\"https:\\\/\\\/www.aurigaspa.com\\\/wp-content\\\/uploads\\\/marchio_auriga_nopayoff_web.png\",\"contentUrl\":\"https:\\\/\\\/www.aurigaspa.com\\\/wp-content\\\/uploads\\\/marchio_auriga_nopayoff_web.png\",\"width\":660,\"height\":360,\"caption\":\"Auriga\"},\"image\":{\"@id\":\"https:\\\/\\\/www.aurigaspa.com\\\/es\\\/#\\\/schema\\\/logo\\\/image\\\/\"},\"sameAs\":[\"https:\\\/\\\/www.facebook.com\\\/aurigaspa\",\"https:\\\/\\\/www.instagram.com\\\/auriga_the_banking_evolution\\\/\",\"https:\\\/\\\/www.linkedin.com\\\/company\\\/auriga-spa\",\"https:\\\/\\\/www.youtube.com\\\/user\\\/aurigaspacom\"]}]}<\/script>\n<!-- \/ Yoast SEO Premium plugin. -->","yoast_head_json":{"title":"Facturaci\u00f3n digital y gesti\u00f3n de documentos > WWS e-Invoicing | Auriga","description":"Gesti\u00f3n eficaz y automatizada con la facturaci\u00f3n electr\u00f3nica de WWS. Descubra la facturaci\u00f3n B2B que simplifica su negocio.","robots":{"index":"index","follow":"follow","max-snippet":"max-snippet:-1","max-image-preview":"max-image-preview:large","max-video-preview":"max-video-preview:-1"},"canonical":"https:\/\/www.aurigaspa.com\/es\/banca\/productos-y-soluciones\/digital-billing-and-document-management\/simplybank-e-invoicing-manager\/","og_locale":"es_ES","og_type":"article","og_title":"WWS e-Invoicing | Auriga","og_description":"Gesti\u00f3n eficaz y automatizada con la facturaci\u00f3n electr\u00f3nica de WWS. Descubra la facturaci\u00f3n B2B que simplifica su negocio.","og_url":"https:\/\/www.aurigaspa.com\/es\/banca\/productos-y-soluciones\/digital-billing-and-document-management\/simplybank-e-invoicing-manager\/","og_site_name":"Auriga","article_publisher":"https:\/\/www.facebook.com\/aurigaspa","article_modified_time":"2026-04-08T08:44:40+00:00","twitter_card":"summary_large_image","twitter_title":"WWS e-Invoicing | Auriga","twitter_description":"Gesti\u00f3n eficaz y automatizada con la facturaci\u00f3n electr\u00f3nica de WWS. Descubra la facturaci\u00f3n B2B que simplifica su negocio.","twitter_misc":{"Tiempo de lectura":"3 minutos"},"schema":{"@context":"https:\/\/schema.org","@graph":[{"@type":"WebPage","@id":"https:\/\/www.aurigaspa.com\/es\/banca\/productos-y-soluciones\/digital-billing-and-document-management\/simplybank-e-invoicing-manager\/","url":"https:\/\/www.aurigaspa.com\/es\/banca\/productos-y-soluciones\/digital-billing-and-document-management\/simplybank-e-invoicing-manager\/","name":"Facturaci\u00f3n digital y gesti\u00f3n de documentos > WWS e-Invoicing | Auriga","isPartOf":{"@id":"https:\/\/www.aurigaspa.com\/es\/#website"},"datePublished":"2017-10-09T15:55:30+00:00","dateModified":"2026-04-08T08:44:40+00:00","description":"Gesti\u00f3n eficaz y automatizada con la facturaci\u00f3n electr\u00f3nica de WWS. Descubra la facturaci\u00f3n B2B que simplifica su negocio.","breadcrumb":{"@id":"https:\/\/www.aurigaspa.com\/es\/banca\/productos-y-soluciones\/digital-billing-and-document-management\/simplybank-e-invoicing-manager\/#breadcrumb"},"inLanguage":"es","potentialAction":[{"@type":"ReadAction","target":["https:\/\/www.aurigaspa.com\/es\/banca\/productos-y-soluciones\/digital-billing-and-document-management\/simplybank-e-invoicing-manager\/"]}]},{"@type":"BreadcrumbList","@id":"https:\/\/www.aurigaspa.com\/es\/banca\/productos-y-soluciones\/digital-billing-and-document-management\/simplybank-e-invoicing-manager\/#breadcrumb","itemListElement":[{"@type":"ListItem","position":1,"name":"Home","item":"https:\/\/www.aurigaspa.com\/es\/"},{"@type":"ListItem","position":2,"name":"Banca","item":"https:\/\/www.aurigaspa.com\/es\/banca\/"},{"@type":"ListItem","position":3,"name":"Productos y soluciones","item":"https:\/\/www.aurigaspa.com\/es\/banca\/productos-y-soluciones\/"},{"@type":"ListItem","position":4,"name":"Facturaci\u00f3n digital y gesti\u00f3n de documentos","item":"https:\/\/www.aurigaspa.com\/es\/banca\/productos-y-soluciones\/digital-billing-and-document-management\/"},{"@type":"ListItem","position":5,"name":"WWS e-Invoicing"}]},{"@type":"WebSite","@id":"https:\/\/www.aurigaspa.com\/es\/#website","url":"https:\/\/www.aurigaspa.com\/es\/","name":"Auriga","description":"The banking evolution","publisher":{"@id":"https:\/\/www.aurigaspa.com\/es\/#organization"},"potentialAction":[{"@type":"SearchAction","target":{"@type":"EntryPoint","urlTemplate":"https:\/\/www.aurigaspa.com\/es\/?s={search_term_string}"},"query-input":{"@type":"PropertyValueSpecification","valueRequired":true,"valueName":"search_term_string"}}],"inLanguage":"es"},{"@type":"Organization","@id":"https:\/\/www.aurigaspa.com\/es\/#organization","name":"Auriga","url":"https:\/\/www.aurigaspa.com\/es\/","logo":{"@type":"ImageObject","inLanguage":"es","@id":"https:\/\/www.aurigaspa.com\/es\/#\/schema\/logo\/image\/","url":"https:\/\/www.aurigaspa.com\/wp-content\/uploads\/marchio_auriga_nopayoff_web.png","contentUrl":"https:\/\/www.aurigaspa.com\/wp-content\/uploads\/marchio_auriga_nopayoff_web.png","width":660,"height":360,"caption":"Auriga"},"image":{"@id":"https:\/\/www.aurigaspa.com\/es\/#\/schema\/logo\/image\/"},"sameAs":["https:\/\/www.facebook.com\/aurigaspa","https:\/\/www.instagram.com\/auriga_the_banking_evolution\/","https:\/\/www.linkedin.com\/company\/auriga-spa","https:\/\/www.youtube.com\/user\/aurigaspacom"]}]}},"_links":{"self":[{"href":"https:\/\/www.aurigaspa.com\/es\/wp-json\/wp\/v2\/pages\/32997","targetHints":{"allow":["GET"]}}],"collection":[{"href":"https:\/\/www.aurigaspa.com\/es\/wp-json\/wp\/v2\/pages"}],"about":[{"href":"https:\/\/www.aurigaspa.com\/es\/wp-json\/wp\/v2\/types\/page"}],"author":[{"embeddable":true,"href":"https:\/\/www.aurigaspa.com\/es\/wp-json\/wp\/v2\/users\/1"}],"replies":[{"embeddable":true,"href":"https:\/\/www.aurigaspa.com\/es\/wp-json\/wp\/v2\/comments?post=32997"}],"version-history":[{"count":5,"href":"https:\/\/www.aurigaspa.com\/es\/wp-json\/wp\/v2\/pages\/32997\/revisions"}],"predecessor-version":[{"id":77849,"href":"https:\/\/www.aurigaspa.com\/es\/wp-json\/wp\/v2\/pages\/32997\/revisions\/77849"}],"up":[{"embeddable":true,"href":"https:\/\/www.aurigaspa.com\/es\/wp-json\/wp\/v2\/pages\/32994"}],"wp:attachment":[{"href":"https:\/\/www.aurigaspa.com\/es\/wp-json\/wp\/v2\/media?parent=32997"}],"curies":[{"name":"wp","href":"https:\/\/api.w.org\/{rel}","templated":true}]}}