{"id":32986,"date":"2017-10-09T15:50:55","date_gmt":"2017-10-09T15:50:55","guid":{"rendered":"https:\/\/www.aurigaspa.com\/banca\/productos-y-soluciones\/gestion-del-efectivo\/wws-cash-management\/"},"modified":"2025-11-12T12:15:05","modified_gmt":"2025-11-12T11:15:05","slug":"wws-cash-management","status":"publish","type":"page","link":"https:\/\/www.aurigaspa.com\/es\/banca\/productos-y-soluciones\/manejo-del-efectivo\/wws-cash-management\/","title":{"rendered":"WWS Cash Management"},"content":{"rendered":"<h2>La soluci\u00f3n integrada para optimizar la gesti\u00f3n del efectivo<\/h2>\n<p>El uso de efectivo, en especial en pa\u00edses donde es la forma de pago m\u00e1s com\u00fan, genera ciertos problemas a los bancos en relaci\u00f3n con su gesti\u00f3n, manipulaci\u00f3n y seguridad, con una notable influencia en los costos operativos.<\/p>\n<p>A fin de ayudar a los bancos a gestionar el efectivo con mayor facilidad y eficiencia, y dado que \u00e9ste es todav\u00eda la forma de pago preferida en muchos pa\u00edses europeos y que la expansi\u00f3n de los sistemas de pago sin efectivo todav\u00eda tiene mucho que avanzar, Auriga ha desarrollado WWS Cash Management, una soluci\u00f3n dedicada a optimizar el proceso, con significativas reducciones de costos.<\/p>\n<p>Este software es totalmente multicanal y compatible con m\u00faltiples proveedores, adem\u00e1s de poder ser utilizado para gestionar todos los cajeros en el interior y el exterior de las sucursales (repartidores de efectivo, cajeros multifunci\u00f3n, cajeros de reciclaje, ASD, TARM, ventanillas de sucursal con TCR, centros comerciales), con resultados positivos para toda la cadena del efectivo.<\/p>\n<h2>C\u00f3mo funciona WWS Cash Management<\/h2>\n<p>La soluci\u00f3n incorpora dos m\u00f3dulos.<\/p>\n<h3>WWS Cash Predictive<\/h3>\n<p>El m\u00f3dulo \u00abback-end\u00bb del sistema, proporciona datos de \u00abautoaprendizaje\u00bb predictivo sobre el efectivo (billetes y monedas en distintas denominaciones) necesario en cada cajero, procedente del an\u00e1lisis de un m\u00ednimo de 12 meses previos de necesidades y movimientos de efectivo.<\/p>\n<p>Estos pron\u00f3sticos, combinados con factores de ubicaci\u00f3n, seguro y programaci\u00f3n, definen de forma \u00f3ptima la entrega y recogida de efectivo en cada cajero, proporcionando instrucciones al m\u00f3dulo WWS Cash Console.<\/p>\n<h3>WWS Cash Console<\/h3>\n<p>El m\u00f3dulo \u00abfront-end\u00bb, recibe los conteos y datos de demanda a la vista de WWS Cash Predictive necesarios para gestionar y monitorizar la totalidad del proceso, y luego valida o, en su caso, corrige o rechaza los c\u00e1lculos.<\/p>\n<h2>Las ventajas de WWS Cash Management<\/h2>\n<p>La gesti\u00f3n automatizada del efectivo proporciona por una parte m\u00faltiples beneficios al consumidor, reduciendo los tiempos fuera de servicio y, por otra parte, a los bancos, que pueden esperar una reducci\u00f3n del costo de administraci\u00f3n del efectivo del 10 al 25 %.<\/p>\n<p>En resumen, WWS Cash Management garantiza:<\/p>\n[inline_list]\n<ul>\n<li>Una supervisi\u00f3n continua del proceso de reabastecimiento de efectivo, para obtener una m\u00e1xima disponibilidad en cajeros autom\u00e1ticos<\/li>\n<li>Menores cantidades de efectivo conservadas en los cajeros, permitiendo menores costos de reabastecimiento y recogida<\/li>\n<li>Menores costos de seguro gracias a la reducci\u00f3n de las cantidades de efectivo custodiadas y mayor seguridad<\/li>\n<li>\u00d3ptima gesti\u00f3n del flujo de trabajo en sucursales y dep\u00f3sitos de efectivo<\/li>\n<li>Mayor eficiencia operativa<\/li>\n<li>Reducci\u00f3n de costos de traslado de dinero en efectivo<\/li>\n<\/ul>\n[\/inline_list]\n<p><a class=\"btn btn-default btn-page\" title=\"Descarga los folletos\" href=\"https:\/\/www.aurigaspa.com\/es\/recursos\/folletos\/\">Descarga los folletos<\/a><\/p>\n","protected":false},"excerpt":{"rendered":"<p>La soluci\u00f3n integrada para optimizar la gesti\u00f3n del efectivo El uso de efectivo, en especial en pa\u00edses donde es la forma de pago m\u00e1s com\u00fan, genera ciertos problemas a los bancos en relaci\u00f3n con su gesti\u00f3n, manipulaci\u00f3n y seguridad, con una notable influencia en los costos operativos. A fin de ayudar a los bancos a<\/p>\n","protected":false},"author":1,"featured_media":0,"parent":32978,"menu_order":2,"comment_status":"closed","ping_status":"closed","template":"","meta":{"footnotes":""},"class_list":["post-32986","page","type-page","status-publish","hentry"],"yoast_head":"<!-- This site is optimized with the Yoast SEO Premium plugin v27.5 (Yoast SEO v27.5) - https:\/\/yoast.com\/product\/yoast-seo-premium-wordpress\/ -->\n<title>WWS Cash Management: Optimizar la Gesti\u00f3n del Efectivo - Auriga<\/title>\n<meta name=\"description\" content=\"El Software Totalmente Multicanal y Compatible con M\u00faltiples Proveedores, con Resultados Positivos para Toda la Cadena del Efectivo\" \/>\n<meta name=\"robots\" content=\"index, follow, max-snippet:-1, max-image-preview:large, max-video-preview:-1\" \/>\n<link rel=\"canonical\" href=\"https:\/\/www.aurigaspa.com\/es\/banca\/productos-y-soluciones\/manejo-del-efectivo\/wws-cash-management\/\" \/>\n<meta property=\"og:locale\" content=\"es_ES\" \/>\n<meta property=\"og:type\" content=\"article\" \/>\n<meta property=\"og:title\" content=\"WWS Cash Management: Optimizar la Gesti\u00f3n del Efectivo - Auriga\" \/>\n<meta property=\"og:description\" content=\"El Software Totalmente Multicanal y Compatible con M\u00faltiples Proveedores, con Resultados Positivos para Toda la Cadena del Efectivo\" \/>\n<meta property=\"og:url\" content=\"https:\/\/www.aurigaspa.com\/es\/banca\/productos-y-soluciones\/manejo-del-efectivo\/wws-cash-management\/\" \/>\n<meta property=\"og:site_name\" content=\"Auriga\" \/>\n<meta property=\"article:publisher\" content=\"https:\/\/www.facebook.com\/aurigaspa\" \/>\n<meta property=\"article:modified_time\" content=\"2025-11-12T11:15:05+00:00\" \/>\n<meta name=\"twitter:card\" content=\"summary_large_image\" \/>\n<meta name=\"twitter:title\" content=\"WWS Cash Management: Optimizar la Gesti\u00f3n del Efectivo - Auriga\" \/>\n<meta name=\"twitter:description\" content=\"El Software Totalmente Multicanal y Compatible con M\u00faltiples Proveedores, con Resultados Positivos para Toda la Cadena del Efectivo\" \/>\n<meta name=\"twitter:label1\" content=\"Tiempo de lectura\" \/>\n\t<meta name=\"twitter:data1\" content=\"2 minutos\" \/>\n<script type=\"application\/ld+json\" class=\"yoast-schema-graph\">{\"@context\":\"https:\\\/\\\/schema.org\",\"@graph\":[{\"@type\":\"WebPage\",\"@id\":\"https:\\\/\\\/www.aurigaspa.com\\\/es\\\/banca\\\/productos-y-soluciones\\\/manejo-del-efectivo\\\/wws-cash-management\\\/\",\"url\":\"https:\\\/\\\/www.aurigaspa.com\\\/es\\\/banca\\\/productos-y-soluciones\\\/manejo-del-efectivo\\\/wws-cash-management\\\/\",\"name\":\"WWS Cash Management: Optimizar la Gesti\u00f3n del Efectivo - Auriga\",\"isPartOf\":{\"@id\":\"https:\\\/\\\/www.aurigaspa.com\\\/es\\\/#website\"},\"datePublished\":\"2017-10-09T15:50:55+00:00\",\"dateModified\":\"2025-11-12T11:15:05+00:00\",\"description\":\"El Software Totalmente Multicanal y Compatible con M\u00faltiples Proveedores, con Resultados Positivos para Toda la Cadena del Efectivo\",\"breadcrumb\":{\"@id\":\"https:\\\/\\\/www.aurigaspa.com\\\/es\\\/banca\\\/productos-y-soluciones\\\/manejo-del-efectivo\\\/wws-cash-management\\\/#breadcrumb\"},\"inLanguage\":\"es\",\"potentialAction\":[{\"@type\":\"ReadAction\",\"target\":[\"https:\\\/\\\/www.aurigaspa.com\\\/es\\\/banca\\\/productos-y-soluciones\\\/manejo-del-efectivo\\\/wws-cash-management\\\/\"]}]},{\"@type\":\"BreadcrumbList\",\"@id\":\"https:\\\/\\\/www.aurigaspa.com\\\/es\\\/banca\\\/productos-y-soluciones\\\/manejo-del-efectivo\\\/wws-cash-management\\\/#breadcrumb\",\"itemListElement\":[{\"@type\":\"ListItem\",\"position\":1,\"name\":\"Home\",\"item\":\"https:\\\/\\\/www.aurigaspa.com\\\/es\\\/\"},{\"@type\":\"ListItem\",\"position\":2,\"name\":\"Banca\",\"item\":\"https:\\\/\\\/www.aurigaspa.com\\\/es\\\/banca\\\/\"},{\"@type\":\"ListItem\",\"position\":3,\"name\":\"Productos y soluciones\",\"item\":\"https:\\\/\\\/www.aurigaspa.com\\\/es\\\/banca\\\/productos-y-soluciones\\\/\"},{\"@type\":\"ListItem\",\"position\":4,\"name\":\"Manejo del efectivo\",\"item\":\"https:\\\/\\\/www.aurigaspa.com\\\/es\\\/banca\\\/productos-y-soluciones\\\/manejo-del-efectivo\\\/\"},{\"@type\":\"ListItem\",\"position\":5,\"name\":\"WWS Cash Management\"}]},{\"@type\":\"WebSite\",\"@id\":\"https:\\\/\\\/www.aurigaspa.com\\\/es\\\/#website\",\"url\":\"https:\\\/\\\/www.aurigaspa.com\\\/es\\\/\",\"name\":\"Auriga\",\"description\":\"The banking evolution\",\"publisher\":{\"@id\":\"https:\\\/\\\/www.aurigaspa.com\\\/es\\\/#organization\"},\"potentialAction\":[{\"@type\":\"SearchAction\",\"target\":{\"@type\":\"EntryPoint\",\"urlTemplate\":\"https:\\\/\\\/www.aurigaspa.com\\\/es\\\/?s={search_term_string}\"},\"query-input\":{\"@type\":\"PropertyValueSpecification\",\"valueRequired\":true,\"valueName\":\"search_term_string\"}}],\"inLanguage\":\"es\"},{\"@type\":\"Organization\",\"@id\":\"https:\\\/\\\/www.aurigaspa.com\\\/es\\\/#organization\",\"name\":\"Auriga\",\"url\":\"https:\\\/\\\/www.aurigaspa.com\\\/es\\\/\",\"logo\":{\"@type\":\"ImageObject\",\"inLanguage\":\"es\",\"@id\":\"https:\\\/\\\/www.aurigaspa.com\\\/es\\\/#\\\/schema\\\/logo\\\/image\\\/\",\"url\":\"https:\\\/\\\/www.aurigaspa.com\\\/wp-content\\\/uploads\\\/marchio_auriga_nopayoff_web.png\",\"contentUrl\":\"https:\\\/\\\/www.aurigaspa.com\\\/wp-content\\\/uploads\\\/marchio_auriga_nopayoff_web.png\",\"width\":660,\"height\":360,\"caption\":\"Auriga\"},\"image\":{\"@id\":\"https:\\\/\\\/www.aurigaspa.com\\\/es\\\/#\\\/schema\\\/logo\\\/image\\\/\"},\"sameAs\":[\"https:\\\/\\\/www.facebook.com\\\/aurigaspa\",\"https:\\\/\\\/www.instagram.com\\\/auriga_the_banking_evolution\\\/\",\"https:\\\/\\\/www.linkedin.com\\\/company\\\/auriga-spa\",\"https:\\\/\\\/www.youtube.com\\\/user\\\/aurigaspacom\"]}]}<\/script>\n<!-- \/ Yoast SEO Premium plugin. -->","yoast_head_json":{"title":"WWS Cash Management: Optimizar la Gesti\u00f3n del Efectivo - Auriga","description":"El Software Totalmente Multicanal y Compatible con M\u00faltiples Proveedores, con Resultados Positivos para Toda la Cadena del Efectivo","robots":{"index":"index","follow":"follow","max-snippet":"max-snippet:-1","max-image-preview":"max-image-preview:large","max-video-preview":"max-video-preview:-1"},"canonical":"https:\/\/www.aurigaspa.com\/es\/banca\/productos-y-soluciones\/manejo-del-efectivo\/wws-cash-management\/","og_locale":"es_ES","og_type":"article","og_title":"WWS Cash Management: Optimizar la Gesti\u00f3n del Efectivo - Auriga","og_description":"El Software Totalmente Multicanal y Compatible con M\u00faltiples Proveedores, con Resultados Positivos para Toda la Cadena del Efectivo","og_url":"https:\/\/www.aurigaspa.com\/es\/banca\/productos-y-soluciones\/manejo-del-efectivo\/wws-cash-management\/","og_site_name":"Auriga","article_publisher":"https:\/\/www.facebook.com\/aurigaspa","article_modified_time":"2025-11-12T11:15:05+00:00","twitter_card":"summary_large_image","twitter_title":"WWS Cash Management: Optimizar la Gesti\u00f3n del Efectivo - Auriga","twitter_description":"El Software Totalmente Multicanal y Compatible con M\u00faltiples Proveedores, con Resultados Positivos para Toda la Cadena del Efectivo","twitter_misc":{"Tiempo de lectura":"2 minutos"},"schema":{"@context":"https:\/\/schema.org","@graph":[{"@type":"WebPage","@id":"https:\/\/www.aurigaspa.com\/es\/banca\/productos-y-soluciones\/manejo-del-efectivo\/wws-cash-management\/","url":"https:\/\/www.aurigaspa.com\/es\/banca\/productos-y-soluciones\/manejo-del-efectivo\/wws-cash-management\/","name":"WWS Cash Management: Optimizar la Gesti\u00f3n del Efectivo - Auriga","isPartOf":{"@id":"https:\/\/www.aurigaspa.com\/es\/#website"},"datePublished":"2017-10-09T15:50:55+00:00","dateModified":"2025-11-12T11:15:05+00:00","description":"El Software Totalmente Multicanal y Compatible con M\u00faltiples Proveedores, con Resultados Positivos para Toda la Cadena del Efectivo","breadcrumb":{"@id":"https:\/\/www.aurigaspa.com\/es\/banca\/productos-y-soluciones\/manejo-del-efectivo\/wws-cash-management\/#breadcrumb"},"inLanguage":"es","potentialAction":[{"@type":"ReadAction","target":["https:\/\/www.aurigaspa.com\/es\/banca\/productos-y-soluciones\/manejo-del-efectivo\/wws-cash-management\/"]}]},{"@type":"BreadcrumbList","@id":"https:\/\/www.aurigaspa.com\/es\/banca\/productos-y-soluciones\/manejo-del-efectivo\/wws-cash-management\/#breadcrumb","itemListElement":[{"@type":"ListItem","position":1,"name":"Home","item":"https:\/\/www.aurigaspa.com\/es\/"},{"@type":"ListItem","position":2,"name":"Banca","item":"https:\/\/www.aurigaspa.com\/es\/banca\/"},{"@type":"ListItem","position":3,"name":"Productos y soluciones","item":"https:\/\/www.aurigaspa.com\/es\/banca\/productos-y-soluciones\/"},{"@type":"ListItem","position":4,"name":"Manejo del efectivo","item":"https:\/\/www.aurigaspa.com\/es\/banca\/productos-y-soluciones\/manejo-del-efectivo\/"},{"@type":"ListItem","position":5,"name":"WWS Cash Management"}]},{"@type":"WebSite","@id":"https:\/\/www.aurigaspa.com\/es\/#website","url":"https:\/\/www.aurigaspa.com\/es\/","name":"Auriga","description":"The banking evolution","publisher":{"@id":"https:\/\/www.aurigaspa.com\/es\/#organization"},"potentialAction":[{"@type":"SearchAction","target":{"@type":"EntryPoint","urlTemplate":"https:\/\/www.aurigaspa.com\/es\/?s={search_term_string}"},"query-input":{"@type":"PropertyValueSpecification","valueRequired":true,"valueName":"search_term_string"}}],"inLanguage":"es"},{"@type":"Organization","@id":"https:\/\/www.aurigaspa.com\/es\/#organization","name":"Auriga","url":"https:\/\/www.aurigaspa.com\/es\/","logo":{"@type":"ImageObject","inLanguage":"es","@id":"https:\/\/www.aurigaspa.com\/es\/#\/schema\/logo\/image\/","url":"https:\/\/www.aurigaspa.com\/wp-content\/uploads\/marchio_auriga_nopayoff_web.png","contentUrl":"https:\/\/www.aurigaspa.com\/wp-content\/uploads\/marchio_auriga_nopayoff_web.png","width":660,"height":360,"caption":"Auriga"},"image":{"@id":"https:\/\/www.aurigaspa.com\/es\/#\/schema\/logo\/image\/"},"sameAs":["https:\/\/www.facebook.com\/aurigaspa","https:\/\/www.instagram.com\/auriga_the_banking_evolution\/","https:\/\/www.linkedin.com\/company\/auriga-spa","https:\/\/www.youtube.com\/user\/aurigaspacom"]}]}},"_links":{"self":[{"href":"https:\/\/www.aurigaspa.com\/es\/wp-json\/wp\/v2\/pages\/32986","targetHints":{"allow":["GET"]}}],"collection":[{"href":"https:\/\/www.aurigaspa.com\/es\/wp-json\/wp\/v2\/pages"}],"about":[{"href":"https:\/\/www.aurigaspa.com\/es\/wp-json\/wp\/v2\/types\/page"}],"author":[{"embeddable":true,"href":"https:\/\/www.aurigaspa.com\/es\/wp-json\/wp\/v2\/users\/1"}],"replies":[{"embeddable":true,"href":"https:\/\/www.aurigaspa.com\/es\/wp-json\/wp\/v2\/comments?post=32986"}],"version-history":[{"count":5,"href":"https:\/\/www.aurigaspa.com\/es\/wp-json\/wp\/v2\/pages\/32986\/revisions"}],"predecessor-version":[{"id":77848,"href":"https:\/\/www.aurigaspa.com\/es\/wp-json\/wp\/v2\/pages\/32986\/revisions\/77848"}],"up":[{"embeddable":true,"href":"https:\/\/www.aurigaspa.com\/es\/wp-json\/wp\/v2\/pages\/32978"}],"wp:attachment":[{"href":"https:\/\/www.aurigaspa.com\/es\/wp-json\/wp\/v2\/media?parent=32986"}],"curies":[{"name":"wp","href":"https:\/\/api.w.org\/{rel}","templated":true}]}}