{"id":32981,"date":"2017-10-09T15:48:22","date_gmt":"2017-10-09T15:48:22","guid":{"rendered":"https:\/\/www.aurigaspa.com\/banca\/productos-y-soluciones\/gestion-del-efectivo\/wws-cash-handling\/"},"modified":"2025-11-12T12:13:37","modified_gmt":"2025-11-12T11:13:37","slug":"wws-cash-handling","status":"publish","type":"page","link":"https:\/\/www.aurigaspa.com\/es\/banca\/productos-y-soluciones\/manejo-del-efectivo\/wws-cash-handling\/","title":{"rendered":"WWS Cash Handling"},"content":{"rendered":"<h2>Dep\u00f3sitos remotos de efectivo al instante<\/h2>\n<p>WWS Cash Handling es una soluci\u00f3n segura y automatizada para los minoristas que elimina los costos, riesgos y retrasos asociados a las opciones tradicionales de dep\u00f3sitos de efectivo.<\/p>\n<p>Con WWS Cash Handling, los minoristas pueden hacer dep\u00f3sitos de efectivo con comodidad mediante los terminales de dep\u00f3sito de efectivo en la tienda, recibiendo autom\u00e1ticamente el abono en su cuenta.<\/p>\n<h2>WWS Cash Handling: dep\u00f3sitos de efectivo en tiempo real para minoristas<\/h2>\n<h3>Nuevos ingresos<\/h3>\n<p style=\"text-align: left;\">Los bancos pueden implementar el servicio WWS Cash Handling para mejorar sus relaciones con los clientes minoristas y generar nuevas oportunidades de ingresos.<\/p>\n<h3>Seguro<\/h3>\n<p>WWS Cash Handling gestiona de forma segura todos los aspectos del ciclo de dep\u00f3sito y reconciliaci\u00f3n, proporcionando tranquilidad al banco que lo implementa y a los minoristas que utilizan el servicio.<\/p>\n<p>Existe una gama de opciones de autenticaci\u00f3n para identificar al operador que deposita los fondos. Todas los cobros de efectivo procedentes de las tiendas participantes son rastreables mediante identificadores seguros de c\u00f3digo de barras y los fondos retirados se reconcilian con los registros electr\u00f3nicos.<\/p>\n<h3>Fiable<\/h3>\n<p>WWS Cash Handling proporciona tranquilidad en la gesti\u00f3n del servicio de dep\u00f3sitos remotos, con alertas completas para cualquier anomal\u00eda en el proceso y claros informes de todos los fondos depositados y recibidos.<\/p>\n<h3>C\u00f3modo<\/h3>\n<p>Los minoristas abonados al servicio Cash Handling disfrutan de varios beneficios, entre ellos:<\/p>\n[inline_list]\n<ul>\n<li>Una variedad de controles de acceso seguro y c\u00f3modo a los terminales de dep\u00f3sito<\/li>\n<li>Abono inmediato en cuenta de los fondos depositados<\/li>\n<li>Mayor seguridad para sus empleados y clientes<\/li>\n<li>Reducci\u00f3n del riesgo de robo<\/li>\n<li>Mayor visibilidad del flujo de caja y simplificaci\u00f3n del proceso contable<\/li>\n<li>Comprobaci\u00f3n inmediata de falsificaciones<\/li>\n<\/ul>\n[\/inline_list]\n<p>Descarga los folletos<\/p>\n <a href=\"\" class=\"btn ds  \" target=\"\">Descarga los folletos<\/a>\n","protected":false},"excerpt":{"rendered":"<p>Dep\u00f3sitos remotos de efectivo al instante WWS Cash Handling es una soluci\u00f3n segura y automatizada para los minoristas que elimina los costos, riesgos y retrasos asociados a las opciones tradicionales de dep\u00f3sitos de efectivo. Con WWS Cash Handling, los minoristas pueden hacer dep\u00f3sitos de efectivo con comodidad mediante los terminales de dep\u00f3sito de efectivo en<\/p>\n","protected":false},"author":1,"featured_media":0,"parent":32978,"menu_order":1,"comment_status":"closed","ping_status":"closed","template":"","meta":{"footnotes":""},"class_list":["post-32981","page","type-page","status-publish","hentry"],"yoast_head":"<!-- This site is optimized with the Yoast SEO Premium plugin v27.4 (Yoast SEO v27.4) - https:\/\/yoast.com\/product\/yoast-seo-premium-wordpress\/ -->\n<title>WWS Cash Handling: Dep\u00f3sitos de Efectivo en tiempo real para minoristas<\/title>\n<meta name=\"description\" content=\"Con WWS Cash Handling, los Minoristas puedenHacer Dep\u00f3sitos de Efectivo con Comodidad Mediante los Terminales de Dep\u00f3sito de Efectivo en la Tienda\" \/>\n<meta name=\"robots\" content=\"index, follow, max-snippet:-1, max-image-preview:large, max-video-preview:-1\" \/>\n<link rel=\"canonical\" href=\"https:\/\/www.aurigaspa.com\/es\/banca\/productos-y-soluciones\/manejo-del-efectivo\/wws-cash-handling\/\" \/>\n<meta property=\"og:locale\" content=\"es_ES\" \/>\n<meta property=\"og:type\" content=\"article\" \/>\n<meta property=\"og:title\" content=\"WWS Cash Handling: Dep\u00f3sitos de Efectivo en tiempo real para minoristas\" \/>\n<meta property=\"og:description\" content=\"Con WWS Cash Handling, los Minoristas puedenHacer Dep\u00f3sitos de Efectivo con Comodidad Mediante los Terminales de Dep\u00f3sito de Efectivo en la Tienda\" \/>\n<meta property=\"og:url\" content=\"https:\/\/www.aurigaspa.com\/es\/banca\/productos-y-soluciones\/manejo-del-efectivo\/wws-cash-handling\/\" \/>\n<meta property=\"og:site_name\" content=\"Auriga\" \/>\n<meta property=\"article:publisher\" content=\"https:\/\/www.facebook.com\/aurigaspa\" \/>\n<meta property=\"article:modified_time\" content=\"2025-11-12T11:13:37+00:00\" \/>\n<meta name=\"twitter:card\" content=\"summary_large_image\" \/>\n<meta name=\"twitter:title\" content=\"WWS Cash Handling: Dep\u00f3sitos de Efectivo en tiempo real para minoristas\" \/>\n<meta name=\"twitter:description\" content=\"Con WWS Cash Handling, los Minoristas puedenHacer Dep\u00f3sitos de Efectivo con Comodidad Mediante los Terminales de Dep\u00f3sito de Efectivo en la Tienda\" \/>\n<meta name=\"twitter:label1\" content=\"Tiempo de lectura\" \/>\n\t<meta name=\"twitter:data1\" content=\"2 minutos\" \/>\n<script type=\"application\/ld+json\" class=\"yoast-schema-graph\">{\"@context\":\"https:\\\/\\\/schema.org\",\"@graph\":[{\"@type\":\"WebPage\",\"@id\":\"https:\\\/\\\/www.aurigaspa.com\\\/es\\\/banca\\\/productos-y-soluciones\\\/manejo-del-efectivo\\\/wws-cash-handling\\\/\",\"url\":\"https:\\\/\\\/www.aurigaspa.com\\\/es\\\/banca\\\/productos-y-soluciones\\\/manejo-del-efectivo\\\/wws-cash-handling\\\/\",\"name\":\"WWS Cash Handling: Dep\u00f3sitos de Efectivo en tiempo real para minoristas\",\"isPartOf\":{\"@id\":\"https:\\\/\\\/www.aurigaspa.com\\\/es\\\/#website\"},\"datePublished\":\"2017-10-09T15:48:22+00:00\",\"dateModified\":\"2025-11-12T11:13:37+00:00\",\"description\":\"Con WWS Cash Handling, los Minoristas puedenHacer Dep\u00f3sitos de Efectivo con Comodidad Mediante los Terminales de Dep\u00f3sito de Efectivo en la Tienda\",\"breadcrumb\":{\"@id\":\"https:\\\/\\\/www.aurigaspa.com\\\/es\\\/banca\\\/productos-y-soluciones\\\/manejo-del-efectivo\\\/wws-cash-handling\\\/#breadcrumb\"},\"inLanguage\":\"es\",\"potentialAction\":[{\"@type\":\"ReadAction\",\"target\":[\"https:\\\/\\\/www.aurigaspa.com\\\/es\\\/banca\\\/productos-y-soluciones\\\/manejo-del-efectivo\\\/wws-cash-handling\\\/\"]}]},{\"@type\":\"BreadcrumbList\",\"@id\":\"https:\\\/\\\/www.aurigaspa.com\\\/es\\\/banca\\\/productos-y-soluciones\\\/manejo-del-efectivo\\\/wws-cash-handling\\\/#breadcrumb\",\"itemListElement\":[{\"@type\":\"ListItem\",\"position\":1,\"name\":\"Home\",\"item\":\"https:\\\/\\\/www.aurigaspa.com\\\/es\\\/\"},{\"@type\":\"ListItem\",\"position\":2,\"name\":\"Banca\",\"item\":\"https:\\\/\\\/www.aurigaspa.com\\\/es\\\/banca\\\/\"},{\"@type\":\"ListItem\",\"position\":3,\"name\":\"Productos y soluciones\",\"item\":\"https:\\\/\\\/www.aurigaspa.com\\\/es\\\/banca\\\/productos-y-soluciones\\\/\"},{\"@type\":\"ListItem\",\"position\":4,\"name\":\"Manejo del efectivo\",\"item\":\"https:\\\/\\\/www.aurigaspa.com\\\/es\\\/banca\\\/productos-y-soluciones\\\/manejo-del-efectivo\\\/\"},{\"@type\":\"ListItem\",\"position\":5,\"name\":\"WWS Cash Handling\"}]},{\"@type\":\"WebSite\",\"@id\":\"https:\\\/\\\/www.aurigaspa.com\\\/es\\\/#website\",\"url\":\"https:\\\/\\\/www.aurigaspa.com\\\/es\\\/\",\"name\":\"Auriga\",\"description\":\"The banking evolution\",\"publisher\":{\"@id\":\"https:\\\/\\\/www.aurigaspa.com\\\/es\\\/#organization\"},\"potentialAction\":[{\"@type\":\"SearchAction\",\"target\":{\"@type\":\"EntryPoint\",\"urlTemplate\":\"https:\\\/\\\/www.aurigaspa.com\\\/es\\\/?s={search_term_string}\"},\"query-input\":{\"@type\":\"PropertyValueSpecification\",\"valueRequired\":true,\"valueName\":\"search_term_string\"}}],\"inLanguage\":\"es\"},{\"@type\":\"Organization\",\"@id\":\"https:\\\/\\\/www.aurigaspa.com\\\/es\\\/#organization\",\"name\":\"Auriga\",\"url\":\"https:\\\/\\\/www.aurigaspa.com\\\/es\\\/\",\"logo\":{\"@type\":\"ImageObject\",\"inLanguage\":\"es\",\"@id\":\"https:\\\/\\\/www.aurigaspa.com\\\/es\\\/#\\\/schema\\\/logo\\\/image\\\/\",\"url\":\"https:\\\/\\\/www.aurigaspa.com\\\/wp-content\\\/uploads\\\/marchio_auriga_nopayoff_web.png\",\"contentUrl\":\"https:\\\/\\\/www.aurigaspa.com\\\/wp-content\\\/uploads\\\/marchio_auriga_nopayoff_web.png\",\"width\":660,\"height\":360,\"caption\":\"Auriga\"},\"image\":{\"@id\":\"https:\\\/\\\/www.aurigaspa.com\\\/es\\\/#\\\/schema\\\/logo\\\/image\\\/\"},\"sameAs\":[\"https:\\\/\\\/www.facebook.com\\\/aurigaspa\",\"https:\\\/\\\/www.instagram.com\\\/auriga_the_banking_evolution\\\/\",\"https:\\\/\\\/www.linkedin.com\\\/company\\\/auriga-spa\",\"https:\\\/\\\/www.youtube.com\\\/user\\\/aurigaspacom\"]}]}<\/script>\n<!-- \/ Yoast SEO Premium plugin. -->","yoast_head_json":{"title":"WWS Cash Handling: Dep\u00f3sitos de Efectivo en tiempo real para minoristas","description":"Con WWS Cash Handling, los Minoristas puedenHacer Dep\u00f3sitos de Efectivo con Comodidad Mediante los Terminales de Dep\u00f3sito de Efectivo en la Tienda","robots":{"index":"index","follow":"follow","max-snippet":"max-snippet:-1","max-image-preview":"max-image-preview:large","max-video-preview":"max-video-preview:-1"},"canonical":"https:\/\/www.aurigaspa.com\/es\/banca\/productos-y-soluciones\/manejo-del-efectivo\/wws-cash-handling\/","og_locale":"es_ES","og_type":"article","og_title":"WWS Cash Handling: Dep\u00f3sitos de Efectivo en tiempo real para minoristas","og_description":"Con WWS Cash Handling, los Minoristas puedenHacer Dep\u00f3sitos de Efectivo con Comodidad Mediante los Terminales de Dep\u00f3sito de Efectivo en la Tienda","og_url":"https:\/\/www.aurigaspa.com\/es\/banca\/productos-y-soluciones\/manejo-del-efectivo\/wws-cash-handling\/","og_site_name":"Auriga","article_publisher":"https:\/\/www.facebook.com\/aurigaspa","article_modified_time":"2025-11-12T11:13:37+00:00","twitter_card":"summary_large_image","twitter_title":"WWS Cash Handling: Dep\u00f3sitos de Efectivo en tiempo real para minoristas","twitter_description":"Con WWS Cash Handling, los Minoristas puedenHacer Dep\u00f3sitos de Efectivo con Comodidad Mediante los Terminales de Dep\u00f3sito de Efectivo en la Tienda","twitter_misc":{"Tiempo de lectura":"2 minutos"},"schema":{"@context":"https:\/\/schema.org","@graph":[{"@type":"WebPage","@id":"https:\/\/www.aurigaspa.com\/es\/banca\/productos-y-soluciones\/manejo-del-efectivo\/wws-cash-handling\/","url":"https:\/\/www.aurigaspa.com\/es\/banca\/productos-y-soluciones\/manejo-del-efectivo\/wws-cash-handling\/","name":"WWS Cash Handling: Dep\u00f3sitos de Efectivo en tiempo real para minoristas","isPartOf":{"@id":"https:\/\/www.aurigaspa.com\/es\/#website"},"datePublished":"2017-10-09T15:48:22+00:00","dateModified":"2025-11-12T11:13:37+00:00","description":"Con WWS Cash Handling, los Minoristas puedenHacer Dep\u00f3sitos de Efectivo con Comodidad Mediante los Terminales de Dep\u00f3sito de Efectivo en la Tienda","breadcrumb":{"@id":"https:\/\/www.aurigaspa.com\/es\/banca\/productos-y-soluciones\/manejo-del-efectivo\/wws-cash-handling\/#breadcrumb"},"inLanguage":"es","potentialAction":[{"@type":"ReadAction","target":["https:\/\/www.aurigaspa.com\/es\/banca\/productos-y-soluciones\/manejo-del-efectivo\/wws-cash-handling\/"]}]},{"@type":"BreadcrumbList","@id":"https:\/\/www.aurigaspa.com\/es\/banca\/productos-y-soluciones\/manejo-del-efectivo\/wws-cash-handling\/#breadcrumb","itemListElement":[{"@type":"ListItem","position":1,"name":"Home","item":"https:\/\/www.aurigaspa.com\/es\/"},{"@type":"ListItem","position":2,"name":"Banca","item":"https:\/\/www.aurigaspa.com\/es\/banca\/"},{"@type":"ListItem","position":3,"name":"Productos y soluciones","item":"https:\/\/www.aurigaspa.com\/es\/banca\/productos-y-soluciones\/"},{"@type":"ListItem","position":4,"name":"Manejo del efectivo","item":"https:\/\/www.aurigaspa.com\/es\/banca\/productos-y-soluciones\/manejo-del-efectivo\/"},{"@type":"ListItem","position":5,"name":"WWS Cash Handling"}]},{"@type":"WebSite","@id":"https:\/\/www.aurigaspa.com\/es\/#website","url":"https:\/\/www.aurigaspa.com\/es\/","name":"Auriga","description":"The banking evolution","publisher":{"@id":"https:\/\/www.aurigaspa.com\/es\/#organization"},"potentialAction":[{"@type":"SearchAction","target":{"@type":"EntryPoint","urlTemplate":"https:\/\/www.aurigaspa.com\/es\/?s={search_term_string}"},"query-input":{"@type":"PropertyValueSpecification","valueRequired":true,"valueName":"search_term_string"}}],"inLanguage":"es"},{"@type":"Organization","@id":"https:\/\/www.aurigaspa.com\/es\/#organization","name":"Auriga","url":"https:\/\/www.aurigaspa.com\/es\/","logo":{"@type":"ImageObject","inLanguage":"es","@id":"https:\/\/www.aurigaspa.com\/es\/#\/schema\/logo\/image\/","url":"https:\/\/www.aurigaspa.com\/wp-content\/uploads\/marchio_auriga_nopayoff_web.png","contentUrl":"https:\/\/www.aurigaspa.com\/wp-content\/uploads\/marchio_auriga_nopayoff_web.png","width":660,"height":360,"caption":"Auriga"},"image":{"@id":"https:\/\/www.aurigaspa.com\/es\/#\/schema\/logo\/image\/"},"sameAs":["https:\/\/www.facebook.com\/aurigaspa","https:\/\/www.instagram.com\/auriga_the_banking_evolution\/","https:\/\/www.linkedin.com\/company\/auriga-spa","https:\/\/www.youtube.com\/user\/aurigaspacom"]}]}},"_links":{"self":[{"href":"https:\/\/www.aurigaspa.com\/es\/wp-json\/wp\/v2\/pages\/32981","targetHints":{"allow":["GET"]}}],"collection":[{"href":"https:\/\/www.aurigaspa.com\/es\/wp-json\/wp\/v2\/pages"}],"about":[{"href":"https:\/\/www.aurigaspa.com\/es\/wp-json\/wp\/v2\/types\/page"}],"author":[{"embeddable":true,"href":"https:\/\/www.aurigaspa.com\/es\/wp-json\/wp\/v2\/users\/1"}],"replies":[{"embeddable":true,"href":"https:\/\/www.aurigaspa.com\/es\/wp-json\/wp\/v2\/comments?post=32981"}],"version-history":[{"count":5,"href":"https:\/\/www.aurigaspa.com\/es\/wp-json\/wp\/v2\/pages\/32981\/revisions"}],"predecessor-version":[{"id":77847,"href":"https:\/\/www.aurigaspa.com\/es\/wp-json\/wp\/v2\/pages\/32981\/revisions\/77847"}],"up":[{"embeddable":true,"href":"https:\/\/www.aurigaspa.com\/es\/wp-json\/wp\/v2\/pages\/32978"}],"wp:attachment":[{"href":"https:\/\/www.aurigaspa.com\/es\/wp-json\/wp\/v2\/media?parent=32981"}],"curies":[{"name":"wp","href":"https:\/\/api.w.org\/{rel}","templated":true}]}}