{"id":32972,"date":"2017-12-04T09:31:29","date_gmt":"2017-12-04T09:31:29","guid":{"rendered":"https:\/\/www.aurigaspa.com\/banca\/productos-y-soluciones\/wws-help-desk\/"},"modified":"2025-11-12T12:11:25","modified_gmt":"2025-11-12T11:11:25","slug":"wws-help-desk","status":"publish","type":"page","link":"https:\/\/www.aurigaspa.com\/es\/banca\/productos-y-soluciones\/wws-help-desk\/","title":{"rendered":"WWS Help Desk"},"content":{"rendered":"<h2>Servicio avanzado de atenci\u00f3n al usuario<\/h2>\n<p>WWS Help Desk agiliza todos los aspectos de los servicios de atenci\u00f3n al usuario, haciendo que las consultas y solicitudes de los clientes se resuelvan con mayor rapidez y precisi\u00f3n. Con la ayuda de WWS Help Desk, los operadores de escritorio pueden construir una gratificante relaci\u00f3n con los clientes del Banco y respaldar un mayor n\u00famero de productos con mayor eficiencia y confianza.<\/p>\n<h2>WWS Help Desk: eficiente soporte de asistencia al usuario<\/h2>\n<h3>Flexible<\/h3>\n<p>WWS Help Desk se puede configurar para admitir cualquier cantidad de productos, servicios y bancos. WWW Help Desk coordina las actividades de m\u00faltiples agentes de soporte, independientemente de la ubicaci\u00f3n de su oficina.<\/p>\n<p>Se pueden asignar productos y servicios espec\u00edficos a los agentes de soporte y las llamadas entrantes se enrutan autom\u00e1ticamente a un agente apropiado. Se puede configurar una gama de modelos de respuesta y procedimientos de respuesta y se gu\u00eda a los agentes a trav\u00e9s de los procedimientos correctos en funci\u00f3n de los productos, servicios y marcas bancarias involucradas.<\/p>\n<h3>R\u00e1pido y preciso<\/h3>\n<p>WWS Help Desk proporciona al agente indicaciones r\u00e1pidas y precisas, relevantes para las consultas del cliente, y permite al agente a\u00f1adir notas adicionales para detallar cualquier medida adoptada. Toda la informaci\u00f3n complementaria est\u00e1 inmediatamente disponible para cualquier agente de soporte a fin de garantizar que los clientes reciban respuestas r\u00e1pidas y bien gestionadas para todas sus consultas.<\/p>\n<h3>Minucioso<\/h3>\n<p>WWS Help Desk Help Desk incluye una herramienta completa de monitorizaci\u00f3n y an\u00e1lisis en tiempo real que rastrea la duraci\u00f3n y la naturaleza de todas las solicitudes entrantes. Se proporciona una inteligencia comercial, datallando tendencias de llamada, tipos de problema y preguntas frecuentes. Se puede generar con facilidad variedad de informes resumidos y detallados empleando par\u00e1metros configurables de creaci\u00f3n de informes.<\/p>\n<p>WWS Help Desk detecta anticipadamente \u00e1reas problem\u00e1ticas, de manera que pueden aplicarse resoluciones eficaces que minimicen el tiempo de interrupci\u00f3n para los clientes.<\/p>\n<h3>Pr\u00e1ctico<\/h3>\n<p>WWS Help Desk incorpora una opci\u00f3n IVR (WWS IVR) que facilita el manejo inicial de las llamadas de clientes, incluyendo la opci\u00f3n de dejar mensajes de buz\u00f3n de voz para su posterior seguimiento. WWS Help Desk tambi\u00e9n admite interacciones con los clientes por tel\u00e9fono, Skype, correo electr\u00f3nico y fax.<\/p>\n","protected":false},"excerpt":{"rendered":"<p>Servicio avanzado de atenci\u00f3n al usuario WWS Help Desk agiliza todos los aspectos de los servicios de atenci\u00f3n al usuario, haciendo que las consultas y solicitudes de los clientes se resuelvan con mayor rapidez y precisi\u00f3n. Con la ayuda de WWS Help Desk, los operadores de escritorio pueden construir una gratificante relaci\u00f3n con los clientes<\/p>\n","protected":false},"author":1,"featured_media":0,"parent":32802,"menu_order":0,"comment_status":"closed","ping_status":"closed","template":"","meta":{"footnotes":""},"class_list":["post-32972","page","type-page","status-publish","hentry"],"yoast_head":"<!-- This site is optimized with the Yoast SEO Premium plugin v27.4 (Yoast SEO v27.4) - https:\/\/yoast.com\/product\/yoast-seo-premium-wordpress\/ -->\n<title>WWS Help Desk: Eficiente Soporte de Asistencia al Usuario<\/title>\n<meta name=\"description\" content=\"WWS Help Desk Agiliza Todos los Aspectos de los Servicios de Atenci\u00f3n al Usuario, Haciendo que las Consultas y Solicitudes se Resuelvan con Mayor Rapidez\" \/>\n<meta name=\"robots\" content=\"index, follow, max-snippet:-1, max-image-preview:large, max-video-preview:-1\" \/>\n<link rel=\"canonical\" href=\"https:\/\/www.aurigaspa.com\/es\/banca\/productos-y-soluciones\/wws-help-desk\/\" \/>\n<meta property=\"og:locale\" content=\"es_ES\" \/>\n<meta property=\"og:type\" content=\"article\" \/>\n<meta property=\"og:title\" content=\"WWS Help Desk: Eficiente Soporte de Asistencia al Usuario\" \/>\n<meta property=\"og:description\" content=\"WWS Help Desk Agiliza Todos los Aspectos de los Servicios de Atenci\u00f3n al Usuario, Haciendo que las Consultas y Solicitudes se Resuelvan con Mayor Rapidez\" \/>\n<meta property=\"og:url\" content=\"https:\/\/www.aurigaspa.com\/es\/banca\/productos-y-soluciones\/wws-help-desk\/\" \/>\n<meta property=\"og:site_name\" content=\"Auriga\" \/>\n<meta property=\"article:publisher\" content=\"https:\/\/www.facebook.com\/aurigaspa\" \/>\n<meta property=\"article:modified_time\" content=\"2025-11-12T11:11:25+00:00\" \/>\n<meta name=\"twitter:card\" content=\"summary_large_image\" \/>\n<meta name=\"twitter:title\" content=\"WWS Help Desk: Eficiente Soporte de Asistencia al Usuario\" \/>\n<meta name=\"twitter:description\" content=\"WWS Help Desk Agiliza Todos los Aspectos de los Servicios de Atenci\u00f3n al Usuario, Haciendo que las Consultas y Solicitudes se Resuelvan con Mayor Rapidez\" \/>\n<meta name=\"twitter:label1\" content=\"Tiempo de lectura\" \/>\n\t<meta name=\"twitter:data1\" content=\"2 minutos\" \/>\n<script type=\"application\/ld+json\" class=\"yoast-schema-graph\">{\"@context\":\"https:\\\/\\\/schema.org\",\"@graph\":[{\"@type\":\"WebPage\",\"@id\":\"https:\\\/\\\/www.aurigaspa.com\\\/es\\\/banca\\\/productos-y-soluciones\\\/wws-help-desk\\\/\",\"url\":\"https:\\\/\\\/www.aurigaspa.com\\\/es\\\/banca\\\/productos-y-soluciones\\\/wws-help-desk\\\/\",\"name\":\"WWS Help Desk: Eficiente Soporte de Asistencia al Usuario\",\"isPartOf\":{\"@id\":\"https:\\\/\\\/www.aurigaspa.com\\\/es\\\/#website\"},\"datePublished\":\"2017-12-04T09:31:29+00:00\",\"dateModified\":\"2025-11-12T11:11:25+00:00\",\"description\":\"WWS Help Desk Agiliza Todos los Aspectos de los Servicios de Atenci\u00f3n al Usuario, Haciendo que las Consultas y Solicitudes se Resuelvan con Mayor Rapidez\",\"breadcrumb\":{\"@id\":\"https:\\\/\\\/www.aurigaspa.com\\\/es\\\/banca\\\/productos-y-soluciones\\\/wws-help-desk\\\/#breadcrumb\"},\"inLanguage\":\"es\",\"potentialAction\":[{\"@type\":\"ReadAction\",\"target\":[\"https:\\\/\\\/www.aurigaspa.com\\\/es\\\/banca\\\/productos-y-soluciones\\\/wws-help-desk\\\/\"]}]},{\"@type\":\"BreadcrumbList\",\"@id\":\"https:\\\/\\\/www.aurigaspa.com\\\/es\\\/banca\\\/productos-y-soluciones\\\/wws-help-desk\\\/#breadcrumb\",\"itemListElement\":[{\"@type\":\"ListItem\",\"position\":1,\"name\":\"Home\",\"item\":\"https:\\\/\\\/www.aurigaspa.com\\\/es\\\/\"},{\"@type\":\"ListItem\",\"position\":2,\"name\":\"Banca\",\"item\":\"https:\\\/\\\/www.aurigaspa.com\\\/es\\\/banca\\\/\"},{\"@type\":\"ListItem\",\"position\":3,\"name\":\"Productos y soluciones\",\"item\":\"https:\\\/\\\/www.aurigaspa.com\\\/es\\\/banca\\\/productos-y-soluciones\\\/\"},{\"@type\":\"ListItem\",\"position\":4,\"name\":\"WWS Help Desk\"}]},{\"@type\":\"WebSite\",\"@id\":\"https:\\\/\\\/www.aurigaspa.com\\\/es\\\/#website\",\"url\":\"https:\\\/\\\/www.aurigaspa.com\\\/es\\\/\",\"name\":\"Auriga\",\"description\":\"The banking evolution\",\"publisher\":{\"@id\":\"https:\\\/\\\/www.aurigaspa.com\\\/es\\\/#organization\"},\"potentialAction\":[{\"@type\":\"SearchAction\",\"target\":{\"@type\":\"EntryPoint\",\"urlTemplate\":\"https:\\\/\\\/www.aurigaspa.com\\\/es\\\/?s={search_term_string}\"},\"query-input\":{\"@type\":\"PropertyValueSpecification\",\"valueRequired\":true,\"valueName\":\"search_term_string\"}}],\"inLanguage\":\"es\"},{\"@type\":\"Organization\",\"@id\":\"https:\\\/\\\/www.aurigaspa.com\\\/es\\\/#organization\",\"name\":\"Auriga\",\"url\":\"https:\\\/\\\/www.aurigaspa.com\\\/es\\\/\",\"logo\":{\"@type\":\"ImageObject\",\"inLanguage\":\"es\",\"@id\":\"https:\\\/\\\/www.aurigaspa.com\\\/es\\\/#\\\/schema\\\/logo\\\/image\\\/\",\"url\":\"https:\\\/\\\/www.aurigaspa.com\\\/wp-content\\\/uploads\\\/marchio_auriga_nopayoff_web.png\",\"contentUrl\":\"https:\\\/\\\/www.aurigaspa.com\\\/wp-content\\\/uploads\\\/marchio_auriga_nopayoff_web.png\",\"width\":660,\"height\":360,\"caption\":\"Auriga\"},\"image\":{\"@id\":\"https:\\\/\\\/www.aurigaspa.com\\\/es\\\/#\\\/schema\\\/logo\\\/image\\\/\"},\"sameAs\":[\"https:\\\/\\\/www.facebook.com\\\/aurigaspa\",\"https:\\\/\\\/www.instagram.com\\\/auriga_the_banking_evolution\\\/\",\"https:\\\/\\\/www.linkedin.com\\\/company\\\/auriga-spa\",\"https:\\\/\\\/www.youtube.com\\\/user\\\/aurigaspacom\"]}]}<\/script>\n<!-- \/ Yoast SEO Premium plugin. -->","yoast_head_json":{"title":"WWS Help Desk: Eficiente Soporte de Asistencia al Usuario","description":"WWS Help Desk Agiliza Todos los Aspectos de los Servicios de Atenci\u00f3n al Usuario, Haciendo que las Consultas y Solicitudes se Resuelvan con Mayor Rapidez","robots":{"index":"index","follow":"follow","max-snippet":"max-snippet:-1","max-image-preview":"max-image-preview:large","max-video-preview":"max-video-preview:-1"},"canonical":"https:\/\/www.aurigaspa.com\/es\/banca\/productos-y-soluciones\/wws-help-desk\/","og_locale":"es_ES","og_type":"article","og_title":"WWS Help Desk: Eficiente Soporte de Asistencia al Usuario","og_description":"WWS Help Desk Agiliza Todos los Aspectos de los Servicios de Atenci\u00f3n al Usuario, Haciendo que las Consultas y Solicitudes se Resuelvan con Mayor Rapidez","og_url":"https:\/\/www.aurigaspa.com\/es\/banca\/productos-y-soluciones\/wws-help-desk\/","og_site_name":"Auriga","article_publisher":"https:\/\/www.facebook.com\/aurigaspa","article_modified_time":"2025-11-12T11:11:25+00:00","twitter_card":"summary_large_image","twitter_title":"WWS Help Desk: Eficiente Soporte de Asistencia al Usuario","twitter_description":"WWS Help Desk Agiliza Todos los Aspectos de los Servicios de Atenci\u00f3n al Usuario, Haciendo que las Consultas y Solicitudes se Resuelvan con Mayor Rapidez","twitter_misc":{"Tiempo de lectura":"2 minutos"},"schema":{"@context":"https:\/\/schema.org","@graph":[{"@type":"WebPage","@id":"https:\/\/www.aurigaspa.com\/es\/banca\/productos-y-soluciones\/wws-help-desk\/","url":"https:\/\/www.aurigaspa.com\/es\/banca\/productos-y-soluciones\/wws-help-desk\/","name":"WWS Help Desk: Eficiente Soporte de Asistencia al Usuario","isPartOf":{"@id":"https:\/\/www.aurigaspa.com\/es\/#website"},"datePublished":"2017-12-04T09:31:29+00:00","dateModified":"2025-11-12T11:11:25+00:00","description":"WWS Help Desk Agiliza Todos los Aspectos de los Servicios de Atenci\u00f3n al Usuario, Haciendo que las Consultas y Solicitudes se Resuelvan con Mayor Rapidez","breadcrumb":{"@id":"https:\/\/www.aurigaspa.com\/es\/banca\/productos-y-soluciones\/wws-help-desk\/#breadcrumb"},"inLanguage":"es","potentialAction":[{"@type":"ReadAction","target":["https:\/\/www.aurigaspa.com\/es\/banca\/productos-y-soluciones\/wws-help-desk\/"]}]},{"@type":"BreadcrumbList","@id":"https:\/\/www.aurigaspa.com\/es\/banca\/productos-y-soluciones\/wws-help-desk\/#breadcrumb","itemListElement":[{"@type":"ListItem","position":1,"name":"Home","item":"https:\/\/www.aurigaspa.com\/es\/"},{"@type":"ListItem","position":2,"name":"Banca","item":"https:\/\/www.aurigaspa.com\/es\/banca\/"},{"@type":"ListItem","position":3,"name":"Productos y soluciones","item":"https:\/\/www.aurigaspa.com\/es\/banca\/productos-y-soluciones\/"},{"@type":"ListItem","position":4,"name":"WWS Help Desk"}]},{"@type":"WebSite","@id":"https:\/\/www.aurigaspa.com\/es\/#website","url":"https:\/\/www.aurigaspa.com\/es\/","name":"Auriga","description":"The banking evolution","publisher":{"@id":"https:\/\/www.aurigaspa.com\/es\/#organization"},"potentialAction":[{"@type":"SearchAction","target":{"@type":"EntryPoint","urlTemplate":"https:\/\/www.aurigaspa.com\/es\/?s={search_term_string}"},"query-input":{"@type":"PropertyValueSpecification","valueRequired":true,"valueName":"search_term_string"}}],"inLanguage":"es"},{"@type":"Organization","@id":"https:\/\/www.aurigaspa.com\/es\/#organization","name":"Auriga","url":"https:\/\/www.aurigaspa.com\/es\/","logo":{"@type":"ImageObject","inLanguage":"es","@id":"https:\/\/www.aurigaspa.com\/es\/#\/schema\/logo\/image\/","url":"https:\/\/www.aurigaspa.com\/wp-content\/uploads\/marchio_auriga_nopayoff_web.png","contentUrl":"https:\/\/www.aurigaspa.com\/wp-content\/uploads\/marchio_auriga_nopayoff_web.png","width":660,"height":360,"caption":"Auriga"},"image":{"@id":"https:\/\/www.aurigaspa.com\/es\/#\/schema\/logo\/image\/"},"sameAs":["https:\/\/www.facebook.com\/aurigaspa","https:\/\/www.instagram.com\/auriga_the_banking_evolution\/","https:\/\/www.linkedin.com\/company\/auriga-spa","https:\/\/www.youtube.com\/user\/aurigaspacom"]}]}},"_links":{"self":[{"href":"https:\/\/www.aurigaspa.com\/es\/wp-json\/wp\/v2\/pages\/32972","targetHints":{"allow":["GET"]}}],"collection":[{"href":"https:\/\/www.aurigaspa.com\/es\/wp-json\/wp\/v2\/pages"}],"about":[{"href":"https:\/\/www.aurigaspa.com\/es\/wp-json\/wp\/v2\/types\/page"}],"author":[{"embeddable":true,"href":"https:\/\/www.aurigaspa.com\/es\/wp-json\/wp\/v2\/users\/1"}],"replies":[{"embeddable":true,"href":"https:\/\/www.aurigaspa.com\/es\/wp-json\/wp\/v2\/comments?post=32972"}],"version-history":[{"count":5,"href":"https:\/\/www.aurigaspa.com\/es\/wp-json\/wp\/v2\/pages\/32972\/revisions"}],"predecessor-version":[{"id":77846,"href":"https:\/\/www.aurigaspa.com\/es\/wp-json\/wp\/v2\/pages\/32972\/revisions\/77846"}],"up":[{"embeddable":true,"href":"https:\/\/www.aurigaspa.com\/es\/wp-json\/wp\/v2\/pages\/32802"}],"wp:attachment":[{"href":"https:\/\/www.aurigaspa.com\/es\/wp-json\/wp\/v2\/media?parent=32972"}],"curies":[{"name":"wp","href":"https:\/\/api.w.org\/{rel}","templated":true}]}}