{"id":32967,"date":"2017-12-04T09:20:12","date_gmt":"2017-12-04T09:20:12","guid":{"rendered":"https:\/\/www.aurigaspa.com\/banca\/productos-y-soluciones\/wws-rssfeed\/"},"modified":"2025-11-12T12:07:58","modified_gmt":"2025-11-12T11:07:58","slug":"wws-rss-feed","status":"publish","type":"page","link":"https:\/\/www.aurigaspa.com\/es\/banca\/productos-y-soluciones\/wws-rss-feed\/","title":{"rendered":"WWS RSS Feed"},"content":{"rendered":"<h2>C\u00f3moda gesti\u00f3n de fuentes RSS<\/h2>\n<p>WWS RSS Feed es una soluci\u00f3n c\u00f3moda para la creaci\u00f3n de fuentes RSS y su publicaci\u00f3n en distintos canales web. WWS RSS Feed genera una mayor exposici\u00f3n de los mensajes de marketing importantes y mejora el posicionamiento de los sitios web corporativos en los principales motores de b\u00fasqueda.<\/p>\n<h2>WWS RSS Feed: Pr\u00e1ctica transmisi\u00f3n de informaci\u00f3n<\/h2>\n<h3>Mayor visibilidad<\/h3>\n<p>WWS RSS Feed admite el uso de contenido multimedia y proporciona una herramienta eficaz para proporcionar informaci\u00f3n en tiempo real a m\u00faltiples canales web, incluyendo:<\/p>\n[inline_list]\n<ul>\n<li>Sitio web y portales corporativos<\/li>\n<li>Aplicaciones de banca m\u00f3vil<\/li>\n<li>Cuentas de redes sociales<\/li>\n<li>Redes de autoservicio habilitadas para la web<\/li>\n<li>Se\u00f1alizaci\u00f3n digital en la sucursal<\/li>\n<\/ul>\n[\/inline_list]\n<h3>Extensible<\/h3>\n<p>WWS RSS Feed es un pr\u00e1ctico agregador de noticias capaz de administrar un n\u00famero ilimitado de fuentes RSS, ya sean creadas directamente por los recursos internos del banco y cargadas como archivos XML u obtenidas de otras aplicaciones habilitadas para RSS.<\/p>\n","protected":false},"excerpt":{"rendered":"<p>C\u00f3moda gesti\u00f3n de fuentes RSS WWS RSS Feed es una soluci\u00f3n c\u00f3moda para la creaci\u00f3n de fuentes RSS y su publicaci\u00f3n en distintos canales web. WWS RSS Feed genera una mayor exposici\u00f3n de los mensajes de marketing importantes y mejora el posicionamiento de los sitios web corporativos en los principales motores de b\u00fasqueda. WWS RSS<\/p>\n","protected":false},"author":1,"featured_media":0,"parent":32802,"menu_order":0,"comment_status":"closed","ping_status":"closed","template":"","meta":{"footnotes":""},"class_list":["post-32967","page","type-page","status-publish","hentry"],"yoast_head":"<!-- This site is optimized with the Yoast SEO Premium plugin v27.4 (Yoast SEO v27.4) - https:\/\/yoast.com\/product\/yoast-seo-premium-wordpress\/ -->\n<title>WWS RSSFeed: Pr\u00e1ctica Transmisi\u00f3n de Informaci\u00f3n por el Banco<\/title>\n<meta name=\"description\" content=\"WWS RSS Feed Genera una Mayor Exposici\u00f3n de los Mensajes de Marketing y Mejora el Posicionamiento de los Sitios Web Corporativos.\" \/>\n<meta name=\"robots\" content=\"index, follow, max-snippet:-1, max-image-preview:large, max-video-preview:-1\" \/>\n<link rel=\"canonical\" href=\"https:\/\/www.aurigaspa.com\/es\/banca\/productos-y-soluciones\/wws-rss-feed\/\" \/>\n<meta property=\"og:locale\" content=\"es_ES\" \/>\n<meta property=\"og:type\" content=\"article\" \/>\n<meta property=\"og:title\" content=\"WWS RSSFeed: Pr\u00e1ctica Transmisi\u00f3n de Informaci\u00f3n por el Banco\" \/>\n<meta property=\"og:description\" content=\"WWS RSS Feed Genera una Mayor Exposici\u00f3n de los Mensajes de Marketing y Mejora el Posicionamiento de los Sitios Web Corporativos.\" \/>\n<meta property=\"og:url\" content=\"https:\/\/www.aurigaspa.com\/es\/banca\/productos-y-soluciones\/wws-rss-feed\/\" \/>\n<meta property=\"og:site_name\" content=\"Auriga\" \/>\n<meta property=\"article:publisher\" content=\"https:\/\/www.facebook.com\/aurigaspa\" \/>\n<meta property=\"article:modified_time\" content=\"2025-11-12T11:07:58+00:00\" \/>\n<meta name=\"twitter:card\" content=\"summary_large_image\" \/>\n<meta name=\"twitter:title\" content=\"WWS RSSFeed: Pr\u00e1ctica Transmisi\u00f3n de Informaci\u00f3n por el Banco\" \/>\n<meta name=\"twitter:description\" content=\"WWS RSS Feed Genera una Mayor Exposici\u00f3n de los Mensajes de Marketing y Mejora el Posicionamiento de los Sitios Web Corporativos.\" \/>\n<meta name=\"twitter:label1\" content=\"Tiempo de lectura\" \/>\n\t<meta name=\"twitter:data1\" content=\"1 minuto\" \/>\n<script type=\"application\/ld+json\" class=\"yoast-schema-graph\">{\"@context\":\"https:\\\/\\\/schema.org\",\"@graph\":[{\"@type\":\"WebPage\",\"@id\":\"https:\\\/\\\/www.aurigaspa.com\\\/es\\\/banca\\\/productos-y-soluciones\\\/wws-rss-feed\\\/\",\"url\":\"https:\\\/\\\/www.aurigaspa.com\\\/es\\\/banca\\\/productos-y-soluciones\\\/wws-rss-feed\\\/\",\"name\":\"WWS RSSFeed: Pr\u00e1ctica Transmisi\u00f3n de Informaci\u00f3n por el Banco\",\"isPartOf\":{\"@id\":\"https:\\\/\\\/www.aurigaspa.com\\\/es\\\/#website\"},\"datePublished\":\"2017-12-04T09:20:12+00:00\",\"dateModified\":\"2025-11-12T11:07:58+00:00\",\"description\":\"WWS RSS Feed Genera una Mayor Exposici\u00f3n de los Mensajes de Marketing y Mejora el Posicionamiento de los Sitios Web Corporativos.\",\"breadcrumb\":{\"@id\":\"https:\\\/\\\/www.aurigaspa.com\\\/es\\\/banca\\\/productos-y-soluciones\\\/wws-rss-feed\\\/#breadcrumb\"},\"inLanguage\":\"es\",\"potentialAction\":[{\"@type\":\"ReadAction\",\"target\":[\"https:\\\/\\\/www.aurigaspa.com\\\/es\\\/banca\\\/productos-y-soluciones\\\/wws-rss-feed\\\/\"]}]},{\"@type\":\"BreadcrumbList\",\"@id\":\"https:\\\/\\\/www.aurigaspa.com\\\/es\\\/banca\\\/productos-y-soluciones\\\/wws-rss-feed\\\/#breadcrumb\",\"itemListElement\":[{\"@type\":\"ListItem\",\"position\":1,\"name\":\"Home\",\"item\":\"https:\\\/\\\/www.aurigaspa.com\\\/es\\\/\"},{\"@type\":\"ListItem\",\"position\":2,\"name\":\"Banca\",\"item\":\"https:\\\/\\\/www.aurigaspa.com\\\/es\\\/banca\\\/\"},{\"@type\":\"ListItem\",\"position\":3,\"name\":\"Productos y soluciones\",\"item\":\"https:\\\/\\\/www.aurigaspa.com\\\/es\\\/banca\\\/productos-y-soluciones\\\/\"},{\"@type\":\"ListItem\",\"position\":4,\"name\":\"WWS RSS Feed\"}]},{\"@type\":\"WebSite\",\"@id\":\"https:\\\/\\\/www.aurigaspa.com\\\/es\\\/#website\",\"url\":\"https:\\\/\\\/www.aurigaspa.com\\\/es\\\/\",\"name\":\"Auriga\",\"description\":\"The banking evolution\",\"publisher\":{\"@id\":\"https:\\\/\\\/www.aurigaspa.com\\\/es\\\/#organization\"},\"potentialAction\":[{\"@type\":\"SearchAction\",\"target\":{\"@type\":\"EntryPoint\",\"urlTemplate\":\"https:\\\/\\\/www.aurigaspa.com\\\/es\\\/?s={search_term_string}\"},\"query-input\":{\"@type\":\"PropertyValueSpecification\",\"valueRequired\":true,\"valueName\":\"search_term_string\"}}],\"inLanguage\":\"es\"},{\"@type\":\"Organization\",\"@id\":\"https:\\\/\\\/www.aurigaspa.com\\\/es\\\/#organization\",\"name\":\"Auriga\",\"url\":\"https:\\\/\\\/www.aurigaspa.com\\\/es\\\/\",\"logo\":{\"@type\":\"ImageObject\",\"inLanguage\":\"es\",\"@id\":\"https:\\\/\\\/www.aurigaspa.com\\\/es\\\/#\\\/schema\\\/logo\\\/image\\\/\",\"url\":\"https:\\\/\\\/www.aurigaspa.com\\\/wp-content\\\/uploads\\\/marchio_auriga_nopayoff_web.png\",\"contentUrl\":\"https:\\\/\\\/www.aurigaspa.com\\\/wp-content\\\/uploads\\\/marchio_auriga_nopayoff_web.png\",\"width\":660,\"height\":360,\"caption\":\"Auriga\"},\"image\":{\"@id\":\"https:\\\/\\\/www.aurigaspa.com\\\/es\\\/#\\\/schema\\\/logo\\\/image\\\/\"},\"sameAs\":[\"https:\\\/\\\/www.facebook.com\\\/aurigaspa\",\"https:\\\/\\\/www.instagram.com\\\/auriga_the_banking_evolution\\\/\",\"https:\\\/\\\/www.linkedin.com\\\/company\\\/auriga-spa\",\"https:\\\/\\\/www.youtube.com\\\/user\\\/aurigaspacom\"]}]}<\/script>\n<!-- \/ Yoast SEO Premium plugin. -->","yoast_head_json":{"title":"WWS RSSFeed: Pr\u00e1ctica Transmisi\u00f3n de Informaci\u00f3n por el Banco","description":"WWS RSS Feed Genera una Mayor Exposici\u00f3n de los Mensajes de Marketing y Mejora el Posicionamiento de los Sitios Web Corporativos.","robots":{"index":"index","follow":"follow","max-snippet":"max-snippet:-1","max-image-preview":"max-image-preview:large","max-video-preview":"max-video-preview:-1"},"canonical":"https:\/\/www.aurigaspa.com\/es\/banca\/productos-y-soluciones\/wws-rss-feed\/","og_locale":"es_ES","og_type":"article","og_title":"WWS RSSFeed: Pr\u00e1ctica Transmisi\u00f3n de Informaci\u00f3n por el Banco","og_description":"WWS RSS Feed Genera una Mayor Exposici\u00f3n de los Mensajes de Marketing y Mejora el Posicionamiento de los Sitios Web Corporativos.","og_url":"https:\/\/www.aurigaspa.com\/es\/banca\/productos-y-soluciones\/wws-rss-feed\/","og_site_name":"Auriga","article_publisher":"https:\/\/www.facebook.com\/aurigaspa","article_modified_time":"2025-11-12T11:07:58+00:00","twitter_card":"summary_large_image","twitter_title":"WWS RSSFeed: Pr\u00e1ctica Transmisi\u00f3n de Informaci\u00f3n por el Banco","twitter_description":"WWS RSS Feed Genera una Mayor Exposici\u00f3n de los Mensajes de Marketing y Mejora el Posicionamiento de los Sitios Web Corporativos.","twitter_misc":{"Tiempo de lectura":"1 minuto"},"schema":{"@context":"https:\/\/schema.org","@graph":[{"@type":"WebPage","@id":"https:\/\/www.aurigaspa.com\/es\/banca\/productos-y-soluciones\/wws-rss-feed\/","url":"https:\/\/www.aurigaspa.com\/es\/banca\/productos-y-soluciones\/wws-rss-feed\/","name":"WWS RSSFeed: Pr\u00e1ctica Transmisi\u00f3n de Informaci\u00f3n por el Banco","isPartOf":{"@id":"https:\/\/www.aurigaspa.com\/es\/#website"},"datePublished":"2017-12-04T09:20:12+00:00","dateModified":"2025-11-12T11:07:58+00:00","description":"WWS RSS Feed Genera una Mayor Exposici\u00f3n de los Mensajes de Marketing y Mejora el Posicionamiento de los Sitios Web Corporativos.","breadcrumb":{"@id":"https:\/\/www.aurigaspa.com\/es\/banca\/productos-y-soluciones\/wws-rss-feed\/#breadcrumb"},"inLanguage":"es","potentialAction":[{"@type":"ReadAction","target":["https:\/\/www.aurigaspa.com\/es\/banca\/productos-y-soluciones\/wws-rss-feed\/"]}]},{"@type":"BreadcrumbList","@id":"https:\/\/www.aurigaspa.com\/es\/banca\/productos-y-soluciones\/wws-rss-feed\/#breadcrumb","itemListElement":[{"@type":"ListItem","position":1,"name":"Home","item":"https:\/\/www.aurigaspa.com\/es\/"},{"@type":"ListItem","position":2,"name":"Banca","item":"https:\/\/www.aurigaspa.com\/es\/banca\/"},{"@type":"ListItem","position":3,"name":"Productos y soluciones","item":"https:\/\/www.aurigaspa.com\/es\/banca\/productos-y-soluciones\/"},{"@type":"ListItem","position":4,"name":"WWS RSS Feed"}]},{"@type":"WebSite","@id":"https:\/\/www.aurigaspa.com\/es\/#website","url":"https:\/\/www.aurigaspa.com\/es\/","name":"Auriga","description":"The banking evolution","publisher":{"@id":"https:\/\/www.aurigaspa.com\/es\/#organization"},"potentialAction":[{"@type":"SearchAction","target":{"@type":"EntryPoint","urlTemplate":"https:\/\/www.aurigaspa.com\/es\/?s={search_term_string}"},"query-input":{"@type":"PropertyValueSpecification","valueRequired":true,"valueName":"search_term_string"}}],"inLanguage":"es"},{"@type":"Organization","@id":"https:\/\/www.aurigaspa.com\/es\/#organization","name":"Auriga","url":"https:\/\/www.aurigaspa.com\/es\/","logo":{"@type":"ImageObject","inLanguage":"es","@id":"https:\/\/www.aurigaspa.com\/es\/#\/schema\/logo\/image\/","url":"https:\/\/www.aurigaspa.com\/wp-content\/uploads\/marchio_auriga_nopayoff_web.png","contentUrl":"https:\/\/www.aurigaspa.com\/wp-content\/uploads\/marchio_auriga_nopayoff_web.png","width":660,"height":360,"caption":"Auriga"},"image":{"@id":"https:\/\/www.aurigaspa.com\/es\/#\/schema\/logo\/image\/"},"sameAs":["https:\/\/www.facebook.com\/aurigaspa","https:\/\/www.instagram.com\/auriga_the_banking_evolution\/","https:\/\/www.linkedin.com\/company\/auriga-spa","https:\/\/www.youtube.com\/user\/aurigaspacom"]}]}},"_links":{"self":[{"href":"https:\/\/www.aurigaspa.com\/es\/wp-json\/wp\/v2\/pages\/32967","targetHints":{"allow":["GET"]}}],"collection":[{"href":"https:\/\/www.aurigaspa.com\/es\/wp-json\/wp\/v2\/pages"}],"about":[{"href":"https:\/\/www.aurigaspa.com\/es\/wp-json\/wp\/v2\/types\/page"}],"author":[{"embeddable":true,"href":"https:\/\/www.aurigaspa.com\/es\/wp-json\/wp\/v2\/users\/1"}],"replies":[{"embeddable":true,"href":"https:\/\/www.aurigaspa.com\/es\/wp-json\/wp\/v2\/comments?post=32967"}],"version-history":[{"count":5,"href":"https:\/\/www.aurigaspa.com\/es\/wp-json\/wp\/v2\/pages\/32967\/revisions"}],"predecessor-version":[{"id":77844,"href":"https:\/\/www.aurigaspa.com\/es\/wp-json\/wp\/v2\/pages\/32967\/revisions\/77844"}],"up":[{"embeddable":true,"href":"https:\/\/www.aurigaspa.com\/es\/wp-json\/wp\/v2\/pages\/32802"}],"wp:attachment":[{"href":"https:\/\/www.aurigaspa.com\/es\/wp-json\/wp\/v2\/media?parent=32967"}],"curies":[{"name":"wp","href":"https:\/\/api.w.org\/{rel}","templated":true}]}}