{"id":32960,"date":"2017-10-09T15:22:39","date_gmt":"2017-10-09T15:22:39","guid":{"rendered":"https:\/\/www.aurigaspa.com\/banca\/productos-y-soluciones\/wws-signage\/"},"modified":"2025-11-12T12:06:39","modified_gmt":"2025-11-12T11:06:39","slug":"wws-signage","status":"publish","type":"page","link":"https:\/\/www.aurigaspa.com\/es\/banca\/productos-y-soluciones\/marketing-de-banca-y-senalizacion-digital\/wws-signage\/","title":{"rendered":"WWS Signage"},"content":{"rendered":"<h2>Comunicaci\u00f3n multimedia para sucursales<\/h2>\n<p>WWS Signage es el m\u00f3dulo que permite crear, distribuir y programar contenidos multimedia en redes de sucursales, transformando el entorno de la sucursal en un canal promocional y comercial institucional, un elemento fundamental de la estrategia de comunicaci\u00f3n del banco.<\/p>\n<p>WWS Signage es una plataforma que permite el dise\u00f1o, edici\u00f3n y distribuci\u00f3n de contenido multimedia informativo y comercial en redes LAN, intranet e internet. Permite visualizar en carteles digitales:<\/p>\n[inline_list]\n<ul>\n<li>Ofertas especiales y promociones<\/li>\n<li>Informaci\u00f3n sobre servicios y productos<\/li>\n<li>Informaci\u00f3n institucional y de marca<\/li>\n<li>noticias, pron\u00f3sticos del tiempo, cotizaciones, etc.<\/li>\n<\/ul>\n[\/inline_list]\n<h2>Amigable para el usuario<\/h2>\n<p>WWS Signage permite planificar la distribuci\u00f3n de contenido diferenciado, basado en diferentes criterios:grupos de sucursales y sucursales individuales, un solo terminal o tipo de dispositivo, selecci\u00f3n por \u00e1rea geogr\u00e1fica, c\u00f3digo de banco, presencia en ubicaciones especiales (por ejemplo, \u00e1reas comerciales).<\/p>\n<p>WWS Signage es <strong>f\u00e1cil de usar<\/strong>. Gracias a sus funciones \u00abclic y arrastrar\u00bb y \u00abclic y redimensionar\u00bb, tambi\u00e9n puede ser utilizado por empleados sin formaci\u00f3n y permite:<\/p>\n[inline_list]\n<ul>\n<li>Creaci\u00f3n de una o m\u00e1s \u00e1reas\/capas para insertar mensajes informativos e im\u00e1genes promocionales.<\/li>\n<li>Visualizaci\u00f3n de servicios de pron\u00f3stico del tiempo<\/li>\n<li>Soporte para clips de v\u00eddeo en todos los formatos y archivos de imagen JPEG, GIF y PNG con posibilidad de transiciones cruzadas<\/li>\n<li>Visualizaci\u00f3n de fuentes RSS est\u00e1ndar de terceros o de las generadas por SimplyFeed<\/li>\n<\/ul>\n[\/inline_list]\n<p>WWS Signage distribuye contenido multimedia desde <strong>todos los dispositivos<\/strong> (PC, port\u00e1til, tableta, tel\u00e9fono inteligente) en VGA, HDMI o a trav\u00e9s de internet.<\/p>\n<h2>Los m\u00f3dulos de WWS Signage<\/h2>\n[inline_list]\n<ul>\n<li>Gesti\u00f3n de usuarios<\/li>\n<li>Gesti\u00f3n de terminales<\/li>\n<li>Gesti\u00f3n de dise\u00f1o<\/li>\n<li>Herramientas para carga de contenido<\/li>\n<li>Conversor autom\u00e1tico<\/li>\n<\/ul>\n[\/inline_list]\n<p><a class=\"btn btn-default btn-page\" title=\"Descarga los folletos\" href=\"https:\/\/www.aurigaspa.com\/es\/recursos\/folletos\/\">Descarga los folletos<\/a><\/p>\n","protected":false},"excerpt":{"rendered":"<p>Comunicaci\u00f3n multimedia para sucursales WWS Signage es el m\u00f3dulo que permite crear, distribuir y programar contenidos multimedia en redes de sucursales, transformando el entorno de la sucursal en un canal promocional y comercial institucional, un elemento fundamental de la estrategia de comunicaci\u00f3n del banco. WWS Signage es una plataforma que permite el dise\u00f1o, edici\u00f3n y<\/p>\n","protected":false},"author":1,"featured_media":0,"parent":70412,"menu_order":3,"comment_status":"closed","ping_status":"closed","template":"","meta":{"footnotes":""},"class_list":["post-32960","page","type-page","status-publish","hentry"],"yoast_head":"<!-- This site is optimized with the Yoast SEO Premium plugin v27.4 (Yoast SEO v27.4) - https:\/\/yoast.com\/product\/yoast-seo-premium-wordpress\/ -->\n<title>WWS Signage: Comunicaci\u00f3n Multimedia para Sucursales Bancarias<\/title>\n<meta name=\"description\" content=\"WWS Signage Permite el Dise\u00f1o, Edici\u00f3n y Distribuci\u00f3n de Contenido Multimedia Informativo y Comercial en Redes LAN, Intranet e Internet\" \/>\n<meta name=\"robots\" content=\"index, follow, max-snippet:-1, max-image-preview:large, max-video-preview:-1\" \/>\n<link rel=\"canonical\" href=\"https:\/\/www.aurigaspa.com\/es\/banca\/productos-y-soluciones\/marketing-de-banca-y-senalizacion-digital\/wws-signage\/\" \/>\n<meta property=\"og:locale\" content=\"es_ES\" \/>\n<meta property=\"og:type\" content=\"article\" \/>\n<meta property=\"og:title\" content=\"WWS Signage: Comunicaci\u00f3n Multimedia para Sucursales Bancarias\" \/>\n<meta property=\"og:description\" content=\"WWS Signage Permite el Dise\u00f1o, Edici\u00f3n y Distribuci\u00f3n de Contenido Multimedia Informativo y Comercial en Redes LAN, Intranet e Internet\" \/>\n<meta property=\"og:url\" content=\"https:\/\/www.aurigaspa.com\/es\/banca\/productos-y-soluciones\/marketing-de-banca-y-senalizacion-digital\/wws-signage\/\" \/>\n<meta property=\"og:site_name\" content=\"Auriga\" \/>\n<meta property=\"article:publisher\" content=\"https:\/\/www.facebook.com\/aurigaspa\" \/>\n<meta property=\"article:modified_time\" content=\"2025-11-12T11:06:39+00:00\" \/>\n<meta name=\"twitter:card\" content=\"summary_large_image\" \/>\n<meta name=\"twitter:title\" content=\"WWS Signage: Comunicaci\u00f3n Multimedia para Sucursales Bancarias\" \/>\n<meta name=\"twitter:description\" content=\"WWS Signage Permite el Dise\u00f1o, Edici\u00f3n y Distribuci\u00f3n de Contenido Multimedia Informativo y Comercial en Redes LAN, Intranet e Internet\" \/>\n<meta name=\"twitter:label1\" content=\"Tiempo de lectura\" \/>\n\t<meta name=\"twitter:data1\" content=\"2 minutos\" \/>\n<script type=\"application\/ld+json\" class=\"yoast-schema-graph\">{\"@context\":\"https:\\\/\\\/schema.org\",\"@graph\":[{\"@type\":\"WebPage\",\"@id\":\"https:\\\/\\\/www.aurigaspa.com\\\/es\\\/banca\\\/productos-y-soluciones\\\/marketing-de-banca-y-senalizacion-digital\\\/wws-signage\\\/\",\"url\":\"https:\\\/\\\/www.aurigaspa.com\\\/es\\\/banca\\\/productos-y-soluciones\\\/marketing-de-banca-y-senalizacion-digital\\\/wws-signage\\\/\",\"name\":\"WWS Signage: Comunicaci\u00f3n Multimedia para Sucursales Bancarias\",\"isPartOf\":{\"@id\":\"https:\\\/\\\/www.aurigaspa.com\\\/es\\\/#website\"},\"datePublished\":\"2017-10-09T15:22:39+00:00\",\"dateModified\":\"2025-11-12T11:06:39+00:00\",\"description\":\"WWS Signage Permite el Dise\u00f1o, Edici\u00f3n y Distribuci\u00f3n de Contenido Multimedia Informativo y Comercial en Redes LAN, Intranet e Internet\",\"breadcrumb\":{\"@id\":\"https:\\\/\\\/www.aurigaspa.com\\\/es\\\/banca\\\/productos-y-soluciones\\\/marketing-de-banca-y-senalizacion-digital\\\/wws-signage\\\/#breadcrumb\"},\"inLanguage\":\"es\",\"potentialAction\":[{\"@type\":\"ReadAction\",\"target\":[\"https:\\\/\\\/www.aurigaspa.com\\\/es\\\/banca\\\/productos-y-soluciones\\\/marketing-de-banca-y-senalizacion-digital\\\/wws-signage\\\/\"]}]},{\"@type\":\"BreadcrumbList\",\"@id\":\"https:\\\/\\\/www.aurigaspa.com\\\/es\\\/banca\\\/productos-y-soluciones\\\/marketing-de-banca-y-senalizacion-digital\\\/wws-signage\\\/#breadcrumb\",\"itemListElement\":[{\"@type\":\"ListItem\",\"position\":1,\"name\":\"Home\",\"item\":\"https:\\\/\\\/www.aurigaspa.com\\\/es\\\/\"},{\"@type\":\"ListItem\",\"position\":2,\"name\":\"Banca\",\"item\":\"https:\\\/\\\/www.aurigaspa.com\\\/es\\\/banca\\\/\"},{\"@type\":\"ListItem\",\"position\":3,\"name\":\"Productos y soluciones\",\"item\":\"https:\\\/\\\/www.aurigaspa.com\\\/es\\\/banca\\\/productos-y-soluciones\\\/\"},{\"@type\":\"ListItem\",\"position\":4,\"name\":\"Marketing de banca y senalizacion digital\",\"item\":\"https:\\\/\\\/www.aurigaspa.com\\\/es\\\/banca\\\/productos-y-soluciones\\\/marketing-de-banca-y-senalizacion-digital\\\/\"},{\"@type\":\"ListItem\",\"position\":5,\"name\":\"WWS Signage\"}]},{\"@type\":\"WebSite\",\"@id\":\"https:\\\/\\\/www.aurigaspa.com\\\/es\\\/#website\",\"url\":\"https:\\\/\\\/www.aurigaspa.com\\\/es\\\/\",\"name\":\"Auriga\",\"description\":\"The banking evolution\",\"publisher\":{\"@id\":\"https:\\\/\\\/www.aurigaspa.com\\\/es\\\/#organization\"},\"potentialAction\":[{\"@type\":\"SearchAction\",\"target\":{\"@type\":\"EntryPoint\",\"urlTemplate\":\"https:\\\/\\\/www.aurigaspa.com\\\/es\\\/?s={search_term_string}\"},\"query-input\":{\"@type\":\"PropertyValueSpecification\",\"valueRequired\":true,\"valueName\":\"search_term_string\"}}],\"inLanguage\":\"es\"},{\"@type\":\"Organization\",\"@id\":\"https:\\\/\\\/www.aurigaspa.com\\\/es\\\/#organization\",\"name\":\"Auriga\",\"url\":\"https:\\\/\\\/www.aurigaspa.com\\\/es\\\/\",\"logo\":{\"@type\":\"ImageObject\",\"inLanguage\":\"es\",\"@id\":\"https:\\\/\\\/www.aurigaspa.com\\\/es\\\/#\\\/schema\\\/logo\\\/image\\\/\",\"url\":\"https:\\\/\\\/www.aurigaspa.com\\\/wp-content\\\/uploads\\\/marchio_auriga_nopayoff_web.png\",\"contentUrl\":\"https:\\\/\\\/www.aurigaspa.com\\\/wp-content\\\/uploads\\\/marchio_auriga_nopayoff_web.png\",\"width\":660,\"height\":360,\"caption\":\"Auriga\"},\"image\":{\"@id\":\"https:\\\/\\\/www.aurigaspa.com\\\/es\\\/#\\\/schema\\\/logo\\\/image\\\/\"},\"sameAs\":[\"https:\\\/\\\/www.facebook.com\\\/aurigaspa\",\"https:\\\/\\\/www.instagram.com\\\/auriga_the_banking_evolution\\\/\",\"https:\\\/\\\/www.linkedin.com\\\/company\\\/auriga-spa\",\"https:\\\/\\\/www.youtube.com\\\/user\\\/aurigaspacom\"]}]}<\/script>\n<!-- \/ Yoast SEO Premium plugin. -->","yoast_head_json":{"title":"WWS Signage: Comunicaci\u00f3n Multimedia para Sucursales Bancarias","description":"WWS Signage Permite el Dise\u00f1o, Edici\u00f3n y Distribuci\u00f3n de Contenido Multimedia Informativo y Comercial en Redes LAN, Intranet e Internet","robots":{"index":"index","follow":"follow","max-snippet":"max-snippet:-1","max-image-preview":"max-image-preview:large","max-video-preview":"max-video-preview:-1"},"canonical":"https:\/\/www.aurigaspa.com\/es\/banca\/productos-y-soluciones\/marketing-de-banca-y-senalizacion-digital\/wws-signage\/","og_locale":"es_ES","og_type":"article","og_title":"WWS Signage: Comunicaci\u00f3n Multimedia para Sucursales Bancarias","og_description":"WWS Signage Permite el Dise\u00f1o, Edici\u00f3n y Distribuci\u00f3n de Contenido Multimedia Informativo y Comercial en Redes LAN, Intranet e Internet","og_url":"https:\/\/www.aurigaspa.com\/es\/banca\/productos-y-soluciones\/marketing-de-banca-y-senalizacion-digital\/wws-signage\/","og_site_name":"Auriga","article_publisher":"https:\/\/www.facebook.com\/aurigaspa","article_modified_time":"2025-11-12T11:06:39+00:00","twitter_card":"summary_large_image","twitter_title":"WWS Signage: Comunicaci\u00f3n Multimedia para Sucursales Bancarias","twitter_description":"WWS Signage Permite el Dise\u00f1o, Edici\u00f3n y Distribuci\u00f3n de Contenido Multimedia Informativo y Comercial en Redes LAN, Intranet e Internet","twitter_misc":{"Tiempo de lectura":"2 minutos"},"schema":{"@context":"https:\/\/schema.org","@graph":[{"@type":"WebPage","@id":"https:\/\/www.aurigaspa.com\/es\/banca\/productos-y-soluciones\/marketing-de-banca-y-senalizacion-digital\/wws-signage\/","url":"https:\/\/www.aurigaspa.com\/es\/banca\/productos-y-soluciones\/marketing-de-banca-y-senalizacion-digital\/wws-signage\/","name":"WWS Signage: Comunicaci\u00f3n Multimedia para Sucursales Bancarias","isPartOf":{"@id":"https:\/\/www.aurigaspa.com\/es\/#website"},"datePublished":"2017-10-09T15:22:39+00:00","dateModified":"2025-11-12T11:06:39+00:00","description":"WWS Signage Permite el Dise\u00f1o, Edici\u00f3n y Distribuci\u00f3n de Contenido Multimedia Informativo y Comercial en Redes LAN, Intranet e Internet","breadcrumb":{"@id":"https:\/\/www.aurigaspa.com\/es\/banca\/productos-y-soluciones\/marketing-de-banca-y-senalizacion-digital\/wws-signage\/#breadcrumb"},"inLanguage":"es","potentialAction":[{"@type":"ReadAction","target":["https:\/\/www.aurigaspa.com\/es\/banca\/productos-y-soluciones\/marketing-de-banca-y-senalizacion-digital\/wws-signage\/"]}]},{"@type":"BreadcrumbList","@id":"https:\/\/www.aurigaspa.com\/es\/banca\/productos-y-soluciones\/marketing-de-banca-y-senalizacion-digital\/wws-signage\/#breadcrumb","itemListElement":[{"@type":"ListItem","position":1,"name":"Home","item":"https:\/\/www.aurigaspa.com\/es\/"},{"@type":"ListItem","position":2,"name":"Banca","item":"https:\/\/www.aurigaspa.com\/es\/banca\/"},{"@type":"ListItem","position":3,"name":"Productos y soluciones","item":"https:\/\/www.aurigaspa.com\/es\/banca\/productos-y-soluciones\/"},{"@type":"ListItem","position":4,"name":"Marketing de banca y senalizacion digital","item":"https:\/\/www.aurigaspa.com\/es\/banca\/productos-y-soluciones\/marketing-de-banca-y-senalizacion-digital\/"},{"@type":"ListItem","position":5,"name":"WWS Signage"}]},{"@type":"WebSite","@id":"https:\/\/www.aurigaspa.com\/es\/#website","url":"https:\/\/www.aurigaspa.com\/es\/","name":"Auriga","description":"The banking evolution","publisher":{"@id":"https:\/\/www.aurigaspa.com\/es\/#organization"},"potentialAction":[{"@type":"SearchAction","target":{"@type":"EntryPoint","urlTemplate":"https:\/\/www.aurigaspa.com\/es\/?s={search_term_string}"},"query-input":{"@type":"PropertyValueSpecification","valueRequired":true,"valueName":"search_term_string"}}],"inLanguage":"es"},{"@type":"Organization","@id":"https:\/\/www.aurigaspa.com\/es\/#organization","name":"Auriga","url":"https:\/\/www.aurigaspa.com\/es\/","logo":{"@type":"ImageObject","inLanguage":"es","@id":"https:\/\/www.aurigaspa.com\/es\/#\/schema\/logo\/image\/","url":"https:\/\/www.aurigaspa.com\/wp-content\/uploads\/marchio_auriga_nopayoff_web.png","contentUrl":"https:\/\/www.aurigaspa.com\/wp-content\/uploads\/marchio_auriga_nopayoff_web.png","width":660,"height":360,"caption":"Auriga"},"image":{"@id":"https:\/\/www.aurigaspa.com\/es\/#\/schema\/logo\/image\/"},"sameAs":["https:\/\/www.facebook.com\/aurigaspa","https:\/\/www.instagram.com\/auriga_the_banking_evolution\/","https:\/\/www.linkedin.com\/company\/auriga-spa","https:\/\/www.youtube.com\/user\/aurigaspacom"]}]}},"_links":{"self":[{"href":"https:\/\/www.aurigaspa.com\/es\/wp-json\/wp\/v2\/pages\/32960","targetHints":{"allow":["GET"]}}],"collection":[{"href":"https:\/\/www.aurigaspa.com\/es\/wp-json\/wp\/v2\/pages"}],"about":[{"href":"https:\/\/www.aurigaspa.com\/es\/wp-json\/wp\/v2\/types\/page"}],"author":[{"embeddable":true,"href":"https:\/\/www.aurigaspa.com\/es\/wp-json\/wp\/v2\/users\/1"}],"replies":[{"embeddable":true,"href":"https:\/\/www.aurigaspa.com\/es\/wp-json\/wp\/v2\/comments?post=32960"}],"version-history":[{"count":5,"href":"https:\/\/www.aurigaspa.com\/es\/wp-json\/wp\/v2\/pages\/32960\/revisions"}],"predecessor-version":[{"id":77843,"href":"https:\/\/www.aurigaspa.com\/es\/wp-json\/wp\/v2\/pages\/32960\/revisions\/77843"}],"up":[{"embeddable":true,"href":"https:\/\/www.aurigaspa.com\/es\/wp-json\/wp\/v2\/pages\/70412"}],"wp:attachment":[{"href":"https:\/\/www.aurigaspa.com\/es\/wp-json\/wp\/v2\/media?parent=32960"}],"curies":[{"name":"wp","href":"https:\/\/api.w.org\/{rel}","templated":true}]}}