{"id":32955,"date":"2017-08-23T10:48:17","date_gmt":"2017-08-23T10:48:17","guid":{"rendered":"https:\/\/www.aurigaspa.com\/banca\/productos-y-soluciones\/pagos-electronicos\/my-bank\/"},"modified":"2021-07-21T14:52:17","modified_gmt":"2021-07-21T12:52:17","slug":"mybank","status":"publish","type":"page","link":"https:\/\/www.aurigaspa.com\/es\/banca\/productos-y-soluciones\/pagos-electronicos\/mybank\/","title":{"rendered":"MyBank"},"content":{"rendered":"<p>Como proveedor de servicios MyBank, las infraestructuras de servisios de Auriga est\u00e1n certificadas como compatibles con las especificaciones t\u00e9cnicas, comerciales y de seguridad de las soluciones MyBank.<\/p>\n<p>Auriga ha sido certificada para ofrecer sus servicios de pago MyBank a los bancos de compradores (Servicio de validaci\u00f3n) y a los bancos de comerciantes (Servicio de enrutamiento).<\/p>\n<h2>\u00bfQu\u00e9 es MyBank?<\/h2>\n<p>MyBank aprovecha los instrumentos e inversiones relacionados con SEPA para proporcionar una soluci\u00f3n en l\u00ednea para pagos armonizados en toda Europa.<\/p>\n<p>Lanzado por EBA CLEARING, MyBank es un nuevo m\u00e9todo de pago en l\u00ednea que ofrece una alternativa a las tarjetas de cr\u00e9dito y Paypal y que se utilizar\u00e1 para comprar productos y servicios en internet y a trav\u00e9s de canales m\u00f3viles.<\/p>\n<p>Permite a un cliente obtener una autorizaci\u00f3n en tiempo real para la transferencia de fondos desde su propia cuenta bancaria a la cuenta bancaria de una empresa en l\u00ednea utilizando una transferencia de cr\u00e9dito SEPA, de forma segura, f\u00e1cil e inmediata.<\/p>\n<p>SEPA Direct Debit estar\u00e1 disponible pr\u00f3ximamente y el consumidor podr\u00e1 elegir cualquiera de las opciones. MyBank funciona de manera muy sencilla para los consumidores, quienes al seleccionar el m\u00e9todo de pago de MyBank ser\u00e1n redirigidos al sitio web de banca en l\u00ednea de su propio banco (en el supuesto de que est\u00e9 suscrito al servicio). Desde all\u00ed, podr\u00e1n ejecutar el pago en un entorno familiar y de confianza.<\/p>\n<p>Una vez que el comprador haya realizado el pago, el comerciante recibe en tiempo real la confirmaci\u00f3n de la autorizaci\u00f3n de pago del banco.<\/p>\n<p>Auriga ha desarrollado su propia soluci\u00f3n MyBank, que ofrece a los bancos una serie de funciones y servicios adicionales que facilitan la implementaci\u00f3n y la administraci\u00f3n.<\/p>\n<h2>La soluci\u00f3n MyBank de Auriga ofrece<\/h2>\n<p>Consola basada en web para gesti\u00f3n de transacciones: Acceso a una gama de funciones que admiten operaciones de MyBank, como:<\/p>\n[inline_list]\n<ul>\n<li>Buscar y mostrar una transacci\u00f3n determinada<\/li>\n<li>Monitorizaci\u00f3n y seguimiento de transacciones<\/li>\n<li>Informes y estad\u00edsticas<\/li>\n<\/ul>\n[\/inline_list]\n<p>Servicio de facilitaci\u00f3n de la integraci\u00f3n de nuevos comerciantes (y sus sitios web) en la red MyBank<\/p>\n<p>Servicios de soporte para comerciantes, como:<\/p>\n[inline_list]\n<ul>\n<li>Herramientas para conciliar transacciones<\/li>\n<li>Datos e informes de uso<\/li>\n<li>Mensajes de alerta y administraci\u00f3n de excepciones<\/li>\n<\/ul>\n[\/inline_list]\n<h2>Ventajas para los bancos<\/h2>\n[inline_list]\n<ul>\n<li>Una forma de satisfacer la solicitud por parte de sus clientes de m\u00e9todos de pago electr\u00f3nico seguros y f\u00e1ciles de usar<\/li>\n<li>Una respuesta a los deseos de sus comerciantes en l\u00ednea en cuanto a servicios de pago electr\u00f3nico mediante instrumentos SEPA<\/li>\n<li>Soporte a las agencias gubernamentales en l\u00ednea, haciendo disponibles servicios de pago electr\u00f3nico<\/li>\n<li>Una soluci\u00f3n que requiere una inversi\u00f3n m\u00ednima, ya que se basa en el uso de la banca en l\u00ednea ya existente y en la infraestructura SEPA para realizar transacciones de pago.<\/li>\n<\/ul>\n[\/inline_list]\n<h2>Ventajas para los consumidores<\/h2>\n[inline_list]\n<ul>\n<li>Una forma de pago en l\u00ednea v\u00e1lida en toda Europa, sencilla, fiable, segura y familiar, ya que utiliza el propio servicio de banca en l\u00ednea del consumidor<\/li>\n<li>Los usuarios no deben proporcionar su contrase\u00f1a o n\u00famero de tarjeta de cr\u00e9dito a proveedores y\/o terceros<\/li>\n<li>Es posible usar diferentes tipos de pago, como SCT o SDD (CORE, B2B)<\/li>\n<\/ul>\n[\/inline_list]\n<h2>Ventajas para los comerciantes<\/h2>\n[inline_list]\n<ul>\n<li>Una soluci\u00f3n europea que llega a clientes en toda Europa mediante autorizaci\u00f3n SCT o SDD en l\u00ednea<\/li>\n<li>Confirmaci\u00f3n de la autorizaci\u00f3n en tiempo real<\/li>\n<li>Reducci\u00f3n del fraude gracias a la doble autenticaci\u00f3n de los clientes a trav\u00e9s de banca en l\u00ednea y las transferencias seguras<\/li>\n<\/ul>\n[\/inline_list]\n","protected":false},"excerpt":{"rendered":"<p>Como proveedor de servicios MyBank, las infraestructuras de servisios de Auriga est\u00e1n certificadas como compatibles con las especificaciones t\u00e9cnicas, comerciales y de seguridad de las soluciones MyBank. Auriga ha sido certificada para ofrecer sus servicios de pago MyBank a los bancos de compradores (Servicio de validaci\u00f3n) y a los bancos de comerciantes (Servicio de enrutamiento).<\/p>\n","protected":false},"author":1,"featured_media":0,"parent":32953,"menu_order":1,"comment_status":"closed","ping_status":"closed","template":"","meta":{"footnotes":""},"class_list":["post-32955","page","type-page","status-publish","hentry"],"yoast_head":"<!-- This site is optimized with the Yoast SEO Premium plugin v27.4 (Yoast SEO v27.4) - https:\/\/yoast.com\/product\/yoast-seo-premium-wordpress\/ -->\n<title>MyBank: un Nuevo M\u00e9todo de Pago en L\u00ednea - Auriga<\/title>\n<meta name=\"description\" content=\"Auriga ha Desarrollado su Propia Soluci\u00f3n MyBank, que Ofrece a los Bancos una Serie de Funciones y Servicios Adicionales que Facilitan la Administraci\u00f3n\" \/>\n<meta name=\"robots\" content=\"index, follow, max-snippet:-1, max-image-preview:large, max-video-preview:-1\" \/>\n<link rel=\"canonical\" href=\"https:\/\/www.aurigaspa.com\/es\/banca\/productos-y-soluciones\/pagos-electronicos\/mybank\/\" \/>\n<meta property=\"og:locale\" content=\"es_ES\" \/>\n<meta property=\"og:type\" content=\"article\" \/>\n<meta property=\"og:title\" content=\"MyBank: un Nuevo M\u00e9todo de Pago en L\u00ednea - Auriga\" \/>\n<meta property=\"og:description\" content=\"Auriga ha Desarrollado su Propia Soluci\u00f3n MyBank, que Ofrece a los Bancos una Serie de Funciones y Servicios Adicionales que Facilitan la Administraci\u00f3n\" \/>\n<meta property=\"og:url\" content=\"https:\/\/www.aurigaspa.com\/es\/banca\/productos-y-soluciones\/pagos-electronicos\/mybank\/\" \/>\n<meta property=\"og:site_name\" content=\"Auriga\" \/>\n<meta property=\"article:publisher\" content=\"https:\/\/www.facebook.com\/aurigaspa\" \/>\n<meta property=\"article:modified_time\" content=\"2021-07-21T12:52:17+00:00\" \/>\n<meta name=\"twitter:card\" content=\"summary_large_image\" \/>\n<meta name=\"twitter:title\" content=\"MyBank: un Nuevo M\u00e9todo de Pago en L\u00ednea - Auriga\" \/>\n<meta name=\"twitter:description\" content=\"Auriga ha Desarrollado su Propia Soluci\u00f3n MyBank, que Ofrece a los Bancos una Serie de Funciones y Servicios Adicionales que Facilitan la Administraci\u00f3n\" \/>\n<meta name=\"twitter:label1\" content=\"Tiempo de lectura\" \/>\n\t<meta name=\"twitter:data1\" content=\"3 minutos\" \/>\n<script type=\"application\/ld+json\" class=\"yoast-schema-graph\">{\"@context\":\"https:\\\/\\\/schema.org\",\"@graph\":[{\"@type\":\"WebPage\",\"@id\":\"https:\\\/\\\/www.aurigaspa.com\\\/es\\\/banca\\\/productos-y-soluciones\\\/pagos-electronicos\\\/mybank\\\/\",\"url\":\"https:\\\/\\\/www.aurigaspa.com\\\/es\\\/banca\\\/productos-y-soluciones\\\/pagos-electronicos\\\/mybank\\\/\",\"name\":\"MyBank: un Nuevo M\u00e9todo de Pago en L\u00ednea - Auriga\",\"isPartOf\":{\"@id\":\"https:\\\/\\\/www.aurigaspa.com\\\/es\\\/#website\"},\"datePublished\":\"2017-08-23T10:48:17+00:00\",\"dateModified\":\"2021-07-21T12:52:17+00:00\",\"description\":\"Auriga ha Desarrollado su Propia Soluci\u00f3n MyBank, que Ofrece a los Bancos una Serie de Funciones y Servicios Adicionales que Facilitan la Administraci\u00f3n\",\"breadcrumb\":{\"@id\":\"https:\\\/\\\/www.aurigaspa.com\\\/es\\\/banca\\\/productos-y-soluciones\\\/pagos-electronicos\\\/mybank\\\/#breadcrumb\"},\"inLanguage\":\"es\",\"potentialAction\":[{\"@type\":\"ReadAction\",\"target\":[\"https:\\\/\\\/www.aurigaspa.com\\\/es\\\/banca\\\/productos-y-soluciones\\\/pagos-electronicos\\\/mybank\\\/\"]}]},{\"@type\":\"BreadcrumbList\",\"@id\":\"https:\\\/\\\/www.aurigaspa.com\\\/es\\\/banca\\\/productos-y-soluciones\\\/pagos-electronicos\\\/mybank\\\/#breadcrumb\",\"itemListElement\":[{\"@type\":\"ListItem\",\"position\":1,\"name\":\"Home\",\"item\":\"https:\\\/\\\/www.aurigaspa.com\\\/es\\\/\"},{\"@type\":\"ListItem\",\"position\":2,\"name\":\"Banca\",\"item\":\"https:\\\/\\\/www.aurigaspa.com\\\/es\\\/banca\\\/\"},{\"@type\":\"ListItem\",\"position\":3,\"name\":\"Productos y soluciones\",\"item\":\"https:\\\/\\\/www.aurigaspa.com\\\/es\\\/banca\\\/productos-y-soluciones\\\/\"},{\"@type\":\"ListItem\",\"position\":4,\"name\":\"Pagos electr\u00f3nicos\",\"item\":\"https:\\\/\\\/www.aurigaspa.com\\\/es\\\/banca\\\/productos-y-soluciones\\\/pagos-electronicos\\\/\"},{\"@type\":\"ListItem\",\"position\":5,\"name\":\"MyBank\"}]},{\"@type\":\"WebSite\",\"@id\":\"https:\\\/\\\/www.aurigaspa.com\\\/es\\\/#website\",\"url\":\"https:\\\/\\\/www.aurigaspa.com\\\/es\\\/\",\"name\":\"Auriga\",\"description\":\"The banking evolution\",\"publisher\":{\"@id\":\"https:\\\/\\\/www.aurigaspa.com\\\/es\\\/#organization\"},\"potentialAction\":[{\"@type\":\"SearchAction\",\"target\":{\"@type\":\"EntryPoint\",\"urlTemplate\":\"https:\\\/\\\/www.aurigaspa.com\\\/es\\\/?s={search_term_string}\"},\"query-input\":{\"@type\":\"PropertyValueSpecification\",\"valueRequired\":true,\"valueName\":\"search_term_string\"}}],\"inLanguage\":\"es\"},{\"@type\":\"Organization\",\"@id\":\"https:\\\/\\\/www.aurigaspa.com\\\/es\\\/#organization\",\"name\":\"Auriga\",\"url\":\"https:\\\/\\\/www.aurigaspa.com\\\/es\\\/\",\"logo\":{\"@type\":\"ImageObject\",\"inLanguage\":\"es\",\"@id\":\"https:\\\/\\\/www.aurigaspa.com\\\/es\\\/#\\\/schema\\\/logo\\\/image\\\/\",\"url\":\"https:\\\/\\\/www.aurigaspa.com\\\/wp-content\\\/uploads\\\/marchio_auriga_nopayoff_web.png\",\"contentUrl\":\"https:\\\/\\\/www.aurigaspa.com\\\/wp-content\\\/uploads\\\/marchio_auriga_nopayoff_web.png\",\"width\":660,\"height\":360,\"caption\":\"Auriga\"},\"image\":{\"@id\":\"https:\\\/\\\/www.aurigaspa.com\\\/es\\\/#\\\/schema\\\/logo\\\/image\\\/\"},\"sameAs\":[\"https:\\\/\\\/www.facebook.com\\\/aurigaspa\",\"https:\\\/\\\/www.instagram.com\\\/auriga_the_banking_evolution\\\/\",\"https:\\\/\\\/www.linkedin.com\\\/company\\\/auriga-spa\",\"https:\\\/\\\/www.youtube.com\\\/user\\\/aurigaspacom\"]}]}<\/script>\n<!-- \/ Yoast SEO Premium plugin. -->","yoast_head_json":{"title":"MyBank: un Nuevo M\u00e9todo de Pago en L\u00ednea - Auriga","description":"Auriga ha Desarrollado su Propia Soluci\u00f3n MyBank, que Ofrece a los Bancos una Serie de Funciones y Servicios Adicionales que Facilitan la Administraci\u00f3n","robots":{"index":"index","follow":"follow","max-snippet":"max-snippet:-1","max-image-preview":"max-image-preview:large","max-video-preview":"max-video-preview:-1"},"canonical":"https:\/\/www.aurigaspa.com\/es\/banca\/productos-y-soluciones\/pagos-electronicos\/mybank\/","og_locale":"es_ES","og_type":"article","og_title":"MyBank: un Nuevo M\u00e9todo de Pago en L\u00ednea - Auriga","og_description":"Auriga ha Desarrollado su Propia Soluci\u00f3n MyBank, que Ofrece a los Bancos una Serie de Funciones y Servicios Adicionales que Facilitan la Administraci\u00f3n","og_url":"https:\/\/www.aurigaspa.com\/es\/banca\/productos-y-soluciones\/pagos-electronicos\/mybank\/","og_site_name":"Auriga","article_publisher":"https:\/\/www.facebook.com\/aurigaspa","article_modified_time":"2021-07-21T12:52:17+00:00","twitter_card":"summary_large_image","twitter_title":"MyBank: un Nuevo M\u00e9todo de Pago en L\u00ednea - Auriga","twitter_description":"Auriga ha Desarrollado su Propia Soluci\u00f3n MyBank, que Ofrece a los Bancos una Serie de Funciones y Servicios Adicionales que Facilitan la Administraci\u00f3n","twitter_misc":{"Tiempo de lectura":"3 minutos"},"schema":{"@context":"https:\/\/schema.org","@graph":[{"@type":"WebPage","@id":"https:\/\/www.aurigaspa.com\/es\/banca\/productos-y-soluciones\/pagos-electronicos\/mybank\/","url":"https:\/\/www.aurigaspa.com\/es\/banca\/productos-y-soluciones\/pagos-electronicos\/mybank\/","name":"MyBank: un Nuevo M\u00e9todo de Pago en L\u00ednea - Auriga","isPartOf":{"@id":"https:\/\/www.aurigaspa.com\/es\/#website"},"datePublished":"2017-08-23T10:48:17+00:00","dateModified":"2021-07-21T12:52:17+00:00","description":"Auriga ha Desarrollado su Propia Soluci\u00f3n MyBank, que Ofrece a los Bancos una Serie de Funciones y Servicios Adicionales que Facilitan la Administraci\u00f3n","breadcrumb":{"@id":"https:\/\/www.aurigaspa.com\/es\/banca\/productos-y-soluciones\/pagos-electronicos\/mybank\/#breadcrumb"},"inLanguage":"es","potentialAction":[{"@type":"ReadAction","target":["https:\/\/www.aurigaspa.com\/es\/banca\/productos-y-soluciones\/pagos-electronicos\/mybank\/"]}]},{"@type":"BreadcrumbList","@id":"https:\/\/www.aurigaspa.com\/es\/banca\/productos-y-soluciones\/pagos-electronicos\/mybank\/#breadcrumb","itemListElement":[{"@type":"ListItem","position":1,"name":"Home","item":"https:\/\/www.aurigaspa.com\/es\/"},{"@type":"ListItem","position":2,"name":"Banca","item":"https:\/\/www.aurigaspa.com\/es\/banca\/"},{"@type":"ListItem","position":3,"name":"Productos y soluciones","item":"https:\/\/www.aurigaspa.com\/es\/banca\/productos-y-soluciones\/"},{"@type":"ListItem","position":4,"name":"Pagos electr\u00f3nicos","item":"https:\/\/www.aurigaspa.com\/es\/banca\/productos-y-soluciones\/pagos-electronicos\/"},{"@type":"ListItem","position":5,"name":"MyBank"}]},{"@type":"WebSite","@id":"https:\/\/www.aurigaspa.com\/es\/#website","url":"https:\/\/www.aurigaspa.com\/es\/","name":"Auriga","description":"The banking evolution","publisher":{"@id":"https:\/\/www.aurigaspa.com\/es\/#organization"},"potentialAction":[{"@type":"SearchAction","target":{"@type":"EntryPoint","urlTemplate":"https:\/\/www.aurigaspa.com\/es\/?s={search_term_string}"},"query-input":{"@type":"PropertyValueSpecification","valueRequired":true,"valueName":"search_term_string"}}],"inLanguage":"es"},{"@type":"Organization","@id":"https:\/\/www.aurigaspa.com\/es\/#organization","name":"Auriga","url":"https:\/\/www.aurigaspa.com\/es\/","logo":{"@type":"ImageObject","inLanguage":"es","@id":"https:\/\/www.aurigaspa.com\/es\/#\/schema\/logo\/image\/","url":"https:\/\/www.aurigaspa.com\/wp-content\/uploads\/marchio_auriga_nopayoff_web.png","contentUrl":"https:\/\/www.aurigaspa.com\/wp-content\/uploads\/marchio_auriga_nopayoff_web.png","width":660,"height":360,"caption":"Auriga"},"image":{"@id":"https:\/\/www.aurigaspa.com\/es\/#\/schema\/logo\/image\/"},"sameAs":["https:\/\/www.facebook.com\/aurigaspa","https:\/\/www.instagram.com\/auriga_the_banking_evolution\/","https:\/\/www.linkedin.com\/company\/auriga-spa","https:\/\/www.youtube.com\/user\/aurigaspacom"]}]}},"_links":{"self":[{"href":"https:\/\/www.aurigaspa.com\/es\/wp-json\/wp\/v2\/pages\/32955","targetHints":{"allow":["GET"]}}],"collection":[{"href":"https:\/\/www.aurigaspa.com\/es\/wp-json\/wp\/v2\/pages"}],"about":[{"href":"https:\/\/www.aurigaspa.com\/es\/wp-json\/wp\/v2\/types\/page"}],"author":[{"embeddable":true,"href":"https:\/\/www.aurigaspa.com\/es\/wp-json\/wp\/v2\/users\/1"}],"replies":[{"embeddable":true,"href":"https:\/\/www.aurigaspa.com\/es\/wp-json\/wp\/v2\/comments?post=32955"}],"version-history":[{"count":5,"href":"https:\/\/www.aurigaspa.com\/es\/wp-json\/wp\/v2\/pages\/32955\/revisions"}],"predecessor-version":[{"id":68010,"href":"https:\/\/www.aurigaspa.com\/es\/wp-json\/wp\/v2\/pages\/32955\/revisions\/68010"}],"up":[{"embeddable":true,"href":"https:\/\/www.aurigaspa.com\/es\/wp-json\/wp\/v2\/pages\/32953"}],"wp:attachment":[{"href":"https:\/\/www.aurigaspa.com\/es\/wp-json\/wp\/v2\/media?parent=32955"}],"curies":[{"name":"wp","href":"https:\/\/api.w.org\/{rel}","templated":true}]}}