{"id":32939,"date":"2017-12-04T09:05:45","date_gmt":"2017-12-04T09:05:45","guid":{"rendered":"https:\/\/www.aurigaspa.com\/banca\/productos-y-soluciones\/wws-mobile\/"},"modified":"2025-11-12T12:01:00","modified_gmt":"2025-11-12T11:01:00","slug":"wws-mobile","status":"publish","type":"page","link":"https:\/\/www.aurigaspa.com\/es\/banca\/productos-y-soluciones\/wws-mobile\/","title":{"rendered":"WWS Mobile"},"content":{"rendered":"<h2>Banca en movimiento<\/h2>\n<p>WWS Mobile es una soluci\u00f3n de alta seguridad e integraci\u00f3n que proporciona un amplio conjunto de servicios de banca m\u00f3vil, pagos, alertas y mensajer\u00eda. Permite a los bancos y proveedores de servicios proporcionar a los consumidores la mejor experiencia de \u00abbanca en el bolsillo\u00bb, lo que resulta en una mayor satisfacci\u00f3n del consumidor y nuevas oportunidades de ingresos.<\/p>\n<p>WWS Mobile ha sido desarrollado empleando las \u00faltimas tecnolog\u00edas de tel\u00e9fonos inteligentes y tabletas y est\u00e1 disponible en todas las plataformas m\u00f3viles l\u00edderes, incluidas Apple iOS, Google Android y Blackberry. La interfaz de usuario es muy intuitiva para los consumidores y cumple con los m\u00e1s avanzados est\u00e1ndares de usuario. Las pantallas se personalizan f\u00e1cilmente para que coincidan con las preferencias de marca y presentaci\u00f3n del banco.<\/p>\n<h2>WWS Mobile: lo \u00faltimo en libertad bancaria<\/h2>\n<h3>Poderosa informaci\u00f3n<\/h3>\n<p>WWS Mobile es una poderosa fuente de informaci\u00f3n para el consumidor en movimiento. Los servicios de geolocalizaci\u00f3n integrados facilitan la b\u00fasqueda de la sucursal bancaria o cajero m\u00e1s cercanos y la posibilidad de acceder a m\u00faltiples fuentes RSS garantiza que el consumidor se beneficie de las \u00faltimas noticias e informaci\u00f3n. Adem\u00e1s, los consumidores pueden a\u00f1adir f\u00e1cilmente enlaces a una variedad de sitios de internet para proporcionar un c\u00f3modo acceso con un solo clic a una gama completa de servicios.<\/p>\n<h3>Integraci\u00f3n perfecta<\/h3>\n<p>La soluci\u00f3n un componente de la suite de banca omnicanal WWS. Cualquier transacci\u00f3n realizada es accesible de inmediato a trav\u00e9s de cualquier otro canal de servicio y viceversa. El consumidor dispone de una vista completa y sin obst\u00e1culos de todo el estado y el historial de su cuenta.<\/p>\n<h3>Banca m\u00f3vil<\/h3>\n<p>WWS Mobile permite a los bancos configurar m\u00faltiples perfiles de usuario para que coincidan exactamente con sus objetivos corporativos y las preferencias de servicio de los clientes. Como componente de la suite de banca omnicanal WWS, la soluci\u00f3n proporciona a los consumidores acceso a cualquiera de los servicios bancarios disponibles, en cualquier momento y en cualquier lugar. Al consumidor se le presentan autom\u00e1ticamente los servicios de perfil de usuario apropiados en funci\u00f3n de sus credenciales de inicio de sesi\u00f3n. Los consumidores tambi\u00e9n tienen la posibilidad de configurar su propio men\u00fa de favoritos para agilizar todav\u00eda m\u00e1s su experiencia bancaria.<\/p>\n<h3>Pagos m\u00f3viles<\/h3>\n<p>WWS Mobile ofrece pagos m\u00f3viles r\u00e1pidos, seguros y comprobados. Ya sea haciendo un pago de persona a persona o pagando por productos en la caja, proporciona una alternativa comprobada y conveniente a los pagos tradicionales en efectivo y con tarjeta. Permite a los consumidores seleccionar entre cualquier n\u00famero de tarjetas o cuentas preconfiguradas al hacer sus pagos. La soluci\u00f3n tambi\u00e9n incluye almacenamiento autom\u00e1tico de recibos y cupones electr\u00f3nicos para un registro completo y conveniente de todas las transacciones de pago.<\/p>\n<p>WWS Mobile facilita la pr\u00f3xima generaci\u00f3n de comercio electr\u00f3nico r\u00e1pido y seguro. El consumidor simplemente escanea el c\u00f3digo QR en una entrada de cat\u00e1logo o folleto promocional e inicia el pago. Se acab\u00f3 rellenar largos formularios. Se acab\u00f3 el riesgo de que comerciantes desconocidos tengan datos secretos de tarjetas e informaci\u00f3n privada. Es r\u00e1pido, seguro y fiable para una total tranquilidad<\/p>\n<h3>Banca por SMS<\/h3>\n<p>WWS Mobile incluye una opci\u00f3n para servicios bancarios basados en SMS, ideal para consumidores con tel\u00e9fonos de primera generaci\u00f3n. Entre los ejemplos de servicios de banca SMS se incluyen:<\/p>\n[inline_list]\n<ul>\n<li style=\"text-align: left;\">Acceso a saldos de cuenta<\/li>\n<li style=\"text-align: left;\">Recepci\u00f3n de saldos de cuenta actualizados y res\u00famenes de estados a intervalos regulares<\/li>\n<li style=\"text-align: left;\">Alerta automatizada de eventos importantes, que incluyen saldo bajo, finalizaci\u00f3n de una transferencia bancaria y la recepci\u00f3n de sueldos y salario<\/li>\n<\/ul>\n[\/inline_list]\n<p>Los bancos tambi\u00e9n se benefician de las caracter\u00edsticas de venta cruzada de los servicios SMS. WWS Mobile facilita el env\u00edo de mensajes personalizados a diferentes grupos de clientes en funci\u00f3n de su edad, regi\u00f3n geogr\u00e1fica, sexo, perfil de cuenta y muchos otros criterios de selecci\u00f3n.<\/p>\n<h3>Servicios de canal cruzado<\/h3>\n<p>WWS Mobile tambi\u00e9n incluye una serie de servicios de canales cruzados para una experiencia de consumidor verdaderamente fluida e ininterrumpida. Por ejemplo, permite al consumidor preparar una transacci\u00f3n de retirada de dinero en efectivo en su dispositivo m\u00f3vil para su posterior finalizaci\u00f3n en el cajero autom\u00e1tico. Este servicio no solo reduce el tiempo de espera de los consumidores y su vulnerabilidad en el cajero autom\u00e1tico, sino que tambi\u00e9n elimina por completo el riesgo de fraude de tarjetas y de espionaje del PIN en el cajero autom\u00e1tico.<\/p>\n<p>Otros ejemplos de servicios de canales cruzados incluyen el uso como opci\u00f3n de autenticaci\u00f3n avanzada para funciones sensibles de banca personal y corporativa y la capacidad de autorizar transacciones iniciadas por titulares de cuentas secundarias. Con WWS Mobile, los consumidores pueden elegir c\u00f3mo interactuar con su banco, ahorr\u00e1ndoles tiempo y siendo recompensados con una mayor comodidad y satisfacci\u00f3n del servicio.<\/p>\n","protected":false},"excerpt":{"rendered":"<p>Banca en movimiento WWS Mobile es una soluci\u00f3n de alta seguridad e integraci\u00f3n que proporciona un amplio conjunto de servicios de banca m\u00f3vil, pagos, alertas y mensajer\u00eda. Permite a los bancos y proveedores de servicios proporcionar a los consumidores la mejor experiencia de \u00abbanca en el bolsillo\u00bb, lo que resulta en una mayor satisfacci\u00f3n del<\/p>\n","protected":false},"author":1,"featured_media":0,"parent":32802,"menu_order":0,"comment_status":"closed","ping_status":"closed","template":"","meta":{"footnotes":""},"class_list":["post-32939","page","type-page","status-publish","hentry"],"yoast_head":"<!-- This site is optimized with the Yoast SEO Premium plugin v27.3 (Yoast SEO v27.3) - https:\/\/yoast.com\/product\/yoast-seo-premium-wordpress\/ -->\n<title>WWS Mobile: Poderosa Informaci\u00f3n y Integraci\u00f3n Perfecta - Auriga<\/title>\n<meta name=\"description\" content=\"WWS Mobile es una Soluci\u00f3n de Alta Seguridad e Integraci\u00f3n que Proporciona un Amplio Conjunto de Servicios de Banca M\u00f3vil, Pagos, Alertas y Mensajer\u00eda\" \/>\n<meta name=\"robots\" content=\"index, follow, max-snippet:-1, max-image-preview:large, max-video-preview:-1\" \/>\n<link rel=\"canonical\" href=\"https:\/\/www.aurigaspa.com\/es\/banca\/productos-y-soluciones\/wws-mobile\/\" \/>\n<meta property=\"og:locale\" content=\"es_ES\" \/>\n<meta property=\"og:type\" content=\"article\" \/>\n<meta property=\"og:title\" content=\"WWS Mobile: Poderosa Informaci\u00f3n y Integraci\u00f3n Perfecta - Auriga\" \/>\n<meta property=\"og:description\" content=\"WWS Mobile es una Soluci\u00f3n de Alta Seguridad e Integraci\u00f3n que Proporciona un Amplio Conjunto de Servicios de Banca M\u00f3vil, Pagos, Alertas y Mensajer\u00eda\" \/>\n<meta property=\"og:url\" content=\"https:\/\/www.aurigaspa.com\/es\/banca\/productos-y-soluciones\/wws-mobile\/\" \/>\n<meta property=\"og:site_name\" content=\"Auriga\" \/>\n<meta property=\"article:publisher\" content=\"https:\/\/www.facebook.com\/aurigaspa\" \/>\n<meta property=\"article:modified_time\" content=\"2025-11-12T11:01:00+00:00\" \/>\n<meta name=\"twitter:card\" content=\"summary_large_image\" \/>\n<meta name=\"twitter:title\" content=\"WWS Mobile: Poderosa Informaci\u00f3n y Integraci\u00f3n Perfecta - Auriga\" \/>\n<meta name=\"twitter:label1\" content=\"Tiempo de lectura\" \/>\n\t<meta name=\"twitter:data1\" content=\"5 minutos\" \/>\n<script type=\"application\/ld+json\" class=\"yoast-schema-graph\">{\"@context\":\"https:\\\/\\\/schema.org\",\"@graph\":[{\"@type\":\"WebPage\",\"@id\":\"https:\\\/\\\/www.aurigaspa.com\\\/es\\\/banca\\\/productos-y-soluciones\\\/wws-mobile\\\/\",\"url\":\"https:\\\/\\\/www.aurigaspa.com\\\/es\\\/banca\\\/productos-y-soluciones\\\/wws-mobile\\\/\",\"name\":\"WWS Mobile: Poderosa Informaci\u00f3n y Integraci\u00f3n Perfecta - Auriga\",\"isPartOf\":{\"@id\":\"https:\\\/\\\/www.aurigaspa.com\\\/es\\\/#website\"},\"datePublished\":\"2017-12-04T09:05:45+00:00\",\"dateModified\":\"2025-11-12T11:01:00+00:00\",\"description\":\"WWS Mobile es una Soluci\u00f3n de Alta Seguridad e Integraci\u00f3n que Proporciona un Amplio Conjunto de Servicios de Banca M\u00f3vil, Pagos, Alertas y Mensajer\u00eda\",\"breadcrumb\":{\"@id\":\"https:\\\/\\\/www.aurigaspa.com\\\/es\\\/banca\\\/productos-y-soluciones\\\/wws-mobile\\\/#breadcrumb\"},\"inLanguage\":\"es\",\"potentialAction\":[{\"@type\":\"ReadAction\",\"target\":[\"https:\\\/\\\/www.aurigaspa.com\\\/es\\\/banca\\\/productos-y-soluciones\\\/wws-mobile\\\/\"]}]},{\"@type\":\"BreadcrumbList\",\"@id\":\"https:\\\/\\\/www.aurigaspa.com\\\/es\\\/banca\\\/productos-y-soluciones\\\/wws-mobile\\\/#breadcrumb\",\"itemListElement\":[{\"@type\":\"ListItem\",\"position\":1,\"name\":\"Home\",\"item\":\"https:\\\/\\\/www.aurigaspa.com\\\/es\\\/\"},{\"@type\":\"ListItem\",\"position\":2,\"name\":\"Banca\",\"item\":\"https:\\\/\\\/www.aurigaspa.com\\\/es\\\/banca\\\/\"},{\"@type\":\"ListItem\",\"position\":3,\"name\":\"Productos y soluciones\",\"item\":\"https:\\\/\\\/www.aurigaspa.com\\\/es\\\/banca\\\/productos-y-soluciones\\\/\"},{\"@type\":\"ListItem\",\"position\":4,\"name\":\"WWS Mobile\"}]},{\"@type\":\"WebSite\",\"@id\":\"https:\\\/\\\/www.aurigaspa.com\\\/es\\\/#website\",\"url\":\"https:\\\/\\\/www.aurigaspa.com\\\/es\\\/\",\"name\":\"Auriga\",\"description\":\"The banking evolution\",\"publisher\":{\"@id\":\"https:\\\/\\\/www.aurigaspa.com\\\/es\\\/#organization\"},\"potentialAction\":[{\"@type\":\"SearchAction\",\"target\":{\"@type\":\"EntryPoint\",\"urlTemplate\":\"https:\\\/\\\/www.aurigaspa.com\\\/es\\\/?s={search_term_string}\"},\"query-input\":{\"@type\":\"PropertyValueSpecification\",\"valueRequired\":true,\"valueName\":\"search_term_string\"}}],\"inLanguage\":\"es\"},{\"@type\":\"Organization\",\"@id\":\"https:\\\/\\\/www.aurigaspa.com\\\/es\\\/#organization\",\"name\":\"Auriga\",\"url\":\"https:\\\/\\\/www.aurigaspa.com\\\/es\\\/\",\"logo\":{\"@type\":\"ImageObject\",\"inLanguage\":\"es\",\"@id\":\"https:\\\/\\\/www.aurigaspa.com\\\/es\\\/#\\\/schema\\\/logo\\\/image\\\/\",\"url\":\"https:\\\/\\\/www.aurigaspa.com\\\/wp-content\\\/uploads\\\/marchio_auriga_nopayoff_web.png\",\"contentUrl\":\"https:\\\/\\\/www.aurigaspa.com\\\/wp-content\\\/uploads\\\/marchio_auriga_nopayoff_web.png\",\"width\":660,\"height\":360,\"caption\":\"Auriga\"},\"image\":{\"@id\":\"https:\\\/\\\/www.aurigaspa.com\\\/es\\\/#\\\/schema\\\/logo\\\/image\\\/\"},\"sameAs\":[\"https:\\\/\\\/www.facebook.com\\\/aurigaspa\",\"https:\\\/\\\/www.instagram.com\\\/auriga_the_banking_evolution\\\/\",\"https:\\\/\\\/www.linkedin.com\\\/company\\\/auriga-spa\",\"https:\\\/\\\/www.youtube.com\\\/user\\\/aurigaspacom\"]}]}<\/script>\n<!-- \/ Yoast SEO Premium plugin. -->","yoast_head_json":{"title":"WWS Mobile: Poderosa Informaci\u00f3n y Integraci\u00f3n Perfecta - Auriga","description":"WWS Mobile es una Soluci\u00f3n de Alta Seguridad e Integraci\u00f3n que Proporciona un Amplio Conjunto de Servicios de Banca M\u00f3vil, Pagos, Alertas y Mensajer\u00eda","robots":{"index":"index","follow":"follow","max-snippet":"max-snippet:-1","max-image-preview":"max-image-preview:large","max-video-preview":"max-video-preview:-1"},"canonical":"https:\/\/www.aurigaspa.com\/es\/banca\/productos-y-soluciones\/wws-mobile\/","og_locale":"es_ES","og_type":"article","og_title":"WWS Mobile: Poderosa Informaci\u00f3n y Integraci\u00f3n Perfecta - Auriga","og_description":"WWS Mobile es una Soluci\u00f3n de Alta Seguridad e Integraci\u00f3n que Proporciona un Amplio Conjunto de Servicios de Banca M\u00f3vil, Pagos, Alertas y Mensajer\u00eda","og_url":"https:\/\/www.aurigaspa.com\/es\/banca\/productos-y-soluciones\/wws-mobile\/","og_site_name":"Auriga","article_publisher":"https:\/\/www.facebook.com\/aurigaspa","article_modified_time":"2025-11-12T11:01:00+00:00","twitter_card":"summary_large_image","twitter_title":"WWS Mobile: Poderosa Informaci\u00f3n y Integraci\u00f3n Perfecta - Auriga","twitter_misc":{"Tiempo de lectura":"5 minutos"},"schema":{"@context":"https:\/\/schema.org","@graph":[{"@type":"WebPage","@id":"https:\/\/www.aurigaspa.com\/es\/banca\/productos-y-soluciones\/wws-mobile\/","url":"https:\/\/www.aurigaspa.com\/es\/banca\/productos-y-soluciones\/wws-mobile\/","name":"WWS Mobile: Poderosa Informaci\u00f3n y Integraci\u00f3n Perfecta - Auriga","isPartOf":{"@id":"https:\/\/www.aurigaspa.com\/es\/#website"},"datePublished":"2017-12-04T09:05:45+00:00","dateModified":"2025-11-12T11:01:00+00:00","description":"WWS Mobile es una Soluci\u00f3n de Alta Seguridad e Integraci\u00f3n que Proporciona un Amplio Conjunto de Servicios de Banca M\u00f3vil, Pagos, Alertas y Mensajer\u00eda","breadcrumb":{"@id":"https:\/\/www.aurigaspa.com\/es\/banca\/productos-y-soluciones\/wws-mobile\/#breadcrumb"},"inLanguage":"es","potentialAction":[{"@type":"ReadAction","target":["https:\/\/www.aurigaspa.com\/es\/banca\/productos-y-soluciones\/wws-mobile\/"]}]},{"@type":"BreadcrumbList","@id":"https:\/\/www.aurigaspa.com\/es\/banca\/productos-y-soluciones\/wws-mobile\/#breadcrumb","itemListElement":[{"@type":"ListItem","position":1,"name":"Home","item":"https:\/\/www.aurigaspa.com\/es\/"},{"@type":"ListItem","position":2,"name":"Banca","item":"https:\/\/www.aurigaspa.com\/es\/banca\/"},{"@type":"ListItem","position":3,"name":"Productos y soluciones","item":"https:\/\/www.aurigaspa.com\/es\/banca\/productos-y-soluciones\/"},{"@type":"ListItem","position":4,"name":"WWS Mobile"}]},{"@type":"WebSite","@id":"https:\/\/www.aurigaspa.com\/es\/#website","url":"https:\/\/www.aurigaspa.com\/es\/","name":"Auriga","description":"The banking evolution","publisher":{"@id":"https:\/\/www.aurigaspa.com\/es\/#organization"},"potentialAction":[{"@type":"SearchAction","target":{"@type":"EntryPoint","urlTemplate":"https:\/\/www.aurigaspa.com\/es\/?s={search_term_string}"},"query-input":{"@type":"PropertyValueSpecification","valueRequired":true,"valueName":"search_term_string"}}],"inLanguage":"es"},{"@type":"Organization","@id":"https:\/\/www.aurigaspa.com\/es\/#organization","name":"Auriga","url":"https:\/\/www.aurigaspa.com\/es\/","logo":{"@type":"ImageObject","inLanguage":"es","@id":"https:\/\/www.aurigaspa.com\/es\/#\/schema\/logo\/image\/","url":"https:\/\/www.aurigaspa.com\/wp-content\/uploads\/marchio_auriga_nopayoff_web.png","contentUrl":"https:\/\/www.aurigaspa.com\/wp-content\/uploads\/marchio_auriga_nopayoff_web.png","width":660,"height":360,"caption":"Auriga"},"image":{"@id":"https:\/\/www.aurigaspa.com\/es\/#\/schema\/logo\/image\/"},"sameAs":["https:\/\/www.facebook.com\/aurigaspa","https:\/\/www.instagram.com\/auriga_the_banking_evolution\/","https:\/\/www.linkedin.com\/company\/auriga-spa","https:\/\/www.youtube.com\/user\/aurigaspacom"]}]}},"_links":{"self":[{"href":"https:\/\/www.aurigaspa.com\/es\/wp-json\/wp\/v2\/pages\/32939","targetHints":{"allow":["GET"]}}],"collection":[{"href":"https:\/\/www.aurigaspa.com\/es\/wp-json\/wp\/v2\/pages"}],"about":[{"href":"https:\/\/www.aurigaspa.com\/es\/wp-json\/wp\/v2\/types\/page"}],"author":[{"embeddable":true,"href":"https:\/\/www.aurigaspa.com\/es\/wp-json\/wp\/v2\/users\/1"}],"replies":[{"embeddable":true,"href":"https:\/\/www.aurigaspa.com\/es\/wp-json\/wp\/v2\/comments?post=32939"}],"version-history":[{"count":5,"href":"https:\/\/www.aurigaspa.com\/es\/wp-json\/wp\/v2\/pages\/32939\/revisions"}],"predecessor-version":[{"id":77841,"href":"https:\/\/www.aurigaspa.com\/es\/wp-json\/wp\/v2\/pages\/32939\/revisions\/77841"}],"up":[{"embeddable":true,"href":"https:\/\/www.aurigaspa.com\/es\/wp-json\/wp\/v2\/pages\/32802"}],"wp:attachment":[{"href":"https:\/\/www.aurigaspa.com\/es\/wp-json\/wp\/v2\/media?parent=32939"}],"curies":[{"name":"wp","href":"https:\/\/api.w.org\/{rel}","templated":true}]}}