{"id":32937,"date":"2017-10-09T15:29:42","date_gmt":"2017-10-09T15:29:42","guid":{"rendered":"https:\/\/www.aurigaspa.com\/wws-pc\/"},"modified":"2025-11-12T11:54:49","modified_gmt":"2025-11-12T10:54:49","slug":"wws-digital-banking","status":"publish","type":"page","link":"https:\/\/www.aurigaspa.com\/es\/banca\/productos-y-soluciones\/internet-pc\/wws-digital-banking\/","title":{"rendered":"WWS Digital Banking"},"content":{"rendered":"<h2>Banca avanzada por internet<\/h2>\n<p>WWS Digital Banking es una soluci\u00f3n de banca por internet de gran seguridad que admite m\u00e1s de 130 servicios bancarios diferentes. WWS Digital Banking satisface completamente las necesidades de los consumidores de servicios de banca en el hogar, al igual que los requisitos m\u00e1s estrictos de banca corporativa. WWS Digital Banking est\u00e1 dise\u00f1ado para integrarse r\u00e1pidamente en cualquier entorno bancario y se puede ampliar f\u00e1cilmente para implementar nuevas funciones y servicios.<\/p>\n<p>WWS Digital Banking es una soluci\u00f3n flexible multibanco y multiling\u00fce que ofrece un s\u00f3lido conjunto de servicios bancarios y de administraci\u00f3n de cuentas en tiempo real. WWS Digital Banking proporciona a consumidores y clientes corporativos acceso inmediato a sus cuentas corrientes, valores, servicios de pagos y mucho m\u00e1s.<\/p>\n<h2>WWS Digital Banking: servicios integrales de banca por internet<\/h2>\n<h3>Lo \u00faltimo en seguridad de acceso<\/h3>\n<p>WWS Digital Banking ofrece conjunto\u00a0 un completo de m\u00e9todos de seguridad de acceso que incluyen llamada desconectada, tarjetas de contrase\u00f1a \u00fanica, tokens de un solo uso, PIN por SMS, certificados de cliente y autenticaci\u00f3n de WWS Mobile. Los bancos pueden elegir cualquier combinaci\u00f3n de opciones de seguridad de acceso y, adem\u00e1s, pueden permitir que el consumidor seleccione sus opciones de seguridad preferidas de la lista aprobada por el banco.<\/p>\n<h3>Accesibilidad superior<\/h3>\n<p>WWS Digital Banking ha sido dise\u00f1ado para garantizar un acceso f\u00e1cil a personas con impedimentos visuales. WWS Digital Banking es totalmente compatible con las pautas de Accesibilidad Web del W3C, la Ley de Stanca italiana de 2004 y los est\u00e1ndares de accesibilidad de la AAA.<\/p>\n<p>WWS Digital Banking se puede usar con teclados normales o Braille, tecnolog\u00edas de reconocimiento de voz o cualquier otro dispositivo apuntador. La interfaz de usuario tambi\u00e9n presenta un modo de alto contraste de tres niveles para una m\u00e1xima claridad.<\/p>\n<h3>Jerarqu\u00edas de cuenta flexibles<\/h3>\n<p>WWS Digital Banking admite jerarqu\u00edas de cuenta extensibles mediante las cuales los titulares de cuentas principales pueden crear m\u00faltiples titulares secundarios de cuentas y asignarles diferentes derechos de acceso en funci\u00f3n de las pol\u00edticas de administraci\u00f3n de cuentas. Los servicios de flujo de trabajo inteligente solicitan autom\u00e1ticamente las aprobaciones de transacci\u00f3n necesarias de los firmantes aprobados utilizando servicios de correo electr\u00f3nico y mensajer\u00eda m\u00f3vil.<\/p>\n<h3>Integraci\u00f3n perfecta<\/h3>\n<p>WWS Digital Banking es un componente integrante de la <a href=\"https:\/\/www.aurigaspa.com\/es\/banca\/descripcion-general\/\">suite de banca omnicanal de WWS<\/a>. Cualquier transacci\u00f3n realizada utilizando WWS Digital Banking es accesible de inmediato a trav\u00e9s de cualquier otro canal de servicio y viceversa. Con WWS Digital Banking, el consumidor dispone de una vista completa y sin obst\u00e1culos de todo el estado y el historial de su cuenta.<\/p>\n <a href=\"\" class=\"btn ds  \" target=\"\">Descarga los folletos<\/a>\n","protected":false},"excerpt":{"rendered":"<p>Banca avanzada por internet WWS Digital Banking es una soluci\u00f3n de banca por internet de gran seguridad que admite m\u00e1s de 130 servicios bancarios diferentes. WWS Digital Banking satisface completamente las necesidades de los consumidores de servicios de banca en el hogar, al igual que los requisitos m\u00e1s estrictos de banca corporativa. WWS Digital Banking<\/p>\n","protected":false},"author":1,"featured_media":0,"parent":32946,"menu_order":1,"comment_status":"closed","ping_status":"closed","template":"","meta":{"footnotes":""},"class_list":["post-32937","page","type-page","status-publish","hentry"],"yoast_head":"<!-- This site is optimized with the Yoast SEO Premium plugin v27.4 (Yoast SEO v27.4) - https:\/\/yoast.com\/product\/yoast-seo-premium-wordpress\/ -->\n<title>WWS PC: Servicios Integrales de Banca por Internet - Auriga<\/title>\n<meta name=\"description\" content=\"WWS PC est\u00e1 Dise\u00f1ado para Integrarse R\u00e1pidamente en Cualquier Entorno Bancario y se puede Ampliar F\u00e1cilmente para Implementar Nuevas Funciones y Servicios\" \/>\n<meta name=\"robots\" content=\"index, follow, max-snippet:-1, max-image-preview:large, max-video-preview:-1\" \/>\n<link rel=\"canonical\" href=\"https:\/\/www.aurigaspa.com\/es\/banca\/productos-y-soluciones\/internet-pc\/wws-digital-banking\/\" \/>\n<meta property=\"og:locale\" content=\"es_ES\" \/>\n<meta property=\"og:type\" content=\"article\" \/>\n<meta property=\"og:title\" content=\"WWS PC: Servicios Integrales de Banca por Internet - Auriga\" \/>\n<meta property=\"og:description\" content=\"WWS PC est\u00e1 Dise\u00f1ado para Integrarse R\u00e1pidamente en Cualquier Entorno Bancario y se puede Ampliar F\u00e1cilmente para Implementar Nuevas Funciones y Servicios\" \/>\n<meta property=\"og:url\" content=\"https:\/\/www.aurigaspa.com\/es\/banca\/productos-y-soluciones\/internet-pc\/wws-digital-banking\/\" \/>\n<meta property=\"og:site_name\" content=\"Auriga\" \/>\n<meta property=\"article:publisher\" content=\"https:\/\/www.facebook.com\/aurigaspa\" \/>\n<meta property=\"article:modified_time\" content=\"2025-11-12T10:54:49+00:00\" \/>\n<meta name=\"twitter:card\" content=\"summary_large_image\" \/>\n<meta name=\"twitter:title\" content=\"WWS PC: Servicios Integrales de Banca por Internet - Auriga\" \/>\n<meta name=\"twitter:description\" content=\"WWS PC est\u00e1 Dise\u00f1ado para Integrarse R\u00e1pidamente en Cualquier Entorno Bancario y se puede Ampliar F\u00e1cilmente para Implementar Nuevas Funciones y Servicios\" \/>\n<meta name=\"twitter:label1\" content=\"Tiempo de lectura\" \/>\n\t<meta name=\"twitter:data1\" content=\"3 minutos\" \/>\n<script type=\"application\/ld+json\" class=\"yoast-schema-graph\">{\"@context\":\"https:\\\/\\\/schema.org\",\"@graph\":[{\"@type\":\"WebPage\",\"@id\":\"https:\\\/\\\/www.aurigaspa.com\\\/es\\\/banca\\\/productos-y-soluciones\\\/internet-pc\\\/wws-digital-banking\\\/\",\"url\":\"https:\\\/\\\/www.aurigaspa.com\\\/es\\\/banca\\\/productos-y-soluciones\\\/internet-pc\\\/wws-digital-banking\\\/\",\"name\":\"WWS PC: Servicios Integrales de Banca por Internet - Auriga\",\"isPartOf\":{\"@id\":\"https:\\\/\\\/www.aurigaspa.com\\\/es\\\/#website\"},\"datePublished\":\"2017-10-09T15:29:42+00:00\",\"dateModified\":\"2025-11-12T10:54:49+00:00\",\"description\":\"WWS PC est\u00e1 Dise\u00f1ado para Integrarse R\u00e1pidamente en Cualquier Entorno Bancario y se puede Ampliar F\u00e1cilmente para Implementar Nuevas Funciones y Servicios\",\"breadcrumb\":{\"@id\":\"https:\\\/\\\/www.aurigaspa.com\\\/es\\\/banca\\\/productos-y-soluciones\\\/internet-pc\\\/wws-digital-banking\\\/#breadcrumb\"},\"inLanguage\":\"es\",\"potentialAction\":[{\"@type\":\"ReadAction\",\"target\":[\"https:\\\/\\\/www.aurigaspa.com\\\/es\\\/banca\\\/productos-y-soluciones\\\/internet-pc\\\/wws-digital-banking\\\/\"]}]},{\"@type\":\"BreadcrumbList\",\"@id\":\"https:\\\/\\\/www.aurigaspa.com\\\/es\\\/banca\\\/productos-y-soluciones\\\/internet-pc\\\/wws-digital-banking\\\/#breadcrumb\",\"itemListElement\":[{\"@type\":\"ListItem\",\"position\":1,\"name\":\"Home\",\"item\":\"https:\\\/\\\/www.aurigaspa.com\\\/es\\\/\"},{\"@type\":\"ListItem\",\"position\":2,\"name\":\"Banca\",\"item\":\"https:\\\/\\\/www.aurigaspa.com\\\/es\\\/banca\\\/\"},{\"@type\":\"ListItem\",\"position\":3,\"name\":\"Productos y soluciones\",\"item\":\"https:\\\/\\\/www.aurigaspa.com\\\/es\\\/banca\\\/productos-y-soluciones\\\/\"},{\"@type\":\"ListItem\",\"position\":4,\"name\":\"Internet \\\/ PC\",\"item\":\"https:\\\/\\\/www.aurigaspa.com\\\/es\\\/banca\\\/productos-y-soluciones\\\/internet-pc\\\/\"},{\"@type\":\"ListItem\",\"position\":5,\"name\":\"WWS Digital Banking\"}]},{\"@type\":\"WebSite\",\"@id\":\"https:\\\/\\\/www.aurigaspa.com\\\/es\\\/#website\",\"url\":\"https:\\\/\\\/www.aurigaspa.com\\\/es\\\/\",\"name\":\"Auriga\",\"description\":\"The banking evolution\",\"publisher\":{\"@id\":\"https:\\\/\\\/www.aurigaspa.com\\\/es\\\/#organization\"},\"potentialAction\":[{\"@type\":\"SearchAction\",\"target\":{\"@type\":\"EntryPoint\",\"urlTemplate\":\"https:\\\/\\\/www.aurigaspa.com\\\/es\\\/?s={search_term_string}\"},\"query-input\":{\"@type\":\"PropertyValueSpecification\",\"valueRequired\":true,\"valueName\":\"search_term_string\"}}],\"inLanguage\":\"es\"},{\"@type\":\"Organization\",\"@id\":\"https:\\\/\\\/www.aurigaspa.com\\\/es\\\/#organization\",\"name\":\"Auriga\",\"url\":\"https:\\\/\\\/www.aurigaspa.com\\\/es\\\/\",\"logo\":{\"@type\":\"ImageObject\",\"inLanguage\":\"es\",\"@id\":\"https:\\\/\\\/www.aurigaspa.com\\\/es\\\/#\\\/schema\\\/logo\\\/image\\\/\",\"url\":\"https:\\\/\\\/www.aurigaspa.com\\\/wp-content\\\/uploads\\\/marchio_auriga_nopayoff_web.png\",\"contentUrl\":\"https:\\\/\\\/www.aurigaspa.com\\\/wp-content\\\/uploads\\\/marchio_auriga_nopayoff_web.png\",\"width\":660,\"height\":360,\"caption\":\"Auriga\"},\"image\":{\"@id\":\"https:\\\/\\\/www.aurigaspa.com\\\/es\\\/#\\\/schema\\\/logo\\\/image\\\/\"},\"sameAs\":[\"https:\\\/\\\/www.facebook.com\\\/aurigaspa\",\"https:\\\/\\\/www.instagram.com\\\/auriga_the_banking_evolution\\\/\",\"https:\\\/\\\/www.linkedin.com\\\/company\\\/auriga-spa\",\"https:\\\/\\\/www.youtube.com\\\/user\\\/aurigaspacom\"]}]}<\/script>\n<!-- \/ Yoast SEO Premium plugin. -->","yoast_head_json":{"title":"WWS PC: Servicios Integrales de Banca por Internet - Auriga","description":"WWS PC est\u00e1 Dise\u00f1ado para Integrarse R\u00e1pidamente en Cualquier Entorno Bancario y se puede Ampliar F\u00e1cilmente para Implementar Nuevas Funciones y Servicios","robots":{"index":"index","follow":"follow","max-snippet":"max-snippet:-1","max-image-preview":"max-image-preview:large","max-video-preview":"max-video-preview:-1"},"canonical":"https:\/\/www.aurigaspa.com\/es\/banca\/productos-y-soluciones\/internet-pc\/wws-digital-banking\/","og_locale":"es_ES","og_type":"article","og_title":"WWS PC: Servicios Integrales de Banca por Internet - Auriga","og_description":"WWS PC est\u00e1 Dise\u00f1ado para Integrarse R\u00e1pidamente en Cualquier Entorno Bancario y se puede Ampliar F\u00e1cilmente para Implementar Nuevas Funciones y Servicios","og_url":"https:\/\/www.aurigaspa.com\/es\/banca\/productos-y-soluciones\/internet-pc\/wws-digital-banking\/","og_site_name":"Auriga","article_publisher":"https:\/\/www.facebook.com\/aurigaspa","article_modified_time":"2025-11-12T10:54:49+00:00","twitter_card":"summary_large_image","twitter_title":"WWS PC: Servicios Integrales de Banca por Internet - Auriga","twitter_description":"WWS PC est\u00e1 Dise\u00f1ado para Integrarse R\u00e1pidamente en Cualquier Entorno Bancario y se puede Ampliar F\u00e1cilmente para Implementar Nuevas Funciones y Servicios","twitter_misc":{"Tiempo de lectura":"3 minutos"},"schema":{"@context":"https:\/\/schema.org","@graph":[{"@type":"WebPage","@id":"https:\/\/www.aurigaspa.com\/es\/banca\/productos-y-soluciones\/internet-pc\/wws-digital-banking\/","url":"https:\/\/www.aurigaspa.com\/es\/banca\/productos-y-soluciones\/internet-pc\/wws-digital-banking\/","name":"WWS PC: Servicios Integrales de Banca por Internet - Auriga","isPartOf":{"@id":"https:\/\/www.aurigaspa.com\/es\/#website"},"datePublished":"2017-10-09T15:29:42+00:00","dateModified":"2025-11-12T10:54:49+00:00","description":"WWS PC est\u00e1 Dise\u00f1ado para Integrarse R\u00e1pidamente en Cualquier Entorno Bancario y se puede Ampliar F\u00e1cilmente para Implementar Nuevas Funciones y Servicios","breadcrumb":{"@id":"https:\/\/www.aurigaspa.com\/es\/banca\/productos-y-soluciones\/internet-pc\/wws-digital-banking\/#breadcrumb"},"inLanguage":"es","potentialAction":[{"@type":"ReadAction","target":["https:\/\/www.aurigaspa.com\/es\/banca\/productos-y-soluciones\/internet-pc\/wws-digital-banking\/"]}]},{"@type":"BreadcrumbList","@id":"https:\/\/www.aurigaspa.com\/es\/banca\/productos-y-soluciones\/internet-pc\/wws-digital-banking\/#breadcrumb","itemListElement":[{"@type":"ListItem","position":1,"name":"Home","item":"https:\/\/www.aurigaspa.com\/es\/"},{"@type":"ListItem","position":2,"name":"Banca","item":"https:\/\/www.aurigaspa.com\/es\/banca\/"},{"@type":"ListItem","position":3,"name":"Productos y soluciones","item":"https:\/\/www.aurigaspa.com\/es\/banca\/productos-y-soluciones\/"},{"@type":"ListItem","position":4,"name":"Internet \/ PC","item":"https:\/\/www.aurigaspa.com\/es\/banca\/productos-y-soluciones\/internet-pc\/"},{"@type":"ListItem","position":5,"name":"WWS Digital Banking"}]},{"@type":"WebSite","@id":"https:\/\/www.aurigaspa.com\/es\/#website","url":"https:\/\/www.aurigaspa.com\/es\/","name":"Auriga","description":"The banking evolution","publisher":{"@id":"https:\/\/www.aurigaspa.com\/es\/#organization"},"potentialAction":[{"@type":"SearchAction","target":{"@type":"EntryPoint","urlTemplate":"https:\/\/www.aurigaspa.com\/es\/?s={search_term_string}"},"query-input":{"@type":"PropertyValueSpecification","valueRequired":true,"valueName":"search_term_string"}}],"inLanguage":"es"},{"@type":"Organization","@id":"https:\/\/www.aurigaspa.com\/es\/#organization","name":"Auriga","url":"https:\/\/www.aurigaspa.com\/es\/","logo":{"@type":"ImageObject","inLanguage":"es","@id":"https:\/\/www.aurigaspa.com\/es\/#\/schema\/logo\/image\/","url":"https:\/\/www.aurigaspa.com\/wp-content\/uploads\/marchio_auriga_nopayoff_web.png","contentUrl":"https:\/\/www.aurigaspa.com\/wp-content\/uploads\/marchio_auriga_nopayoff_web.png","width":660,"height":360,"caption":"Auriga"},"image":{"@id":"https:\/\/www.aurigaspa.com\/es\/#\/schema\/logo\/image\/"},"sameAs":["https:\/\/www.facebook.com\/aurigaspa","https:\/\/www.instagram.com\/auriga_the_banking_evolution\/","https:\/\/www.linkedin.com\/company\/auriga-spa","https:\/\/www.youtube.com\/user\/aurigaspacom"]}]}},"_links":{"self":[{"href":"https:\/\/www.aurigaspa.com\/es\/wp-json\/wp\/v2\/pages\/32937","targetHints":{"allow":["GET"]}}],"collection":[{"href":"https:\/\/www.aurigaspa.com\/es\/wp-json\/wp\/v2\/pages"}],"about":[{"href":"https:\/\/www.aurigaspa.com\/es\/wp-json\/wp\/v2\/types\/page"}],"author":[{"embeddable":true,"href":"https:\/\/www.aurigaspa.com\/es\/wp-json\/wp\/v2\/users\/1"}],"replies":[{"embeddable":true,"href":"https:\/\/www.aurigaspa.com\/es\/wp-json\/wp\/v2\/comments?post=32937"}],"version-history":[{"count":5,"href":"https:\/\/www.aurigaspa.com\/es\/wp-json\/wp\/v2\/pages\/32937\/revisions"}],"predecessor-version":[{"id":77840,"href":"https:\/\/www.aurigaspa.com\/es\/wp-json\/wp\/v2\/pages\/32937\/revisions\/77840"}],"up":[{"embeddable":true,"href":"https:\/\/www.aurigaspa.com\/es\/wp-json\/wp\/v2\/pages\/32946"}],"wp:attachment":[{"href":"https:\/\/www.aurigaspa.com\/es\/wp-json\/wp\/v2\/media?parent=32937"}],"curies":[{"name":"wp","href":"https:\/\/api.w.org\/{rel}","templated":true}]}}