{"id":32883,"date":"2017-09-29T13:05:23","date_gmt":"2017-09-29T13:05:23","guid":{"rendered":"https:\/\/www.aurigaspa.com\/banca\/productos-y-soluciones\/sucursal\/wws-customer-management\/"},"modified":"2025-11-12T17:24:25","modified_gmt":"2025-11-12T16:24:25","slug":"wws-customer-management","status":"publish","type":"page","link":"https:\/\/www.aurigaspa.com\/es\/banca\/productos-y-soluciones\/sucursal\/wws-customer-management\/","title":{"rendered":"WWS Customer Management"},"content":{"rendered":"<h2>La soluci\u00f3n de calidad superior de bienvenida a clientes para sucursales bancarias<\/h2>\n<p>WWS Customer Management es una soluci\u00f3n dise\u00f1ada para ofrecer a los bancos la tecnolog\u00eda que necesitan para respaldar y mejorar el papel de sus sucursales en el desarrollo de las relaciones con el cliente y su lealtad.<\/p>\n<p>Este objetivo se puede alcanzar mejorando la experiencia en la sucursal mediante interacciones personalizadas, ya sea en un dispositivo de autoservicio o con un miembro del personal. Los visitantes, ya sean clientes o potenciales clientes, reciben atenci\u00f3n constante desde su entrada a la sucursal, proporcionando claras ventajas en satisfacci\u00f3n y retenci\u00f3n del cliente.<\/p>\n<p>En el mundo de la banca, las sucursales se enfrentan a m\u00faltiples desaf\u00edos, dada su constante necesidad de reducir costos, al tiempo que efect\u00faan su relaci\u00f3n con los clientes en una forma cada vez m\u00e1s eficaz. Esto sucede, precisamente, cuando los clientes son cada vez m\u00e1s exigentes y desean obtener una experiencia omnicanal cada vez m\u00e1s consistente y fluida.<\/p>\n<p>Mientras tanto, el n\u00famero de sucursales y la frecuencia de las visitas de los clientes a la sucursal se est\u00e1n reduciendo.<\/p>\n<p>Los bancos deben saber c\u00f3mo reposicionar sus sucursales, garantizando que sigan siendo un canal fundamental para la venta de productos financieros, en el conjunto de su estrategia minorista y de relaci\u00f3n con los clientes. En primer lugar, y por encima de todo, deben reconsiderar c\u00f3mo reciben a los clientes, manejan las colas y monitorizan su tiempo de espera.<\/p>\n<p>La soluci\u00f3n WWS Customer Management es una de las formas de abordar estos desaf\u00edos, ayudando a las sucursales a mejorar su atenci\u00f3n a los visitantes y a reconocer a los clientes desde el momento en que cruzan la puerta, as\u00ed como a entender sus necesidades y ser capaces de dirigirlos al asesor o dispositivo m\u00e1s apropiado.<\/p>\n<p>Una experiencia en sucursal que satisfaga mejor las necesidades individuales del visitante incrementa la rentabilidad en todas y cada una de las interacciones con el cliente. Igual de importante es monitorizar continuamente la demanda de las \u00e1reas de autoservicio, el personal, los tiempos de espera y, en consecuencia, la calidad del servicio.<\/p>\n<h2>Beneficios para los clientes<\/h2>\n<h3>Espera m\u00e1s corta<\/h3>\n<p>Los visitantes de la sucursal pueden seleccionar el servicio que necesitan en el quiosco de bienvenida, ver su solicitud introducida y ser dirigidos al dispositivo o asesor m\u00e1s apropiado.<\/p>\n<h3>Menos necesidad de esperar en cola<\/h3>\n<p>Los clientes pueden concertar citas con un asesor espec\u00edfico o concertar una cita previa en su aplicaci\u00f3n para tel\u00e9fono inteligente y recibir un tique virtual para su uso en la sucursal.<\/p>\n<h3>Visualizaci\u00f3n m\u00e1s f\u00e1cil de productos y promociones de inter\u00e9s<\/h3>\n<p>Los clientes, una vez identificados en el sistema de autenticaci\u00f3n del quiosco de bienvenida, pueden visualizar campa\u00f1as de marketing y ofertas destinadas a su perfil, mientras permanecen atentos a la cola de la ventanilla.<\/p>\n<h3>Acceso m\u00e1s r\u00e1pido a las operaciones m\u00e1s solicitadas<\/h3>\n<p>Los clientes encontrar\u00e1n en la pantalla de inicio del quiosco de bienvenida los servicios que usan con m\u00e1s frecuencia, haciendo m\u00e1s f\u00e1ciles y fluidos determinados procesos y operaciones.<\/p>\n<h3>Elecci\u00f3n del idioma y medios de autenticaci\u00f3n<\/h3>\n<p>Con la elegante y moderna interfaz gr\u00e1fica, los clientes pueden elegir su idioma preferido y el medio de identificaci\u00f3n, que puede ser manual (introduciendo su n\u00famero de cuenta o c\u00f3digo fiscal) o con una tarjeta (tarjeta bancaria o tarjeta sanitaria), o bien pueden optar por acceder a servicios sin identificarse, como prefieran.<\/p>\n<h2>Beneficios para el banco<\/h2>\n<h3>Operaciones m\u00e1s rentables<\/h3>\n<p>A trav\u00e9s de la se\u00f1alizaci\u00f3n digital integrada, el banco puede enviar a los clientes mensajes promocionales sobre productos y servicios financieros, inform\u00e1ndolos y entreteni\u00e9ndolos mientras esperan.<\/p>\n<h3>Mayor eficiencia<\/h3>\n<p>La opci\u00f3n de cita disponible en diferentes canales y la monitorizaci\u00f3n continua de las demandas en las \u00e1reas de autoservicio, el tiempo que estaba ocupado y la disponibilidad de los dispositivos dan al gerente de la sucursal una mayor visibilidad y control de las operaciones de la sucursal y de la carga de trabajo del personal.<\/p>\n<h3>Seguimiento efectivo de las acciones emprendidas<\/h3>\n<p>El sistema permite la monitorizaci\u00f3n continua del progreso en eficacia, eficiencia y lealtad del cliente, conseguido a trav\u00e9s de una amplia gama de gr\u00e1ficas y paneles de control, a fin de optimizar la actividad de la sucursal y alcanzar el nivel de servicio deseado sin costos adicionales.<\/p>\n<h3>Mejor experiencia de cliente<\/h3>\n<p>Reconocer a los clientes o visitantes a su entrada a la sucursal puede mejorar la comunicaci\u00f3n y siempre permite prestar m\u00e1s atenci\u00f3n a los clientes, con efectos positivos en la lealtad y la experiencia en la sucursal.<\/p>\n<p>&nbsp;<\/p>\n<p><a class=\"btn btn-default btn-page\" title=\"download brochure\" href=\"https:\/\/www.aurigaspa.com\/es\/recursos\/folletos\/\">download brochures<\/a><\/p>\n","protected":false},"excerpt":{"rendered":"<p>La soluci\u00f3n de calidad superior de bienvenida a clientes para sucursales bancarias WWS Customer Management es una soluci\u00f3n dise\u00f1ada para ofrecer a los bancos la tecnolog\u00eda que necesitan para respaldar y mejorar el papel de sus sucursales en el desarrollo de las relaciones con el cliente y su lealtad. Este objetivo se puede alcanzar mejorando<\/p>\n","protected":false},"author":1,"featured_media":0,"parent":32876,"menu_order":2,"comment_status":"closed","ping_status":"closed","template":"","meta":{"footnotes":""},"class_list":["post-32883","page","type-page","status-publish","hentry"],"yoast_head":"<!-- This site is optimized with the Yoast SEO Premium plugin v27.3 (Yoast SEO v27.3) - https:\/\/yoast.com\/product\/yoast-seo-premium-wordpress\/ -->\n<title>WWS Customer Management - La Soluci\u00f3n por los Clientes de los Bancos<\/title>\n<meta name=\"description\" content=\"WWS Customer Management es la Soluci\u00f3n Dise\u00f1ada para Ofrecer a los Bancos la Tecnolog\u00eda que Necesitan para Mejorar las Relaciones con el Cliente\" \/>\n<meta name=\"robots\" content=\"index, follow, max-snippet:-1, max-image-preview:large, max-video-preview:-1\" \/>\n<link rel=\"canonical\" href=\"https:\/\/www.aurigaspa.com\/es\/banca\/productos-y-soluciones\/sucursal\/wws-customer-management\/\" \/>\n<meta property=\"og:locale\" content=\"es_ES\" \/>\n<meta property=\"og:type\" content=\"article\" \/>\n<meta property=\"og:title\" content=\"WWS Customer Management - La Soluci\u00f3n por los Clientes de los Bancos\" \/>\n<meta property=\"og:description\" content=\"WWS Customer Management es la Soluci\u00f3n Dise\u00f1ada para Ofrecer a los Bancos la Tecnolog\u00eda que Necesitan para Mejorar las Relaciones con el Cliente\" \/>\n<meta property=\"og:url\" content=\"https:\/\/www.aurigaspa.com\/es\/banca\/productos-y-soluciones\/sucursal\/wws-customer-management\/\" \/>\n<meta property=\"og:site_name\" content=\"Auriga\" \/>\n<meta property=\"article:publisher\" content=\"https:\/\/www.facebook.com\/aurigaspa\" \/>\n<meta property=\"article:modified_time\" content=\"2025-11-12T16:24:25+00:00\" \/>\n<meta name=\"twitter:card\" content=\"summary_large_image\" \/>\n<meta name=\"twitter:title\" content=\"WWS Customer Management - La Soluci\u00f3n por los Clientes de los Bancos\" \/>\n<meta name=\"twitter:description\" content=\"WWS Customer Management es la Soluci\u00f3n Dise\u00f1ada para Ofrecer a los Bancos la Tecnolog\u00eda que Necesitan para Mejorar las Relaciones con el Cliente\" \/>\n<meta name=\"twitter:label1\" content=\"Tiempo de lectura\" \/>\n\t<meta name=\"twitter:data1\" content=\"4 minutos\" \/>\n<script type=\"application\/ld+json\" class=\"yoast-schema-graph\">{\"@context\":\"https:\\\/\\\/schema.org\",\"@graph\":[{\"@type\":\"WebPage\",\"@id\":\"https:\\\/\\\/www.aurigaspa.com\\\/es\\\/banca\\\/productos-y-soluciones\\\/sucursal\\\/wws-customer-management\\\/\",\"url\":\"https:\\\/\\\/www.aurigaspa.com\\\/es\\\/banca\\\/productos-y-soluciones\\\/sucursal\\\/wws-customer-management\\\/\",\"name\":\"WWS Customer Management - La Soluci\u00f3n por los Clientes de los Bancos\",\"isPartOf\":{\"@id\":\"https:\\\/\\\/www.aurigaspa.com\\\/es\\\/#website\"},\"datePublished\":\"2017-09-29T13:05:23+00:00\",\"dateModified\":\"2025-11-12T16:24:25+00:00\",\"description\":\"WWS Customer Management es la Soluci\u00f3n Dise\u00f1ada para Ofrecer a los Bancos la Tecnolog\u00eda que Necesitan para Mejorar las Relaciones con el Cliente\",\"breadcrumb\":{\"@id\":\"https:\\\/\\\/www.aurigaspa.com\\\/es\\\/banca\\\/productos-y-soluciones\\\/sucursal\\\/wws-customer-management\\\/#breadcrumb\"},\"inLanguage\":\"es\",\"potentialAction\":[{\"@type\":\"ReadAction\",\"target\":[\"https:\\\/\\\/www.aurigaspa.com\\\/es\\\/banca\\\/productos-y-soluciones\\\/sucursal\\\/wws-customer-management\\\/\"]}]},{\"@type\":\"BreadcrumbList\",\"@id\":\"https:\\\/\\\/www.aurigaspa.com\\\/es\\\/banca\\\/productos-y-soluciones\\\/sucursal\\\/wws-customer-management\\\/#breadcrumb\",\"itemListElement\":[{\"@type\":\"ListItem\",\"position\":1,\"name\":\"Home\",\"item\":\"https:\\\/\\\/www.aurigaspa.com\\\/es\\\/\"},{\"@type\":\"ListItem\",\"position\":2,\"name\":\"Banca\",\"item\":\"https:\\\/\\\/www.aurigaspa.com\\\/es\\\/banca\\\/\"},{\"@type\":\"ListItem\",\"position\":3,\"name\":\"Productos y soluciones\",\"item\":\"https:\\\/\\\/www.aurigaspa.com\\\/es\\\/banca\\\/productos-y-soluciones\\\/\"},{\"@type\":\"ListItem\",\"position\":4,\"name\":\"Sucursal\",\"item\":\"https:\\\/\\\/www.aurigaspa.com\\\/es\\\/banca\\\/productos-y-soluciones\\\/sucursal\\\/\"},{\"@type\":\"ListItem\",\"position\":5,\"name\":\"WWS Customer Management\"}]},{\"@type\":\"WebSite\",\"@id\":\"https:\\\/\\\/www.aurigaspa.com\\\/es\\\/#website\",\"url\":\"https:\\\/\\\/www.aurigaspa.com\\\/es\\\/\",\"name\":\"Auriga\",\"description\":\"The banking evolution\",\"publisher\":{\"@id\":\"https:\\\/\\\/www.aurigaspa.com\\\/es\\\/#organization\"},\"potentialAction\":[{\"@type\":\"SearchAction\",\"target\":{\"@type\":\"EntryPoint\",\"urlTemplate\":\"https:\\\/\\\/www.aurigaspa.com\\\/es\\\/?s={search_term_string}\"},\"query-input\":{\"@type\":\"PropertyValueSpecification\",\"valueRequired\":true,\"valueName\":\"search_term_string\"}}],\"inLanguage\":\"es\"},{\"@type\":\"Organization\",\"@id\":\"https:\\\/\\\/www.aurigaspa.com\\\/es\\\/#organization\",\"name\":\"Auriga\",\"url\":\"https:\\\/\\\/www.aurigaspa.com\\\/es\\\/\",\"logo\":{\"@type\":\"ImageObject\",\"inLanguage\":\"es\",\"@id\":\"https:\\\/\\\/www.aurigaspa.com\\\/es\\\/#\\\/schema\\\/logo\\\/image\\\/\",\"url\":\"https:\\\/\\\/www.aurigaspa.com\\\/wp-content\\\/uploads\\\/marchio_auriga_nopayoff_web.png\",\"contentUrl\":\"https:\\\/\\\/www.aurigaspa.com\\\/wp-content\\\/uploads\\\/marchio_auriga_nopayoff_web.png\",\"width\":660,\"height\":360,\"caption\":\"Auriga\"},\"image\":{\"@id\":\"https:\\\/\\\/www.aurigaspa.com\\\/es\\\/#\\\/schema\\\/logo\\\/image\\\/\"},\"sameAs\":[\"https:\\\/\\\/www.facebook.com\\\/aurigaspa\",\"https:\\\/\\\/www.instagram.com\\\/auriga_the_banking_evolution\\\/\",\"https:\\\/\\\/www.linkedin.com\\\/company\\\/auriga-spa\",\"https:\\\/\\\/www.youtube.com\\\/user\\\/aurigaspacom\"]}]}<\/script>\n<!-- \/ Yoast SEO Premium plugin. -->","yoast_head_json":{"title":"WWS Customer Management - La Soluci\u00f3n por los Clientes de los Bancos","description":"WWS Customer Management es la Soluci\u00f3n Dise\u00f1ada para Ofrecer a los Bancos la Tecnolog\u00eda que Necesitan para Mejorar las Relaciones con el Cliente","robots":{"index":"index","follow":"follow","max-snippet":"max-snippet:-1","max-image-preview":"max-image-preview:large","max-video-preview":"max-video-preview:-1"},"canonical":"https:\/\/www.aurigaspa.com\/es\/banca\/productos-y-soluciones\/sucursal\/wws-customer-management\/","og_locale":"es_ES","og_type":"article","og_title":"WWS Customer Management - La Soluci\u00f3n por los Clientes de los Bancos","og_description":"WWS Customer Management es la Soluci\u00f3n Dise\u00f1ada para Ofrecer a los Bancos la Tecnolog\u00eda que Necesitan para Mejorar las Relaciones con el Cliente","og_url":"https:\/\/www.aurigaspa.com\/es\/banca\/productos-y-soluciones\/sucursal\/wws-customer-management\/","og_site_name":"Auriga","article_publisher":"https:\/\/www.facebook.com\/aurigaspa","article_modified_time":"2025-11-12T16:24:25+00:00","twitter_card":"summary_large_image","twitter_title":"WWS Customer Management - La Soluci\u00f3n por los Clientes de los Bancos","twitter_description":"WWS Customer Management es la Soluci\u00f3n Dise\u00f1ada para Ofrecer a los Bancos la Tecnolog\u00eda que Necesitan para Mejorar las Relaciones con el Cliente","twitter_misc":{"Tiempo de lectura":"4 minutos"},"schema":{"@context":"https:\/\/schema.org","@graph":[{"@type":"WebPage","@id":"https:\/\/www.aurigaspa.com\/es\/banca\/productos-y-soluciones\/sucursal\/wws-customer-management\/","url":"https:\/\/www.aurigaspa.com\/es\/banca\/productos-y-soluciones\/sucursal\/wws-customer-management\/","name":"WWS Customer Management - La Soluci\u00f3n por los Clientes de los Bancos","isPartOf":{"@id":"https:\/\/www.aurigaspa.com\/es\/#website"},"datePublished":"2017-09-29T13:05:23+00:00","dateModified":"2025-11-12T16:24:25+00:00","description":"WWS Customer Management es la Soluci\u00f3n Dise\u00f1ada para Ofrecer a los Bancos la Tecnolog\u00eda que Necesitan para Mejorar las Relaciones con el Cliente","breadcrumb":{"@id":"https:\/\/www.aurigaspa.com\/es\/banca\/productos-y-soluciones\/sucursal\/wws-customer-management\/#breadcrumb"},"inLanguage":"es","potentialAction":[{"@type":"ReadAction","target":["https:\/\/www.aurigaspa.com\/es\/banca\/productos-y-soluciones\/sucursal\/wws-customer-management\/"]}]},{"@type":"BreadcrumbList","@id":"https:\/\/www.aurigaspa.com\/es\/banca\/productos-y-soluciones\/sucursal\/wws-customer-management\/#breadcrumb","itemListElement":[{"@type":"ListItem","position":1,"name":"Home","item":"https:\/\/www.aurigaspa.com\/es\/"},{"@type":"ListItem","position":2,"name":"Banca","item":"https:\/\/www.aurigaspa.com\/es\/banca\/"},{"@type":"ListItem","position":3,"name":"Productos y soluciones","item":"https:\/\/www.aurigaspa.com\/es\/banca\/productos-y-soluciones\/"},{"@type":"ListItem","position":4,"name":"Sucursal","item":"https:\/\/www.aurigaspa.com\/es\/banca\/productos-y-soluciones\/sucursal\/"},{"@type":"ListItem","position":5,"name":"WWS Customer Management"}]},{"@type":"WebSite","@id":"https:\/\/www.aurigaspa.com\/es\/#website","url":"https:\/\/www.aurigaspa.com\/es\/","name":"Auriga","description":"The banking evolution","publisher":{"@id":"https:\/\/www.aurigaspa.com\/es\/#organization"},"potentialAction":[{"@type":"SearchAction","target":{"@type":"EntryPoint","urlTemplate":"https:\/\/www.aurigaspa.com\/es\/?s={search_term_string}"},"query-input":{"@type":"PropertyValueSpecification","valueRequired":true,"valueName":"search_term_string"}}],"inLanguage":"es"},{"@type":"Organization","@id":"https:\/\/www.aurigaspa.com\/es\/#organization","name":"Auriga","url":"https:\/\/www.aurigaspa.com\/es\/","logo":{"@type":"ImageObject","inLanguage":"es","@id":"https:\/\/www.aurigaspa.com\/es\/#\/schema\/logo\/image\/","url":"https:\/\/www.aurigaspa.com\/wp-content\/uploads\/marchio_auriga_nopayoff_web.png","contentUrl":"https:\/\/www.aurigaspa.com\/wp-content\/uploads\/marchio_auriga_nopayoff_web.png","width":660,"height":360,"caption":"Auriga"},"image":{"@id":"https:\/\/www.aurigaspa.com\/es\/#\/schema\/logo\/image\/"},"sameAs":["https:\/\/www.facebook.com\/aurigaspa","https:\/\/www.instagram.com\/auriga_the_banking_evolution\/","https:\/\/www.linkedin.com\/company\/auriga-spa","https:\/\/www.youtube.com\/user\/aurigaspacom"]}]}},"_links":{"self":[{"href":"https:\/\/www.aurigaspa.com\/es\/wp-json\/wp\/v2\/pages\/32883","targetHints":{"allow":["GET"]}}],"collection":[{"href":"https:\/\/www.aurigaspa.com\/es\/wp-json\/wp\/v2\/pages"}],"about":[{"href":"https:\/\/www.aurigaspa.com\/es\/wp-json\/wp\/v2\/types\/page"}],"author":[{"embeddable":true,"href":"https:\/\/www.aurigaspa.com\/es\/wp-json\/wp\/v2\/users\/1"}],"replies":[{"embeddable":true,"href":"https:\/\/www.aurigaspa.com\/es\/wp-json\/wp\/v2\/comments?post=32883"}],"version-history":[{"count":5,"href":"https:\/\/www.aurigaspa.com\/es\/wp-json\/wp\/v2\/pages\/32883\/revisions"}],"predecessor-version":[{"id":77857,"href":"https:\/\/www.aurigaspa.com\/es\/wp-json\/wp\/v2\/pages\/32883\/revisions\/77857"}],"up":[{"embeddable":true,"href":"https:\/\/www.aurigaspa.com\/es\/wp-json\/wp\/v2\/pages\/32876"}],"wp:attachment":[{"href":"https:\/\/www.aurigaspa.com\/es\/wp-json\/wp\/v2\/media?parent=32883"}],"curies":[{"name":"wp","href":"https:\/\/api.w.org\/{rel}","templated":true}]}}