{"id":32871,"date":"2017-12-06T16:44:19","date_gmt":"2017-12-06T16:44:19","guid":{"rendered":"https:\/\/www.aurigaspa.com\/banca\/productos-y-soluciones\/servicios-compartidos\/one-to-one-marketing\/"},"modified":"2025-11-12T11:36:24","modified_gmt":"2025-11-12T10:36:24","slug":"marketing-personalizado","status":"publish","type":"page","link":"https:\/\/www.aurigaspa.com\/es\/banca\/productos-y-soluciones\/servicios-compartidos\/marketing-personalizado\/","title":{"rendered":"Marketing personalizado"},"content":{"rendered":"<h2>Aumente los ingresos con el marketing personalizado<\/h2>\n<p>WinWebServer (WWS) ofrece amplios servicios de marketing personalizado y relaci\u00f3n con los clientes, incluidos mensajes espec\u00edficos y ofertas promocionales para clientes, as\u00ed como campa\u00f1as de marketing dirigidas a ubicaciones y segmentos de clientes espec\u00edficos. Con WWS, cada canal del banco se puede transformar en una eficiente herramienta de comunicaci\u00f3n que mejora la experiencia del consumidor y maximiza la oportunidad de vender nuevos servicios.<\/p>\n<h2>WinWebServer (WWS): mayores beneficios y lealtad del cliente<\/h2>\n<h3>Flexible e interactivo<\/h3>\n<p>Las campa\u00f1as y los mensajes de marketing personalizado se pueden definir y rastrear f\u00e1cilmente desde una consola central, pudiendo enviarse a trav\u00e9s de cualquier combinaci\u00f3n de canales. Los an\u00e1lisis e informes de inteligencia empresarial proporcionan una visi\u00f3n clara sobre el progreso y el resultado de cada campa\u00f1a<\/p>\n<h3>Personalizado<\/h3>\n<p>Los mensajes individualizados se pueden personalizar de forma exclusiva utilizando la informaci\u00f3n de perfil del cliente obtenida con el sistema CRM. Los mensajes pueden incluir tanto avisos de servicio (por ejemplo, \u00abrecoja su nueva tarjeta\u00bb) como promociones de ventas y ofertas preaprobadas.<br \/>\nLos mensajes de venta cruzada y de venta directa, as\u00ed como las campa\u00f1as de marketing, se pueden definir f\u00e1cilmente usando cualquier combinaci\u00f3n de datos de los clientes, incluyendo edad, \u00e1rea de residencia, profesi\u00f3n y clientes que previamente compraron productos espec\u00edficos.<\/p>\n<h3>Vers\u00e1til<\/h3>\n<p><a href=\"https:\/\/www.aurigaspa.com\/es\/banca\/productos-y-soluciones\/servicios-compartidos\/arquitectura-winwebserver\/\"> WinWebServer (WWS)<\/a> se integra f\u00e1cilmente con un sistema CRM o puede gestionarse por separado utilizando informaci\u00f3n del cliente precargada. Se admite una amplia variedad de servicios de marketing que incluyen:<\/p>\n[inline_list]\n<ul>\n<li>Marketing de ofertas introductorias a personas qua no sean clientes para atraer nuevos clientes<\/li>\n<li>Campa\u00f1as de comercializaci\u00f3n conjunta con terceros, incluida la distribuci\u00f3n de cupones electr\u00f3nicos y la impresi\u00f3n de cupones en cajeros autom\u00e1ticos y quioscos<\/li>\n<li>Encuestas interactivas de mercado que utilizan cualquier canal, lo que permite a los consumidores proporcionar comentarios inmediatos sobre sus necesidades y preferencias<\/li>\n<li>Videoconferencia desde dispositivos de cajero autom\u00e1tico y quioscos<\/li>\n<li>Fuentes RSS para el env\u00edo en tiempo real de informaci\u00f3n promocional y noticias<\/li>\n<\/ul>\n[\/inline_list]\n<h3>Integrado<\/h3>\n<p>WinWebServer (WWS) admite la creaci\u00f3n de campa\u00f1as de marketing a trav\u00e9s de una consola central y el env\u00edo de estas campa\u00f1as a trav\u00e9s de cualquier canal de forma coherente. Esto garantiza que el consumidor disfrute de una experiencia de marketing coherente, independientemente de c\u00f3mo interact\u00faa con el banco.<br \/>\nLos servicios de marketing personalizado de WWS se pueden proporcionar utilizando:<\/p>\n[inline_list]\n<ul>\n<li>Cajeros autom\u00e1ticos y quioscos<\/li>\n<li>Se\u00f1alizaci\u00f3n digital en el interior de la sucursal<\/li>\n<li>Banca por internet y corporativa<\/li>\n<li>Aplicaciones propias del banco<\/li>\n<li>Banca m\u00f3vil<\/li>\n<li>Redes sociales<\/li>\n<\/ul>\n[\/inline_list]\n <a href=\"\" class=\"btn ds  \" target=\"\">Descarga los folletos<\/a>\n","protected":false},"excerpt":{"rendered":"<p>Aumente los ingresos con el marketing personalizado WinWebServer (WWS) ofrece amplios servicios de marketing personalizado y relaci\u00f3n con los clientes, incluidos mensajes espec\u00edficos y ofertas promocionales para clientes, as\u00ed como campa\u00f1as de marketing dirigidas a ubicaciones y segmentos de clientes espec\u00edficos. Con WWS, cada canal del banco se puede transformar en una eficiente herramienta de<\/p>\n","protected":false},"author":1,"featured_media":0,"parent":32854,"menu_order":0,"comment_status":"closed","ping_status":"closed","template":"","meta":{"footnotes":""},"class_list":["post-32871","page","type-page","status-publish","hentry"],"yoast_head":"<!-- This site is optimized with the Yoast SEO Premium plugin v27.3 (Yoast SEO v27.3) - https:\/\/yoast.com\/product\/yoast-seo-premium-wordpress\/ -->\n<title>WinWebServer: Aumente los Ingresos con el Marketing Personalizado<\/title>\n<meta name=\"description\" content=\"Con WWS, cada Canal del Banco se puede Transformar en una Eficiente Herramienta de Comunicaci\u00f3n que Mejora la Experiencia del Consumidor\" \/>\n<meta name=\"robots\" content=\"index, follow, max-snippet:-1, max-image-preview:large, max-video-preview:-1\" \/>\n<link rel=\"canonical\" href=\"https:\/\/www.aurigaspa.com\/es\/banca\/productos-y-soluciones\/servicios-compartidos\/marketing-personalizado\/\" \/>\n<meta property=\"og:locale\" content=\"es_ES\" \/>\n<meta property=\"og:type\" content=\"article\" \/>\n<meta property=\"og:title\" content=\"WinWebServer: Aumente los Ingresos con el Marketing Personalizado\" \/>\n<meta property=\"og:description\" content=\"Con WWS, cada Canal del Banco se puede Transformar en una Eficiente Herramienta de Comunicaci\u00f3n que Mejora la Experiencia del Consumidor\" \/>\n<meta property=\"og:url\" content=\"https:\/\/www.aurigaspa.com\/es\/banca\/productos-y-soluciones\/servicios-compartidos\/marketing-personalizado\/\" \/>\n<meta property=\"og:site_name\" content=\"Auriga\" \/>\n<meta property=\"article:publisher\" content=\"https:\/\/www.facebook.com\/aurigaspa\" \/>\n<meta property=\"article:modified_time\" content=\"2025-11-12T10:36:24+00:00\" \/>\n<meta name=\"twitter:card\" content=\"summary_large_image\" \/>\n<meta name=\"twitter:title\" content=\"WinWebServer: Aumente los Ingresos con el Marketing Personalizado\" \/>\n<meta name=\"twitter:description\" content=\"Con WWS, cada Canal del Banco se puede Transformar en una Eficiente Herramienta de Comunicaci\u00f3n que Mejora la Experiencia del Consumidor\" \/>\n<meta name=\"twitter:label1\" content=\"Tiempo de lectura\" \/>\n\t<meta name=\"twitter:data1\" content=\"2 minutos\" \/>\n<script type=\"application\/ld+json\" class=\"yoast-schema-graph\">{\"@context\":\"https:\\\/\\\/schema.org\",\"@graph\":[{\"@type\":\"WebPage\",\"@id\":\"https:\\\/\\\/www.aurigaspa.com\\\/es\\\/banca\\\/productos-y-soluciones\\\/servicios-compartidos\\\/marketing-personalizado\\\/\",\"url\":\"https:\\\/\\\/www.aurigaspa.com\\\/es\\\/banca\\\/productos-y-soluciones\\\/servicios-compartidos\\\/marketing-personalizado\\\/\",\"name\":\"WinWebServer: Aumente los Ingresos con el Marketing Personalizado\",\"isPartOf\":{\"@id\":\"https:\\\/\\\/www.aurigaspa.com\\\/es\\\/#website\"},\"datePublished\":\"2017-12-06T16:44:19+00:00\",\"dateModified\":\"2025-11-12T10:36:24+00:00\",\"description\":\"Con WWS, cada Canal del Banco se puede Transformar en una Eficiente Herramienta de Comunicaci\u00f3n que Mejora la Experiencia del Consumidor\",\"breadcrumb\":{\"@id\":\"https:\\\/\\\/www.aurigaspa.com\\\/es\\\/banca\\\/productos-y-soluciones\\\/servicios-compartidos\\\/marketing-personalizado\\\/#breadcrumb\"},\"inLanguage\":\"es\",\"potentialAction\":[{\"@type\":\"ReadAction\",\"target\":[\"https:\\\/\\\/www.aurigaspa.com\\\/es\\\/banca\\\/productos-y-soluciones\\\/servicios-compartidos\\\/marketing-personalizado\\\/\"]}]},{\"@type\":\"BreadcrumbList\",\"@id\":\"https:\\\/\\\/www.aurigaspa.com\\\/es\\\/banca\\\/productos-y-soluciones\\\/servicios-compartidos\\\/marketing-personalizado\\\/#breadcrumb\",\"itemListElement\":[{\"@type\":\"ListItem\",\"position\":1,\"name\":\"Home\",\"item\":\"https:\\\/\\\/www.aurigaspa.com\\\/es\\\/\"},{\"@type\":\"ListItem\",\"position\":2,\"name\":\"Banca\",\"item\":\"https:\\\/\\\/www.aurigaspa.com\\\/es\\\/banca\\\/\"},{\"@type\":\"ListItem\",\"position\":3,\"name\":\"Productos y soluciones\",\"item\":\"https:\\\/\\\/www.aurigaspa.com\\\/es\\\/banca\\\/productos-y-soluciones\\\/\"},{\"@type\":\"ListItem\",\"position\":4,\"name\":\"Servicios compartidos\",\"item\":\"https:\\\/\\\/www.aurigaspa.com\\\/es\\\/banca\\\/productos-y-soluciones\\\/servicios-compartidos\\\/\"},{\"@type\":\"ListItem\",\"position\":5,\"name\":\"Marketing personalizado\"}]},{\"@type\":\"WebSite\",\"@id\":\"https:\\\/\\\/www.aurigaspa.com\\\/es\\\/#website\",\"url\":\"https:\\\/\\\/www.aurigaspa.com\\\/es\\\/\",\"name\":\"Auriga\",\"description\":\"The banking evolution\",\"publisher\":{\"@id\":\"https:\\\/\\\/www.aurigaspa.com\\\/es\\\/#organization\"},\"potentialAction\":[{\"@type\":\"SearchAction\",\"target\":{\"@type\":\"EntryPoint\",\"urlTemplate\":\"https:\\\/\\\/www.aurigaspa.com\\\/es\\\/?s={search_term_string}\"},\"query-input\":{\"@type\":\"PropertyValueSpecification\",\"valueRequired\":true,\"valueName\":\"search_term_string\"}}],\"inLanguage\":\"es\"},{\"@type\":\"Organization\",\"@id\":\"https:\\\/\\\/www.aurigaspa.com\\\/es\\\/#organization\",\"name\":\"Auriga\",\"url\":\"https:\\\/\\\/www.aurigaspa.com\\\/es\\\/\",\"logo\":{\"@type\":\"ImageObject\",\"inLanguage\":\"es\",\"@id\":\"https:\\\/\\\/www.aurigaspa.com\\\/es\\\/#\\\/schema\\\/logo\\\/image\\\/\",\"url\":\"https:\\\/\\\/www.aurigaspa.com\\\/wp-content\\\/uploads\\\/marchio_auriga_nopayoff_web.png\",\"contentUrl\":\"https:\\\/\\\/www.aurigaspa.com\\\/wp-content\\\/uploads\\\/marchio_auriga_nopayoff_web.png\",\"width\":660,\"height\":360,\"caption\":\"Auriga\"},\"image\":{\"@id\":\"https:\\\/\\\/www.aurigaspa.com\\\/es\\\/#\\\/schema\\\/logo\\\/image\\\/\"},\"sameAs\":[\"https:\\\/\\\/www.facebook.com\\\/aurigaspa\",\"https:\\\/\\\/www.instagram.com\\\/auriga_the_banking_evolution\\\/\",\"https:\\\/\\\/www.linkedin.com\\\/company\\\/auriga-spa\",\"https:\\\/\\\/www.youtube.com\\\/user\\\/aurigaspacom\"]}]}<\/script>\n<!-- \/ Yoast SEO Premium plugin. -->","yoast_head_json":{"title":"WinWebServer: Aumente los Ingresos con el Marketing Personalizado","description":"Con WWS, cada Canal del Banco se puede Transformar en una Eficiente Herramienta de Comunicaci\u00f3n que Mejora la Experiencia del Consumidor","robots":{"index":"index","follow":"follow","max-snippet":"max-snippet:-1","max-image-preview":"max-image-preview:large","max-video-preview":"max-video-preview:-1"},"canonical":"https:\/\/www.aurigaspa.com\/es\/banca\/productos-y-soluciones\/servicios-compartidos\/marketing-personalizado\/","og_locale":"es_ES","og_type":"article","og_title":"WinWebServer: Aumente los Ingresos con el Marketing Personalizado","og_description":"Con WWS, cada Canal del Banco se puede Transformar en una Eficiente Herramienta de Comunicaci\u00f3n que Mejora la Experiencia del Consumidor","og_url":"https:\/\/www.aurigaspa.com\/es\/banca\/productos-y-soluciones\/servicios-compartidos\/marketing-personalizado\/","og_site_name":"Auriga","article_publisher":"https:\/\/www.facebook.com\/aurigaspa","article_modified_time":"2025-11-12T10:36:24+00:00","twitter_card":"summary_large_image","twitter_title":"WinWebServer: Aumente los Ingresos con el Marketing Personalizado","twitter_description":"Con WWS, cada Canal del Banco se puede Transformar en una Eficiente Herramienta de Comunicaci\u00f3n que Mejora la Experiencia del Consumidor","twitter_misc":{"Tiempo de lectura":"2 minutos"},"schema":{"@context":"https:\/\/schema.org","@graph":[{"@type":"WebPage","@id":"https:\/\/www.aurigaspa.com\/es\/banca\/productos-y-soluciones\/servicios-compartidos\/marketing-personalizado\/","url":"https:\/\/www.aurigaspa.com\/es\/banca\/productos-y-soluciones\/servicios-compartidos\/marketing-personalizado\/","name":"WinWebServer: Aumente los Ingresos con el Marketing Personalizado","isPartOf":{"@id":"https:\/\/www.aurigaspa.com\/es\/#website"},"datePublished":"2017-12-06T16:44:19+00:00","dateModified":"2025-11-12T10:36:24+00:00","description":"Con WWS, cada Canal del Banco se puede Transformar en una Eficiente Herramienta de Comunicaci\u00f3n que Mejora la Experiencia del Consumidor","breadcrumb":{"@id":"https:\/\/www.aurigaspa.com\/es\/banca\/productos-y-soluciones\/servicios-compartidos\/marketing-personalizado\/#breadcrumb"},"inLanguage":"es","potentialAction":[{"@type":"ReadAction","target":["https:\/\/www.aurigaspa.com\/es\/banca\/productos-y-soluciones\/servicios-compartidos\/marketing-personalizado\/"]}]},{"@type":"BreadcrumbList","@id":"https:\/\/www.aurigaspa.com\/es\/banca\/productos-y-soluciones\/servicios-compartidos\/marketing-personalizado\/#breadcrumb","itemListElement":[{"@type":"ListItem","position":1,"name":"Home","item":"https:\/\/www.aurigaspa.com\/es\/"},{"@type":"ListItem","position":2,"name":"Banca","item":"https:\/\/www.aurigaspa.com\/es\/banca\/"},{"@type":"ListItem","position":3,"name":"Productos y soluciones","item":"https:\/\/www.aurigaspa.com\/es\/banca\/productos-y-soluciones\/"},{"@type":"ListItem","position":4,"name":"Servicios compartidos","item":"https:\/\/www.aurigaspa.com\/es\/banca\/productos-y-soluciones\/servicios-compartidos\/"},{"@type":"ListItem","position":5,"name":"Marketing personalizado"}]},{"@type":"WebSite","@id":"https:\/\/www.aurigaspa.com\/es\/#website","url":"https:\/\/www.aurigaspa.com\/es\/","name":"Auriga","description":"The banking evolution","publisher":{"@id":"https:\/\/www.aurigaspa.com\/es\/#organization"},"potentialAction":[{"@type":"SearchAction","target":{"@type":"EntryPoint","urlTemplate":"https:\/\/www.aurigaspa.com\/es\/?s={search_term_string}"},"query-input":{"@type":"PropertyValueSpecification","valueRequired":true,"valueName":"search_term_string"}}],"inLanguage":"es"},{"@type":"Organization","@id":"https:\/\/www.aurigaspa.com\/es\/#organization","name":"Auriga","url":"https:\/\/www.aurigaspa.com\/es\/","logo":{"@type":"ImageObject","inLanguage":"es","@id":"https:\/\/www.aurigaspa.com\/es\/#\/schema\/logo\/image\/","url":"https:\/\/www.aurigaspa.com\/wp-content\/uploads\/marchio_auriga_nopayoff_web.png","contentUrl":"https:\/\/www.aurigaspa.com\/wp-content\/uploads\/marchio_auriga_nopayoff_web.png","width":660,"height":360,"caption":"Auriga"},"image":{"@id":"https:\/\/www.aurigaspa.com\/es\/#\/schema\/logo\/image\/"},"sameAs":["https:\/\/www.facebook.com\/aurigaspa","https:\/\/www.instagram.com\/auriga_the_banking_evolution\/","https:\/\/www.linkedin.com\/company\/auriga-spa","https:\/\/www.youtube.com\/user\/aurigaspacom"]}]}},"_links":{"self":[{"href":"https:\/\/www.aurigaspa.com\/es\/wp-json\/wp\/v2\/pages\/32871","targetHints":{"allow":["GET"]}}],"collection":[{"href":"https:\/\/www.aurigaspa.com\/es\/wp-json\/wp\/v2\/pages"}],"about":[{"href":"https:\/\/www.aurigaspa.com\/es\/wp-json\/wp\/v2\/types\/page"}],"author":[{"embeddable":true,"href":"https:\/\/www.aurigaspa.com\/es\/wp-json\/wp\/v2\/users\/1"}],"replies":[{"embeddable":true,"href":"https:\/\/www.aurigaspa.com\/es\/wp-json\/wp\/v2\/comments?post=32871"}],"version-history":[{"count":5,"href":"https:\/\/www.aurigaspa.com\/es\/wp-json\/wp\/v2\/pages\/32871\/revisions"}],"predecessor-version":[{"id":77838,"href":"https:\/\/www.aurigaspa.com\/es\/wp-json\/wp\/v2\/pages\/32871\/revisions\/77838"}],"up":[{"embeddable":true,"href":"https:\/\/www.aurigaspa.com\/es\/wp-json\/wp\/v2\/pages\/32854"}],"wp:attachment":[{"href":"https:\/\/www.aurigaspa.com\/es\/wp-json\/wp\/v2\/media?parent=32871"}],"curies":[{"name":"wp","href":"https:\/\/api.w.org\/{rel}","templated":true}]}}