{"id":32867,"date":"2017-12-07T10:00:46","date_gmt":"2017-12-07T10:00:46","guid":{"rendered":"https:\/\/www.aurigaspa.com\/banca\/productos-y-soluciones\/servicios-compartidos\/proactive-network-monitoring\/"},"modified":"2025-11-11T15:54:07","modified_gmt":"2025-11-11T14:54:07","slug":"monitorizacion-proactiva-de-la-red","status":"publish","type":"page","link":"https:\/\/www.aurigaspa.com\/es\/banca\/productos-y-soluciones\/servicios-compartidos\/monitorizacion-proactiva-de-la-red\/","title":{"rendered":"Monitorizaci\u00f3n proactiva de la red"},"content":{"rendered":"<h2>Monitorizaci\u00f3n proactiva de redes de autoservicio<\/h2>\n<p>WinWebServer (WWS) ha sido dise\u00f1ado para proporcionar la mayor disponibilidad de servicio en todos los canales de autoservicio. WWS proporciona un extenso y probado conjunto de funciones autom\u00e1ticas de monitorizaci\u00f3n, diagn\u00f3stico y autorreparaci\u00f3n que maximizan la continuidad del negocio y la facilidad de uso operativo. La potencia de diagn\u00f3stico de WWS, combinada con una gama de resoluciones autom\u00e1ticas e iniciadas por el operador, resulta en una dr\u00e1stica reducci\u00f3n de costosos tiempos de inactividad y de la necesidad de mantenimiento in situ.<\/p>\n<h2>WinWebServer (WWS): tranquilidad para redes de autoservicio<\/h2>\n<h3>Supervisi\u00f3n inteligente de integridad<\/h3>\n<p><a href=\"https:\/\/www.aurigaspa.com\/es\/banca\/productos-y-soluciones\/servicios-compartidos\/arquitectura-winwebserver\/\"> WinWebServer (WWS)<\/a> se configura f\u00e1cilmente para verificar autom\u00e1ticamente la integridad del servicio de todos los componentes del sistema, incluidos los servidores web, los servidores de aplicaciones y los servidores de bases de datos. La informaci\u00f3n de diagn\u00f3stico tambi\u00e9n se publica como informes de estado XML a los que los sistemas de administraci\u00f3n de terceros pueden acceder de forma opcional. La monitorizaci\u00f3n de integridad de WWS tambi\u00e9n incluye controles autom\u00e1ticos para evitar ataques de DNS contra los sitios web corporativos.<\/p>\n<p>La monitorizaci\u00f3n de integridad de WWS simula la carga de trabajo real de las transacciones y el diagn\u00f3stico inteligente identifica con precisi\u00f3n cualquier falla o cuello de botella del rendimiento. Con WWS, es f\u00e1cil equilibrar de forma \u00f3ptima la carga de trabajo entre los recursos de hardware disponibles a fin de garantizar la m\u00e1xima disponibilidad y capacidad de respuesta del servicio.<\/p>\n<h3>Resoluciones automatizadas<\/h3>\n<p>WinWebServer (WWS) se puede configurar para resolver autom\u00e1ticamente una amplia gama de fallas y registrar las resoluciones correspondientes para su posterior revisi\u00f3n. Se generan alertas automatizadas para cualquier problema que requiera intervenci\u00f3n manual.<\/p>\n<p>Cuando se considera apropiado, WWS tambi\u00e9n crea un tique o boleta de incidencia para que los pasos de resoluci\u00f3n necesarios puedan ser administrados de cerca de acuerdo con las pol\u00edticas de SLA. Adem\u00e1s, WWS se integra f\u00e1cilmente con proveedores de mantenimiento de terceros para automatizar la notificaci\u00f3n de \u00e1reas problem\u00e1ticas y reducir a\u00fan m\u00e1s el tiempo de inactividad.<\/p>\n<h3>An\u00e1lisis m\u00e1s r\u00e1pido y preciso<\/h3>\n<p>WinWebServer (WWS) proporciona informaci\u00f3n de diagn\u00f3stico efectiva en una serie de niveles para simplificar e impulsar r\u00e1pidamente la investigaci\u00f3n y resoluci\u00f3n de problemas. Por ejemplo, los detalles del resumen de la transacci\u00f3n y el f\u00e1cil acceso a las publicaciones electr\u00f3nicas proporcionan una r\u00e1pida comprensi\u00f3n del estado general de un dispositivo de cajero autom\u00e1tico. En muchos casos, esta informaci\u00f3n es suficiente para identificar y resolver correctamente las condiciones de la falla.<\/p>\n<p>Adem\u00e1s, WWS tambi\u00e9n proporciona acceso interactivo al Smart Client en el cajero autom\u00e1tico remoto para un an\u00e1lisis m\u00e1s detallado de los perif\u00e9ricos y el funcionamiento del dispositivo. WWS tambi\u00e9n proporciona una opci\u00f3n de diagn\u00f3stico intensivo para fallas especialmente an\u00f3malas.<\/p>\n<p>La amplia gama de informaci\u00f3n de diagn\u00f3stico, combinada con la capacidad de controlar de forma remota las opciones de resoluci\u00f3n, garantiza que el tiempo de inactividad y el mantenimiento in situ se mantengan en m\u00ednimos absolutos, lo que conlleva un significativo ahorro de costos y una mayor satisfacci\u00f3n del consumidor.<\/p>\n<p>&nbsp;<\/p>\n <a href=\"\" class=\"btn ds  \" target=\"\">Descarga los folletos<\/a>\n","protected":false},"excerpt":{"rendered":"<p>Monitorizaci\u00f3n proactiva de redes de autoservicio WinWebServer (WWS) ha sido dise\u00f1ado para proporcionar la mayor disponibilidad de servicio en todos los canales de autoservicio. WWS proporciona un extenso y probado conjunto de funciones autom\u00e1ticas de monitorizaci\u00f3n, diagn\u00f3stico y autorreparaci\u00f3n que maximizan la continuidad del negocio y la facilidad de uso operativo. La potencia de diagn\u00f3stico<\/p>\n","protected":false},"author":1,"featured_media":0,"parent":32854,"menu_order":2,"comment_status":"closed","ping_status":"closed","template":"","meta":{"footnotes":""},"class_list":["post-32867","page","type-page","status-publish","hentry"],"yoast_head":"<!-- This site is optimized with the Yoast SEO Premium plugin v27.3 (Yoast SEO v27.3) - https:\/\/yoast.com\/product\/yoast-seo-premium-wordpress\/ -->\n<title>M\u00f3dulos de WWS para la Monitorizaci\u00f3n Proactiva de la Red - Auriga<\/title>\n<meta name=\"description\" content=\"WinWebServer (WWS) incluye M\u00faltiples Herramientas de Monitorizaci\u00f3n de la Red para Garantizar la Fiabilidad del Servicio en Todos los Canales Bancarios\" \/>\n<meta name=\"robots\" content=\"index, follow, max-snippet:-1, max-image-preview:large, max-video-preview:-1\" \/>\n<link rel=\"canonical\" href=\"https:\/\/www.aurigaspa.com\/es\/banca\/productos-y-soluciones\/servicios-compartidos\/monitorizacion-proactiva-de-la-red\/\" \/>\n<meta property=\"og:locale\" content=\"es_ES\" \/>\n<meta property=\"og:type\" content=\"article\" \/>\n<meta property=\"og:title\" content=\"Monitorizaci\u00f3n proactiva de la red | Auriga\" \/>\n<meta property=\"og:description\" content=\"WinWebServer (WWS) incluye M\u00faltiples Herramientas de Monitorizaci\u00f3n de la Red para Garantizar la Fiabilidad del Servicio en Todos los Canales Bancarios\" \/>\n<meta property=\"og:url\" content=\"https:\/\/www.aurigaspa.com\/es\/banca\/productos-y-soluciones\/servicios-compartidos\/monitorizacion-proactiva-de-la-red\/\" \/>\n<meta property=\"og:site_name\" content=\"Auriga\" \/>\n<meta property=\"article:publisher\" content=\"https:\/\/www.facebook.com\/aurigaspa\" \/>\n<meta property=\"article:modified_time\" content=\"2025-11-11T14:54:07+00:00\" \/>\n<meta name=\"twitter:card\" content=\"summary_large_image\" \/>\n<meta name=\"twitter:label1\" content=\"Tiempo de lectura\" \/>\n\t<meta name=\"twitter:data1\" content=\"3 minutos\" \/>\n<script type=\"application\/ld+json\" class=\"yoast-schema-graph\">{\"@context\":\"https:\\\/\\\/schema.org\",\"@graph\":[{\"@type\":\"WebPage\",\"@id\":\"https:\\\/\\\/www.aurigaspa.com\\\/es\\\/banca\\\/productos-y-soluciones\\\/servicios-compartidos\\\/monitorizacion-proactiva-de-la-red\\\/\",\"url\":\"https:\\\/\\\/www.aurigaspa.com\\\/es\\\/banca\\\/productos-y-soluciones\\\/servicios-compartidos\\\/monitorizacion-proactiva-de-la-red\\\/\",\"name\":\"M\u00f3dulos de WWS para la Monitorizaci\u00f3n Proactiva de la Red - Auriga\",\"isPartOf\":{\"@id\":\"https:\\\/\\\/www.aurigaspa.com\\\/es\\\/#website\"},\"datePublished\":\"2017-12-07T10:00:46+00:00\",\"dateModified\":\"2025-11-11T14:54:07+00:00\",\"description\":\"WinWebServer (WWS) incluye M\u00faltiples Herramientas de Monitorizaci\u00f3n de la Red para Garantizar la Fiabilidad del Servicio en Todos los Canales Bancarios\",\"breadcrumb\":{\"@id\":\"https:\\\/\\\/www.aurigaspa.com\\\/es\\\/banca\\\/productos-y-soluciones\\\/servicios-compartidos\\\/monitorizacion-proactiva-de-la-red\\\/#breadcrumb\"},\"inLanguage\":\"es\",\"potentialAction\":[{\"@type\":\"ReadAction\",\"target\":[\"https:\\\/\\\/www.aurigaspa.com\\\/es\\\/banca\\\/productos-y-soluciones\\\/servicios-compartidos\\\/monitorizacion-proactiva-de-la-red\\\/\"]}]},{\"@type\":\"BreadcrumbList\",\"@id\":\"https:\\\/\\\/www.aurigaspa.com\\\/es\\\/banca\\\/productos-y-soluciones\\\/servicios-compartidos\\\/monitorizacion-proactiva-de-la-red\\\/#breadcrumb\",\"itemListElement\":[{\"@type\":\"ListItem\",\"position\":1,\"name\":\"Home\",\"item\":\"https:\\\/\\\/www.aurigaspa.com\\\/es\\\/\"},{\"@type\":\"ListItem\",\"position\":2,\"name\":\"Banca\",\"item\":\"https:\\\/\\\/www.aurigaspa.com\\\/es\\\/banca\\\/\"},{\"@type\":\"ListItem\",\"position\":3,\"name\":\"Productos y soluciones\",\"item\":\"https:\\\/\\\/www.aurigaspa.com\\\/es\\\/banca\\\/productos-y-soluciones\\\/\"},{\"@type\":\"ListItem\",\"position\":4,\"name\":\"Servicios compartidos\",\"item\":\"https:\\\/\\\/www.aurigaspa.com\\\/es\\\/banca\\\/productos-y-soluciones\\\/servicios-compartidos\\\/\"},{\"@type\":\"ListItem\",\"position\":5,\"name\":\"Monitorizaci\u00f3n proactiva de la red\"}]},{\"@type\":\"WebSite\",\"@id\":\"https:\\\/\\\/www.aurigaspa.com\\\/es\\\/#website\",\"url\":\"https:\\\/\\\/www.aurigaspa.com\\\/es\\\/\",\"name\":\"Auriga\",\"description\":\"The banking evolution\",\"publisher\":{\"@id\":\"https:\\\/\\\/www.aurigaspa.com\\\/es\\\/#organization\"},\"potentialAction\":[{\"@type\":\"SearchAction\",\"target\":{\"@type\":\"EntryPoint\",\"urlTemplate\":\"https:\\\/\\\/www.aurigaspa.com\\\/es\\\/?s={search_term_string}\"},\"query-input\":{\"@type\":\"PropertyValueSpecification\",\"valueRequired\":true,\"valueName\":\"search_term_string\"}}],\"inLanguage\":\"es\"},{\"@type\":\"Organization\",\"@id\":\"https:\\\/\\\/www.aurigaspa.com\\\/es\\\/#organization\",\"name\":\"Auriga\",\"url\":\"https:\\\/\\\/www.aurigaspa.com\\\/es\\\/\",\"logo\":{\"@type\":\"ImageObject\",\"inLanguage\":\"es\",\"@id\":\"https:\\\/\\\/www.aurigaspa.com\\\/es\\\/#\\\/schema\\\/logo\\\/image\\\/\",\"url\":\"https:\\\/\\\/www.aurigaspa.com\\\/wp-content\\\/uploads\\\/marchio_auriga_nopayoff_web.png\",\"contentUrl\":\"https:\\\/\\\/www.aurigaspa.com\\\/wp-content\\\/uploads\\\/marchio_auriga_nopayoff_web.png\",\"width\":660,\"height\":360,\"caption\":\"Auriga\"},\"image\":{\"@id\":\"https:\\\/\\\/www.aurigaspa.com\\\/es\\\/#\\\/schema\\\/logo\\\/image\\\/\"},\"sameAs\":[\"https:\\\/\\\/www.facebook.com\\\/aurigaspa\",\"https:\\\/\\\/www.instagram.com\\\/auriga_the_banking_evolution\\\/\",\"https:\\\/\\\/www.linkedin.com\\\/company\\\/auriga-spa\",\"https:\\\/\\\/www.youtube.com\\\/user\\\/aurigaspacom\"]}]}<\/script>\n<!-- \/ Yoast SEO Premium plugin. -->","yoast_head_json":{"title":"M\u00f3dulos de WWS para la Monitorizaci\u00f3n Proactiva de la Red - Auriga","description":"WinWebServer (WWS) incluye M\u00faltiples Herramientas de Monitorizaci\u00f3n de la Red para Garantizar la Fiabilidad del Servicio en Todos los Canales Bancarios","robots":{"index":"index","follow":"follow","max-snippet":"max-snippet:-1","max-image-preview":"max-image-preview:large","max-video-preview":"max-video-preview:-1"},"canonical":"https:\/\/www.aurigaspa.com\/es\/banca\/productos-y-soluciones\/servicios-compartidos\/monitorizacion-proactiva-de-la-red\/","og_locale":"es_ES","og_type":"article","og_title":"Monitorizaci\u00f3n proactiva de la red | Auriga","og_description":"WinWebServer (WWS) incluye M\u00faltiples Herramientas de Monitorizaci\u00f3n de la Red para Garantizar la Fiabilidad del Servicio en Todos los Canales Bancarios","og_url":"https:\/\/www.aurigaspa.com\/es\/banca\/productos-y-soluciones\/servicios-compartidos\/monitorizacion-proactiva-de-la-red\/","og_site_name":"Auriga","article_publisher":"https:\/\/www.facebook.com\/aurigaspa","article_modified_time":"2025-11-11T14:54:07+00:00","twitter_card":"summary_large_image","twitter_misc":{"Tiempo de lectura":"3 minutos"},"schema":{"@context":"https:\/\/schema.org","@graph":[{"@type":"WebPage","@id":"https:\/\/www.aurigaspa.com\/es\/banca\/productos-y-soluciones\/servicios-compartidos\/monitorizacion-proactiva-de-la-red\/","url":"https:\/\/www.aurigaspa.com\/es\/banca\/productos-y-soluciones\/servicios-compartidos\/monitorizacion-proactiva-de-la-red\/","name":"M\u00f3dulos de WWS para la Monitorizaci\u00f3n Proactiva de la Red - Auriga","isPartOf":{"@id":"https:\/\/www.aurigaspa.com\/es\/#website"},"datePublished":"2017-12-07T10:00:46+00:00","dateModified":"2025-11-11T14:54:07+00:00","description":"WinWebServer (WWS) incluye M\u00faltiples Herramientas de Monitorizaci\u00f3n de la Red para Garantizar la Fiabilidad del Servicio en Todos los Canales Bancarios","breadcrumb":{"@id":"https:\/\/www.aurigaspa.com\/es\/banca\/productos-y-soluciones\/servicios-compartidos\/monitorizacion-proactiva-de-la-red\/#breadcrumb"},"inLanguage":"es","potentialAction":[{"@type":"ReadAction","target":["https:\/\/www.aurigaspa.com\/es\/banca\/productos-y-soluciones\/servicios-compartidos\/monitorizacion-proactiva-de-la-red\/"]}]},{"@type":"BreadcrumbList","@id":"https:\/\/www.aurigaspa.com\/es\/banca\/productos-y-soluciones\/servicios-compartidos\/monitorizacion-proactiva-de-la-red\/#breadcrumb","itemListElement":[{"@type":"ListItem","position":1,"name":"Home","item":"https:\/\/www.aurigaspa.com\/es\/"},{"@type":"ListItem","position":2,"name":"Banca","item":"https:\/\/www.aurigaspa.com\/es\/banca\/"},{"@type":"ListItem","position":3,"name":"Productos y soluciones","item":"https:\/\/www.aurigaspa.com\/es\/banca\/productos-y-soluciones\/"},{"@type":"ListItem","position":4,"name":"Servicios compartidos","item":"https:\/\/www.aurigaspa.com\/es\/banca\/productos-y-soluciones\/servicios-compartidos\/"},{"@type":"ListItem","position":5,"name":"Monitorizaci\u00f3n proactiva de la red"}]},{"@type":"WebSite","@id":"https:\/\/www.aurigaspa.com\/es\/#website","url":"https:\/\/www.aurigaspa.com\/es\/","name":"Auriga","description":"The banking evolution","publisher":{"@id":"https:\/\/www.aurigaspa.com\/es\/#organization"},"potentialAction":[{"@type":"SearchAction","target":{"@type":"EntryPoint","urlTemplate":"https:\/\/www.aurigaspa.com\/es\/?s={search_term_string}"},"query-input":{"@type":"PropertyValueSpecification","valueRequired":true,"valueName":"search_term_string"}}],"inLanguage":"es"},{"@type":"Organization","@id":"https:\/\/www.aurigaspa.com\/es\/#organization","name":"Auriga","url":"https:\/\/www.aurigaspa.com\/es\/","logo":{"@type":"ImageObject","inLanguage":"es","@id":"https:\/\/www.aurigaspa.com\/es\/#\/schema\/logo\/image\/","url":"https:\/\/www.aurigaspa.com\/wp-content\/uploads\/marchio_auriga_nopayoff_web.png","contentUrl":"https:\/\/www.aurigaspa.com\/wp-content\/uploads\/marchio_auriga_nopayoff_web.png","width":660,"height":360,"caption":"Auriga"},"image":{"@id":"https:\/\/www.aurigaspa.com\/es\/#\/schema\/logo\/image\/"},"sameAs":["https:\/\/www.facebook.com\/aurigaspa","https:\/\/www.instagram.com\/auriga_the_banking_evolution\/","https:\/\/www.linkedin.com\/company\/auriga-spa","https:\/\/www.youtube.com\/user\/aurigaspacom"]}]}},"_links":{"self":[{"href":"https:\/\/www.aurigaspa.com\/es\/wp-json\/wp\/v2\/pages\/32867","targetHints":{"allow":["GET"]}}],"collection":[{"href":"https:\/\/www.aurigaspa.com\/es\/wp-json\/wp\/v2\/pages"}],"about":[{"href":"https:\/\/www.aurigaspa.com\/es\/wp-json\/wp\/v2\/types\/page"}],"author":[{"embeddable":true,"href":"https:\/\/www.aurigaspa.com\/es\/wp-json\/wp\/v2\/users\/1"}],"replies":[{"embeddable":true,"href":"https:\/\/www.aurigaspa.com\/es\/wp-json\/wp\/v2\/comments?post=32867"}],"version-history":[{"count":5,"href":"https:\/\/www.aurigaspa.com\/es\/wp-json\/wp\/v2\/pages\/32867\/revisions"}],"predecessor-version":[{"id":77796,"href":"https:\/\/www.aurigaspa.com\/es\/wp-json\/wp\/v2\/pages\/32867\/revisions\/77796"}],"up":[{"embeddable":true,"href":"https:\/\/www.aurigaspa.com\/es\/wp-json\/wp\/v2\/pages\/32854"}],"wp:attachment":[{"href":"https:\/\/www.aurigaspa.com\/es\/wp-json\/wp\/v2\/media?parent=32867"}],"curies":[{"name":"wp","href":"https:\/\/api.w.org\/{rel}","templated":true}]}}