{"id":32864,"date":"2017-08-23T08:52:30","date_gmt":"2017-08-23T08:52:30","guid":{"rendered":"https:\/\/www.aurigaspa.com\/banca\/productos-y-soluciones\/self-service\/"},"modified":"2025-11-12T11:40:28","modified_gmt":"2025-11-12T10:40:28","slug":"wws-atm","status":"publish","type":"page","link":"https:\/\/www.aurigaspa.com\/es\/banca\/productos-y-soluciones\/cajeros-automaticos-quioscos\/wws-atm\/","title":{"rendered":"WWS ATM"},"content":{"rendered":"<h2>Genuino software de cajero autom\u00e1tico compatible con m\u00faltiples proveedores<\/h2>\n<p>WWS ATM es una soluci\u00f3n de gesti\u00f3n de cajeros autom\u00e1ticos totalmente integrada y probada que ofrece reducciones significativas en los costos operativos y tecnol\u00f3gicos a la vez que mejora la disponibilidad del sistema y el tiempo de lanzamiento al mercado de nuevos servicios.<\/p>\n<p>WWS ATM se implementa f\u00e1cilmente en cualquier combinaci\u00f3n de cajeros autom\u00e1ticos compatibles con WOSA\/XFS, terminales de dep\u00f3sito en efectivo, recicladores de efectivo y dispositivos de quiosco.<\/p>\n<h2>WWS ATM: soluci\u00f3n integral de gesti\u00f3n de cajeros autom\u00e1ticos<\/h2>\n<h3>Arquitectura Smart Client<\/h3>\n<p>WWS ATM es una soluci\u00f3n cliente-servidor de 3 niveles de gran escalabilidad, construida con las tecnolog\u00edas web m\u00e1s avanzadas. Los servicios de cajero autom\u00e1tico se administran centralmente y se implementan f\u00e1cilmente en cualquier combinaci\u00f3n de proveedores y modelos de cajeros autom\u00e1ticos.<\/p>\n<p>La aplicaci\u00f3n Smart Client instalada en cada dispositivo ATM contiene todos los flujos de trabajo locales necesarios para garantizar operaciones impecables en modo sin supervisi\u00f3n.<\/p>\n<p>La robustez operativa de la arquitectura Smart Client, junto con la capacidad de gestionar centralmente los servicios de cajero autom\u00e1tico en todos los cajeros autom\u00e1ticos, ofrece a WWS ATM distintas ventajas sobre las alternativas de \u00abthin-client\u00bb y \u00abfat-client\u00bb.<\/p>\n<p>Adem\u00e1s, WWS ATM ofrece constantemente los m\u00e1s altos niveles de servicio, incluso al enfrentarse a una calidad de red limitada o fluctuante.<\/p>\n<p>El rendimiento superior de WWS ATM proporciona a los bancos la mejor opci\u00f3n posible para ubicar sus cajeros autom\u00e1ticos, generando mayores oportunidades de ganancias y una mayor satisfacci\u00f3n del cliente.<\/p>\n<h3>Certificado<\/h3>\n<p>WWS ATM ha sido certificado en una amplia gama de hardware de los principales fabricantes, incluidos NCR, Diebold Nixdorf, Hyosung, Keba y Sigma.<\/p>\n<p>WWS ATM cumple totalmente con los est\u00e1ndares CEN ISSS\/XFS 3.x, EMV y PA-DSS y est\u00e1 certificado en terminales basados en Windows XP, Windows 7 y Windows 10.<\/p>\n<h3>Significativo ahorro de costos<\/h3>\n<p>La investigaci\u00f3n muestra que los bancos obtienen considerables ventajas en costos al separar la adquisici\u00f3n de los componentes de hardware y software de los cajeros autom\u00e1ticos.<\/p>\n<p>Adem\u00e1s, el uso de software de cajero autom\u00e1tico independiente del fabricante proporciona ventajas adicionales, ya que el proveedor de software es completamente imparcial con respecto a la selecci\u00f3n del hardware del cajero autom\u00e1tico.<\/p>\n<p>WWS ATM tambi\u00e9n presenta la ventaja exclusiva de ser precertificado en una amplia gama de modelos de cajeros autom\u00e1ticos por una autoridad de certificaci\u00f3n independiente.<\/p>\n<h3>Completo<\/h3>\n<p>La soluci\u00f3n de cajero autom\u00e1tico de WWS proporciona todo lo necesario para administrar una red de cajeros autom\u00e1ticos, incluyendo administraci\u00f3n de terminales, reconciliaci\u00f3n de efectivo, administraci\u00f3n remota de claves, monitorizaci\u00f3n proactiva de redes, tiques de incidencias, administraci\u00f3n de descargas de software y marketing personalizado.<\/p>\n<p>Con WWS ATM no existen costos adicionales ni complejidades derivadas de la necesidad de productos de terceros. WWS ATM proporciona todos los servicios requeridos en un paquete comprobado, de f\u00e1cil manejo totalmente integrado.<\/p>\n<h3>Modular<\/h3>\n<p>WWS ATM es una soluci\u00f3n de gran modularidad y se implementa f\u00e1cilmente como una soluci\u00f3n totalmente integrada o en fases separadas.<\/p>\n<p>El funcionamiento del terminal, la supervisi\u00f3n proactiva del cajero autom\u00e1tico y los componentes de marketing personalizado se pueden integrar en cualquier combinaci\u00f3n con los sistemas existentes para abordar objetivos comerciales espec\u00edficos.<\/p>\n<h3>Escalabilidad probada<\/h3>\n<p>WWS ATM presenta gran escalabilidad y se adapta igualmente a grandes redes de m\u00e1s de 10 000 cajeros autom\u00e1ticos y a peque\u00f1as redes de unos pocos cientos de cajeros autom\u00e1ticos.<\/p>\n<p>La soluci\u00f3n WWS ATM est\u00e1 implementada en m\u00e1s de 34 000 dispositivos de cajero autom\u00e1tico, lo que la convierte en el software para cajeros autom\u00e1ticos de proveedor independiente compatible con m\u00faltiples proveedores l\u00edder en Europa.<\/p>\n<h3>Servicios completos<\/h3>\n<p>WWS ATM ofrece el conjunto m\u00e1s amplio de servicios bancarios de cajero autom\u00e1tico disponible en el mercado.<\/p>\n<p>WWS ATM incluye m\u00e1s de 100 funciones de autoservicio configurables para el acceso a trav\u00e9s del canal de cajeros autom\u00e1ticos (o cualquier otro canal de autoservicio).<\/p>\n<p>La completa biblioteca de servicios bancarios probados implica que WWS ATM se puede implementar de manera significativamente m\u00e1s r\u00e1pida que los sistemas de gesti\u00f3n de cajeros autom\u00e1ticos tradicionales.<\/p>\n<h3>Convergente<\/h3>\n<p>WWS ATM proporciona una experiencia fluida al consumidor en todos los canales, incluidos los servicios bancarios y de marketing personalizado.<\/p>\n<p>Adem\u00e1s, tambi\u00e9n se admite una gama de servicios de canales cruzados que permite a los consumidores iniciar transacciones en sus tel\u00e9fonos para su posterior terminaci\u00f3n en el cajero autom\u00e1tico, para mayor seguridad y comodidad.<\/p>\n<p>Los usuarios con discapacidad visual tambi\u00e9n pueden recibir asistencia de navegaci\u00f3n por voz a trav\u00e9s de sus tel\u00e9fonos m\u00f3viles cuando realizan transacciones en cajeros autom\u00e1ticos.<\/p>\n<h3>Excelente disponibilidad<\/h3>\n<p>La soluci\u00f3n WWW ATM tiene una constante trayectoria de 100 % de disponibilidad de servicio para el servidor de aplicaciones.<\/p>\n<p>Generalmente, el uso de WWS mejora la disponibilidad de la red de cajeros autom\u00e1ticos en un punto porcentual completo sobre los niveles anteriores y regularmente excede el 98,7 % de la disponibilidad de la red<\/p>\n<h3>F\u00e1cil implementaci\u00f3n<\/h3>\n<p>WWS ATM se integra f\u00e1cilmente con cualquier cantidad de proveedores de datos externos, incluidos hosts de autorizaci\u00f3n, sistemas CRM y proveedores terceros de servicios.<\/p>\n<p>La <a href=\"\/es\/banca\/productos-y-soluciones\/servicios-compartidos\/arquitectura-winwebserver\/\">arquitectura WWS<\/a> y los componentes de conector estandarizados garantizan que los nuevos proveedores de datos se puedan conectar al sistema WWS sin interrupci\u00f3n de los servicios comerciales existentes.<\/p>\n<h3>Multibanco<\/h3>\n<p>WWS ATM es una aut\u00e9ntica soluci\u00f3n multibanco adecuada para entornos de procesador.<\/p>\n<p>Las funciones de multibanco incluyen el almacenamiento de la informaci\u00f3n y su acceso de forme segregada, soporte para grupos y jerarqu\u00edas de bancos, as\u00ed como capacidad de integrarse con diferentes sistemas \u00abback-end\u00bb para cada instituci\u00f3n financiera.<\/p>\n<p>WWS ATM puede usar autom\u00e1ticamente el perfil del titular de la tarjeta para presentar los dise\u00f1os de pantalla y las campa\u00f1as de marketing adecuados, independientemente del cajero autom\u00e1tico real que se utilice.<\/p>\n<p>&nbsp;<\/p>\n <a href=\"\" class=\"btn ds  \" target=\"\">Descarga los folletos<\/a>\n","protected":false},"excerpt":{"rendered":"<p>Genuino software de cajero autom\u00e1tico compatible con m\u00faltiples proveedores WWS ATM es una soluci\u00f3n de gesti\u00f3n de cajeros autom\u00e1ticos totalmente integrada y probada que ofrece reducciones significativas en los costos operativos y tecnol\u00f3gicos a la vez que mejora la disponibilidad del sistema y el tiempo de lanzamiento al mercado de nuevos servicios. WWS ATM se<\/p>\n","protected":false},"author":1,"featured_media":0,"parent":73178,"menu_order":2,"comment_status":"closed","ping_status":"closed","template":"","meta":{"footnotes":""},"class_list":["post-32864","page","type-page","status-publish","hentry"],"yoast_head":"<!-- This site is optimized with the Yoast SEO Premium plugin v27.4 (Yoast SEO v27.4) - https:\/\/yoast.com\/product\/yoast-seo-premium-wordpress\/ -->\n<title>WWS ATM: Soluci\u00f3n Integral de Gesti\u00f3n de Cajeros Autom\u00e1ticos - Auriga<\/title>\n<meta name=\"description\" content=\"WWS ATM es una Soluci\u00f3n Cliente-sServidor de 3 Niveles de Gran Escalabilidad, Construida con las Tecnolog\u00edas Web M\u00e1s Avanzadas.\" \/>\n<meta name=\"robots\" content=\"index, follow, max-snippet:-1, max-image-preview:large, max-video-preview:-1\" \/>\n<link rel=\"canonical\" href=\"https:\/\/www.aurigaspa.com\/es\/banca\/productos-y-soluciones\/cajeros-automaticos-quioscos\/wws-atm\/\" \/>\n<meta property=\"og:locale\" content=\"es_ES\" \/>\n<meta property=\"og:type\" content=\"article\" \/>\n<meta property=\"og:title\" content=\"WWS ATM: Soluci\u00f3n Integral de Gesti\u00f3n de Cajeros Autom\u00e1ticos - Auriga\" \/>\n<meta property=\"og:description\" content=\"WWS ATM es una Soluci\u00f3n Cliente-sServidor de 3 Niveles de Gran Escalabilidad, Construida con las Tecnolog\u00edas Web M\u00e1s Avanzadas.\" \/>\n<meta property=\"og:url\" content=\"https:\/\/www.aurigaspa.com\/es\/banca\/productos-y-soluciones\/cajeros-automaticos-quioscos\/wws-atm\/\" \/>\n<meta property=\"og:site_name\" content=\"Auriga\" \/>\n<meta property=\"article:publisher\" content=\"https:\/\/www.facebook.com\/aurigaspa\" \/>\n<meta property=\"article:modified_time\" content=\"2025-11-12T10:40:28+00:00\" \/>\n<meta name=\"twitter:card\" content=\"summary_large_image\" \/>\n<meta name=\"twitter:title\" content=\"WWS ATM: Soluci\u00f3n Integral de Gesti\u00f3n de Cajeros Autom\u00e1ticos - Auriga\" \/>\n<meta name=\"twitter:description\" content=\"WWS ATM es una Soluci\u00f3n Cliente-sServidor de 3 Niveles de Gran Escalabilidad, Construida con las Tecnolog\u00edas Web M\u00e1s Avanzadas.\" \/>\n<meta name=\"twitter:label1\" content=\"Tiempo de lectura\" \/>\n\t<meta name=\"twitter:data1\" content=\"6 minutos\" \/>\n<script type=\"application\/ld+json\" class=\"yoast-schema-graph\">{\"@context\":\"https:\\\/\\\/schema.org\",\"@graph\":[{\"@type\":\"WebPage\",\"@id\":\"https:\\\/\\\/www.aurigaspa.com\\\/es\\\/banca\\\/productos-y-soluciones\\\/cajeros-automaticos-quioscos\\\/wws-atm\\\/\",\"url\":\"https:\\\/\\\/www.aurigaspa.com\\\/es\\\/banca\\\/productos-y-soluciones\\\/cajeros-automaticos-quioscos\\\/wws-atm\\\/\",\"name\":\"WWS ATM: Soluci\u00f3n Integral de Gesti\u00f3n de Cajeros Autom\u00e1ticos - Auriga\",\"isPartOf\":{\"@id\":\"https:\\\/\\\/www.aurigaspa.com\\\/es\\\/#website\"},\"datePublished\":\"2017-08-23T08:52:30+00:00\",\"dateModified\":\"2025-11-12T10:40:28+00:00\",\"description\":\"WWS ATM es una Soluci\u00f3n Cliente-sServidor de 3 Niveles de Gran Escalabilidad, Construida con las Tecnolog\u00edas Web M\u00e1s Avanzadas.\",\"breadcrumb\":{\"@id\":\"https:\\\/\\\/www.aurigaspa.com\\\/es\\\/banca\\\/productos-y-soluciones\\\/cajeros-automaticos-quioscos\\\/wws-atm\\\/#breadcrumb\"},\"inLanguage\":\"es\",\"potentialAction\":[{\"@type\":\"ReadAction\",\"target\":[\"https:\\\/\\\/www.aurigaspa.com\\\/es\\\/banca\\\/productos-y-soluciones\\\/cajeros-automaticos-quioscos\\\/wws-atm\\\/\"]}]},{\"@type\":\"BreadcrumbList\",\"@id\":\"https:\\\/\\\/www.aurigaspa.com\\\/es\\\/banca\\\/productos-y-soluciones\\\/cajeros-automaticos-quioscos\\\/wws-atm\\\/#breadcrumb\",\"itemListElement\":[{\"@type\":\"ListItem\",\"position\":1,\"name\":\"Home\",\"item\":\"https:\\\/\\\/www.aurigaspa.com\\\/es\\\/\"},{\"@type\":\"ListItem\",\"position\":2,\"name\":\"Banca\",\"item\":\"https:\\\/\\\/www.aurigaspa.com\\\/es\\\/banca\\\/\"},{\"@type\":\"ListItem\",\"position\":3,\"name\":\"Productos y soluciones\",\"item\":\"https:\\\/\\\/www.aurigaspa.com\\\/es\\\/banca\\\/productos-y-soluciones\\\/\"},{\"@type\":\"ListItem\",\"position\":4,\"name\":\"Cajeros autom\u00e1ticos \\\/ quioscos\",\"item\":\"https:\\\/\\\/www.aurigaspa.com\\\/es\\\/banca\\\/productos-y-soluciones\\\/cajeros-automaticos-quioscos\\\/\"},{\"@type\":\"ListItem\",\"position\":5,\"name\":\"WWS ATM\"}]},{\"@type\":\"WebSite\",\"@id\":\"https:\\\/\\\/www.aurigaspa.com\\\/es\\\/#website\",\"url\":\"https:\\\/\\\/www.aurigaspa.com\\\/es\\\/\",\"name\":\"Auriga\",\"description\":\"The banking evolution\",\"publisher\":{\"@id\":\"https:\\\/\\\/www.aurigaspa.com\\\/es\\\/#organization\"},\"potentialAction\":[{\"@type\":\"SearchAction\",\"target\":{\"@type\":\"EntryPoint\",\"urlTemplate\":\"https:\\\/\\\/www.aurigaspa.com\\\/es\\\/?s={search_term_string}\"},\"query-input\":{\"@type\":\"PropertyValueSpecification\",\"valueRequired\":true,\"valueName\":\"search_term_string\"}}],\"inLanguage\":\"es\"},{\"@type\":\"Organization\",\"@id\":\"https:\\\/\\\/www.aurigaspa.com\\\/es\\\/#organization\",\"name\":\"Auriga\",\"url\":\"https:\\\/\\\/www.aurigaspa.com\\\/es\\\/\",\"logo\":{\"@type\":\"ImageObject\",\"inLanguage\":\"es\",\"@id\":\"https:\\\/\\\/www.aurigaspa.com\\\/es\\\/#\\\/schema\\\/logo\\\/image\\\/\",\"url\":\"https:\\\/\\\/www.aurigaspa.com\\\/wp-content\\\/uploads\\\/marchio_auriga_nopayoff_web.png\",\"contentUrl\":\"https:\\\/\\\/www.aurigaspa.com\\\/wp-content\\\/uploads\\\/marchio_auriga_nopayoff_web.png\",\"width\":660,\"height\":360,\"caption\":\"Auriga\"},\"image\":{\"@id\":\"https:\\\/\\\/www.aurigaspa.com\\\/es\\\/#\\\/schema\\\/logo\\\/image\\\/\"},\"sameAs\":[\"https:\\\/\\\/www.facebook.com\\\/aurigaspa\",\"https:\\\/\\\/www.instagram.com\\\/auriga_the_banking_evolution\\\/\",\"https:\\\/\\\/www.linkedin.com\\\/company\\\/auriga-spa\",\"https:\\\/\\\/www.youtube.com\\\/user\\\/aurigaspacom\"]}]}<\/script>\n<!-- \/ Yoast SEO Premium plugin. -->","yoast_head_json":{"title":"WWS ATM: Soluci\u00f3n Integral de Gesti\u00f3n de Cajeros Autom\u00e1ticos - Auriga","description":"WWS ATM es una Soluci\u00f3n Cliente-sServidor de 3 Niveles de Gran Escalabilidad, Construida con las Tecnolog\u00edas Web M\u00e1s Avanzadas.","robots":{"index":"index","follow":"follow","max-snippet":"max-snippet:-1","max-image-preview":"max-image-preview:large","max-video-preview":"max-video-preview:-1"},"canonical":"https:\/\/www.aurigaspa.com\/es\/banca\/productos-y-soluciones\/cajeros-automaticos-quioscos\/wws-atm\/","og_locale":"es_ES","og_type":"article","og_title":"WWS ATM: Soluci\u00f3n Integral de Gesti\u00f3n de Cajeros Autom\u00e1ticos - Auriga","og_description":"WWS ATM es una Soluci\u00f3n Cliente-sServidor de 3 Niveles de Gran Escalabilidad, Construida con las Tecnolog\u00edas Web M\u00e1s Avanzadas.","og_url":"https:\/\/www.aurigaspa.com\/es\/banca\/productos-y-soluciones\/cajeros-automaticos-quioscos\/wws-atm\/","og_site_name":"Auriga","article_publisher":"https:\/\/www.facebook.com\/aurigaspa","article_modified_time":"2025-11-12T10:40:28+00:00","twitter_card":"summary_large_image","twitter_title":"WWS ATM: Soluci\u00f3n Integral de Gesti\u00f3n de Cajeros Autom\u00e1ticos - Auriga","twitter_description":"WWS ATM es una Soluci\u00f3n Cliente-sServidor de 3 Niveles de Gran Escalabilidad, Construida con las Tecnolog\u00edas Web M\u00e1s Avanzadas.","twitter_misc":{"Tiempo de lectura":"6 minutos"},"schema":{"@context":"https:\/\/schema.org","@graph":[{"@type":"WebPage","@id":"https:\/\/www.aurigaspa.com\/es\/banca\/productos-y-soluciones\/cajeros-automaticos-quioscos\/wws-atm\/","url":"https:\/\/www.aurigaspa.com\/es\/banca\/productos-y-soluciones\/cajeros-automaticos-quioscos\/wws-atm\/","name":"WWS ATM: Soluci\u00f3n Integral de Gesti\u00f3n de Cajeros Autom\u00e1ticos - Auriga","isPartOf":{"@id":"https:\/\/www.aurigaspa.com\/es\/#website"},"datePublished":"2017-08-23T08:52:30+00:00","dateModified":"2025-11-12T10:40:28+00:00","description":"WWS ATM es una Soluci\u00f3n Cliente-sServidor de 3 Niveles de Gran Escalabilidad, Construida con las Tecnolog\u00edas Web M\u00e1s Avanzadas.","breadcrumb":{"@id":"https:\/\/www.aurigaspa.com\/es\/banca\/productos-y-soluciones\/cajeros-automaticos-quioscos\/wws-atm\/#breadcrumb"},"inLanguage":"es","potentialAction":[{"@type":"ReadAction","target":["https:\/\/www.aurigaspa.com\/es\/banca\/productos-y-soluciones\/cajeros-automaticos-quioscos\/wws-atm\/"]}]},{"@type":"BreadcrumbList","@id":"https:\/\/www.aurigaspa.com\/es\/banca\/productos-y-soluciones\/cajeros-automaticos-quioscos\/wws-atm\/#breadcrumb","itemListElement":[{"@type":"ListItem","position":1,"name":"Home","item":"https:\/\/www.aurigaspa.com\/es\/"},{"@type":"ListItem","position":2,"name":"Banca","item":"https:\/\/www.aurigaspa.com\/es\/banca\/"},{"@type":"ListItem","position":3,"name":"Productos y soluciones","item":"https:\/\/www.aurigaspa.com\/es\/banca\/productos-y-soluciones\/"},{"@type":"ListItem","position":4,"name":"Cajeros autom\u00e1ticos \/ quioscos","item":"https:\/\/www.aurigaspa.com\/es\/banca\/productos-y-soluciones\/cajeros-automaticos-quioscos\/"},{"@type":"ListItem","position":5,"name":"WWS ATM"}]},{"@type":"WebSite","@id":"https:\/\/www.aurigaspa.com\/es\/#website","url":"https:\/\/www.aurigaspa.com\/es\/","name":"Auriga","description":"The banking evolution","publisher":{"@id":"https:\/\/www.aurigaspa.com\/es\/#organization"},"potentialAction":[{"@type":"SearchAction","target":{"@type":"EntryPoint","urlTemplate":"https:\/\/www.aurigaspa.com\/es\/?s={search_term_string}"},"query-input":{"@type":"PropertyValueSpecification","valueRequired":true,"valueName":"search_term_string"}}],"inLanguage":"es"},{"@type":"Organization","@id":"https:\/\/www.aurigaspa.com\/es\/#organization","name":"Auriga","url":"https:\/\/www.aurigaspa.com\/es\/","logo":{"@type":"ImageObject","inLanguage":"es","@id":"https:\/\/www.aurigaspa.com\/es\/#\/schema\/logo\/image\/","url":"https:\/\/www.aurigaspa.com\/wp-content\/uploads\/marchio_auriga_nopayoff_web.png","contentUrl":"https:\/\/www.aurigaspa.com\/wp-content\/uploads\/marchio_auriga_nopayoff_web.png","width":660,"height":360,"caption":"Auriga"},"image":{"@id":"https:\/\/www.aurigaspa.com\/es\/#\/schema\/logo\/image\/"},"sameAs":["https:\/\/www.facebook.com\/aurigaspa","https:\/\/www.instagram.com\/auriga_the_banking_evolution\/","https:\/\/www.linkedin.com\/company\/auriga-spa","https:\/\/www.youtube.com\/user\/aurigaspacom"]}]}},"_links":{"self":[{"href":"https:\/\/www.aurigaspa.com\/es\/wp-json\/wp\/v2\/pages\/32864","targetHints":{"allow":["GET"]}}],"collection":[{"href":"https:\/\/www.aurigaspa.com\/es\/wp-json\/wp\/v2\/pages"}],"about":[{"href":"https:\/\/www.aurigaspa.com\/es\/wp-json\/wp\/v2\/types\/page"}],"author":[{"embeddable":true,"href":"https:\/\/www.aurigaspa.com\/es\/wp-json\/wp\/v2\/users\/1"}],"replies":[{"embeddable":true,"href":"https:\/\/www.aurigaspa.com\/es\/wp-json\/wp\/v2\/comments?post=32864"}],"version-history":[{"count":5,"href":"https:\/\/www.aurigaspa.com\/es\/wp-json\/wp\/v2\/pages\/32864\/revisions"}],"predecessor-version":[{"id":77839,"href":"https:\/\/www.aurigaspa.com\/es\/wp-json\/wp\/v2\/pages\/32864\/revisions\/77839"}],"up":[{"embeddable":true,"href":"https:\/\/www.aurigaspa.com\/es\/wp-json\/wp\/v2\/pages\/73178"}],"wp:attachment":[{"href":"https:\/\/www.aurigaspa.com\/es\/wp-json\/wp\/v2\/media?parent=32864"}],"curies":[{"name":"wp","href":"https:\/\/api.w.org\/{rel}","templated":true}]}}