{"id":32859,"date":"2017-08-23T08:35:06","date_gmt":"2017-08-23T08:35:06","guid":{"rendered":"https:\/\/www.aurigaspa.com\/banca\/productos-y-soluciones\/arquitectura\/winwebserver-wws\/"},"modified":"2025-11-11T15:52:24","modified_gmt":"2025-11-11T14:52:24","slug":"arquitectura-winwebserver","status":"publish","type":"page","link":"https:\/\/www.aurigaspa.com\/es\/banca\/productos-y-soluciones\/servicios-compartidos\/arquitectura-winwebserver\/","title":{"rendered":"Arquitectura WinWebServer"},"content":{"rendered":"<h2>Software de banca omnicanal integrado<\/h2>\n<p>WinWebServer (WWS) es una soluci\u00f3n de banca omnicanal con m\u00faltiples funciones, muy escalable y flexible.<\/p>\n<p>Con WWS, los bancos pueden ofrecer a sus clientes una experiencia bancaria realmente fluida, al mismo tiempo que reducen sus costos operativos, aumentan la disponibilidad del servicio y aumentan las ganancias mediante un sofisticado marketing personalizado.<\/p>\n<p>WWS proporciona servicios comerciales avanzados que se configuran y administran centralmente y se entregan con facilidad a trav\u00e9s de cualquier canal de autoservicio.<\/p>\n<h2>La arquitectura de WWS<\/h2>\n<p>WinWebServer (WWS) es una aplicaci\u00f3n de tres niveles desarrollada en Java utilizando una arquitectura orientada a servicios:<br \/>\n[inline_list]\n<ul>\n<li>Nivel de proveedor de datos: proporciona almacenamiento y administraci\u00f3n de datos de transacciones<\/li>\n<li>Nivel de l\u00f3gica comercial: proporciona los servicios comerciales y las reglas<\/li>\n<li>Nivel de presentaci\u00f3n: define c\u00f3mo se presentan los servicios comerciales al cliente para cada canal de servicio<\/li>\n<\/ul>\n[\/inline_list]\n<p>WWS es extremadamente escalable, permitiendo aumentar sin limitaciones la cantidad de usuarios, transacciones y terminales de autoservicio y puntos de acceso. WWS se configura f\u00e1cilmente para hacer frente al aumento de la carga de trabajo y aprovecha al m\u00e1ximo todos los recursos de hardware disponibles.<\/p>\n<p>WWS puede ejecutarse en cualquier plataforma compatible con un contenedor J2EE (p. ej., WebSphere, J\/BOSS, SUN, BEA Logic, etc.). WWS se integra f\u00e1cilmente con los sistemas heredados existentes y con las redes asociadas<\/p>\n<h2>WinWebServer (WWS): banca omnicanal avanzada<\/h2>\n<h3>Modular<\/h3>\n<p>WinWebServer (WWS) es una soluci\u00f3n de gran modularidad, tanto en t\u00e9rminos de los canales de servicio que admite como de los servicios comerciales compartidos disponibles a trav\u00e9s de cada canal de servicio. Los bancos pueden implementar cualquier combinaci\u00f3n de m\u00f3dulos WWS para ampliar o reemplazar su infraestructura ya existente, manejando de manera \u00f3ptima sus objetivos de tiempo de lanzamiento al mercado, funcionalidad e inversi\u00f3n.<\/p>\n<p>Los canales de servicio compatibles con WWS incluyen:<br \/>\n[inline_list]\n<ul>\n<li>Cajeros autom\u00e1ticos y quioscos<\/li>\n<li>Sucursales<\/li>\n<li>Centros de llamadas<\/li>\n<li>Internet<\/li>\n<li>Dispositivos m\u00f3viles<\/li>\n<\/ul>\n[\/inline_list]\n<p>Los servicios de negocios compartidos disponibles en cualquier canal incluyen:<br \/>\n[inline_list]\n<ul>\n<li><a href=\"https:\/\/www.aurigaspa.com\/es\/banca\/productos-y-soluciones\/servicios-compartidos\/monitorizacion-proactiva-de-la-red\/\">Monitorizaci\u00f3n proactiva de la red<\/a><\/li>\n<li><a href=\"https:\/\/www.aurigaspa.com\/es\/banca\/productos-y-soluciones\/servicios-compartidos\/marketing-personalizado\/\">Marketing personalizado<\/a><\/li>\n<\/ul>\n[\/inline_list]\n<h3>Rentable<\/h3>\n<p>WinWebServer (WWS) reduce significativamente la necesidad de que los clientes de un banco utilicen sucursales bancarias para servicios de bajo valor. WWS proporciona una amplia automatizaci\u00f3n a trav\u00e9s de una gama de canales de autoservicio y permite f\u00e1cilmente que cualquier servicio bancario sea proporcionado a trav\u00e9s de cualquier canal de servicio.<\/p>\n<p>WWS es una soluci\u00f3n demostrada y rentable para la automatizaci\u00f3n avanzada de autoservicio, incluyendo las solicitudes y la gesti\u00f3n de pr\u00e9stamos, el pago de facturas y las preferencias configurables de usuario. WWS maximiza el tiempo disponible para que el personal de la sucursal se dedique a servicios de asesor\u00eda y ventas de alto valor.<\/p>\n<h3>C\u00f3modo<\/h3>\n<p>WinWebServer (WWS) proporciona a los clientes del banco total libertad para administrar sus finanzas de forma sencilla e intuitiva, las 24 horas del d\u00eda, utilizando cualquier canal que sea conveniente para ellos.<\/p>\n<h3>Multibanco<\/h3>\n<p>WinWebServer (WWS) es una aut\u00e9ntica soluci\u00f3n multibanco y bien adecuada para entornos de procesador. Las funciones de multibanco incluyen el almacenamiento de la informaci\u00f3n y su acceso en forma segregada, soporte para grupos de bancos y jerarqu\u00edas, as\u00ed como capacidad de integrarse con diferentes sistemas de back-end para cada instituci\u00f3n financiera. WWS tambi\u00e9n se integra f\u00e1cilmente con los sistemas de inicio de sesi\u00f3n \u00fanico de LDAP para la administraci\u00f3n de acceso de los usuarios.<\/p>\n<h2>Soluciones WWS para mejorar e integrar canales bancarios<\/h2>\n<p style=\"text-align: left;\"> <a href=\"\" class=\"btn ds  \" target=\"\">WWS ATM<\/a>\n<p style=\"text-align: left;\"> <a href=\"\" class=\"btn ds  \" target=\"\">WWS PC<\/a>\n<p style=\"text-align: left;\"> <a href=\"\" class=\"btn ds  \" target=\"\">WWS Mobile<\/a>\n<p style=\"text-align: left;\"> <a href=\"\" class=\"btn ds  \" target=\"\">WWS Signage<\/a>\n<p style=\"text-align: left;\"> <a href=\"\" class=\"btn ds  \" target=\"\">WWS RSSFeed<\/a>\n<p style=\"text-align: left;\"> <a href=\"\" class=\"btn ds  \" target=\"\">WWS Help Desk<\/a>\n<p style=\"text-align: left;\"> <a href=\"\" class=\"btn ds  \" target=\"\">WWS Cash Handling<\/a>\n<p style=\"text-align: left;\"> <a href=\"\" class=\"btn ds  \" target=\"\">WWS e-invoicing<\/a>\n","protected":false},"excerpt":{"rendered":"<p>Software de banca omnicanal integrado WinWebServer (WWS) es una soluci\u00f3n de banca omnicanal con m\u00faltiples funciones, muy escalable y flexible. Con WWS, los bancos pueden ofrecer a sus clientes una experiencia bancaria realmente fluida, al mismo tiempo que reducen sus costos operativos, aumentan la disponibilidad del servicio y aumentan las ganancias mediante un sofisticado marketing<\/p>\n","protected":false},"author":1,"featured_media":0,"parent":32854,"menu_order":1,"comment_status":"closed","ping_status":"closed","template":"","meta":{"footnotes":""},"class_list":["post-32859","page","type-page","status-publish","hentry"],"yoast_head":"<!-- This site is optimized with the Yoast SEO Premium plugin v27.3 (Yoast SEO v27.3) - https:\/\/yoast.com\/product\/yoast-seo-premium-wordpress\/ -->\n<title>WinWebServer: la Soluci\u00f3n de Banca Omnicanal muy Escalable y Flexible<\/title>\n<meta name=\"description\" content=\"Con WWS, los Bancos pueden Ofrecer a sus Clientes una Experiencia Fluida, al mismo tiempo que Reducen sus Costos Operativos y Aumentan las Ganancias\" \/>\n<meta name=\"robots\" content=\"index, follow, max-snippet:-1, max-image-preview:large, max-video-preview:-1\" \/>\n<link rel=\"canonical\" href=\"https:\/\/www.aurigaspa.com\/es\/banca\/productos-y-soluciones\/servicios-compartidos\/arquitectura-winwebserver\/\" \/>\n<meta property=\"og:locale\" content=\"es_ES\" \/>\n<meta property=\"og:type\" content=\"article\" \/>\n<meta property=\"og:title\" content=\"WinWebServer: la Soluci\u00f3n de Banca Omnicanal muy Escalable y Flexible\" \/>\n<meta property=\"og:description\" content=\"Con WWS, los Bancos pueden Ofrecer a sus Clientes una Experiencia Fluida, al mismo tiempo que Reducen sus Costos Operativos y Aumentan las Ganancias\" \/>\n<meta property=\"og:url\" content=\"https:\/\/www.aurigaspa.com\/es\/banca\/productos-y-soluciones\/servicios-compartidos\/arquitectura-winwebserver\/\" \/>\n<meta property=\"og:site_name\" content=\"Auriga\" \/>\n<meta property=\"article:publisher\" content=\"https:\/\/www.facebook.com\/aurigaspa\" \/>\n<meta property=\"article:modified_time\" content=\"2025-11-11T14:52:24+00:00\" \/>\n<meta property=\"og:image\" content=\"https:\/\/www.aurigaspa.com\/wp-content\/uploads\/winwebserver-wws-3.png\" \/>\n\t<meta property=\"og:image:width\" content=\"1200\" \/>\n\t<meta property=\"og:image:height\" content=\"627\" \/>\n\t<meta property=\"og:image:type\" content=\"image\/png\" \/>\n<meta name=\"twitter:card\" content=\"summary_large_image\" \/>\n<meta name=\"twitter:title\" content=\"WinWebServer: la Soluci\u00f3n de Banca Omnicanal muy Escalable y Flexible\" \/>\n<meta name=\"twitter:description\" content=\"Con WWS, los Bancos pueden Ofrecer a sus Clientes una Experiencia Fluida, al mismo tiempo que Reducen sus Costos Operativos y Aumentan las Ganancias\" \/>\n<meta name=\"twitter:image\" content=\"https:\/\/www.aurigaspa.com\/wp-content\/uploads\/winwebserver-wws-3.png\" \/>\n<meta name=\"twitter:label1\" content=\"Tiempo de lectura\" \/>\n\t<meta name=\"twitter:data1\" content=\"4 minutos\" \/>\n<script type=\"application\/ld+json\" class=\"yoast-schema-graph\">{\"@context\":\"https:\\\/\\\/schema.org\",\"@graph\":[{\"@type\":\"WebPage\",\"@id\":\"https:\\\/\\\/www.aurigaspa.com\\\/es\\\/banca\\\/productos-y-soluciones\\\/servicios-compartidos\\\/arquitectura-winwebserver\\\/\",\"url\":\"https:\\\/\\\/www.aurigaspa.com\\\/es\\\/banca\\\/productos-y-soluciones\\\/servicios-compartidos\\\/arquitectura-winwebserver\\\/\",\"name\":\"WinWebServer: la Soluci\u00f3n de Banca Omnicanal muy Escalable y Flexible\",\"isPartOf\":{\"@id\":\"https:\\\/\\\/www.aurigaspa.com\\\/es\\\/#website\"},\"datePublished\":\"2017-08-23T08:35:06+00:00\",\"dateModified\":\"2025-11-11T14:52:24+00:00\",\"description\":\"Con WWS, los Bancos pueden Ofrecer a sus Clientes una Experiencia Fluida, al mismo tiempo que Reducen sus Costos Operativos y Aumentan las Ganancias\",\"breadcrumb\":{\"@id\":\"https:\\\/\\\/www.aurigaspa.com\\\/es\\\/banca\\\/productos-y-soluciones\\\/servicios-compartidos\\\/arquitectura-winwebserver\\\/#breadcrumb\"},\"inLanguage\":\"es\",\"potentialAction\":[{\"@type\":\"ReadAction\",\"target\":[\"https:\\\/\\\/www.aurigaspa.com\\\/es\\\/banca\\\/productos-y-soluciones\\\/servicios-compartidos\\\/arquitectura-winwebserver\\\/\"]}]},{\"@type\":\"BreadcrumbList\",\"@id\":\"https:\\\/\\\/www.aurigaspa.com\\\/es\\\/banca\\\/productos-y-soluciones\\\/servicios-compartidos\\\/arquitectura-winwebserver\\\/#breadcrumb\",\"itemListElement\":[{\"@type\":\"ListItem\",\"position\":1,\"name\":\"Home\",\"item\":\"https:\\\/\\\/www.aurigaspa.com\\\/es\\\/\"},{\"@type\":\"ListItem\",\"position\":2,\"name\":\"Banca\",\"item\":\"https:\\\/\\\/www.aurigaspa.com\\\/es\\\/banca\\\/\"},{\"@type\":\"ListItem\",\"position\":3,\"name\":\"Productos y soluciones\",\"item\":\"https:\\\/\\\/www.aurigaspa.com\\\/es\\\/banca\\\/productos-y-soluciones\\\/\"},{\"@type\":\"ListItem\",\"position\":4,\"name\":\"Servicios compartidos\",\"item\":\"https:\\\/\\\/www.aurigaspa.com\\\/es\\\/banca\\\/productos-y-soluciones\\\/servicios-compartidos\\\/\"},{\"@type\":\"ListItem\",\"position\":5,\"name\":\"Arquitectura WinWebServer\"}]},{\"@type\":\"WebSite\",\"@id\":\"https:\\\/\\\/www.aurigaspa.com\\\/es\\\/#website\",\"url\":\"https:\\\/\\\/www.aurigaspa.com\\\/es\\\/\",\"name\":\"Auriga\",\"description\":\"The banking evolution\",\"publisher\":{\"@id\":\"https:\\\/\\\/www.aurigaspa.com\\\/es\\\/#organization\"},\"potentialAction\":[{\"@type\":\"SearchAction\",\"target\":{\"@type\":\"EntryPoint\",\"urlTemplate\":\"https:\\\/\\\/www.aurigaspa.com\\\/es\\\/?s={search_term_string}\"},\"query-input\":{\"@type\":\"PropertyValueSpecification\",\"valueRequired\":true,\"valueName\":\"search_term_string\"}}],\"inLanguage\":\"es\"},{\"@type\":\"Organization\",\"@id\":\"https:\\\/\\\/www.aurigaspa.com\\\/es\\\/#organization\",\"name\":\"Auriga\",\"url\":\"https:\\\/\\\/www.aurigaspa.com\\\/es\\\/\",\"logo\":{\"@type\":\"ImageObject\",\"inLanguage\":\"es\",\"@id\":\"https:\\\/\\\/www.aurigaspa.com\\\/es\\\/#\\\/schema\\\/logo\\\/image\\\/\",\"url\":\"https:\\\/\\\/www.aurigaspa.com\\\/wp-content\\\/uploads\\\/marchio_auriga_nopayoff_web.png\",\"contentUrl\":\"https:\\\/\\\/www.aurigaspa.com\\\/wp-content\\\/uploads\\\/marchio_auriga_nopayoff_web.png\",\"width\":660,\"height\":360,\"caption\":\"Auriga\"},\"image\":{\"@id\":\"https:\\\/\\\/www.aurigaspa.com\\\/es\\\/#\\\/schema\\\/logo\\\/image\\\/\"},\"sameAs\":[\"https:\\\/\\\/www.facebook.com\\\/aurigaspa\",\"https:\\\/\\\/www.instagram.com\\\/auriga_the_banking_evolution\\\/\",\"https:\\\/\\\/www.linkedin.com\\\/company\\\/auriga-spa\",\"https:\\\/\\\/www.youtube.com\\\/user\\\/aurigaspacom\"]}]}<\/script>\n<!-- \/ Yoast SEO Premium plugin. -->","yoast_head_json":{"title":"WinWebServer: la Soluci\u00f3n de Banca Omnicanal muy Escalable y Flexible","description":"Con WWS, los Bancos pueden Ofrecer a sus Clientes una Experiencia Fluida, al mismo tiempo que Reducen sus Costos Operativos y Aumentan las Ganancias","robots":{"index":"index","follow":"follow","max-snippet":"max-snippet:-1","max-image-preview":"max-image-preview:large","max-video-preview":"max-video-preview:-1"},"canonical":"https:\/\/www.aurigaspa.com\/es\/banca\/productos-y-soluciones\/servicios-compartidos\/arquitectura-winwebserver\/","og_locale":"es_ES","og_type":"article","og_title":"WinWebServer: la Soluci\u00f3n de Banca Omnicanal muy Escalable y Flexible","og_description":"Con WWS, los Bancos pueden Ofrecer a sus Clientes una Experiencia Fluida, al mismo tiempo que Reducen sus Costos Operativos y Aumentan las Ganancias","og_url":"https:\/\/www.aurigaspa.com\/es\/banca\/productos-y-soluciones\/servicios-compartidos\/arquitectura-winwebserver\/","og_site_name":"Auriga","article_publisher":"https:\/\/www.facebook.com\/aurigaspa","article_modified_time":"2025-11-11T14:52:24+00:00","og_image":[{"width":1200,"height":627,"url":"https:\/\/www.aurigaspa.com\/wp-content\/uploads\/winwebserver-wws-3.png","type":"image\/png"}],"twitter_card":"summary_large_image","twitter_title":"WinWebServer: la Soluci\u00f3n de Banca Omnicanal muy Escalable y Flexible","twitter_description":"Con WWS, los Bancos pueden Ofrecer a sus Clientes una Experiencia Fluida, al mismo tiempo que Reducen sus Costos Operativos y Aumentan las Ganancias","twitter_image":"https:\/\/www.aurigaspa.com\/wp-content\/uploads\/winwebserver-wws-3.png","twitter_misc":{"Tiempo de lectura":"4 minutos"},"schema":{"@context":"https:\/\/schema.org","@graph":[{"@type":"WebPage","@id":"https:\/\/www.aurigaspa.com\/es\/banca\/productos-y-soluciones\/servicios-compartidos\/arquitectura-winwebserver\/","url":"https:\/\/www.aurigaspa.com\/es\/banca\/productos-y-soluciones\/servicios-compartidos\/arquitectura-winwebserver\/","name":"WinWebServer: la Soluci\u00f3n de Banca Omnicanal muy Escalable y Flexible","isPartOf":{"@id":"https:\/\/www.aurigaspa.com\/es\/#website"},"datePublished":"2017-08-23T08:35:06+00:00","dateModified":"2025-11-11T14:52:24+00:00","description":"Con WWS, los Bancos pueden Ofrecer a sus Clientes una Experiencia Fluida, al mismo tiempo que Reducen sus Costos Operativos y Aumentan las Ganancias","breadcrumb":{"@id":"https:\/\/www.aurigaspa.com\/es\/banca\/productos-y-soluciones\/servicios-compartidos\/arquitectura-winwebserver\/#breadcrumb"},"inLanguage":"es","potentialAction":[{"@type":"ReadAction","target":["https:\/\/www.aurigaspa.com\/es\/banca\/productos-y-soluciones\/servicios-compartidos\/arquitectura-winwebserver\/"]}]},{"@type":"BreadcrumbList","@id":"https:\/\/www.aurigaspa.com\/es\/banca\/productos-y-soluciones\/servicios-compartidos\/arquitectura-winwebserver\/#breadcrumb","itemListElement":[{"@type":"ListItem","position":1,"name":"Home","item":"https:\/\/www.aurigaspa.com\/es\/"},{"@type":"ListItem","position":2,"name":"Banca","item":"https:\/\/www.aurigaspa.com\/es\/banca\/"},{"@type":"ListItem","position":3,"name":"Productos y soluciones","item":"https:\/\/www.aurigaspa.com\/es\/banca\/productos-y-soluciones\/"},{"@type":"ListItem","position":4,"name":"Servicios compartidos","item":"https:\/\/www.aurigaspa.com\/es\/banca\/productos-y-soluciones\/servicios-compartidos\/"},{"@type":"ListItem","position":5,"name":"Arquitectura WinWebServer"}]},{"@type":"WebSite","@id":"https:\/\/www.aurigaspa.com\/es\/#website","url":"https:\/\/www.aurigaspa.com\/es\/","name":"Auriga","description":"The banking evolution","publisher":{"@id":"https:\/\/www.aurigaspa.com\/es\/#organization"},"potentialAction":[{"@type":"SearchAction","target":{"@type":"EntryPoint","urlTemplate":"https:\/\/www.aurigaspa.com\/es\/?s={search_term_string}"},"query-input":{"@type":"PropertyValueSpecification","valueRequired":true,"valueName":"search_term_string"}}],"inLanguage":"es"},{"@type":"Organization","@id":"https:\/\/www.aurigaspa.com\/es\/#organization","name":"Auriga","url":"https:\/\/www.aurigaspa.com\/es\/","logo":{"@type":"ImageObject","inLanguage":"es","@id":"https:\/\/www.aurigaspa.com\/es\/#\/schema\/logo\/image\/","url":"https:\/\/www.aurigaspa.com\/wp-content\/uploads\/marchio_auriga_nopayoff_web.png","contentUrl":"https:\/\/www.aurigaspa.com\/wp-content\/uploads\/marchio_auriga_nopayoff_web.png","width":660,"height":360,"caption":"Auriga"},"image":{"@id":"https:\/\/www.aurigaspa.com\/es\/#\/schema\/logo\/image\/"},"sameAs":["https:\/\/www.facebook.com\/aurigaspa","https:\/\/www.instagram.com\/auriga_the_banking_evolution\/","https:\/\/www.linkedin.com\/company\/auriga-spa","https:\/\/www.youtube.com\/user\/aurigaspacom"]}]}},"_links":{"self":[{"href":"https:\/\/www.aurigaspa.com\/es\/wp-json\/wp\/v2\/pages\/32859","targetHints":{"allow":["GET"]}}],"collection":[{"href":"https:\/\/www.aurigaspa.com\/es\/wp-json\/wp\/v2\/pages"}],"about":[{"href":"https:\/\/www.aurigaspa.com\/es\/wp-json\/wp\/v2\/types\/page"}],"author":[{"embeddable":true,"href":"https:\/\/www.aurigaspa.com\/es\/wp-json\/wp\/v2\/users\/1"}],"replies":[{"embeddable":true,"href":"https:\/\/www.aurigaspa.com\/es\/wp-json\/wp\/v2\/comments?post=32859"}],"version-history":[{"count":5,"href":"https:\/\/www.aurigaspa.com\/es\/wp-json\/wp\/v2\/pages\/32859\/revisions"}],"predecessor-version":[{"id":77795,"href":"https:\/\/www.aurigaspa.com\/es\/wp-json\/wp\/v2\/pages\/32859\/revisions\/77795"}],"up":[{"embeddable":true,"href":"https:\/\/www.aurigaspa.com\/es\/wp-json\/wp\/v2\/pages\/32854"}],"wp:attachment":[{"href":"https:\/\/www.aurigaspa.com\/es\/wp-json\/wp\/v2\/media?parent=32859"}],"curies":[{"name":"wp","href":"https:\/\/api.w.org\/{rel}","templated":true}]}}