{"id":32831,"date":"2017-08-23T07:40:51","date_gmt":"2017-08-23T07:40:51","guid":{"rendered":"https:\/\/www.aurigaspa.com\/banca\/necesidades\/corporate-banking\/"},"modified":"2025-11-11T15:31:11","modified_gmt":"2025-11-11T14:31:11","slug":"banca-corporativa","status":"publish","type":"page","link":"https:\/\/www.aurigaspa.com\/es\/banca\/necesidades\/banca-corporativa\/","title":{"rendered":"Banca corporativa"},"content":{"rendered":"<h2>Servicios bancarios corporativos mejorados<\/h2>\n<p>WinWebServer (WWS) es la soluci\u00f3n ideal para los bancos que desean ofrecer servicios innovadores a sus clientes corporativos a fin de aumentar los ingresos y logra una mayor lealtad de parte de los clientes.<\/p>\n<h2 style=\"text-align: left;\">WinWebServer (WWS): servicios avanzados de banca comercial<\/h2>\n<p><a href=\"https:\/\/www.aurigaspa.com\/es\/banca\/productos-y-soluciones\/servicios-compartidos\/arquitectura-winwebserver\/\">WinWebServer (WWS)<\/a> proporciona a los clientes de los bancos acceso a todas las funciones de banca por internet.<\/p>\n<p>Las transacciones bancarias se pueden completar de inmediato en l\u00ednea o se pueden realizar sin conexi\u00f3n, pudi\u00e9ndose subir m\u00e1s tarde para su procesamiento.<\/p>\n<h3>Las caracter\u00edsticas de banca corporativa incluyen:<\/h3>\n[inline_list]\n<ul>\n<li>Vistas consolidadas de todas las cuentas, incluyendo transacciones a fecha futura, pagos recurrentes y programados, as\u00ed como remesas locales y extranjeras<\/li>\n<li>Creaci\u00f3n de m\u00faltiples usuarios con asignaci\u00f3n de funciones y privilegios de acceso<\/li>\n<li>Soporte para m\u00faltiples signatarios con inclusi\u00f3n de soporte para alertas de autorizaci\u00f3n por correo electr\u00f3nico y dispositivos m\u00f3viles<\/li>\n<li>Acceso a informaci\u00f3n y servicios de cuentas corporativas a trav\u00e9s de cualquier canal para mayor comodidad bancaria<\/li>\n<\/ul>\n[\/inline_list]\n<h3>Administraci\u00f3n de documentos<\/h3>\n<p>El administrador de documentos de WWS agiliza el intercambio de documentos administrativos y financieros entre el banco y sus clientes corporativos.<\/p>\n<p>Todos los flujos de documentos se administran a trav\u00e9s del servicio interbancario de banca corporativa para certificar la validez de los documentos y su procesamiento.<\/p>\n<h3>Manejo del efectivo<\/h3>\n<p>WinWebServer (WWS) proporciona una soluci\u00f3n eficiente de manejo de efectivo para los minoristas que manejan grandes flujos de efectivo.<\/p>\n<p>El minorista deposita dinero en efectivo en una caja fuerte automatizada (ATS) ubicada en su tienda y recibe un cr\u00e9dito inmediato por el importe validado.<\/p>\n<p>El sistema WWS Cash Handling maneja todo el proceso de dep\u00f3sito y cobro de efectivo para garantizar una contabilidad y seguridad precisas.<\/p>\n<h2>Soluciones WWS para ofrecer mejores servicios de banca corporativa<\/h2>\n<p style=\"text-align: left;\"> <a href=\"\" class=\"btn sm  \" target=\"\">SimplyBank e-invoicing Manager<\/a>\n<p style=\"text-align: left;\"> <a href=\"\" class=\"btn sm  \" target=\"\">WWS Cash Handling<\/a>\n","protected":false},"excerpt":{"rendered":"<p>Servicios bancarios corporativos mejorados WinWebServer (WWS) es la soluci\u00f3n ideal para los bancos que desean ofrecer servicios innovadores a sus clientes corporativos a fin de aumentar los ingresos y logra una mayor lealtad de parte de los clientes. WinWebServer (WWS): servicios avanzados de banca comercial WinWebServer (WWS) proporciona a los clientes de los bancos acceso<\/p>\n","protected":false},"author":1,"featured_media":0,"parent":32804,"menu_order":5,"comment_status":"closed","ping_status":"closed","template":"","meta":{"footnotes":""},"class_list":["post-32831","page","type-page","status-publish","hentry"],"yoast_head":"<!-- This site is optimized with the Yoast SEO Premium plugin v27.4 (Yoast SEO v27.4) - https:\/\/yoast.com\/product\/yoast-seo-premium-wordpress\/ -->\n<title>Banca Corporativa: Servicios Bancarios Corporativos Mejorados<\/title>\n<meta name=\"description\" content=\"WinWebServer (WWS) es la Soluci\u00f3n Ideal para los Bancos que Desean Ofrecer Servicios Innovadores a sus Clientes Corporativos\" \/>\n<meta name=\"robots\" content=\"index, follow, max-snippet:-1, max-image-preview:large, max-video-preview:-1\" \/>\n<link rel=\"canonical\" href=\"https:\/\/www.aurigaspa.com\/es\/banca\/necesidades\/banca-corporativa\/\" \/>\n<meta property=\"og:locale\" content=\"es_ES\" \/>\n<meta property=\"og:type\" content=\"article\" \/>\n<meta property=\"og:title\" content=\"Banca Corporativa: Servicios Bancarios Corporativos Mejorados\" \/>\n<meta property=\"og:description\" content=\"WinWebServer (WWS) es la Soluci\u00f3n Ideal para los Bancos que Desean Ofrecer Servicios Innovadores a sus Clientes Corporativos\" \/>\n<meta property=\"og:url\" content=\"https:\/\/www.aurigaspa.com\/es\/banca\/necesidades\/banca-corporativa\/\" \/>\n<meta property=\"og:site_name\" content=\"Auriga\" \/>\n<meta property=\"article:publisher\" content=\"https:\/\/www.facebook.com\/aurigaspa\" \/>\n<meta property=\"article:modified_time\" content=\"2025-11-11T14:31:11+00:00\" \/>\n<meta property=\"og:image\" content=\"https:\/\/www.aurigaspa.com\/wp-content\/uploads\/Corporate-Banking.jpg\" \/>\n<meta name=\"twitter:card\" content=\"summary_large_image\" \/>\n<meta name=\"twitter:title\" content=\"Banca Corporativa: Servicios Bancarios Corporativos Mejorados\" \/>\n<meta name=\"twitter:description\" content=\"WinWebServer (WWS) es la Soluci\u00f3n Ideal para los Bancos que Desean Ofrecer Servicios Innovadores a sus Clientes Corporativos\" \/>\n<meta name=\"twitter:label1\" content=\"Tiempo de lectura\" \/>\n\t<meta name=\"twitter:data1\" content=\"2 minutos\" \/>\n<script type=\"application\/ld+json\" class=\"yoast-schema-graph\">{\"@context\":\"https:\\\/\\\/schema.org\",\"@graph\":[{\"@type\":\"WebPage\",\"@id\":\"https:\\\/\\\/www.aurigaspa.com\\\/es\\\/banca\\\/necesidades\\\/banca-corporativa\\\/\",\"url\":\"https:\\\/\\\/www.aurigaspa.com\\\/es\\\/banca\\\/necesidades\\\/banca-corporativa\\\/\",\"name\":\"Banca Corporativa: Servicios Bancarios Corporativos Mejorados\",\"isPartOf\":{\"@id\":\"https:\\\/\\\/www.aurigaspa.com\\\/es\\\/#website\"},\"datePublished\":\"2017-08-23T07:40:51+00:00\",\"dateModified\":\"2025-11-11T14:31:11+00:00\",\"description\":\"WinWebServer (WWS) es la Soluci\u00f3n Ideal para los Bancos que Desean Ofrecer Servicios Innovadores a sus Clientes Corporativos\",\"breadcrumb\":{\"@id\":\"https:\\\/\\\/www.aurigaspa.com\\\/es\\\/banca\\\/necesidades\\\/banca-corporativa\\\/#breadcrumb\"},\"inLanguage\":\"es\",\"potentialAction\":[{\"@type\":\"ReadAction\",\"target\":[\"https:\\\/\\\/www.aurigaspa.com\\\/es\\\/banca\\\/necesidades\\\/banca-corporativa\\\/\"]}]},{\"@type\":\"BreadcrumbList\",\"@id\":\"https:\\\/\\\/www.aurigaspa.com\\\/es\\\/banca\\\/necesidades\\\/banca-corporativa\\\/#breadcrumb\",\"itemListElement\":[{\"@type\":\"ListItem\",\"position\":1,\"name\":\"Home\",\"item\":\"https:\\\/\\\/www.aurigaspa.com\\\/es\\\/\"},{\"@type\":\"ListItem\",\"position\":2,\"name\":\"Banca\",\"item\":\"https:\\\/\\\/www.aurigaspa.com\\\/es\\\/banca\\\/\"},{\"@type\":\"ListItem\",\"position\":3,\"name\":\"Necesidades\",\"item\":\"https:\\\/\\\/www.aurigaspa.com\\\/es\\\/banca\\\/necesidades\\\/\"},{\"@type\":\"ListItem\",\"position\":4,\"name\":\"Banca corporativa\"}]},{\"@type\":\"WebSite\",\"@id\":\"https:\\\/\\\/www.aurigaspa.com\\\/es\\\/#website\",\"url\":\"https:\\\/\\\/www.aurigaspa.com\\\/es\\\/\",\"name\":\"Auriga\",\"description\":\"The banking evolution\",\"publisher\":{\"@id\":\"https:\\\/\\\/www.aurigaspa.com\\\/es\\\/#organization\"},\"potentialAction\":[{\"@type\":\"SearchAction\",\"target\":{\"@type\":\"EntryPoint\",\"urlTemplate\":\"https:\\\/\\\/www.aurigaspa.com\\\/es\\\/?s={search_term_string}\"},\"query-input\":{\"@type\":\"PropertyValueSpecification\",\"valueRequired\":true,\"valueName\":\"search_term_string\"}}],\"inLanguage\":\"es\"},{\"@type\":\"Organization\",\"@id\":\"https:\\\/\\\/www.aurigaspa.com\\\/es\\\/#organization\",\"name\":\"Auriga\",\"url\":\"https:\\\/\\\/www.aurigaspa.com\\\/es\\\/\",\"logo\":{\"@type\":\"ImageObject\",\"inLanguage\":\"es\",\"@id\":\"https:\\\/\\\/www.aurigaspa.com\\\/es\\\/#\\\/schema\\\/logo\\\/image\\\/\",\"url\":\"https:\\\/\\\/www.aurigaspa.com\\\/wp-content\\\/uploads\\\/marchio_auriga_nopayoff_web.png\",\"contentUrl\":\"https:\\\/\\\/www.aurigaspa.com\\\/wp-content\\\/uploads\\\/marchio_auriga_nopayoff_web.png\",\"width\":660,\"height\":360,\"caption\":\"Auriga\"},\"image\":{\"@id\":\"https:\\\/\\\/www.aurigaspa.com\\\/es\\\/#\\\/schema\\\/logo\\\/image\\\/\"},\"sameAs\":[\"https:\\\/\\\/www.facebook.com\\\/aurigaspa\",\"https:\\\/\\\/www.instagram.com\\\/auriga_the_banking_evolution\\\/\",\"https:\\\/\\\/www.linkedin.com\\\/company\\\/auriga-spa\",\"https:\\\/\\\/www.youtube.com\\\/user\\\/aurigaspacom\"]}]}<\/script>\n<!-- \/ Yoast SEO Premium plugin. -->","yoast_head_json":{"title":"Banca Corporativa: Servicios Bancarios Corporativos Mejorados","description":"WinWebServer (WWS) es la Soluci\u00f3n Ideal para los Bancos que Desean Ofrecer Servicios Innovadores a sus Clientes Corporativos","robots":{"index":"index","follow":"follow","max-snippet":"max-snippet:-1","max-image-preview":"max-image-preview:large","max-video-preview":"max-video-preview:-1"},"canonical":"https:\/\/www.aurigaspa.com\/es\/banca\/necesidades\/banca-corporativa\/","og_locale":"es_ES","og_type":"article","og_title":"Banca Corporativa: Servicios Bancarios Corporativos Mejorados","og_description":"WinWebServer (WWS) es la Soluci\u00f3n Ideal para los Bancos que Desean Ofrecer Servicios Innovadores a sus Clientes Corporativos","og_url":"https:\/\/www.aurigaspa.com\/es\/banca\/necesidades\/banca-corporativa\/","og_site_name":"Auriga","article_publisher":"https:\/\/www.facebook.com\/aurigaspa","article_modified_time":"2025-11-11T14:31:11+00:00","og_image":[{"url":"https:\/\/www.aurigaspa.com\/wp-content\/uploads\/Corporate-Banking.jpg","type":"","width":"","height":""}],"twitter_card":"summary_large_image","twitter_title":"Banca Corporativa: Servicios Bancarios Corporativos Mejorados","twitter_description":"WinWebServer (WWS) es la Soluci\u00f3n Ideal para los Bancos que Desean Ofrecer Servicios Innovadores a sus Clientes Corporativos","twitter_misc":{"Tiempo de lectura":"2 minutos"},"schema":{"@context":"https:\/\/schema.org","@graph":[{"@type":"WebPage","@id":"https:\/\/www.aurigaspa.com\/es\/banca\/necesidades\/banca-corporativa\/","url":"https:\/\/www.aurigaspa.com\/es\/banca\/necesidades\/banca-corporativa\/","name":"Banca Corporativa: Servicios Bancarios Corporativos Mejorados","isPartOf":{"@id":"https:\/\/www.aurigaspa.com\/es\/#website"},"datePublished":"2017-08-23T07:40:51+00:00","dateModified":"2025-11-11T14:31:11+00:00","description":"WinWebServer (WWS) es la Soluci\u00f3n Ideal para los Bancos que Desean Ofrecer Servicios Innovadores a sus Clientes Corporativos","breadcrumb":{"@id":"https:\/\/www.aurigaspa.com\/es\/banca\/necesidades\/banca-corporativa\/#breadcrumb"},"inLanguage":"es","potentialAction":[{"@type":"ReadAction","target":["https:\/\/www.aurigaspa.com\/es\/banca\/necesidades\/banca-corporativa\/"]}]},{"@type":"BreadcrumbList","@id":"https:\/\/www.aurigaspa.com\/es\/banca\/necesidades\/banca-corporativa\/#breadcrumb","itemListElement":[{"@type":"ListItem","position":1,"name":"Home","item":"https:\/\/www.aurigaspa.com\/es\/"},{"@type":"ListItem","position":2,"name":"Banca","item":"https:\/\/www.aurigaspa.com\/es\/banca\/"},{"@type":"ListItem","position":3,"name":"Necesidades","item":"https:\/\/www.aurigaspa.com\/es\/banca\/necesidades\/"},{"@type":"ListItem","position":4,"name":"Banca corporativa"}]},{"@type":"WebSite","@id":"https:\/\/www.aurigaspa.com\/es\/#website","url":"https:\/\/www.aurigaspa.com\/es\/","name":"Auriga","description":"The banking evolution","publisher":{"@id":"https:\/\/www.aurigaspa.com\/es\/#organization"},"potentialAction":[{"@type":"SearchAction","target":{"@type":"EntryPoint","urlTemplate":"https:\/\/www.aurigaspa.com\/es\/?s={search_term_string}"},"query-input":{"@type":"PropertyValueSpecification","valueRequired":true,"valueName":"search_term_string"}}],"inLanguage":"es"},{"@type":"Organization","@id":"https:\/\/www.aurigaspa.com\/es\/#organization","name":"Auriga","url":"https:\/\/www.aurigaspa.com\/es\/","logo":{"@type":"ImageObject","inLanguage":"es","@id":"https:\/\/www.aurigaspa.com\/es\/#\/schema\/logo\/image\/","url":"https:\/\/www.aurigaspa.com\/wp-content\/uploads\/marchio_auriga_nopayoff_web.png","contentUrl":"https:\/\/www.aurigaspa.com\/wp-content\/uploads\/marchio_auriga_nopayoff_web.png","width":660,"height":360,"caption":"Auriga"},"image":{"@id":"https:\/\/www.aurigaspa.com\/es\/#\/schema\/logo\/image\/"},"sameAs":["https:\/\/www.facebook.com\/aurigaspa","https:\/\/www.instagram.com\/auriga_the_banking_evolution\/","https:\/\/www.linkedin.com\/company\/auriga-spa","https:\/\/www.youtube.com\/user\/aurigaspacom"]}]}},"_links":{"self":[{"href":"https:\/\/www.aurigaspa.com\/es\/wp-json\/wp\/v2\/pages\/32831","targetHints":{"allow":["GET"]}}],"collection":[{"href":"https:\/\/www.aurigaspa.com\/es\/wp-json\/wp\/v2\/pages"}],"about":[{"href":"https:\/\/www.aurigaspa.com\/es\/wp-json\/wp\/v2\/types\/page"}],"author":[{"embeddable":true,"href":"https:\/\/www.aurigaspa.com\/es\/wp-json\/wp\/v2\/users\/1"}],"replies":[{"embeddable":true,"href":"https:\/\/www.aurigaspa.com\/es\/wp-json\/wp\/v2\/comments?post=32831"}],"version-history":[{"count":5,"href":"https:\/\/www.aurigaspa.com\/es\/wp-json\/wp\/v2\/pages\/32831\/revisions"}],"predecessor-version":[{"id":77789,"href":"https:\/\/www.aurigaspa.com\/es\/wp-json\/wp\/v2\/pages\/32831\/revisions\/77789"}],"up":[{"embeddable":true,"href":"https:\/\/www.aurigaspa.com\/es\/wp-json\/wp\/v2\/pages\/32804"}],"wp:attachment":[{"href":"https:\/\/www.aurigaspa.com\/es\/wp-json\/wp\/v2\/media?parent=32831"}],"curies":[{"name":"wp","href":"https:\/\/api.w.org\/{rel}","templated":true}]}}