{"id":32825,"date":"2017-08-23T07:42:02","date_gmt":"2017-08-23T07:42:02","guid":{"rendered":"https:\/\/www.aurigaspa.com\/banca\/necesidades\/accessibilita\/"},"modified":"2021-07-21T14:38:06","modified_gmt":"2021-07-21T12:38:06","slug":"accesibilidad","status":"publish","type":"page","link":"https:\/\/www.aurigaspa.com\/es\/banca\/necesidades\/accesibilidad\/","title":{"rendered":"Accesibilidad"},"content":{"rendered":"<h2>Comprometidos con la accesibilidad de los servicios<\/h2>\n<p>Auriga est\u00e1 comprometida con el suministro de servicios bancarios omnicanal de primera clase a todos los consumidores.<\/p>\n<p>Por esta raz\u00f3n, Auriga invierte continuamente en el desarrollo de nuevas mejoras de accesibilidad para mejorar la experiencia bancaria de las personas con discapacidad.<\/p>\n<h2>WinWebServer (WWS): servicios bancarios de f\u00e1cil acceso para todos<\/h2>\n<p><a href=\"\/es\/banca\/productos-y-soluciones\/servicios-compartidos\/arquitectura-winwebserver\/\">WinWebServer (WWS)<\/a>, las mejoras de accesibilidad incluyen:<br \/>\n[inline_list]\n<ul>\n<li>Las soluciones Auriga son totalmente compatibles con las directrices W3C sobre accesibilidad web;<\/li>\n<li>Las aplicaciones m\u00f3viles de Auriga utilizan la tecnolog\u00eda nativa de lectura de pantalla y gu\u00eda por voz proporcionada por el sistema operativo del dispositivo;<\/li>\n<li>Opci\u00f3n de interfaces de usuario de alta visibilidad para cajeros autom\u00e1ticos y quioscos para personas con discapacidad visual;<\/li>\n<li>Soporte para gu\u00eda de audio completa para cajeros autom\u00e1ticos y quioscos equipados con conector de audio. Si no se dispone de conector de audio, el consumidor puede disfrutar de una gu\u00eda de audio completa utilizando la aplicaci\u00f3n PlainPay de Auriga en su tel\u00e9fono inteligente<\/li>\n<li>Opci\u00f3n de interfaces de usuario de alta visibilidad dentro del canal de banca por internet para personas con discapacidad visual<\/li>\n<\/ul>\n[\/inline_list]\n<h2>Soluciones de accesibilidad mejorada de WWS<\/h2>\n <a href=\"\" class=\"btn sm  \" target=\"\">PlainPay<\/a>\n","protected":false},"excerpt":{"rendered":"<p>Comprometidos con la accesibilidad de los servicios Auriga est\u00e1 comprometida con el suministro de servicios bancarios omnicanal de primera clase a todos los consumidores. Por esta raz\u00f3n, Auriga invierte continuamente en el desarrollo de nuevas mejoras de accesibilidad para mejorar la experiencia bancaria de las personas con discapacidad. WinWebServer (WWS): servicios bancarios de f\u00e1cil acceso<\/p>\n","protected":false},"author":1,"featured_media":0,"parent":32804,"menu_order":4,"comment_status":"closed","ping_status":"closed","template":"","meta":{"footnotes":""},"class_list":["post-32825","page","type-page","status-publish","hentry"],"yoast_head":"<!-- This site is optimized with the Yoast SEO Premium plugin v27.4 (Yoast SEO v27.4) - https:\/\/yoast.com\/product\/yoast-seo-premium-wordpress\/ -->\n<title>Accesibilidad para los Servicios Bancarios: Soluciones de WWS<\/title>\n<meta name=\"description\" content=\"Auriga Invierte Continuamente en el Desarrollo de Nuevas Mejoras de Accesibilidad para Mejorar la Experiencia Bancaria de las Personas con Discapacidad.\" \/>\n<meta name=\"robots\" content=\"index, follow, max-snippet:-1, max-image-preview:large, max-video-preview:-1\" \/>\n<link rel=\"canonical\" href=\"https:\/\/www.aurigaspa.com\/es\/banca\/necesidades\/accesibilidad\/\" \/>\n<meta property=\"og:locale\" content=\"es_ES\" \/>\n<meta property=\"og:type\" content=\"article\" \/>\n<meta property=\"og:title\" content=\"Accesibilidad para los Servicios Bancarios: Soluciones de WWS\" \/>\n<meta property=\"og:description\" content=\"Auriga Invierte Continuamente en el Desarrollo de Nuevas Mejoras de Accesibilidad para Mejorar la Experiencia Bancaria de las Personas con Discapacidad.\" \/>\n<meta property=\"og:url\" content=\"https:\/\/www.aurigaspa.com\/es\/banca\/necesidades\/accesibilidad\/\" \/>\n<meta property=\"og:site_name\" content=\"Auriga\" \/>\n<meta property=\"article:publisher\" content=\"https:\/\/www.facebook.com\/aurigaspa\" \/>\n<meta property=\"article:modified_time\" content=\"2021-07-21T12:38:06+00:00\" \/>\n<meta name=\"twitter:card\" content=\"summary_large_image\" \/>\n<meta name=\"twitter:title\" content=\"Accesibilidad para los Servicios Bancarios: Soluciones de WWS\" \/>\n<meta name=\"twitter:description\" content=\"Auriga Invierte Continuamente en el Desarrollo de Nuevas Mejoras de Accesibilidad para Mejorar la Experiencia Bancaria de las Personas con Discapacidad.\" \/>\n<meta name=\"twitter:label1\" content=\"Tiempo de lectura\" \/>\n\t<meta name=\"twitter:data1\" content=\"1 minuto\" \/>\n<script type=\"application\/ld+json\" class=\"yoast-schema-graph\">{\"@context\":\"https:\\\/\\\/schema.org\",\"@graph\":[{\"@type\":\"WebPage\",\"@id\":\"https:\\\/\\\/www.aurigaspa.com\\\/es\\\/banca\\\/necesidades\\\/accesibilidad\\\/\",\"url\":\"https:\\\/\\\/www.aurigaspa.com\\\/es\\\/banca\\\/necesidades\\\/accesibilidad\\\/\",\"name\":\"Accesibilidad para los Servicios Bancarios: Soluciones de WWS\",\"isPartOf\":{\"@id\":\"https:\\\/\\\/www.aurigaspa.com\\\/es\\\/#website\"},\"datePublished\":\"2017-08-23T07:42:02+00:00\",\"dateModified\":\"2021-07-21T12:38:06+00:00\",\"description\":\"Auriga Invierte Continuamente en el Desarrollo de Nuevas Mejoras de Accesibilidad para Mejorar la Experiencia Bancaria de las Personas con Discapacidad.\",\"breadcrumb\":{\"@id\":\"https:\\\/\\\/www.aurigaspa.com\\\/es\\\/banca\\\/necesidades\\\/accesibilidad\\\/#breadcrumb\"},\"inLanguage\":\"es\",\"potentialAction\":[{\"@type\":\"ReadAction\",\"target\":[\"https:\\\/\\\/www.aurigaspa.com\\\/es\\\/banca\\\/necesidades\\\/accesibilidad\\\/\"]}]},{\"@type\":\"BreadcrumbList\",\"@id\":\"https:\\\/\\\/www.aurigaspa.com\\\/es\\\/banca\\\/necesidades\\\/accesibilidad\\\/#breadcrumb\",\"itemListElement\":[{\"@type\":\"ListItem\",\"position\":1,\"name\":\"Home\",\"item\":\"https:\\\/\\\/www.aurigaspa.com\\\/es\\\/\"},{\"@type\":\"ListItem\",\"position\":2,\"name\":\"Banca\",\"item\":\"https:\\\/\\\/www.aurigaspa.com\\\/es\\\/banca\\\/\"},{\"@type\":\"ListItem\",\"position\":3,\"name\":\"Necesidades\",\"item\":\"https:\\\/\\\/www.aurigaspa.com\\\/es\\\/banca\\\/necesidades\\\/\"},{\"@type\":\"ListItem\",\"position\":4,\"name\":\"Accesibilidad\"}]},{\"@type\":\"WebSite\",\"@id\":\"https:\\\/\\\/www.aurigaspa.com\\\/es\\\/#website\",\"url\":\"https:\\\/\\\/www.aurigaspa.com\\\/es\\\/\",\"name\":\"Auriga\",\"description\":\"The banking evolution\",\"publisher\":{\"@id\":\"https:\\\/\\\/www.aurigaspa.com\\\/es\\\/#organization\"},\"potentialAction\":[{\"@type\":\"SearchAction\",\"target\":{\"@type\":\"EntryPoint\",\"urlTemplate\":\"https:\\\/\\\/www.aurigaspa.com\\\/es\\\/?s={search_term_string}\"},\"query-input\":{\"@type\":\"PropertyValueSpecification\",\"valueRequired\":true,\"valueName\":\"search_term_string\"}}],\"inLanguage\":\"es\"},{\"@type\":\"Organization\",\"@id\":\"https:\\\/\\\/www.aurigaspa.com\\\/es\\\/#organization\",\"name\":\"Auriga\",\"url\":\"https:\\\/\\\/www.aurigaspa.com\\\/es\\\/\",\"logo\":{\"@type\":\"ImageObject\",\"inLanguage\":\"es\",\"@id\":\"https:\\\/\\\/www.aurigaspa.com\\\/es\\\/#\\\/schema\\\/logo\\\/image\\\/\",\"url\":\"https:\\\/\\\/www.aurigaspa.com\\\/wp-content\\\/uploads\\\/marchio_auriga_nopayoff_web.png\",\"contentUrl\":\"https:\\\/\\\/www.aurigaspa.com\\\/wp-content\\\/uploads\\\/marchio_auriga_nopayoff_web.png\",\"width\":660,\"height\":360,\"caption\":\"Auriga\"},\"image\":{\"@id\":\"https:\\\/\\\/www.aurigaspa.com\\\/es\\\/#\\\/schema\\\/logo\\\/image\\\/\"},\"sameAs\":[\"https:\\\/\\\/www.facebook.com\\\/aurigaspa\",\"https:\\\/\\\/www.instagram.com\\\/auriga_the_banking_evolution\\\/\",\"https:\\\/\\\/www.linkedin.com\\\/company\\\/auriga-spa\",\"https:\\\/\\\/www.youtube.com\\\/user\\\/aurigaspacom\"]}]}<\/script>\n<!-- \/ Yoast SEO Premium plugin. -->","yoast_head_json":{"title":"Accesibilidad para los Servicios Bancarios: Soluciones de WWS","description":"Auriga Invierte Continuamente en el Desarrollo de Nuevas Mejoras de Accesibilidad para Mejorar la Experiencia Bancaria de las Personas con Discapacidad.","robots":{"index":"index","follow":"follow","max-snippet":"max-snippet:-1","max-image-preview":"max-image-preview:large","max-video-preview":"max-video-preview:-1"},"canonical":"https:\/\/www.aurigaspa.com\/es\/banca\/necesidades\/accesibilidad\/","og_locale":"es_ES","og_type":"article","og_title":"Accesibilidad para los Servicios Bancarios: Soluciones de WWS","og_description":"Auriga Invierte Continuamente en el Desarrollo de Nuevas Mejoras de Accesibilidad para Mejorar la Experiencia Bancaria de las Personas con Discapacidad.","og_url":"https:\/\/www.aurigaspa.com\/es\/banca\/necesidades\/accesibilidad\/","og_site_name":"Auriga","article_publisher":"https:\/\/www.facebook.com\/aurigaspa","article_modified_time":"2021-07-21T12:38:06+00:00","twitter_card":"summary_large_image","twitter_title":"Accesibilidad para los Servicios Bancarios: Soluciones de WWS","twitter_description":"Auriga Invierte Continuamente en el Desarrollo de Nuevas Mejoras de Accesibilidad para Mejorar la Experiencia Bancaria de las Personas con Discapacidad.","twitter_misc":{"Tiempo de lectura":"1 minuto"},"schema":{"@context":"https:\/\/schema.org","@graph":[{"@type":"WebPage","@id":"https:\/\/www.aurigaspa.com\/es\/banca\/necesidades\/accesibilidad\/","url":"https:\/\/www.aurigaspa.com\/es\/banca\/necesidades\/accesibilidad\/","name":"Accesibilidad para los Servicios Bancarios: Soluciones de WWS","isPartOf":{"@id":"https:\/\/www.aurigaspa.com\/es\/#website"},"datePublished":"2017-08-23T07:42:02+00:00","dateModified":"2021-07-21T12:38:06+00:00","description":"Auriga Invierte Continuamente en el Desarrollo de Nuevas Mejoras de Accesibilidad para Mejorar la Experiencia Bancaria de las Personas con Discapacidad.","breadcrumb":{"@id":"https:\/\/www.aurigaspa.com\/es\/banca\/necesidades\/accesibilidad\/#breadcrumb"},"inLanguage":"es","potentialAction":[{"@type":"ReadAction","target":["https:\/\/www.aurigaspa.com\/es\/banca\/necesidades\/accesibilidad\/"]}]},{"@type":"BreadcrumbList","@id":"https:\/\/www.aurigaspa.com\/es\/banca\/necesidades\/accesibilidad\/#breadcrumb","itemListElement":[{"@type":"ListItem","position":1,"name":"Home","item":"https:\/\/www.aurigaspa.com\/es\/"},{"@type":"ListItem","position":2,"name":"Banca","item":"https:\/\/www.aurigaspa.com\/es\/banca\/"},{"@type":"ListItem","position":3,"name":"Necesidades","item":"https:\/\/www.aurigaspa.com\/es\/banca\/necesidades\/"},{"@type":"ListItem","position":4,"name":"Accesibilidad"}]},{"@type":"WebSite","@id":"https:\/\/www.aurigaspa.com\/es\/#website","url":"https:\/\/www.aurigaspa.com\/es\/","name":"Auriga","description":"The banking evolution","publisher":{"@id":"https:\/\/www.aurigaspa.com\/es\/#organization"},"potentialAction":[{"@type":"SearchAction","target":{"@type":"EntryPoint","urlTemplate":"https:\/\/www.aurigaspa.com\/es\/?s={search_term_string}"},"query-input":{"@type":"PropertyValueSpecification","valueRequired":true,"valueName":"search_term_string"}}],"inLanguage":"es"},{"@type":"Organization","@id":"https:\/\/www.aurigaspa.com\/es\/#organization","name":"Auriga","url":"https:\/\/www.aurigaspa.com\/es\/","logo":{"@type":"ImageObject","inLanguage":"es","@id":"https:\/\/www.aurigaspa.com\/es\/#\/schema\/logo\/image\/","url":"https:\/\/www.aurigaspa.com\/wp-content\/uploads\/marchio_auriga_nopayoff_web.png","contentUrl":"https:\/\/www.aurigaspa.com\/wp-content\/uploads\/marchio_auriga_nopayoff_web.png","width":660,"height":360,"caption":"Auriga"},"image":{"@id":"https:\/\/www.aurigaspa.com\/es\/#\/schema\/logo\/image\/"},"sameAs":["https:\/\/www.facebook.com\/aurigaspa","https:\/\/www.instagram.com\/auriga_the_banking_evolution\/","https:\/\/www.linkedin.com\/company\/auriga-spa","https:\/\/www.youtube.com\/user\/aurigaspacom"]}]}},"_links":{"self":[{"href":"https:\/\/www.aurigaspa.com\/es\/wp-json\/wp\/v2\/pages\/32825","targetHints":{"allow":["GET"]}}],"collection":[{"href":"https:\/\/www.aurigaspa.com\/es\/wp-json\/wp\/v2\/pages"}],"about":[{"href":"https:\/\/www.aurigaspa.com\/es\/wp-json\/wp\/v2\/types\/page"}],"author":[{"embeddable":true,"href":"https:\/\/www.aurigaspa.com\/es\/wp-json\/wp\/v2\/users\/1"}],"replies":[{"embeddable":true,"href":"https:\/\/www.aurigaspa.com\/es\/wp-json\/wp\/v2\/comments?post=32825"}],"version-history":[{"count":5,"href":"https:\/\/www.aurigaspa.com\/es\/wp-json\/wp\/v2\/pages\/32825\/revisions"}],"predecessor-version":[{"id":67995,"href":"https:\/\/www.aurigaspa.com\/es\/wp-json\/wp\/v2\/pages\/32825\/revisions\/67995"}],"up":[{"embeddable":true,"href":"https:\/\/www.aurigaspa.com\/es\/wp-json\/wp\/v2\/pages\/32804"}],"wp:attachment":[{"href":"https:\/\/www.aurigaspa.com\/es\/wp-json\/wp\/v2\/media?parent=32825"}],"curies":[{"name":"wp","href":"https:\/\/api.w.org\/{rel}","templated":true}]}}