{"id":32813,"date":"2017-08-23T07:08:27","date_gmt":"2017-08-23T07:08:27","guid":{"rendered":"https:\/\/www.aurigaspa.com\/banca\/necesidades\/monitoraggio-proattivo-della-rete\/"},"modified":"2025-11-11T12:10:41","modified_gmt":"2025-11-11T11:10:41","slug":"monitorizacion-red","status":"publish","type":"page","link":"https:\/\/www.aurigaspa.com\/es\/banca\/necesidades\/monitorizacion-red\/","title":{"rendered":"Monitorizaci\u00f3n de la red"},"content":{"rendered":"<h2>Disponibilidad de servicio superior<\/h2>\n<p><a href=\"https:\/\/www.aurigaspa.com\/es\/banca\/productos-y-soluciones\/servicios-compartidos\/arquitectura-winwebserver\/\">WinWebServer (WWS)<\/a> incluye m\u00faltiples herramientas de control y monitorizaci\u00f3n para garantizar la integridad y fiabilidad del servicio en todos los canales bancarios, con el objetivo de proporcionar a los consumidores acceso a servicios bancarios las 24 horas, los 7 d\u00edas de la semana.<\/p>\n<h2>WinWebServer (WWS): \u00f3ptima entrega de servicio<\/h2>\n<h3>Completa<\/h3>\n[inline_list]\n<ul>\n<li>WWS monitoriza todos los canales de la red, incluyendo el control sobre los sistemas alojados en el banco, los software externos, el procesamiento de las aplicaciones y sobre los autoservicios<\/li>\n<li>WWS incluye una potente funci\u00f3n de detecci\u00f3n de fraude para identificar y prevenir las actividades fraudulentas en cualquier canal de servicio<\/li>\n<li>WWS proporciona una exhaustiva monitorizaci\u00f3n de todos los dispositivos de cajero autom\u00e1tico y quioscos<\/li>\n<\/ul>\n[\/inline_list]\n<h3>Proactiva<\/h3>\n[inline_list]\n<ul>\n<li>WWS se configura f\u00e1cilmente para generar autom\u00e1ticamente alertas y realizar una serie de medidas correctivas en respuesta a eventos espec\u00edficos o a umbrales de gesti\u00f3n superados<\/li>\n<li>WWS supervisa y administra autom\u00e1ticamente el estado de todos los dispositivos de cajero autom\u00e1tico y quioscos para maximizar la disponibilidad del servicio y minimizar la necesidad de mantenimiento in situ<\/li>\n<\/ul>\n[\/inline_list]\n<h2>M\u00f3dulos de WWS para la monitorizaci\u00f3n proactiva<\/h2>\n<p style=\"text-align: left;\"> <a href=\"\" class=\"btn sm  \" target=\"\">Monitorizaci\u00f3n proactiva de la red<\/a>\n<p style=\"text-align: left;\"> <a href=\"\" class=\"btn sm  \" target=\"\">WWS Fraud Management System<\/a>\n<p style=\"text-align: left;\"> <a href=\"\" class=\"btn sm  \" target=\"\">WWS SimplyCheck<\/a>\n","protected":false},"excerpt":{"rendered":"<p>Disponibilidad de servicio superior WinWebServer (WWS) incluye m\u00faltiples herramientas de control y monitorizaci\u00f3n para garantizar la integridad y fiabilidad del servicio en todos los canales bancarios, con el objetivo de proporcionar a los consumidores acceso a servicios bancarios las 24 horas, los 7 d\u00edas de la semana. WinWebServer (WWS): \u00f3ptima entrega de servicio Completa [inline_list]<\/p>\n","protected":false},"author":1,"featured_media":0,"parent":32804,"menu_order":2,"comment_status":"closed","ping_status":"closed","template":"","meta":{"footnotes":""},"class_list":["post-32813","page","type-page","status-publish","hentry"],"yoast_head":"<!-- This site is optimized with the Yoast SEO Premium plugin v27.3 (Yoast SEO v27.3) - https:\/\/yoast.com\/product\/yoast-seo-premium-wordpress\/ -->\n<title>Monitorizaci\u00f3n de la Red por un Servicio Bancario Superior - Auriga<\/title>\n<meta name=\"description\" content=\"WWS Monitoriza Todos los Canales de la Red, Incluyendo el Control sobre los Sistemas del Banco, los Software Externos, el Procesamiento de las Aplicaciones\" \/>\n<meta name=\"robots\" content=\"index, follow, max-snippet:-1, max-image-preview:large, max-video-preview:-1\" \/>\n<link rel=\"canonical\" href=\"https:\/\/www.aurigaspa.com\/es\/banca\/necesidades\/monitorizacion-red\/\" \/>\n<meta property=\"og:locale\" content=\"es_ES\" \/>\n<meta property=\"og:type\" content=\"article\" \/>\n<meta property=\"og:title\" content=\"Monitorizaci\u00f3n de la Red por un Servicio Bancario Superior - Auriga\" \/>\n<meta property=\"og:description\" content=\"WWS Monitoriza Todos los Canales de la Red, Incluyendo el Control sobre los Sistemas del Banco, los Software Externos, el Procesamiento de las Aplicaciones\" \/>\n<meta property=\"og:url\" content=\"https:\/\/www.aurigaspa.com\/es\/banca\/necesidades\/monitorizacion-red\/\" \/>\n<meta property=\"og:site_name\" content=\"Auriga\" \/>\n<meta property=\"article:publisher\" content=\"https:\/\/www.facebook.com\/aurigaspa\" \/>\n<meta property=\"article:modified_time\" content=\"2025-11-11T11:10:41+00:00\" \/>\n<meta name=\"twitter:card\" content=\"summary_large_image\" \/>\n<meta name=\"twitter:title\" content=\"Monitorizaci\u00f3n de la Red por un Servicio Superior\" \/>\n<meta name=\"twitter:description\" content=\"WWS Monitoriza Todos los Canales de la Red, Incluyendo el Control sobre los Sistemas del Banco, los Software Externos, el Procesamiento de las Aplicaciones\" \/>\n<meta name=\"twitter:label1\" content=\"Tiempo de lectura\" \/>\n\t<meta name=\"twitter:data1\" content=\"1 minuto\" \/>\n<script type=\"application\/ld+json\" class=\"yoast-schema-graph\">{\"@context\":\"https:\\\/\\\/schema.org\",\"@graph\":[{\"@type\":\"WebPage\",\"@id\":\"https:\\\/\\\/www.aurigaspa.com\\\/es\\\/banca\\\/necesidades\\\/monitorizacion-red\\\/\",\"url\":\"https:\\\/\\\/www.aurigaspa.com\\\/es\\\/banca\\\/necesidades\\\/monitorizacion-red\\\/\",\"name\":\"Monitorizaci\u00f3n de la Red por un Servicio Bancario Superior - Auriga\",\"isPartOf\":{\"@id\":\"https:\\\/\\\/www.aurigaspa.com\\\/es\\\/#website\"},\"datePublished\":\"2017-08-23T07:08:27+00:00\",\"dateModified\":\"2025-11-11T11:10:41+00:00\",\"description\":\"WWS Monitoriza Todos los Canales de la Red, Incluyendo el Control sobre los Sistemas del Banco, los Software Externos, el Procesamiento de las Aplicaciones\",\"breadcrumb\":{\"@id\":\"https:\\\/\\\/www.aurigaspa.com\\\/es\\\/banca\\\/necesidades\\\/monitorizacion-red\\\/#breadcrumb\"},\"inLanguage\":\"es\",\"potentialAction\":[{\"@type\":\"ReadAction\",\"target\":[\"https:\\\/\\\/www.aurigaspa.com\\\/es\\\/banca\\\/necesidades\\\/monitorizacion-red\\\/\"]}]},{\"@type\":\"BreadcrumbList\",\"@id\":\"https:\\\/\\\/www.aurigaspa.com\\\/es\\\/banca\\\/necesidades\\\/monitorizacion-red\\\/#breadcrumb\",\"itemListElement\":[{\"@type\":\"ListItem\",\"position\":1,\"name\":\"Home\",\"item\":\"https:\\\/\\\/www.aurigaspa.com\\\/es\\\/\"},{\"@type\":\"ListItem\",\"position\":2,\"name\":\"Banca\",\"item\":\"https:\\\/\\\/www.aurigaspa.com\\\/es\\\/banca\\\/\"},{\"@type\":\"ListItem\",\"position\":3,\"name\":\"Necesidades\",\"item\":\"https:\\\/\\\/www.aurigaspa.com\\\/es\\\/banca\\\/necesidades\\\/\"},{\"@type\":\"ListItem\",\"position\":4,\"name\":\"Monitorizaci\u00f3n de la red\"}]},{\"@type\":\"WebSite\",\"@id\":\"https:\\\/\\\/www.aurigaspa.com\\\/es\\\/#website\",\"url\":\"https:\\\/\\\/www.aurigaspa.com\\\/es\\\/\",\"name\":\"Auriga\",\"description\":\"The banking evolution\",\"publisher\":{\"@id\":\"https:\\\/\\\/www.aurigaspa.com\\\/es\\\/#organization\"},\"potentialAction\":[{\"@type\":\"SearchAction\",\"target\":{\"@type\":\"EntryPoint\",\"urlTemplate\":\"https:\\\/\\\/www.aurigaspa.com\\\/es\\\/?s={search_term_string}\"},\"query-input\":{\"@type\":\"PropertyValueSpecification\",\"valueRequired\":true,\"valueName\":\"search_term_string\"}}],\"inLanguage\":\"es\"},{\"@type\":\"Organization\",\"@id\":\"https:\\\/\\\/www.aurigaspa.com\\\/es\\\/#organization\",\"name\":\"Auriga\",\"url\":\"https:\\\/\\\/www.aurigaspa.com\\\/es\\\/\",\"logo\":{\"@type\":\"ImageObject\",\"inLanguage\":\"es\",\"@id\":\"https:\\\/\\\/www.aurigaspa.com\\\/es\\\/#\\\/schema\\\/logo\\\/image\\\/\",\"url\":\"https:\\\/\\\/www.aurigaspa.com\\\/wp-content\\\/uploads\\\/marchio_auriga_nopayoff_web.png\",\"contentUrl\":\"https:\\\/\\\/www.aurigaspa.com\\\/wp-content\\\/uploads\\\/marchio_auriga_nopayoff_web.png\",\"width\":660,\"height\":360,\"caption\":\"Auriga\"},\"image\":{\"@id\":\"https:\\\/\\\/www.aurigaspa.com\\\/es\\\/#\\\/schema\\\/logo\\\/image\\\/\"},\"sameAs\":[\"https:\\\/\\\/www.facebook.com\\\/aurigaspa\",\"https:\\\/\\\/www.instagram.com\\\/auriga_the_banking_evolution\\\/\",\"https:\\\/\\\/www.linkedin.com\\\/company\\\/auriga-spa\",\"https:\\\/\\\/www.youtube.com\\\/user\\\/aurigaspacom\"]}]}<\/script>\n<!-- \/ Yoast SEO Premium plugin. -->","yoast_head_json":{"title":"Monitorizaci\u00f3n de la Red por un Servicio Bancario Superior - Auriga","description":"WWS Monitoriza Todos los Canales de la Red, Incluyendo el Control sobre los Sistemas del Banco, los Software Externos, el Procesamiento de las Aplicaciones","robots":{"index":"index","follow":"follow","max-snippet":"max-snippet:-1","max-image-preview":"max-image-preview:large","max-video-preview":"max-video-preview:-1"},"canonical":"https:\/\/www.aurigaspa.com\/es\/banca\/necesidades\/monitorizacion-red\/","og_locale":"es_ES","og_type":"article","og_title":"Monitorizaci\u00f3n de la Red por un Servicio Bancario Superior - Auriga","og_description":"WWS Monitoriza Todos los Canales de la Red, Incluyendo el Control sobre los Sistemas del Banco, los Software Externos, el Procesamiento de las Aplicaciones","og_url":"https:\/\/www.aurigaspa.com\/es\/banca\/necesidades\/monitorizacion-red\/","og_site_name":"Auriga","article_publisher":"https:\/\/www.facebook.com\/aurigaspa","article_modified_time":"2025-11-11T11:10:41+00:00","twitter_card":"summary_large_image","twitter_title":"Monitorizaci\u00f3n de la Red por un Servicio Superior","twitter_description":"WWS Monitoriza Todos los Canales de la Red, Incluyendo el Control sobre los Sistemas del Banco, los Software Externos, el Procesamiento de las Aplicaciones","twitter_misc":{"Tiempo de lectura":"1 minuto"},"schema":{"@context":"https:\/\/schema.org","@graph":[{"@type":"WebPage","@id":"https:\/\/www.aurigaspa.com\/es\/banca\/necesidades\/monitorizacion-red\/","url":"https:\/\/www.aurigaspa.com\/es\/banca\/necesidades\/monitorizacion-red\/","name":"Monitorizaci\u00f3n de la Red por un Servicio Bancario Superior - Auriga","isPartOf":{"@id":"https:\/\/www.aurigaspa.com\/es\/#website"},"datePublished":"2017-08-23T07:08:27+00:00","dateModified":"2025-11-11T11:10:41+00:00","description":"WWS Monitoriza Todos los Canales de la Red, Incluyendo el Control sobre los Sistemas del Banco, los Software Externos, el Procesamiento de las Aplicaciones","breadcrumb":{"@id":"https:\/\/www.aurigaspa.com\/es\/banca\/necesidades\/monitorizacion-red\/#breadcrumb"},"inLanguage":"es","potentialAction":[{"@type":"ReadAction","target":["https:\/\/www.aurigaspa.com\/es\/banca\/necesidades\/monitorizacion-red\/"]}]},{"@type":"BreadcrumbList","@id":"https:\/\/www.aurigaspa.com\/es\/banca\/necesidades\/monitorizacion-red\/#breadcrumb","itemListElement":[{"@type":"ListItem","position":1,"name":"Home","item":"https:\/\/www.aurigaspa.com\/es\/"},{"@type":"ListItem","position":2,"name":"Banca","item":"https:\/\/www.aurigaspa.com\/es\/banca\/"},{"@type":"ListItem","position":3,"name":"Necesidades","item":"https:\/\/www.aurigaspa.com\/es\/banca\/necesidades\/"},{"@type":"ListItem","position":4,"name":"Monitorizaci\u00f3n de la red"}]},{"@type":"WebSite","@id":"https:\/\/www.aurigaspa.com\/es\/#website","url":"https:\/\/www.aurigaspa.com\/es\/","name":"Auriga","description":"The banking evolution","publisher":{"@id":"https:\/\/www.aurigaspa.com\/es\/#organization"},"potentialAction":[{"@type":"SearchAction","target":{"@type":"EntryPoint","urlTemplate":"https:\/\/www.aurigaspa.com\/es\/?s={search_term_string}"},"query-input":{"@type":"PropertyValueSpecification","valueRequired":true,"valueName":"search_term_string"}}],"inLanguage":"es"},{"@type":"Organization","@id":"https:\/\/www.aurigaspa.com\/es\/#organization","name":"Auriga","url":"https:\/\/www.aurigaspa.com\/es\/","logo":{"@type":"ImageObject","inLanguage":"es","@id":"https:\/\/www.aurigaspa.com\/es\/#\/schema\/logo\/image\/","url":"https:\/\/www.aurigaspa.com\/wp-content\/uploads\/marchio_auriga_nopayoff_web.png","contentUrl":"https:\/\/www.aurigaspa.com\/wp-content\/uploads\/marchio_auriga_nopayoff_web.png","width":660,"height":360,"caption":"Auriga"},"image":{"@id":"https:\/\/www.aurigaspa.com\/es\/#\/schema\/logo\/image\/"},"sameAs":["https:\/\/www.facebook.com\/aurigaspa","https:\/\/www.instagram.com\/auriga_the_banking_evolution\/","https:\/\/www.linkedin.com\/company\/auriga-spa","https:\/\/www.youtube.com\/user\/aurigaspacom"]}]}},"_links":{"self":[{"href":"https:\/\/www.aurigaspa.com\/es\/wp-json\/wp\/v2\/pages\/32813","targetHints":{"allow":["GET"]}}],"collection":[{"href":"https:\/\/www.aurigaspa.com\/es\/wp-json\/wp\/v2\/pages"}],"about":[{"href":"https:\/\/www.aurigaspa.com\/es\/wp-json\/wp\/v2\/types\/page"}],"author":[{"embeddable":true,"href":"https:\/\/www.aurigaspa.com\/es\/wp-json\/wp\/v2\/users\/1"}],"replies":[{"embeddable":true,"href":"https:\/\/www.aurigaspa.com\/es\/wp-json\/wp\/v2\/comments?post=32813"}],"version-history":[{"count":5,"href":"https:\/\/www.aurigaspa.com\/es\/wp-json\/wp\/v2\/pages\/32813\/revisions"}],"predecessor-version":[{"id":77785,"href":"https:\/\/www.aurigaspa.com\/es\/wp-json\/wp\/v2\/pages\/32813\/revisions\/77785"}],"up":[{"embeddable":true,"href":"https:\/\/www.aurigaspa.com\/es\/wp-json\/wp\/v2\/pages\/32804"}],"wp:attachment":[{"href":"https:\/\/www.aurigaspa.com\/es\/wp-json\/wp\/v2\/media?parent=32813"}],"curies":[{"name":"wp","href":"https:\/\/api.w.org\/{rel}","templated":true}]}}