{"id":32809,"date":"2017-08-23T07:06:29","date_gmt":"2017-08-23T07:06:29","guid":{"rendered":"https:\/\/www.aurigaspa.com\/banca\/necesidades\/integrazione-dei-canali\/"},"modified":"2025-11-11T12:02:15","modified_gmt":"2025-11-11T11:02:15","slug":"integracion-canales","status":"publish","type":"page","link":"https:\/\/www.aurigaspa.com\/es\/banca\/necesidades\/integracion-canales\/","title":{"rendered":"Integraci\u00f3n de los canales"},"content":{"rendered":"<h2>Banca omnicanal potente para la integraci\u00f3n de los canales<\/h2>\n<p><a href=\"https:\/\/www.aurigaspa.com\/es\/banca\/productos-y-soluciones\/servicios-compartidos\/arquitectura-winwebserver\/\">WinWebServer (WWS)<\/a> ofrece a los clientes una experiencia bancaria \u00fanica y agradable que les permite disponer de su propia \u00abplataforma financiera\u00bb en todo momento, en todas partes y en todos los canales de autoservicio: internet, dispositivos m\u00f3viles, tabletas, quioscos y cajeros autom\u00e1ticos con la misma informaci\u00f3n actualizada y precisa.<\/p>\n<h2>WinWebServer (WWS): potente banca omnicanal al alcance de su mano<\/h2>\n<h3>Integrada<\/h3>\n<p>WinWebServer (WWS) garantiza verdaderos servicios multicanal y de canal cruzado, ya que se basa en una sola plataforma totalmente integrada. WWS permite al banco centralizar sus servicios comerciales para un mayor control y un mantenimiento m\u00e1s sencillo. WWS es compatible con todos los dispositivos, sistemas operativos, navegadores web y aplicaciones m\u00f3viles.<br \/>\nWWS se configura f\u00e1cilmente para ofrecer cualquier servicio a trav\u00e9s de cualquier canal y aprovecha al m\u00e1ximo las caracter\u00edsticas de cada canal para garantizar una experiencia \u00f3ptima del consumidor.<\/p>\n<h3>Canal cruzado<\/h3>\n<p>WinWebServer (WWS) garantiza una verdadera experiencia de canal cruzado al permitir a los consumidores comenzar transacciones en un canal y completarlas en otro para brindar una experiencia bancaria m\u00e1s fluida en cualquier momento y en cualquier lugar. Por ejemplo, las retiradas de efectivo se pueden preconfigurar en un tel\u00e9fono m\u00f3vil y completarlas en el cajero autom\u00e1tico en un momento posterior. Adem\u00e1s, ciertas transacciones de banca por internet pueden requerir un segundo nivel de autenticaci\u00f3n que se completar\u00e1 a trav\u00e9s de WWS Mobile.<\/p>\n<h3>Tiempo real<\/h3>\n<p>WinWebServer (WWS) combina todas las actividades de transacciones en todos los canales en tiempo real para garantizar que los consumidores tengan una visi\u00f3n m\u00e1s precisa y completa posible de sus finanzas. Por ejemplo, se puede acceder inmediatamente a una transacci\u00f3n de retirada de efectivo en cajeros autom\u00e1ticos desde el tel\u00e9fono m\u00f3vil del cliente, a trav\u00e9s de cajeros en ventanillas de sucursales y a trav\u00e9s de agentes del centro de llamadas.<\/p>\n<h3>Completa<\/h3>\n<p>WinWebServer (WWS) proporciona a los consumidores un acceso f\u00e1cil e intuitivo a cientos de servicios bancarios, incluyendo:<\/p>\n[inline_list]\n<ul>\n<li>Acceder en tiempo real a saldos y estados de cuentas;<\/li>\n<li>Administrar pr\u00e9stamos y l\u00edneas de cr\u00e9dito<\/li>\n<li>Realizar pagos y transferencias<\/li>\n<li>Autorizar transacciones realizadas por titulares de cuentas secundarios<\/li>\n<li>Recargar m\u00f3viles, tarjetas de prepago y otros servicios (como canales de televisi\u00f3n de pago)<\/li>\n<li>Acceder a informaci\u00f3n de mercados financieros (p. ej., listas de cotizaciones de bolsa y cambio de divisas)<\/li>\n<li>Administrar detalles de cuentas<\/li>\n<li>Administrar el perfil de seguridad del usuario, gracias a potentes herramientas de autenticaci\u00f3n<\/li>\n<li>Retirar y depositar efectivo en m\u00e1quinas de autoservicio<\/li>\n<li>Realizar pagos sin tarjeta en comercios con el tel\u00e9fono m\u00f3vil.<\/li>\n<li>Retirar efectivo en cajeros autom\u00e1ticos y quioscos con el tel\u00e9fono m\u00f3vil<\/li>\n<li>Enviar y recilibir informaci\u00f3n por SMS<\/li>\n<\/ul>\n[\/inline_list]\n<p>&nbsp;<\/p>\n <a href=\"\" class=\"btn ds  \" target=\"\">Arquitectura WinWebServer<\/a>\n","protected":false},"excerpt":{"rendered":"<p>Banca omnicanal potente para la integraci\u00f3n de los canales WinWebServer (WWS) ofrece a los clientes una experiencia bancaria \u00fanica y agradable que les permite disponer de su propia \u00abplataforma financiera\u00bb en todo momento, en todas partes y en todos los canales de autoservicio: internet, dispositivos m\u00f3viles, tabletas, quioscos y cajeros autom\u00e1ticos con la misma informaci\u00f3n<\/p>\n","protected":false},"author":1,"featured_media":0,"parent":32804,"menu_order":1,"comment_status":"closed","ping_status":"closed","template":"","meta":{"footnotes":""},"class_list":["post-32809","page","type-page","status-publish","hentry"],"yoast_head":"<!-- This site is optimized with the Yoast SEO Premium plugin v27.4 (Yoast SEO v27.4) - https:\/\/yoast.com\/product\/yoast-seo-premium-wordpress\/ -->\n<title>Banca Omnicanal Potente para la Integraci\u00f3n de los Canales<\/title>\n<meta name=\"description\" content=\"WinWebServer Ofrece a los Clientes una Experiencia Bancaria Omnicanal que les permite Disponer de su propia &quot;Plataforma Financiera&quot; en Todo Momento\" \/>\n<meta name=\"robots\" content=\"index, follow, max-snippet:-1, max-image-preview:large, max-video-preview:-1\" \/>\n<link rel=\"canonical\" href=\"https:\/\/www.aurigaspa.com\/es\/banca\/necesidades\/integracion-canales\/\" \/>\n<meta property=\"og:locale\" content=\"es_ES\" \/>\n<meta property=\"og:type\" content=\"article\" \/>\n<meta property=\"og:title\" content=\"Banca Omnicanal Potente para la Integraci\u00f3n de los Canales\" \/>\n<meta property=\"og:description\" content=\"WinWebServer Ofrece a los Clientes una Experiencia Bancaria Omnicanal que les permite Disponer de su propia &quot;Plataforma Financiera&quot; en Todo Momento\" \/>\n<meta property=\"og:url\" content=\"https:\/\/www.aurigaspa.com\/es\/banca\/necesidades\/integracion-canales\/\" \/>\n<meta property=\"og:site_name\" content=\"Auriga\" \/>\n<meta property=\"article:publisher\" content=\"https:\/\/www.facebook.com\/aurigaspa\" \/>\n<meta property=\"article:modified_time\" content=\"2025-11-11T11:02:15+00:00\" \/>\n<meta property=\"og:image\" content=\"https:\/\/www.aurigaspa.com\/wp-content\/uploads\/omnichannel-banking.jpg\" \/>\n\t<meta property=\"og:image:width\" content=\"500\" \/>\n\t<meta property=\"og:image:height\" content=\"388\" \/>\n\t<meta property=\"og:image:type\" content=\"image\/jpeg\" \/>\n<meta name=\"twitter:card\" content=\"summary_large_image\" \/>\n<meta name=\"twitter:title\" content=\"Banca Omnicanal Potente para la Integraci\u00f3n de los Canales\" \/>\n<meta name=\"twitter:description\" content=\"WinWebServer Ofrece a los Clientes una Experiencia Bancaria Omnicanal que les permite Disponer de su propia &quot;Plataforma Financiera&quot; en Todo Momento\" \/>\n<meta name=\"twitter:image\" content=\"https:\/\/www.aurigaspa.com\/wp-content\/uploads\/WinWebServer-WWS-1.jpg\" \/>\n<meta name=\"twitter:label1\" content=\"Tiempo de lectura\" \/>\n\t<meta name=\"twitter:data1\" content=\"4 minutos\" \/>\n<script type=\"application\/ld+json\" class=\"yoast-schema-graph\">{\"@context\":\"https:\\\/\\\/schema.org\",\"@graph\":[{\"@type\":\"WebPage\",\"@id\":\"https:\\\/\\\/www.aurigaspa.com\\\/es\\\/banca\\\/necesidades\\\/integracion-canales\\\/\",\"url\":\"https:\\\/\\\/www.aurigaspa.com\\\/es\\\/banca\\\/necesidades\\\/integracion-canales\\\/\",\"name\":\"Banca Omnicanal Potente para la Integraci\u00f3n de los Canales\",\"isPartOf\":{\"@id\":\"https:\\\/\\\/www.aurigaspa.com\\\/es\\\/#website\"},\"datePublished\":\"2017-08-23T07:06:29+00:00\",\"dateModified\":\"2025-11-11T11:02:15+00:00\",\"description\":\"WinWebServer Ofrece a los Clientes una Experiencia Bancaria Omnicanal que les permite Disponer de su propia \\\"Plataforma Financiera\\\" en Todo Momento\",\"breadcrumb\":{\"@id\":\"https:\\\/\\\/www.aurigaspa.com\\\/es\\\/banca\\\/necesidades\\\/integracion-canales\\\/#breadcrumb\"},\"inLanguage\":\"es\",\"potentialAction\":[{\"@type\":\"ReadAction\",\"target\":[\"https:\\\/\\\/www.aurigaspa.com\\\/es\\\/banca\\\/necesidades\\\/integracion-canales\\\/\"]}]},{\"@type\":\"BreadcrumbList\",\"@id\":\"https:\\\/\\\/www.aurigaspa.com\\\/es\\\/banca\\\/necesidades\\\/integracion-canales\\\/#breadcrumb\",\"itemListElement\":[{\"@type\":\"ListItem\",\"position\":1,\"name\":\"Home\",\"item\":\"https:\\\/\\\/www.aurigaspa.com\\\/es\\\/\"},{\"@type\":\"ListItem\",\"position\":2,\"name\":\"Banca\",\"item\":\"https:\\\/\\\/www.aurigaspa.com\\\/es\\\/banca\\\/\"},{\"@type\":\"ListItem\",\"position\":3,\"name\":\"Necesidades\",\"item\":\"https:\\\/\\\/www.aurigaspa.com\\\/es\\\/banca\\\/necesidades\\\/\"},{\"@type\":\"ListItem\",\"position\":4,\"name\":\"Integraci\u00f3n de los canales\"}]},{\"@type\":\"WebSite\",\"@id\":\"https:\\\/\\\/www.aurigaspa.com\\\/es\\\/#website\",\"url\":\"https:\\\/\\\/www.aurigaspa.com\\\/es\\\/\",\"name\":\"Auriga\",\"description\":\"The banking evolution\",\"publisher\":{\"@id\":\"https:\\\/\\\/www.aurigaspa.com\\\/es\\\/#organization\"},\"potentialAction\":[{\"@type\":\"SearchAction\",\"target\":{\"@type\":\"EntryPoint\",\"urlTemplate\":\"https:\\\/\\\/www.aurigaspa.com\\\/es\\\/?s={search_term_string}\"},\"query-input\":{\"@type\":\"PropertyValueSpecification\",\"valueRequired\":true,\"valueName\":\"search_term_string\"}}],\"inLanguage\":\"es\"},{\"@type\":\"Organization\",\"@id\":\"https:\\\/\\\/www.aurigaspa.com\\\/es\\\/#organization\",\"name\":\"Auriga\",\"url\":\"https:\\\/\\\/www.aurigaspa.com\\\/es\\\/\",\"logo\":{\"@type\":\"ImageObject\",\"inLanguage\":\"es\",\"@id\":\"https:\\\/\\\/www.aurigaspa.com\\\/es\\\/#\\\/schema\\\/logo\\\/image\\\/\",\"url\":\"https:\\\/\\\/www.aurigaspa.com\\\/wp-content\\\/uploads\\\/marchio_auriga_nopayoff_web.png\",\"contentUrl\":\"https:\\\/\\\/www.aurigaspa.com\\\/wp-content\\\/uploads\\\/marchio_auriga_nopayoff_web.png\",\"width\":660,\"height\":360,\"caption\":\"Auriga\"},\"image\":{\"@id\":\"https:\\\/\\\/www.aurigaspa.com\\\/es\\\/#\\\/schema\\\/logo\\\/image\\\/\"},\"sameAs\":[\"https:\\\/\\\/www.facebook.com\\\/aurigaspa\",\"https:\\\/\\\/www.instagram.com\\\/auriga_the_banking_evolution\\\/\",\"https:\\\/\\\/www.linkedin.com\\\/company\\\/auriga-spa\",\"https:\\\/\\\/www.youtube.com\\\/user\\\/aurigaspacom\"]}]}<\/script>\n<!-- \/ Yoast SEO Premium plugin. -->","yoast_head_json":{"title":"Banca Omnicanal Potente para la Integraci\u00f3n de los Canales","description":"WinWebServer Ofrece a los Clientes una Experiencia Bancaria Omnicanal que les permite Disponer de su propia \"Plataforma Financiera\" en Todo Momento","robots":{"index":"index","follow":"follow","max-snippet":"max-snippet:-1","max-image-preview":"max-image-preview:large","max-video-preview":"max-video-preview:-1"},"canonical":"https:\/\/www.aurigaspa.com\/es\/banca\/necesidades\/integracion-canales\/","og_locale":"es_ES","og_type":"article","og_title":"Banca Omnicanal Potente para la Integraci\u00f3n de los Canales","og_description":"WinWebServer Ofrece a los Clientes una Experiencia Bancaria Omnicanal que les permite Disponer de su propia \"Plataforma Financiera\" en Todo Momento","og_url":"https:\/\/www.aurigaspa.com\/es\/banca\/necesidades\/integracion-canales\/","og_site_name":"Auriga","article_publisher":"https:\/\/www.facebook.com\/aurigaspa","article_modified_time":"2025-11-11T11:02:15+00:00","og_image":[{"width":500,"height":388,"url":"https:\/\/www.aurigaspa.com\/wp-content\/uploads\/omnichannel-banking.jpg","type":"image\/jpeg"}],"twitter_card":"summary_large_image","twitter_title":"Banca Omnicanal Potente para la Integraci\u00f3n de los Canales","twitter_description":"WinWebServer Ofrece a los Clientes una Experiencia Bancaria Omnicanal que les permite Disponer de su propia \"Plataforma Financiera\" en Todo Momento","twitter_image":"https:\/\/www.aurigaspa.com\/wp-content\/uploads\/WinWebServer-WWS-1.jpg","twitter_misc":{"Tiempo de lectura":"4 minutos"},"schema":{"@context":"https:\/\/schema.org","@graph":[{"@type":"WebPage","@id":"https:\/\/www.aurigaspa.com\/es\/banca\/necesidades\/integracion-canales\/","url":"https:\/\/www.aurigaspa.com\/es\/banca\/necesidades\/integracion-canales\/","name":"Banca Omnicanal Potente para la Integraci\u00f3n de los Canales","isPartOf":{"@id":"https:\/\/www.aurigaspa.com\/es\/#website"},"datePublished":"2017-08-23T07:06:29+00:00","dateModified":"2025-11-11T11:02:15+00:00","description":"WinWebServer Ofrece a los Clientes una Experiencia Bancaria Omnicanal que les permite Disponer de su propia \"Plataforma Financiera\" en Todo Momento","breadcrumb":{"@id":"https:\/\/www.aurigaspa.com\/es\/banca\/necesidades\/integracion-canales\/#breadcrumb"},"inLanguage":"es","potentialAction":[{"@type":"ReadAction","target":["https:\/\/www.aurigaspa.com\/es\/banca\/necesidades\/integracion-canales\/"]}]},{"@type":"BreadcrumbList","@id":"https:\/\/www.aurigaspa.com\/es\/banca\/necesidades\/integracion-canales\/#breadcrumb","itemListElement":[{"@type":"ListItem","position":1,"name":"Home","item":"https:\/\/www.aurigaspa.com\/es\/"},{"@type":"ListItem","position":2,"name":"Banca","item":"https:\/\/www.aurigaspa.com\/es\/banca\/"},{"@type":"ListItem","position":3,"name":"Necesidades","item":"https:\/\/www.aurigaspa.com\/es\/banca\/necesidades\/"},{"@type":"ListItem","position":4,"name":"Integraci\u00f3n de los canales"}]},{"@type":"WebSite","@id":"https:\/\/www.aurigaspa.com\/es\/#website","url":"https:\/\/www.aurigaspa.com\/es\/","name":"Auriga","description":"The banking evolution","publisher":{"@id":"https:\/\/www.aurigaspa.com\/es\/#organization"},"potentialAction":[{"@type":"SearchAction","target":{"@type":"EntryPoint","urlTemplate":"https:\/\/www.aurigaspa.com\/es\/?s={search_term_string}"},"query-input":{"@type":"PropertyValueSpecification","valueRequired":true,"valueName":"search_term_string"}}],"inLanguage":"es"},{"@type":"Organization","@id":"https:\/\/www.aurigaspa.com\/es\/#organization","name":"Auriga","url":"https:\/\/www.aurigaspa.com\/es\/","logo":{"@type":"ImageObject","inLanguage":"es","@id":"https:\/\/www.aurigaspa.com\/es\/#\/schema\/logo\/image\/","url":"https:\/\/www.aurigaspa.com\/wp-content\/uploads\/marchio_auriga_nopayoff_web.png","contentUrl":"https:\/\/www.aurigaspa.com\/wp-content\/uploads\/marchio_auriga_nopayoff_web.png","width":660,"height":360,"caption":"Auriga"},"image":{"@id":"https:\/\/www.aurigaspa.com\/es\/#\/schema\/logo\/image\/"},"sameAs":["https:\/\/www.facebook.com\/aurigaspa","https:\/\/www.instagram.com\/auriga_the_banking_evolution\/","https:\/\/www.linkedin.com\/company\/auriga-spa","https:\/\/www.youtube.com\/user\/aurigaspacom"]}]}},"_links":{"self":[{"href":"https:\/\/www.aurigaspa.com\/es\/wp-json\/wp\/v2\/pages\/32809","targetHints":{"allow":["GET"]}}],"collection":[{"href":"https:\/\/www.aurigaspa.com\/es\/wp-json\/wp\/v2\/pages"}],"about":[{"href":"https:\/\/www.aurigaspa.com\/es\/wp-json\/wp\/v2\/types\/page"}],"author":[{"embeddable":true,"href":"https:\/\/www.aurigaspa.com\/es\/wp-json\/wp\/v2\/users\/1"}],"replies":[{"embeddable":true,"href":"https:\/\/www.aurigaspa.com\/es\/wp-json\/wp\/v2\/comments?post=32809"}],"version-history":[{"count":5,"href":"https:\/\/www.aurigaspa.com\/es\/wp-json\/wp\/v2\/pages\/32809\/revisions"}],"predecessor-version":[{"id":77784,"href":"https:\/\/www.aurigaspa.com\/es\/wp-json\/wp\/v2\/pages\/32809\/revisions\/77784"}],"up":[{"embeddable":true,"href":"https:\/\/www.aurigaspa.com\/es\/wp-json\/wp\/v2\/pages\/32804"}],"wp:attachment":[{"href":"https:\/\/www.aurigaspa.com\/es\/wp-json\/wp\/v2\/media?parent=32809"}],"curies":[{"name":"wp","href":"https:\/\/api.w.org\/{rel}","templated":true}]}}