{"id":32797,"date":"2017-08-22T15:10:22","date_gmt":"2017-08-22T15:10:22","guid":{"rendered":"https:\/\/www.aurigaspa.com\/banca\/intro\/"},"modified":"2025-11-11T12:00:28","modified_gmt":"2025-11-11T11:00:28","slug":"descripcion-general","status":"publish","type":"page","link":"https:\/\/www.aurigaspa.com\/es\/banca\/descripcion-general\/","title":{"rendered":"Descripci\u00f3n general"},"content":{"rendered":"<h2>Experiencia bancaria sin interrupciones<\/h2>\n<p>Auriga es el l\u00edder reconocido en Italia de soluciones innovadoras de banca omnicanal.<\/p>\n<p>El software WinWebServer (WWS) es una soluci\u00f3n <a href=\"https:\/\/www.aurigaspa.com\/es\/empresa\/nuestra-red\/certificaciones\/\">comprobada<\/a> y modular que proporciona servicios bancarios multifunci\u00f3n a trav\u00e9s de todos los canales, incluidos los dispositivos m\u00f3viles, tabletas, PC, quioscos y cajeros autom\u00e1ticos.<\/p>\n<p>WWS es la soluci\u00f3n perfecta para aumentar la rentabilidad de las relaciones con sus clientes a trav\u00e9s del suministro de servicios personalizados, donde y cuando los necesiten sus clientes.<\/p>\n<div class=\"infografica_wws\"><img decoding=\"async\" title=\"I vantaggi del software WinWebServer (WWS)\" src=\"https:\/\/www.aurigaspa.com\/wp-content\/uploads\/wws_infografica_es.svg\" alt=\"I vantaggi del software WinWebServer (WWS)\" \/><\/div>\n<p>Beneficios comerciales: WinWebServer (WWS) ofrece importantes beneficios comerciales que incluyen la reducci\u00f3n de los costos operativos, m\u00e1s rapidez para comercializar nuevos servicios, oportunidades de comercializaci\u00f3n y ventas personalizadas, una mejor disponibilidad del servicio y una mayor flexibilidad y facilidad de acceso para el consumidor.<\/p>\n<h2>WinWebServer (WWS): la soluci\u00f3n ideal para obtener un rendimiento y beneficios m\u00e1ximos<\/h2>\n<h3>Todo en uno<\/h3>\n<p>WinWebServer (WWS) es un sistema completo para la gesti\u00f3n de servicios bancarios omnicanal que proporciona una mayor eficiencia y rentabilidad.<\/p>\n<p>WWS admite cientos de operaciones y pagos bancarios, siendo f\u00e1cil de personalizar para implementar nuevos servicios.<\/p>\n<h3>Ahorro de costos superior<\/h3>\n<p>WinWebServer (WWS) reduce significativamente la necesidad de que los clientes de un banco utilicen sucursales bancarias para servicios de bajo valor, proporcionando una amplia automatizaci\u00f3n a trav\u00e9s de una variedad de canales de autoservicio.<\/p>\n<p>WWS es una soluci\u00f3n demostrada y rentable para la automatizaci\u00f3n avanzada del autoservicio, incluyendo las solicitudes y la gesti\u00f3n de pr\u00e9stamos, el pago de facturas y las preferencias configurables del usuario.<\/p>\n<p>WWS maximiza el tiempo disponible que el personal de la sucursal tiene disponible para servicios de asesor\u00eda y ventas de alto valor.<\/p>\n<h3>Flexible<\/h3>\n<p>WinWebServer (WWS) es muy modular y se integra f\u00e1cilmente con sistemas heredados sin interrupci\u00f3n de los servicios ya existentes.<\/p>\n<p>Ofrece a los bancos la mejor opci\u00f3n en cuanto a estrategia de implementaci\u00f3n, ya sea qua se necesite sustituir un solo canal, como enfoque de combinaci\u00f3n omnicanal o para implementar WWS en su totalidad.<br \/>\nOrientado a la experiencia del cliente<\/p>\n<p>WinWebServer (WWS) proporciona a los clientes del banco total libertad para administrar sus finanzas de manera simple e intuitiva, las 24 horas del d\u00eda, utilizando cualquier canal que les resulte conveniente.<\/p>\n<h3>Orientado al marketing<\/h3>\n<p>WinWebServer (WWS) proporciona una potente herramienta de marketing que mejora las relaciones con los clientes a trav\u00e9s del uso de mensajes personalizados basados en las necesidades y preferencias del cliente.<\/p>\n<p>WWS permite la gesti\u00f3n centralizada de las campa\u00f1as de marketing, utilizando todos los canales de servicio, permitiendo personalizar f\u00e1cilmente las campa\u00f1as para diferentes regiones y dispositivos.<\/p>\n<h3>Muy seguro<\/h3>\n<p>WinWebServer (WWS) garantiza la total seguridad y confidencialidad de los datos.<\/p>\n<p>Tambi\u00e9n incluye protecci\u00f3n avanzada contra el fraude, en tiempo real, en todos los canales de servicio.<\/p>\n<h3>Alto rendimiento<\/h3>\n<p>WinWebServer (WWS) aumenta la eficiencia operativa a trav\u00e9s de un servicio de monitorizaci\u00f3n integrada y proactivo que permite intervenciones r\u00e1pidas y de autorreparaci\u00f3n.<\/p>\n<p>La monitorizaci\u00f3n del desempe\u00f1o de WWS asegura la continuidad del servicio y reduce los costos asociados con las actividades de mantenimiento in situ.<\/p>\n<h3>Proveedor independiente compatible con m\u00faltiples proveedores<\/h3>\n<p>Auriga es un proveedor de software independiente y no est\u00e1 vinculado a ning\u00fan fabricante de hardware.<\/p>\n<p>El software WinWebServer (WWS) de Auriga cumple con los est\u00e1ndares de CEN ISSS\/XFS 3.x y es compatible con cualquier cajero autom\u00e1tico y quioscos compatibles con WOSA\/XFS.<\/p>\n<p>Los bancos pueden continuar utilizando el hardware ya implementado, incluso si proviene de diferentes proveedores.<\/p>\n<p>La libertad de adquirir cualquier combinaci\u00f3n de cajeros autom\u00e1ticos y quioscos proporciona claras ventajas al banco y puede resultar en ahorros de costos significativos.<\/p>\n<h3>Accesible<\/h3>\n<p>WinWebServer (WWS) permite el uso de la banca omnicanal por parte de personas con discapacidad y cumple totalmente con los \u00faltimos est\u00e1ndares de usabilidad del W3C.<\/p>\n<h2>Lo que WinWebServer (WWS) proporciona<\/h2>\n<p style=\"text-align: left;\"> <a href=\"\" class=\"btn sm  \" target=\"\">Integraci\u00f3n de canales<\/a>\n<p style=\"text-align: left;\"> <a href=\"\" class=\"btn sm  \" target=\"\">Monitorizaci\u00f3n proactiva de la red<\/a>\n<p style=\"text-align: left;\"> <a href=\"\" class=\"btn sm  \" target=\"\">Marketing y relaciones con el cliente<\/a>\n<p style=\"text-align: left;\"> <a href=\"\" class=\"btn sm  \" target=\"\">Accesibilidad<\/a>\n<p style=\"text-align: left;\"> <a href=\"\" class=\"btn sm  \" target=\"\">Banca corporativa<\/a>\n","protected":false},"excerpt":{"rendered":"<p>Experiencia bancaria sin interrupciones Auriga es el l\u00edder reconocido en Italia de soluciones innovadoras de banca omnicanal. El software WinWebServer (WWS) es una soluci\u00f3n comprobada y modular que proporciona servicios bancarios multifunci\u00f3n a trav\u00e9s de todos los canales, incluidos los dispositivos m\u00f3viles, tabletas, PC, quioscos y cajeros autom\u00e1ticos. WWS es la soluci\u00f3n perfecta para aumentar<\/p>\n","protected":false},"author":1,"featured_media":72659,"parent":32793,"menu_order":0,"comment_status":"closed","ping_status":"closed","template":"","meta":{"footnotes":""},"class_list":["post-32797","page","type-page","status-publish","has-post-thumbnail","hentry"],"yoast_head":"<!-- This site is optimized with the Yoast SEO Premium plugin v27.3 (Yoast SEO v27.3) - https:\/\/yoast.com\/product\/yoast-seo-premium-wordpress\/ -->\n<title>WinWebServer WWS: la Soluci\u00f3n de Auriga por la Banca Omnicanal<\/title>\n<meta name=\"description\" content=\"El Software WinWebServer (WWS) es una Soluci\u00f3n Comprobada y Modular que Proporciona Servicios Bancarios Multifunci\u00f3n a trav\u00e9s de Todos los Canales\" \/>\n<meta name=\"robots\" content=\"index, follow, max-snippet:-1, max-image-preview:large, max-video-preview:-1\" \/>\n<link rel=\"canonical\" href=\"https:\/\/www.aurigaspa.com\/es\/banca\/descripcion-general\/\" \/>\n<meta property=\"og:locale\" content=\"es_ES\" \/>\n<meta property=\"og:type\" content=\"article\" \/>\n<meta property=\"og:title\" content=\"WinWebServer WWS: la Soluci\u00f3n de Auriga por la Banca Omnicanal\" \/>\n<meta property=\"og:description\" content=\"El Software WinWebServer (WWS) es una Soluci\u00f3n Comprobada y Modular que Proporciona Servicios Bancarios Multifunci\u00f3n a trav\u00e9s de Todos los Canales\" \/>\n<meta property=\"og:url\" content=\"https:\/\/www.aurigaspa.com\/es\/banca\/descripcion-general\/\" \/>\n<meta property=\"og:site_name\" content=\"Auriga\" \/>\n<meta property=\"article:publisher\" content=\"https:\/\/www.facebook.com\/aurigaspa\" \/>\n<meta property=\"article:modified_time\" content=\"2025-11-11T11:00:28+00:00\" \/>\n<meta property=\"og:image\" content=\"https:\/\/www.aurigaspa.com\/wp-content\/uploads\/banking-intro-anteprima-social-infografica-wws-es.png\" \/>\n\t<meta property=\"og:image:width\" content=\"1200\" \/>\n\t<meta property=\"og:image:height\" content=\"628\" \/>\n\t<meta property=\"og:image:type\" content=\"image\/png\" \/>\n<meta name=\"twitter:card\" content=\"summary_large_image\" \/>\n<meta name=\"twitter:title\" content=\"WinWebServer WWS: la Soluci\u00f3n de Auriga por la Banca Omnicanal\" \/>\n<meta name=\"twitter:description\" content=\"El Software WinWebServer (WWS) es una Soluci\u00f3n Comprobada y Modular que Proporciona Servicios Bancarios Multifunci\u00f3n a trav\u00e9s de Todos los Canales\" \/>\n<meta name=\"twitter:image\" content=\"https:\/\/www.aurigaspa.com\/wp-content\/uploads\/banking-intro-anteprima-social-infografica-wws-es.png\" \/>\n<meta name=\"twitter:label1\" content=\"Tiempo de lectura\" \/>\n\t<meta name=\"twitter:data1\" content=\"4 minutos\" \/>\n<script type=\"application\/ld+json\" class=\"yoast-schema-graph\">{\"@context\":\"https:\\\/\\\/schema.org\",\"@graph\":[{\"@type\":\"WebPage\",\"@id\":\"https:\\\/\\\/www.aurigaspa.com\\\/es\\\/banca\\\/descripcion-general\\\/\",\"url\":\"https:\\\/\\\/www.aurigaspa.com\\\/es\\\/banca\\\/descripcion-general\\\/\",\"name\":\"WinWebServer WWS: la Soluci\u00f3n de Auriga por la Banca Omnicanal\",\"isPartOf\":{\"@id\":\"https:\\\/\\\/www.aurigaspa.com\\\/es\\\/#website\"},\"primaryImageOfPage\":{\"@id\":\"https:\\\/\\\/www.aurigaspa.com\\\/es\\\/banca\\\/descripcion-general\\\/#primaryimage\"},\"image\":{\"@id\":\"https:\\\/\\\/www.aurigaspa.com\\\/es\\\/banca\\\/descripcion-general\\\/#primaryimage\"},\"thumbnailUrl\":\"https:\\\/\\\/www.aurigaspa.com\\\/wp-content\\\/uploads\\\/banking-intro-anteprima-social-infografica-wws-en.png\",\"datePublished\":\"2017-08-22T15:10:22+00:00\",\"dateModified\":\"2025-11-11T11:00:28+00:00\",\"description\":\"El Software WinWebServer (WWS) es una Soluci\u00f3n Comprobada y Modular que Proporciona Servicios Bancarios Multifunci\u00f3n a trav\u00e9s de Todos los Canales\",\"breadcrumb\":{\"@id\":\"https:\\\/\\\/www.aurigaspa.com\\\/es\\\/banca\\\/descripcion-general\\\/#breadcrumb\"},\"inLanguage\":\"es\",\"potentialAction\":[{\"@type\":\"ReadAction\",\"target\":[\"https:\\\/\\\/www.aurigaspa.com\\\/es\\\/banca\\\/descripcion-general\\\/\"]}]},{\"@type\":\"ImageObject\",\"inLanguage\":\"es\",\"@id\":\"https:\\\/\\\/www.aurigaspa.com\\\/es\\\/banca\\\/descripcion-general\\\/#primaryimage\",\"url\":\"https:\\\/\\\/www.aurigaspa.com\\\/wp-content\\\/uploads\\\/banking-intro-anteprima-social-infografica-wws-en.png\",\"contentUrl\":\"https:\\\/\\\/www.aurigaspa.com\\\/wp-content\\\/uploads\\\/banking-intro-anteprima-social-infografica-wws-en.png\",\"width\":1200,\"height\":628},{\"@type\":\"BreadcrumbList\",\"@id\":\"https:\\\/\\\/www.aurigaspa.com\\\/es\\\/banca\\\/descripcion-general\\\/#breadcrumb\",\"itemListElement\":[{\"@type\":\"ListItem\",\"position\":1,\"name\":\"Home\",\"item\":\"https:\\\/\\\/www.aurigaspa.com\\\/es\\\/\"},{\"@type\":\"ListItem\",\"position\":2,\"name\":\"Banca\",\"item\":\"https:\\\/\\\/www.aurigaspa.com\\\/es\\\/banca\\\/\"},{\"@type\":\"ListItem\",\"position\":3,\"name\":\"Descripci\u00f3n general\"}]},{\"@type\":\"WebSite\",\"@id\":\"https:\\\/\\\/www.aurigaspa.com\\\/es\\\/#website\",\"url\":\"https:\\\/\\\/www.aurigaspa.com\\\/es\\\/\",\"name\":\"Auriga\",\"description\":\"The banking evolution\",\"publisher\":{\"@id\":\"https:\\\/\\\/www.aurigaspa.com\\\/es\\\/#organization\"},\"potentialAction\":[{\"@type\":\"SearchAction\",\"target\":{\"@type\":\"EntryPoint\",\"urlTemplate\":\"https:\\\/\\\/www.aurigaspa.com\\\/es\\\/?s={search_term_string}\"},\"query-input\":{\"@type\":\"PropertyValueSpecification\",\"valueRequired\":true,\"valueName\":\"search_term_string\"}}],\"inLanguage\":\"es\"},{\"@type\":\"Organization\",\"@id\":\"https:\\\/\\\/www.aurigaspa.com\\\/es\\\/#organization\",\"name\":\"Auriga\",\"url\":\"https:\\\/\\\/www.aurigaspa.com\\\/es\\\/\",\"logo\":{\"@type\":\"ImageObject\",\"inLanguage\":\"es\",\"@id\":\"https:\\\/\\\/www.aurigaspa.com\\\/es\\\/#\\\/schema\\\/logo\\\/image\\\/\",\"url\":\"https:\\\/\\\/www.aurigaspa.com\\\/wp-content\\\/uploads\\\/marchio_auriga_nopayoff_web.png\",\"contentUrl\":\"https:\\\/\\\/www.aurigaspa.com\\\/wp-content\\\/uploads\\\/marchio_auriga_nopayoff_web.png\",\"width\":660,\"height\":360,\"caption\":\"Auriga\"},\"image\":{\"@id\":\"https:\\\/\\\/www.aurigaspa.com\\\/es\\\/#\\\/schema\\\/logo\\\/image\\\/\"},\"sameAs\":[\"https:\\\/\\\/www.facebook.com\\\/aurigaspa\",\"https:\\\/\\\/www.instagram.com\\\/auriga_the_banking_evolution\\\/\",\"https:\\\/\\\/www.linkedin.com\\\/company\\\/auriga-spa\",\"https:\\\/\\\/www.youtube.com\\\/user\\\/aurigaspacom\"]}]}<\/script>\n<!-- \/ Yoast SEO Premium plugin. -->","yoast_head_json":{"title":"WinWebServer WWS: la Soluci\u00f3n de Auriga por la Banca Omnicanal","description":"El Software WinWebServer (WWS) es una Soluci\u00f3n Comprobada y Modular que Proporciona Servicios Bancarios Multifunci\u00f3n a trav\u00e9s de Todos los Canales","robots":{"index":"index","follow":"follow","max-snippet":"max-snippet:-1","max-image-preview":"max-image-preview:large","max-video-preview":"max-video-preview:-1"},"canonical":"https:\/\/www.aurigaspa.com\/es\/banca\/descripcion-general\/","og_locale":"es_ES","og_type":"article","og_title":"WinWebServer WWS: la Soluci\u00f3n de Auriga por la Banca Omnicanal","og_description":"El Software WinWebServer (WWS) es una Soluci\u00f3n Comprobada y Modular que Proporciona Servicios Bancarios Multifunci\u00f3n a trav\u00e9s de Todos los Canales","og_url":"https:\/\/www.aurigaspa.com\/es\/banca\/descripcion-general\/","og_site_name":"Auriga","article_publisher":"https:\/\/www.facebook.com\/aurigaspa","article_modified_time":"2025-11-11T11:00:28+00:00","og_image":[{"width":1200,"height":628,"url":"https:\/\/www.aurigaspa.com\/wp-content\/uploads\/banking-intro-anteprima-social-infografica-wws-es.png","type":"image\/png"}],"twitter_card":"summary_large_image","twitter_title":"WinWebServer WWS: la Soluci\u00f3n de Auriga por la Banca Omnicanal","twitter_description":"El Software WinWebServer (WWS) es una Soluci\u00f3n Comprobada y Modular que Proporciona Servicios Bancarios Multifunci\u00f3n a trav\u00e9s de Todos los Canales","twitter_image":"https:\/\/www.aurigaspa.com\/wp-content\/uploads\/banking-intro-anteprima-social-infografica-wws-es.png","twitter_misc":{"Tiempo de lectura":"4 minutos"},"schema":{"@context":"https:\/\/schema.org","@graph":[{"@type":"WebPage","@id":"https:\/\/www.aurigaspa.com\/es\/banca\/descripcion-general\/","url":"https:\/\/www.aurigaspa.com\/es\/banca\/descripcion-general\/","name":"WinWebServer WWS: la Soluci\u00f3n de Auriga por la Banca Omnicanal","isPartOf":{"@id":"https:\/\/www.aurigaspa.com\/es\/#website"},"primaryImageOfPage":{"@id":"https:\/\/www.aurigaspa.com\/es\/banca\/descripcion-general\/#primaryimage"},"image":{"@id":"https:\/\/www.aurigaspa.com\/es\/banca\/descripcion-general\/#primaryimage"},"thumbnailUrl":"https:\/\/www.aurigaspa.com\/wp-content\/uploads\/banking-intro-anteprima-social-infografica-wws-en.png","datePublished":"2017-08-22T15:10:22+00:00","dateModified":"2025-11-11T11:00:28+00:00","description":"El Software WinWebServer (WWS) es una Soluci\u00f3n Comprobada y Modular que Proporciona Servicios Bancarios Multifunci\u00f3n a trav\u00e9s de Todos los Canales","breadcrumb":{"@id":"https:\/\/www.aurigaspa.com\/es\/banca\/descripcion-general\/#breadcrumb"},"inLanguage":"es","potentialAction":[{"@type":"ReadAction","target":["https:\/\/www.aurigaspa.com\/es\/banca\/descripcion-general\/"]}]},{"@type":"ImageObject","inLanguage":"es","@id":"https:\/\/www.aurigaspa.com\/es\/banca\/descripcion-general\/#primaryimage","url":"https:\/\/www.aurigaspa.com\/wp-content\/uploads\/banking-intro-anteprima-social-infografica-wws-en.png","contentUrl":"https:\/\/www.aurigaspa.com\/wp-content\/uploads\/banking-intro-anteprima-social-infografica-wws-en.png","width":1200,"height":628},{"@type":"BreadcrumbList","@id":"https:\/\/www.aurigaspa.com\/es\/banca\/descripcion-general\/#breadcrumb","itemListElement":[{"@type":"ListItem","position":1,"name":"Home","item":"https:\/\/www.aurigaspa.com\/es\/"},{"@type":"ListItem","position":2,"name":"Banca","item":"https:\/\/www.aurigaspa.com\/es\/banca\/"},{"@type":"ListItem","position":3,"name":"Descripci\u00f3n general"}]},{"@type":"WebSite","@id":"https:\/\/www.aurigaspa.com\/es\/#website","url":"https:\/\/www.aurigaspa.com\/es\/","name":"Auriga","description":"The banking evolution","publisher":{"@id":"https:\/\/www.aurigaspa.com\/es\/#organization"},"potentialAction":[{"@type":"SearchAction","target":{"@type":"EntryPoint","urlTemplate":"https:\/\/www.aurigaspa.com\/es\/?s={search_term_string}"},"query-input":{"@type":"PropertyValueSpecification","valueRequired":true,"valueName":"search_term_string"}}],"inLanguage":"es"},{"@type":"Organization","@id":"https:\/\/www.aurigaspa.com\/es\/#organization","name":"Auriga","url":"https:\/\/www.aurigaspa.com\/es\/","logo":{"@type":"ImageObject","inLanguage":"es","@id":"https:\/\/www.aurigaspa.com\/es\/#\/schema\/logo\/image\/","url":"https:\/\/www.aurigaspa.com\/wp-content\/uploads\/marchio_auriga_nopayoff_web.png","contentUrl":"https:\/\/www.aurigaspa.com\/wp-content\/uploads\/marchio_auriga_nopayoff_web.png","width":660,"height":360,"caption":"Auriga"},"image":{"@id":"https:\/\/www.aurigaspa.com\/es\/#\/schema\/logo\/image\/"},"sameAs":["https:\/\/www.facebook.com\/aurigaspa","https:\/\/www.instagram.com\/auriga_the_banking_evolution\/","https:\/\/www.linkedin.com\/company\/auriga-spa","https:\/\/www.youtube.com\/user\/aurigaspacom"]}]}},"_links":{"self":[{"href":"https:\/\/www.aurigaspa.com\/es\/wp-json\/wp\/v2\/pages\/32797","targetHints":{"allow":["GET"]}}],"collection":[{"href":"https:\/\/www.aurigaspa.com\/es\/wp-json\/wp\/v2\/pages"}],"about":[{"href":"https:\/\/www.aurigaspa.com\/es\/wp-json\/wp\/v2\/types\/page"}],"author":[{"embeddable":true,"href":"https:\/\/www.aurigaspa.com\/es\/wp-json\/wp\/v2\/users\/1"}],"replies":[{"embeddable":true,"href":"https:\/\/www.aurigaspa.com\/es\/wp-json\/wp\/v2\/comments?post=32797"}],"version-history":[{"count":5,"href":"https:\/\/www.aurigaspa.com\/es\/wp-json\/wp\/v2\/pages\/32797\/revisions"}],"predecessor-version":[{"id":77783,"href":"https:\/\/www.aurigaspa.com\/es\/wp-json\/wp\/v2\/pages\/32797\/revisions\/77783"}],"up":[{"embeddable":true,"href":"https:\/\/www.aurigaspa.com\/es\/wp-json\/wp\/v2\/pages\/32793"}],"wp:featuredmedia":[{"embeddable":true,"href":"https:\/\/www.aurigaspa.com\/es\/wp-json\/wp\/v2\/media\/72659"}],"wp:attachment":[{"href":"https:\/\/www.aurigaspa.com\/es\/wp-json\/wp\/v2\/media?parent=32797"}],"curies":[{"name":"wp","href":"https:\/\/api.w.org\/{rel}","templated":true}]}}