{"id":32755,"date":"2017-08-22T00:00:00","date_gmt":"2017-08-22T00:00:00","guid":{"rendered":"https:\/\/www.aurigaspa.com\/compania\/socios-y-certificaciones\/certificazioni\/"},"modified":"2025-11-11T11:48:42","modified_gmt":"2025-11-11T10:48:42","slug":"certificaciones","status":"publish","type":"page","link":"https:\/\/www.aurigaspa.com\/es\/empresa\/nuestra-red\/certificaciones\/","title":{"rendered":"Certificaciones"},"content":{"rendered":"<h2>Calidad certificada<\/h2>\n<p>Auriga ha obtenido las certificaciones m\u00e1s importantes en el campo de EN ISO, adem\u00e1s de las requeridas por las grandes compa\u00f1\u00edas de servicios bancarios, garantizando a sus clientes el m\u00e1s alto rendimiento de calidad y seguridad.<\/p>\n<div class=\"box_partner\">\n<div class=\"\">\n<p><img loading=\"lazy\" decoding=\"async\" class=\"alignnone\" title=\"Certificaciones Auriga PCI DSS\" src=\"https:\/\/beta.aurigaspa.com\/wp-content\/uploads\/pci_dss.png\" alt=\"Certificaciones Auriga PCI DSS\" width=\"200\" height=\"82\" \/><\/p>\n<h2>PCI SSC &#8211; Payment Card Industry Security Standards Council<\/h2>\n<p>El Est\u00e1ndar de seguridad de datos de aplicaci\u00f3n de pago (PA-DSS) est\u00e1 reconocido a nivel mundial y consiste en una serie de est\u00e1ndares de seguridad.<\/p>\n<p>Estos deben ser respetados por los desarrolladores de aplicaciones de pago y retirada de fondos en lo relativo a procedimientos y sistemas que almacenan, procesan y transmiten datos de la tarjeta durante los pagos y retiradas de efectivo.<\/p>\n<p>La adopci\u00f3n por parte de bancos y procesadores de pagos de aplicaciones certificadas por el PA-DSS les permite reducir el riesgo de robo de datos de la tarjeta, pero tambi\u00e9n les ayuda en el proceso de certificaci\u00f3n PCI DSS y facilita la obtenci\u00f3n del certificado anteriormente mencionado del Consejo de Normas de Seguridad PCI.<\/p>\n<p>En otras palabras, la certificaci\u00f3n PA-DSS asegura que la aplicaci\u00f3n garantiza la seguridad de los datos de los titulares de tarjetas, sin almacenarlos ni memorizarlos (como PAN, registros, c\u00f3digo PIN).<\/p>\n<p>Auriga ha logrado la importante certificaci\u00f3n PA-DSS que otorga el Consejo de Seguridad PCI para sus componentes de cliente y de servidor de su software de arquitectura propietaria, como se informa en el sitio web de la instituci\u00f3n internacional.<\/p>\n <a href=\"\" class=\"btn sm  \" target=\"\">Consulte la certificaci\u00f3n<\/a>\n<\/div>\n[divider_line]\n<div class=\"\">\n<p><img loading=\"lazy\" decoding=\"async\" title=\"Certificaciones Auriga - Bancomat\" src=\"https:\/\/www.aurigaspa.com\/wp-content\/uploads\/Certificaciones-Auriga-Bancomat.png\" alt=\"Certificaciones Auriga - Bancomat\" width=\"300\" height=\"80\" \/><\/p>\n<h2>Bancomat<\/h2>\n<p>BANCOMAT S.p.A.: creado para apoyar la mejora del mercado de tarjetas de pago en Italia, es la corporaci\u00f3n matriz de las redes BANCOMAT y Pago BANCOMAT.<\/p>\n<p>La certificaci\u00f3n BANCOMAT S.p.A. consiste en la evaluaci\u00f3n del cumplimiento de los productos o procesos que utilizan tecnolog\u00eda de microchip de las regulaciones y especificaciones de BANCOMAT y se otorga cuando se superan las correspondientes fases de verificaci\u00f3n.<\/p>\n<p>WWS Client (la aplicaci\u00f3n Smart Client en el cajero autom\u00e1tico) ha obtenido la certificaci\u00f3n de BANCOMAT en cajeros autom\u00e1ticos y dispositivos de autoservicio fabricados por\u00a0<strong>Diebold Nixdorf, KEBA, Nautilus Hyosung, NCR y Sigma.<\/strong><\/p>\n <a href=\"\" class=\"btn sm  \" target=\"\">Ir al sitio web<\/a>\n<\/div>\n[divider_line]\n<div class=\"\">\n<p><img loading=\"lazy\" decoding=\"async\" title=\"Certificaciones Auriga EMVCo\" src=\"https:\/\/beta.aurigaspa.com\/wp-content\/uploads\/emvco_200.png\" alt=\"Certificaciones Auriga EMVCo\" width=\"200\" height=\"42\" \/><\/p>\n<h2>EMVCo &#8211; European, Mastercard and Visa Consortium<\/h2>\n<p>La \u00faltima certificaci\u00f3n <strong>EMVCo Nivel 2<\/strong> de nuestro kernel se obtuvo en julio de 2018, por lo que nuestro Kernel EMVCo cumple con la especificaci\u00f3n <strong>EMV 4.3G<\/strong>.<\/p>\n<p>Adem\u00e1s, Auriga es una empresa participante en la Organizaci\u00f3n EMVCo, para asegurar a nuestros clientes el cumplimiento de los productos con este est\u00e1ndar y fomentar todas las medidas necesarias para responder a las necesidades de los clientes.<\/p>\n <a href=\"\" class=\"btn sm  \" target=\"\">Ir al sitio web<\/a>\n<\/div>\n[divider_line]\n<div class=\"\">\n<p><img loading=\"lazy\" decoding=\"async\" title=\"Certificaciones Auriga Mybank\" src=\"https:\/\/beta.aurigaspa.com\/wp-content\/uploads\/logo-mybank.png\" alt=\"Certificaciones Auriga Mybank\" width=\"133\" height=\"75\" \/><\/p>\n<h2>MyBank<\/h2>\n<p>Auriga est\u00e1 asociada a la iniciativa <a href=\"https:\/\/www.aurigaspa.com\/es\/banca\/productos-y-soluciones\/pagos-electronicos\/mybank\/\">MyBank<\/a>, mantenida por EBA CLEARING, el proveedor paneuropeo de soluciones de infraestructura de pagos propiedad de 64 de los principales bancos que operan en Europa, y ha sido certificada como servicio de enrutamiento y proveedor de servicios de validaci\u00f3n.<\/p>\n <a href=\"\" class=\"btn sm  \" target=\"\">Consulte la certificaci\u00f3n<\/a>\n<\/div>\n[divider_line]\n<div class=\"\">\n<p><img loading=\"lazy\" decoding=\"async\" class=\"alignnone\" title=\"Certificaciones Auriga CBI\" src=\"https:\/\/beta.aurigaspa.com\/wp-content\/uploads\/Consorzio_CBI_200.jpg\" alt=\"Certificaciones Auriga CBI\" width=\"200\" height=\"152\" \/><\/p>\n<h2>Consorzio CBI &#8211; Customer to Business Interaction<\/h2>\n<p>Auriga es el \u00fanico operador no bancario certificado como Estructura T\u00e9cnica Delegada (STD) y como Administrador de Punto de Acceso (GPA) de la red CBI.<\/p>\n <a href=\"\" class=\"btn sm  \" target=\"\">Ir al sitio web<\/a>\n<\/div>\n[divider_line]\n<div class=\"\">\n<p><img loading=\"lazy\" decoding=\"async\" class=\"alignnone\" title=\"Certificaciones Auriga Visa\" src=\"https:\/\/beta.aurigaspa.com\/wp-content\/uploads\/visa_130.png\" alt=\"Certificaciones Auriga Visa\" width=\"130\" height=\"43\" \/><\/p>\n<h2>ADVT-VISA<\/h2>\n<\/div>\n[divider_line]\n<div class=\"\">\n<p><img loading=\"lazy\" decoding=\"async\" class=\"alignnone\" title=\"Certificaciones Auriga Mastercard\" src=\"https:\/\/beta.aurigaspa.com\/wp-content\/uploads\/mastercard_130.png\" alt=\"Certificaciones Auriga Mastercard\" width=\"130\" height=\"111\" \/><\/p>\n<h2>ETEC-Mastercard<\/h2>\n<\/div>\n[divider_line]\n<div class=\"\">\n<p><img loading=\"lazy\" decoding=\"async\" class=\"alignnone wp-image-42975\" title=\"Certificaciones Auriga - ISO 9001 2015\" src=\"https:\/\/beta.aurigaspa.com\/wp-content\/uploads\/Certificazioni-di-Auriga-ISO-9001-2015.png\" alt=\"Certificaciones Auriga - ISO 9001 2015\" width=\"150\" height=\"153\" \/><\/p>\n<h2>EN ISO 9001:2015<\/h2>\n<\/div>\n[divider_line]\n<div class=\"\">\n<p><img loading=\"lazy\" decoding=\"async\" class=\"alignnone wp-image-42965\" title=\"Certificaciones Auriga - ISO 14001 2015\" src=\"https:\/\/beta.aurigaspa.com\/wp-content\/uploads\/Certificazioni-di-Auriga-ISO-14001-2015.png\" alt=\"Certificaciones Auriga - ISO 14001 2015\" width=\"150\" height=\"153\" \/><\/p>\n<h2>EN ISO 14001:2015<\/h2>\n<\/div>\n[divider_line]\n<div class=\"\">\n<p><img loading=\"lazy\" decoding=\"async\" class=\"alignnone\" title=\"Certificaciones Auriga Euro Cert\" src=\"https:\/\/beta.aurigaspa.com\/wp-content\/uploads\/eurocert_logo_120.png\" alt=\"Certificaciones Auriga Euro Cert\" width=\"120\" height=\"120\" \/><\/p>\n<h2>OHSAS 18001:2007<\/h2>\n<\/div>\n<\/div>\n","protected":false},"excerpt":{"rendered":"<p>Calidad certificada Auriga ha obtenido las certificaciones m\u00e1s importantes en el campo de EN ISO, adem\u00e1s de las requeridas por las grandes compa\u00f1\u00edas de servicios bancarios, garantizando a sus clientes el m\u00e1s alto rendimiento de calidad y seguridad. PCI SSC &#8211; Payment Card Industry Security Standards Council El Est\u00e1ndar de seguridad de datos de aplicaci\u00f3n<\/p>\n","protected":false},"author":1,"featured_media":0,"parent":32748,"menu_order":3,"comment_status":"closed","ping_status":"closed","template":"","meta":{"footnotes":""},"class_list":["post-32755","page","type-page","status-publish","hentry"],"yoast_head":"<!-- This site is optimized with the Yoast SEO Premium plugin v27.4 (Yoast SEO v27.4) - https:\/\/yoast.com\/product\/yoast-seo-premium-wordpress\/ -->\n<title>Calidad Certificada: Todas las Certificaciones de Auriga<\/title>\n<meta name=\"description\" content=\"Auriga ha Obtenido las Certificaciones m\u00e1s Importantes en el campo de EN ISO, Adem\u00e1s de las Requeridas por las Grandes Compa\u00f1\u00edas de Servicios Bancarios\" \/>\n<meta name=\"robots\" content=\"index, follow, max-snippet:-1, max-image-preview:large, max-video-preview:-1\" \/>\n<link rel=\"canonical\" href=\"https:\/\/www.aurigaspa.com\/es\/empresa\/nuestra-red\/certificaciones\/\" \/>\n<meta property=\"og:locale\" content=\"es_ES\" \/>\n<meta property=\"og:type\" content=\"article\" \/>\n<meta property=\"og:title\" content=\"Calidad Certificada: Todas las Certificaciones de Auriga\" \/>\n<meta property=\"og:description\" content=\"Auriga ha Obtenido las Certificaciones m\u00e1s Importantes en el campo de EN ISO, Adem\u00e1s de las Requeridas por las Grandes Compa\u00f1\u00edas de Servicios Bancarios\" \/>\n<meta property=\"og:url\" content=\"https:\/\/www.aurigaspa.com\/es\/empresa\/nuestra-red\/certificaciones\/\" \/>\n<meta property=\"og:site_name\" content=\"Auriga\" \/>\n<meta property=\"article:publisher\" content=\"https:\/\/www.facebook.com\/aurigaspa\" \/>\n<meta property=\"article:modified_time\" content=\"2025-11-11T10:48:42+00:00\" \/>\n<meta property=\"og:image\" content=\"https:\/\/www.aurigaspa.com\/wp-content\/uploads\/certificationes.png\" \/>\n\t<meta property=\"og:image:width\" content=\"1200\" \/>\n\t<meta property=\"og:image:height\" content=\"627\" \/>\n\t<meta property=\"og:image:type\" content=\"image\/png\" \/>\n<meta name=\"twitter:card\" content=\"summary_large_image\" \/>\n<meta name=\"twitter:title\" content=\"Certificaciones | Auriga\" \/>\n<meta name=\"twitter:image\" content=\"https:\/\/www.aurigaspa.com\/wp-content\/uploads\/certificationes.png\" \/>\n<meta name=\"twitter:label1\" content=\"Tiempo de lectura\" \/>\n\t<meta name=\"twitter:data1\" content=\"5 minutos\" \/>\n<script type=\"application\/ld+json\" class=\"yoast-schema-graph\">{\"@context\":\"https:\\\/\\\/schema.org\",\"@graph\":[{\"@type\":\"WebPage\",\"@id\":\"https:\\\/\\\/www.aurigaspa.com\\\/es\\\/empresa\\\/nuestra-red\\\/certificaciones\\\/\",\"url\":\"https:\\\/\\\/www.aurigaspa.com\\\/es\\\/empresa\\\/nuestra-red\\\/certificaciones\\\/\",\"name\":\"Calidad Certificada: Todas las Certificaciones de Auriga\",\"isPartOf\":{\"@id\":\"https:\\\/\\\/www.aurigaspa.com\\\/es\\\/#website\"},\"primaryImageOfPage\":{\"@id\":\"https:\\\/\\\/www.aurigaspa.com\\\/es\\\/empresa\\\/nuestra-red\\\/certificaciones\\\/#primaryimage\"},\"image\":{\"@id\":\"https:\\\/\\\/www.aurigaspa.com\\\/es\\\/empresa\\\/nuestra-red\\\/certificaciones\\\/#primaryimage\"},\"thumbnailUrl\":\"https:\\\/\\\/beta.aurigaspa.com\\\/wp-content\\\/uploads\\\/pci_dss.png\",\"datePublished\":\"2017-08-22T00:00:00+00:00\",\"dateModified\":\"2025-11-11T10:48:42+00:00\",\"description\":\"Auriga ha Obtenido las Certificaciones m\u00e1s Importantes en el campo de EN ISO, Adem\u00e1s de las Requeridas por las Grandes Compa\u00f1\u00edas de Servicios Bancarios\",\"breadcrumb\":{\"@id\":\"https:\\\/\\\/www.aurigaspa.com\\\/es\\\/empresa\\\/nuestra-red\\\/certificaciones\\\/#breadcrumb\"},\"inLanguage\":\"es\",\"potentialAction\":[{\"@type\":\"ReadAction\",\"target\":[\"https:\\\/\\\/www.aurigaspa.com\\\/es\\\/empresa\\\/nuestra-red\\\/certificaciones\\\/\"]}]},{\"@type\":\"ImageObject\",\"inLanguage\":\"es\",\"@id\":\"https:\\\/\\\/www.aurigaspa.com\\\/es\\\/empresa\\\/nuestra-red\\\/certificaciones\\\/#primaryimage\",\"url\":\"https:\\\/\\\/beta.aurigaspa.com\\\/wp-content\\\/uploads\\\/pci_dss.png\",\"contentUrl\":\"https:\\\/\\\/beta.aurigaspa.com\\\/wp-content\\\/uploads\\\/pci_dss.png\"},{\"@type\":\"BreadcrumbList\",\"@id\":\"https:\\\/\\\/www.aurigaspa.com\\\/es\\\/empresa\\\/nuestra-red\\\/certificaciones\\\/#breadcrumb\",\"itemListElement\":[{\"@type\":\"ListItem\",\"position\":1,\"name\":\"Home\",\"item\":\"https:\\\/\\\/www.aurigaspa.com\\\/es\\\/\"},{\"@type\":\"ListItem\",\"position\":2,\"name\":\"Empresa\",\"item\":\"https:\\\/\\\/www.aurigaspa.com\\\/es\\\/empresa\\\/\"},{\"@type\":\"ListItem\",\"position\":3,\"name\":\"Nuestra Red\",\"item\":\"https:\\\/\\\/www.aurigaspa.com\\\/es\\\/empresa\\\/nuestra-red\\\/\"},{\"@type\":\"ListItem\",\"position\":4,\"name\":\"Certificaciones\"}]},{\"@type\":\"WebSite\",\"@id\":\"https:\\\/\\\/www.aurigaspa.com\\\/es\\\/#website\",\"url\":\"https:\\\/\\\/www.aurigaspa.com\\\/es\\\/\",\"name\":\"Auriga\",\"description\":\"The banking evolution\",\"publisher\":{\"@id\":\"https:\\\/\\\/www.aurigaspa.com\\\/es\\\/#organization\"},\"potentialAction\":[{\"@type\":\"SearchAction\",\"target\":{\"@type\":\"EntryPoint\",\"urlTemplate\":\"https:\\\/\\\/www.aurigaspa.com\\\/es\\\/?s={search_term_string}\"},\"query-input\":{\"@type\":\"PropertyValueSpecification\",\"valueRequired\":true,\"valueName\":\"search_term_string\"}}],\"inLanguage\":\"es\"},{\"@type\":\"Organization\",\"@id\":\"https:\\\/\\\/www.aurigaspa.com\\\/es\\\/#organization\",\"name\":\"Auriga\",\"url\":\"https:\\\/\\\/www.aurigaspa.com\\\/es\\\/\",\"logo\":{\"@type\":\"ImageObject\",\"inLanguage\":\"es\",\"@id\":\"https:\\\/\\\/www.aurigaspa.com\\\/es\\\/#\\\/schema\\\/logo\\\/image\\\/\",\"url\":\"https:\\\/\\\/www.aurigaspa.com\\\/wp-content\\\/uploads\\\/marchio_auriga_nopayoff_web.png\",\"contentUrl\":\"https:\\\/\\\/www.aurigaspa.com\\\/wp-content\\\/uploads\\\/marchio_auriga_nopayoff_web.png\",\"width\":660,\"height\":360,\"caption\":\"Auriga\"},\"image\":{\"@id\":\"https:\\\/\\\/www.aurigaspa.com\\\/es\\\/#\\\/schema\\\/logo\\\/image\\\/\"},\"sameAs\":[\"https:\\\/\\\/www.facebook.com\\\/aurigaspa\",\"https:\\\/\\\/www.instagram.com\\\/auriga_the_banking_evolution\\\/\",\"https:\\\/\\\/www.linkedin.com\\\/company\\\/auriga-spa\",\"https:\\\/\\\/www.youtube.com\\\/user\\\/aurigaspacom\"]}]}<\/script>\n<!-- \/ Yoast SEO Premium plugin. -->","yoast_head_json":{"title":"Calidad Certificada: Todas las Certificaciones de Auriga","description":"Auriga ha Obtenido las Certificaciones m\u00e1s Importantes en el campo de EN ISO, Adem\u00e1s de las Requeridas por las Grandes Compa\u00f1\u00edas de Servicios Bancarios","robots":{"index":"index","follow":"follow","max-snippet":"max-snippet:-1","max-image-preview":"max-image-preview:large","max-video-preview":"max-video-preview:-1"},"canonical":"https:\/\/www.aurigaspa.com\/es\/empresa\/nuestra-red\/certificaciones\/","og_locale":"es_ES","og_type":"article","og_title":"Calidad Certificada: Todas las Certificaciones de Auriga","og_description":"Auriga ha Obtenido las Certificaciones m\u00e1s Importantes en el campo de EN ISO, Adem\u00e1s de las Requeridas por las Grandes Compa\u00f1\u00edas de Servicios Bancarios","og_url":"https:\/\/www.aurigaspa.com\/es\/empresa\/nuestra-red\/certificaciones\/","og_site_name":"Auriga","article_publisher":"https:\/\/www.facebook.com\/aurigaspa","article_modified_time":"2025-11-11T10:48:42+00:00","og_image":[{"width":1200,"height":627,"url":"https:\/\/www.aurigaspa.com\/wp-content\/uploads\/certificationes.png","type":"image\/png"}],"twitter_card":"summary_large_image","twitter_title":"Certificaciones | Auriga","twitter_image":"https:\/\/www.aurigaspa.com\/wp-content\/uploads\/certificationes.png","twitter_misc":{"Tiempo de lectura":"5 minutos"},"schema":{"@context":"https:\/\/schema.org","@graph":[{"@type":"WebPage","@id":"https:\/\/www.aurigaspa.com\/es\/empresa\/nuestra-red\/certificaciones\/","url":"https:\/\/www.aurigaspa.com\/es\/empresa\/nuestra-red\/certificaciones\/","name":"Calidad Certificada: Todas las Certificaciones de Auriga","isPartOf":{"@id":"https:\/\/www.aurigaspa.com\/es\/#website"},"primaryImageOfPage":{"@id":"https:\/\/www.aurigaspa.com\/es\/empresa\/nuestra-red\/certificaciones\/#primaryimage"},"image":{"@id":"https:\/\/www.aurigaspa.com\/es\/empresa\/nuestra-red\/certificaciones\/#primaryimage"},"thumbnailUrl":"https:\/\/beta.aurigaspa.com\/wp-content\/uploads\/pci_dss.png","datePublished":"2017-08-22T00:00:00+00:00","dateModified":"2025-11-11T10:48:42+00:00","description":"Auriga ha Obtenido las Certificaciones m\u00e1s Importantes en el campo de EN ISO, Adem\u00e1s de las Requeridas por las Grandes Compa\u00f1\u00edas de Servicios Bancarios","breadcrumb":{"@id":"https:\/\/www.aurigaspa.com\/es\/empresa\/nuestra-red\/certificaciones\/#breadcrumb"},"inLanguage":"es","potentialAction":[{"@type":"ReadAction","target":["https:\/\/www.aurigaspa.com\/es\/empresa\/nuestra-red\/certificaciones\/"]}]},{"@type":"ImageObject","inLanguage":"es","@id":"https:\/\/www.aurigaspa.com\/es\/empresa\/nuestra-red\/certificaciones\/#primaryimage","url":"https:\/\/beta.aurigaspa.com\/wp-content\/uploads\/pci_dss.png","contentUrl":"https:\/\/beta.aurigaspa.com\/wp-content\/uploads\/pci_dss.png"},{"@type":"BreadcrumbList","@id":"https:\/\/www.aurigaspa.com\/es\/empresa\/nuestra-red\/certificaciones\/#breadcrumb","itemListElement":[{"@type":"ListItem","position":1,"name":"Home","item":"https:\/\/www.aurigaspa.com\/es\/"},{"@type":"ListItem","position":2,"name":"Empresa","item":"https:\/\/www.aurigaspa.com\/es\/empresa\/"},{"@type":"ListItem","position":3,"name":"Nuestra Red","item":"https:\/\/www.aurigaspa.com\/es\/empresa\/nuestra-red\/"},{"@type":"ListItem","position":4,"name":"Certificaciones"}]},{"@type":"WebSite","@id":"https:\/\/www.aurigaspa.com\/es\/#website","url":"https:\/\/www.aurigaspa.com\/es\/","name":"Auriga","description":"The banking evolution","publisher":{"@id":"https:\/\/www.aurigaspa.com\/es\/#organization"},"potentialAction":[{"@type":"SearchAction","target":{"@type":"EntryPoint","urlTemplate":"https:\/\/www.aurigaspa.com\/es\/?s={search_term_string}"},"query-input":{"@type":"PropertyValueSpecification","valueRequired":true,"valueName":"search_term_string"}}],"inLanguage":"es"},{"@type":"Organization","@id":"https:\/\/www.aurigaspa.com\/es\/#organization","name":"Auriga","url":"https:\/\/www.aurigaspa.com\/es\/","logo":{"@type":"ImageObject","inLanguage":"es","@id":"https:\/\/www.aurigaspa.com\/es\/#\/schema\/logo\/image\/","url":"https:\/\/www.aurigaspa.com\/wp-content\/uploads\/marchio_auriga_nopayoff_web.png","contentUrl":"https:\/\/www.aurigaspa.com\/wp-content\/uploads\/marchio_auriga_nopayoff_web.png","width":660,"height":360,"caption":"Auriga"},"image":{"@id":"https:\/\/www.aurigaspa.com\/es\/#\/schema\/logo\/image\/"},"sameAs":["https:\/\/www.facebook.com\/aurigaspa","https:\/\/www.instagram.com\/auriga_the_banking_evolution\/","https:\/\/www.linkedin.com\/company\/auriga-spa","https:\/\/www.youtube.com\/user\/aurigaspacom"]}]}},"_links":{"self":[{"href":"https:\/\/www.aurigaspa.com\/es\/wp-json\/wp\/v2\/pages\/32755","targetHints":{"allow":["GET"]}}],"collection":[{"href":"https:\/\/www.aurigaspa.com\/es\/wp-json\/wp\/v2\/pages"}],"about":[{"href":"https:\/\/www.aurigaspa.com\/es\/wp-json\/wp\/v2\/types\/page"}],"author":[{"embeddable":true,"href":"https:\/\/www.aurigaspa.com\/es\/wp-json\/wp\/v2\/users\/1"}],"replies":[{"embeddable":true,"href":"https:\/\/www.aurigaspa.com\/es\/wp-json\/wp\/v2\/comments?post=32755"}],"version-history":[{"count":5,"href":"https:\/\/www.aurigaspa.com\/es\/wp-json\/wp\/v2\/pages\/32755\/revisions"}],"predecessor-version":[{"id":77777,"href":"https:\/\/www.aurigaspa.com\/es\/wp-json\/wp\/v2\/pages\/32755\/revisions\/77777"}],"up":[{"embeddable":true,"href":"https:\/\/www.aurigaspa.com\/es\/wp-json\/wp\/v2\/pages\/32748"}],"wp:attachment":[{"href":"https:\/\/www.aurigaspa.com\/es\/wp-json\/wp\/v2\/media?parent=32755"}],"curies":[{"name":"wp","href":"https:\/\/api.w.org\/{rel}","templated":true}]}}