{"id":32752,"date":"2017-08-22T00:00:00","date_gmt":"2017-08-22T00:00:00","guid":{"rendered":"https:\/\/www.aurigaspa.com\/compania\/socios-y-certificaciones\/partnership\/"},"modified":"2026-04-08T11:11:46","modified_gmt":"2026-04-08T10:11:46","slug":"socios","status":"publish","type":"page","link":"https:\/\/www.aurigaspa.com\/es\/empresa\/nuestra-red\/socios\/","title":{"rendered":"Socios"},"content":{"rendered":"<div>\n<div class=\"text_01\">\n<h4 style=\"text-align: left;\">Relaciones valiosas<\/h4>\n<\/div>\n<div>\n<div style=\"text-align: left;\">\n<p>Auriga ha desarrollado alianzas con algunas de las instituciones acad\u00e9micas m\u00e1s reconocidas y es miembro de las principales asociaciones internacionales del sector. Mantiene un importante compromiso para actuar como protagonista l\u00edder en la mejora de la cultura de mercado, la definici\u00f3n de los m\u00e1s innovadores est\u00e1ndares de calidad de los productos y la investigaci\u00f3n y la mejora de nuevos recursos y competencias.<\/p>\n<\/div>\n<div class=\"box_partner\">\n<div>\n<p><img decoding=\"async\" title=\"\" src=\"https:\/\/beta.aurigaspa.com\/wp-content\/uploads\/atmia_logo_rgb_200.png\" alt=\"logo ATMIA\" \/><\/p>\n<p class=\"text_02\">ATM Industry Association, la asociaci\u00f3n de referencia para la industria a nivel internacional, que re\u00fane actualmente a m\u00e1s de 2200 miembros de 60 pa\u00edses.<\/p>\n <a href=\"\" class=\"btn sm  \" target=\"\">Ir al sitio web<\/a>\n<\/div>\n[divider_line]\n<div>\n<p><img decoding=\"async\" title=\"\" src=\"https:\/\/beta.aurigaspa.com\/wp-content\/uploads\/cen_logo_120.png\" alt=\"logo CEN\" \/><\/p>\n<p class=\"text_02\">Aunque el <strong>CEN ISSS\/XFS<\/strong> Aunque el CEN ISSS\/XFS es una entidad de estandarizaci\u00f3n, el conjunto de reglas y especificaciones es obligatorio para poder funcionar en un verdadero entorno de cajeros autom\u00e1ticos compatible con m\u00faltiples proveedores. WWS Client (la aplicaci\u00f3n Smart Client de cajero autom\u00e1tico) cumple totalmente con todas las especificaciones de CEN ISSS\/XFS a partir de la <strong>versi\u00f3n 3.0<\/strong>.<\/p>\n<p>Adem\u00e1s, Auriga es un <strong> miembro principal de WorkShop CEN ISSS\/XFS<\/strong>, asegurando a los clientes que los productos cumplen con este est\u00e1ndar y fomentando todas las medidas necesarias para responder a las necesidades de los clientes.<\/p>\n <a href=\"\" class=\"btn sm  \" target=\"\">Ir al sitio web<\/a>\n<\/div>\n[divider_line]\n<div>\n<p><img decoding=\"async\" title=\"\" src=\"https:\/\/beta.aurigaspa.com\/wp-content\/uploads\/logo_eba.gif\" alt=\"logo EBA\" \/><\/p>\n<p class=\"text_02\">La ABE act\u00faa como centro y red de autoridades nacionales y de la UE en la salvaguarda de valores p\u00fablicos como la estabilidad del sistema financiero, la transparencia de los mercados y la protecci\u00f3n de los depositantes e inversores.<\/p>\n <a href=\"\" class=\"btn sm  \" target=\"\">Ir al sitio web<\/a>\n<\/div>\n[divider_line]\n<div>\n<p><picture><source srcset=\"https:\/\/www.aurigaspa.com\/wp-content\/uploads\/ATM-Security-Association-Partnership.webp\" type=\"image\/webp\"><img decoding=\"async\" class=\"alignnone\" src=\"https:\/\/www.aurigaspa.com\/wp-content\/uploads\/ATM-Security-Association-Partnership.png\" alt=\"ATM Security Association\" \/><\/picture><\/p>\n<h2>ATM Security Association<\/h2>\n<p class=\"text_02\">Auriga es asociado de la ATM Security Association.<\/p>\n<p class=\"text_02\">La asociaci\u00f3n, que forma parte de la red ATMIA, tiene por objeto reunir a los fabricantes y sus proveedores con el objetivo com\u00fan de crear normas independientes para las soluciones de seguridad del sector.<\/p>\n <a href=\"\" class=\"btn sm  \" target=\"\">Ir al sitio web<\/a>\n<\/div>\n[divider_line]\n<div>\n<p><picture><source srcset=\"https:\/\/www.aurigaspa.com\/wp-content\/uploads\/ECSO-marchio.webp\" type=\"image\/webp\"><img decoding=\"async\" class=\"alignnone\" src=\"https:\/\/www.aurigaspa.com\/wp-content\/uploads\/ECSO-marchio.jpg\" alt=\"ECSO\" \/><\/picture><\/p>\n<h2>ECSO &#8211; European Cyber Security Organization<\/h2>\n<p class=\"text_02\">ECSO, organizaci\u00f3n europea cuyo objetivo es desarrollar un ecosistema europeo de seguridad inform\u00e1tica y promover las actividades de investigaci\u00f3n y desarrollo en el \u00e1mbito de la ciberseguridad, para apoyar a una econom\u00eda cada vez m\u00e1s digital.<\/p>\n <a href=\"\" class=\"btn sm  \" target=\"\">Ir al sitio web<\/a>\n<\/div>\n[divider_line]\n<div>\n<p><picture><source srcset=\"https:\/\/www.aurigaspa.com\/wp-content\/uploads\/ATEFI-Marchio.webp\" type=\"image\/webp\"><img decoding=\"async\" class=\"alignnone\" src=\"https:\/\/www.aurigaspa.com\/wp-content\/uploads\/ATEFI-Marchio.jpg\" alt=\"ATEFI logo\" \/><\/picture><\/p>\n<h2>ATEFI<\/h2>\n<p class=\"text_02\">ATEFI es la La Asociaci\u00f3n Latinoamericana de Operadores de Servicios de Transferencia Electr\u00f3nica de Fondos e Informaci\u00f3n. Su misi\u00f3n es la de promover y velar por el intercambio permanente, desarrollo y competitividad de los servicios de transferencia electr\u00f3nica de fondos e informaci\u00f3n del sector financiero en Latinoam\u00e9rica.<\/p>\n <a href=\"\" class=\"btn sm  \" target=\"\">Ir al sitio web<\/a>\n<\/div>\n[divider_line]\n<div>\n<p><img decoding=\"async\" title=\"\" src=\"https:\/\/beta.aurigaspa.com\/wp-content\/uploads\/nexo.png\" alt=\"logo NEXO\" \/><\/p>\n<p class=\"text_02\">Auriga es miembro asociado de Nexo, una asociaci\u00f3n internacional sin \u00e1nimo de lucro fundada por actores clave de la industria. La misi\u00f3n de Nexo es promover la aceptaci\u00f3n generalizada de los protocolos de Nexo, una serie de est\u00e1ndares que garantizan la interoperabilidad entre la aceptaci\u00f3n de tarjetas y la adquisici\u00f3n de soluciones, sistemas de gesti\u00f3n integrados minoristas y de terminales.<\/p>\n <a href=\"\" class=\"btn sm  \" target=\"\">Ir al sitio web<\/a>\n<\/div>\n[divider_line]\n<div>\n<p><img decoding=\"async\" title=\"\" src=\"https:\/\/beta.aurigaspa.com\/wp-content\/uploads\/cabel_logo.png\" alt=\"logo CABEL\" \/><\/p>\n<p class=\"text_02\">Auriga es socio de Cabel IP, la primera empresa en su campo con una propiedad bancaria. Se constituy\u00f3 de acuerdo con la Directiva Europea de Pagos (DSP) y opera desde 2011. Ofrece servicios de pago a empresas, familias y oficinas de la administraci\u00f3n p\u00fablica, directamente y a trav\u00e9s de bancos asociados.<\/p>\n <a href=\"\" class=\"btn sm  \" target=\"\">Ir al sitio web<\/a>\n<\/div>\n[divider_line]\n<div>\n<p><img decoding=\"async\" title=\"\" src=\"https:\/\/beta.aurigaspa.com\/wp-content\/uploads\/uniba-wecanjob_280.jpg\" alt=\"logo UNIBA\" \/><\/p>\n<p class=\"text_02\">Universit\u00e0 degli Studi di Bari (Universidad de Bari)<\/p>\n <a href=\"\" class=\"btn sm  \" target=\"\">Ir al sitio web<\/a>\n<\/div>\n[divider_line]\n<div>\n<p><img decoding=\"async\" title=\"\" src=\"https:\/\/beta.aurigaspa.com\/wp-content\/uploads\/distretto_produttivo_informatica_rit.png\" alt=\"logo distretto produttivo dell'informatica\" \/><\/p>\n<p><strong>Distrito de Producci\u00f3n de Tecnolog\u00eda de la Informaci\u00f3n<\/strong><\/p>\n<p>Auriga forma parte del Distretto Produttivo dell&#8217;Informatica (Distrito de Producci\u00f3n de Tecnolog\u00eda de la Informaci\u00f3n), una red de empresas de TI reconocida por la regi\u00f3n de Puglia, cuyo objetivo es el desarrollo y la promoci\u00f3n de empresas miembro que creen en la econom\u00eda digital y su capacidad para innovar en procesos de transformaci\u00f3n e interacci\u00f3n social.<\/p>\n <a href=\"\" class=\"btn sm  \" target=\"\">Ir al sitio web<\/a>\n<\/div>\n[divider_line]\n<div>\n<p><img decoding=\"async\" title=\"\" src=\"https:\/\/beta.aurigaspa.com\/wp-content\/uploads\/daisynet.png\" alt=\"logo daisy-net\" \/><\/p>\n<p class=\"text_02\"><strong>Daisy-Net<\/strong><\/p>\n<p class=\"text_02\">En 2010 Auriga se inscribi\u00f3 para participar en el capital social de Daisy Net S.c.a.r.l., una empresa que representa un consorcio sin fines de lucro y cuya misi\u00f3n es mejorar el valor de las habilidades y la experiencia desarrolladas por los centros de investigaci\u00f3n y universidades de Puglia en el campo de las TIC.<\/p>\n <a href=\"\" class=\"btn sm  \" target=\"\">Ir al sitio web<\/a>\n<\/div>\n<\/div>\n<\/div>\n<\/div>\n","protected":false},"excerpt":{"rendered":"<p>Relaciones valiosas Auriga ha desarrollado alianzas con algunas de las instituciones acad\u00e9micas m\u00e1s reconocidas y es miembro de las principales asociaciones internacionales del sector. Mantiene un importante compromiso para actuar como protagonista l\u00edder en la mejora de la cultura de mercado, la definici\u00f3n de los m\u00e1s innovadores est\u00e1ndares de calidad de los productos y la<\/p>\n","protected":false},"author":1,"featured_media":0,"parent":32748,"menu_order":1,"comment_status":"closed","ping_status":"closed","template":"","meta":{"footnotes":""},"class_list":["post-32752","page","type-page","status-publish","hentry"],"yoast_head":"<!-- This site is optimized with the Yoast SEO Premium plugin v27.5 (Yoast SEO v27.5) - https:\/\/yoast.com\/product\/yoast-seo-premium-wordpress\/ -->\n<title>Socios Tecnol\u00f3gicos de Banca Digital | Auriga<\/title>\n<meta name=\"description\" content=\"Descubre los socios tecnol\u00f3gicos de Auriga y su ecosistema de banca digital. Alianzas estrat\u00e9gicas para innovar en servicios financieros.\" \/>\n<meta name=\"robots\" content=\"index, follow, max-snippet:-1, max-image-preview:large, max-video-preview:-1\" \/>\n<link rel=\"canonical\" href=\"https:\/\/www.aurigaspa.com\/es\/empresa\/nuestra-red\/socios\/\" \/>\n<meta property=\"og:locale\" content=\"es_ES\" \/>\n<meta property=\"og:type\" content=\"article\" \/>\n<meta property=\"og:title\" content=\"Socios Tecnol\u00f3gicos de Banca Digital | Auriga\" \/>\n<meta property=\"og:description\" content=\"Descubre los socios tecnol\u00f3gicos de Auriga y su ecosistema de banca digital. Alianzas estrat\u00e9gicas para innovar en servicios financieros.\" \/>\n<meta property=\"og:url\" content=\"https:\/\/www.aurigaspa.com\/es\/empresa\/nuestra-red\/socios\/\" \/>\n<meta property=\"og:site_name\" content=\"Auriga\" \/>\n<meta property=\"article:publisher\" content=\"https:\/\/www.facebook.com\/aurigaspa\" \/>\n<meta property=\"article:modified_time\" content=\"2026-04-08T10:11:46+00:00\" \/>\n<meta property=\"og:image\" content=\"https:\/\/www.aurigaspa.com\/wp-content\/uploads\/socios.png\" \/>\n\t<meta property=\"og:image:width\" content=\"1200\" \/>\n\t<meta property=\"og:image:height\" content=\"627\" \/>\n\t<meta property=\"og:image:type\" content=\"image\/jpeg\" \/>\n<meta name=\"twitter:card\" content=\"summary_large_image\" \/>\n<meta name=\"twitter:title\" content=\"Socios Tecnol\u00f3gicos de Banca Digital | Auriga\" \/>\n<meta name=\"twitter:description\" content=\"Descubre los socios tecnol\u00f3gicos de Auriga y su ecosistema de banca digital. Alianzas estrat\u00e9gicas para innovar en servicios financieros.\" \/>\n<meta name=\"twitter:image\" content=\"https:\/\/www.aurigaspa.com\/wp-content\/uploads\/socios.png\" \/>\n<meta name=\"twitter:label1\" content=\"Tiempo de lectura\" \/>\n\t<meta name=\"twitter:data1\" content=\"6 minutos\" \/>\n<script type=\"application\/ld+json\" class=\"yoast-schema-graph\">{\"@context\":\"https:\\\/\\\/schema.org\",\"@graph\":[{\"@type\":\"WebPage\",\"@id\":\"https:\\\/\\\/www.aurigaspa.com\\\/es\\\/empresa\\\/nuestra-red\\\/socios\\\/\",\"url\":\"https:\\\/\\\/www.aurigaspa.com\\\/es\\\/empresa\\\/nuestra-red\\\/socios\\\/\",\"name\":\"Socios Tecnol\u00f3gicos de Banca Digital | Auriga\",\"isPartOf\":{\"@id\":\"https:\\\/\\\/www.aurigaspa.com\\\/es\\\/#website\"},\"primaryImageOfPage\":{\"@id\":\"https:\\\/\\\/www.aurigaspa.com\\\/es\\\/empresa\\\/nuestra-red\\\/socios\\\/#primaryimage\"},\"image\":{\"@id\":\"https:\\\/\\\/www.aurigaspa.com\\\/es\\\/empresa\\\/nuestra-red\\\/socios\\\/#primaryimage\"},\"thumbnailUrl\":\"https:\\\/\\\/beta.aurigaspa.com\\\/wp-content\\\/uploads\\\/atmia_logo_rgb_200.png\",\"datePublished\":\"2017-08-22T00:00:00+00:00\",\"dateModified\":\"2026-04-08T10:11:46+00:00\",\"description\":\"Descubre los socios tecnol\u00f3gicos de Auriga y su ecosistema de banca digital. Alianzas estrat\u00e9gicas para innovar en servicios financieros.\",\"breadcrumb\":{\"@id\":\"https:\\\/\\\/www.aurigaspa.com\\\/es\\\/empresa\\\/nuestra-red\\\/socios\\\/#breadcrumb\"},\"inLanguage\":\"es\",\"potentialAction\":[{\"@type\":\"ReadAction\",\"target\":[\"https:\\\/\\\/www.aurigaspa.com\\\/es\\\/empresa\\\/nuestra-red\\\/socios\\\/\"]}]},{\"@type\":\"ImageObject\",\"inLanguage\":\"es\",\"@id\":\"https:\\\/\\\/www.aurigaspa.com\\\/es\\\/empresa\\\/nuestra-red\\\/socios\\\/#primaryimage\",\"url\":\"https:\\\/\\\/beta.aurigaspa.com\\\/wp-content\\\/uploads\\\/atmia_logo_rgb_200.png\",\"contentUrl\":\"https:\\\/\\\/beta.aurigaspa.com\\\/wp-content\\\/uploads\\\/atmia_logo_rgb_200.png\"},{\"@type\":\"BreadcrumbList\",\"@id\":\"https:\\\/\\\/www.aurigaspa.com\\\/es\\\/empresa\\\/nuestra-red\\\/socios\\\/#breadcrumb\",\"itemListElement\":[{\"@type\":\"ListItem\",\"position\":1,\"name\":\"Home\",\"item\":\"https:\\\/\\\/www.aurigaspa.com\\\/es\\\/\"},{\"@type\":\"ListItem\",\"position\":2,\"name\":\"Empresa\",\"item\":\"https:\\\/\\\/www.aurigaspa.com\\\/es\\\/empresa\\\/\"},{\"@type\":\"ListItem\",\"position\":3,\"name\":\"Nuestra Red\",\"item\":\"https:\\\/\\\/www.aurigaspa.com\\\/es\\\/empresa\\\/nuestra-red\\\/\"},{\"@type\":\"ListItem\",\"position\":4,\"name\":\"Socios\"}]},{\"@type\":\"WebSite\",\"@id\":\"https:\\\/\\\/www.aurigaspa.com\\\/es\\\/#website\",\"url\":\"https:\\\/\\\/www.aurigaspa.com\\\/es\\\/\",\"name\":\"Auriga\",\"description\":\"The banking evolution\",\"publisher\":{\"@id\":\"https:\\\/\\\/www.aurigaspa.com\\\/es\\\/#organization\"},\"potentialAction\":[{\"@type\":\"SearchAction\",\"target\":{\"@type\":\"EntryPoint\",\"urlTemplate\":\"https:\\\/\\\/www.aurigaspa.com\\\/es\\\/?s={search_term_string}\"},\"query-input\":{\"@type\":\"PropertyValueSpecification\",\"valueRequired\":true,\"valueName\":\"search_term_string\"}}],\"inLanguage\":\"es\"},{\"@type\":\"Organization\",\"@id\":\"https:\\\/\\\/www.aurigaspa.com\\\/es\\\/#organization\",\"name\":\"Auriga\",\"url\":\"https:\\\/\\\/www.aurigaspa.com\\\/es\\\/\",\"logo\":{\"@type\":\"ImageObject\",\"inLanguage\":\"es\",\"@id\":\"https:\\\/\\\/www.aurigaspa.com\\\/es\\\/#\\\/schema\\\/logo\\\/image\\\/\",\"url\":\"https:\\\/\\\/www.aurigaspa.com\\\/wp-content\\\/uploads\\\/marchio_auriga_nopayoff_web.png\",\"contentUrl\":\"https:\\\/\\\/www.aurigaspa.com\\\/wp-content\\\/uploads\\\/marchio_auriga_nopayoff_web.png\",\"width\":660,\"height\":360,\"caption\":\"Auriga\"},\"image\":{\"@id\":\"https:\\\/\\\/www.aurigaspa.com\\\/es\\\/#\\\/schema\\\/logo\\\/image\\\/\"},\"sameAs\":[\"https:\\\/\\\/www.facebook.com\\\/aurigaspa\",\"https:\\\/\\\/www.instagram.com\\\/auriga_the_banking_evolution\\\/\",\"https:\\\/\\\/www.linkedin.com\\\/company\\\/auriga-spa\",\"https:\\\/\\\/www.youtube.com\\\/user\\\/aurigaspacom\"]}]}<\/script>\n<!-- \/ Yoast SEO Premium plugin. -->","yoast_head_json":{"title":"Socios Tecnol\u00f3gicos de Banca Digital | Auriga","description":"Descubre los socios tecnol\u00f3gicos de Auriga y su ecosistema de banca digital. Alianzas estrat\u00e9gicas para innovar en servicios financieros.","robots":{"index":"index","follow":"follow","max-snippet":"max-snippet:-1","max-image-preview":"max-image-preview:large","max-video-preview":"max-video-preview:-1"},"canonical":"https:\/\/www.aurigaspa.com\/es\/empresa\/nuestra-red\/socios\/","og_locale":"es_ES","og_type":"article","og_title":"Socios Tecnol\u00f3gicos de Banca Digital | Auriga","og_description":"Descubre los socios tecnol\u00f3gicos de Auriga y su ecosistema de banca digital. Alianzas estrat\u00e9gicas para innovar en servicios financieros.","og_url":"https:\/\/www.aurigaspa.com\/es\/empresa\/nuestra-red\/socios\/","og_site_name":"Auriga","article_publisher":"https:\/\/www.facebook.com\/aurigaspa","article_modified_time":"2026-04-08T10:11:46+00:00","og_image":[{"width":1200,"height":627,"url":"https:\/\/www.aurigaspa.com\/wp-content\/uploads\/socios.png","type":"image\/jpeg"}],"twitter_card":"summary_large_image","twitter_title":"Socios Tecnol\u00f3gicos de Banca Digital | Auriga","twitter_description":"Descubre los socios tecnol\u00f3gicos de Auriga y su ecosistema de banca digital. Alianzas estrat\u00e9gicas para innovar en servicios financieros.","twitter_image":"https:\/\/www.aurigaspa.com\/wp-content\/uploads\/socios.png","twitter_misc":{"Tiempo de lectura":"6 minutos"},"schema":{"@context":"https:\/\/schema.org","@graph":[{"@type":"WebPage","@id":"https:\/\/www.aurigaspa.com\/es\/empresa\/nuestra-red\/socios\/","url":"https:\/\/www.aurigaspa.com\/es\/empresa\/nuestra-red\/socios\/","name":"Socios Tecnol\u00f3gicos de Banca Digital | Auriga","isPartOf":{"@id":"https:\/\/www.aurigaspa.com\/es\/#website"},"primaryImageOfPage":{"@id":"https:\/\/www.aurigaspa.com\/es\/empresa\/nuestra-red\/socios\/#primaryimage"},"image":{"@id":"https:\/\/www.aurigaspa.com\/es\/empresa\/nuestra-red\/socios\/#primaryimage"},"thumbnailUrl":"https:\/\/beta.aurigaspa.com\/wp-content\/uploads\/atmia_logo_rgb_200.png","datePublished":"2017-08-22T00:00:00+00:00","dateModified":"2026-04-08T10:11:46+00:00","description":"Descubre los socios tecnol\u00f3gicos de Auriga y su ecosistema de banca digital. Alianzas estrat\u00e9gicas para innovar en servicios financieros.","breadcrumb":{"@id":"https:\/\/www.aurigaspa.com\/es\/empresa\/nuestra-red\/socios\/#breadcrumb"},"inLanguage":"es","potentialAction":[{"@type":"ReadAction","target":["https:\/\/www.aurigaspa.com\/es\/empresa\/nuestra-red\/socios\/"]}]},{"@type":"ImageObject","inLanguage":"es","@id":"https:\/\/www.aurigaspa.com\/es\/empresa\/nuestra-red\/socios\/#primaryimage","url":"https:\/\/beta.aurigaspa.com\/wp-content\/uploads\/atmia_logo_rgb_200.png","contentUrl":"https:\/\/beta.aurigaspa.com\/wp-content\/uploads\/atmia_logo_rgb_200.png"},{"@type":"BreadcrumbList","@id":"https:\/\/www.aurigaspa.com\/es\/empresa\/nuestra-red\/socios\/#breadcrumb","itemListElement":[{"@type":"ListItem","position":1,"name":"Home","item":"https:\/\/www.aurigaspa.com\/es\/"},{"@type":"ListItem","position":2,"name":"Empresa","item":"https:\/\/www.aurigaspa.com\/es\/empresa\/"},{"@type":"ListItem","position":3,"name":"Nuestra Red","item":"https:\/\/www.aurigaspa.com\/es\/empresa\/nuestra-red\/"},{"@type":"ListItem","position":4,"name":"Socios"}]},{"@type":"WebSite","@id":"https:\/\/www.aurigaspa.com\/es\/#website","url":"https:\/\/www.aurigaspa.com\/es\/","name":"Auriga","description":"The banking evolution","publisher":{"@id":"https:\/\/www.aurigaspa.com\/es\/#organization"},"potentialAction":[{"@type":"SearchAction","target":{"@type":"EntryPoint","urlTemplate":"https:\/\/www.aurigaspa.com\/es\/?s={search_term_string}"},"query-input":{"@type":"PropertyValueSpecification","valueRequired":true,"valueName":"search_term_string"}}],"inLanguage":"es"},{"@type":"Organization","@id":"https:\/\/www.aurigaspa.com\/es\/#organization","name":"Auriga","url":"https:\/\/www.aurigaspa.com\/es\/","logo":{"@type":"ImageObject","inLanguage":"es","@id":"https:\/\/www.aurigaspa.com\/es\/#\/schema\/logo\/image\/","url":"https:\/\/www.aurigaspa.com\/wp-content\/uploads\/marchio_auriga_nopayoff_web.png","contentUrl":"https:\/\/www.aurigaspa.com\/wp-content\/uploads\/marchio_auriga_nopayoff_web.png","width":660,"height":360,"caption":"Auriga"},"image":{"@id":"https:\/\/www.aurigaspa.com\/es\/#\/schema\/logo\/image\/"},"sameAs":["https:\/\/www.facebook.com\/aurigaspa","https:\/\/www.instagram.com\/auriga_the_banking_evolution\/","https:\/\/www.linkedin.com\/company\/auriga-spa","https:\/\/www.youtube.com\/user\/aurigaspacom"]}]}},"_links":{"self":[{"href":"https:\/\/www.aurigaspa.com\/es\/wp-json\/wp\/v2\/pages\/32752","targetHints":{"allow":["GET"]}}],"collection":[{"href":"https:\/\/www.aurigaspa.com\/es\/wp-json\/wp\/v2\/pages"}],"about":[{"href":"https:\/\/www.aurigaspa.com\/es\/wp-json\/wp\/v2\/types\/page"}],"author":[{"embeddable":true,"href":"https:\/\/www.aurigaspa.com\/es\/wp-json\/wp\/v2\/users\/1"}],"replies":[{"embeddable":true,"href":"https:\/\/www.aurigaspa.com\/es\/wp-json\/wp\/v2\/comments?post=32752"}],"version-history":[{"count":7,"href":"https:\/\/www.aurigaspa.com\/es\/wp-json\/wp\/v2\/pages\/32752\/revisions"}],"predecessor-version":[{"id":80036,"href":"https:\/\/www.aurigaspa.com\/es\/wp-json\/wp\/v2\/pages\/32752\/revisions\/80036"}],"up":[{"embeddable":true,"href":"https:\/\/www.aurigaspa.com\/es\/wp-json\/wp\/v2\/pages\/32748"}],"wp:attachment":[{"href":"https:\/\/www.aurigaspa.com\/es\/wp-json\/wp\/v2\/media?parent=32752"}],"curies":[{"name":"wp","href":"https:\/\/api.w.org\/{rel}","templated":true}]}}