{"id":32744,"date":"2017-08-22T09:28:24","date_gmt":"2017-08-22T09:28:24","guid":{"rendered":"https:\/\/www.aurigaspa.com\/compania\/la-nostra-forza\/"},"modified":"2025-11-11T11:10:52","modified_gmt":"2025-11-11T10:10:52","slug":"valores","status":"publish","type":"page","link":"https:\/\/www.aurigaspa.com\/es\/empresa\/valores\/","title":{"rendered":"Nuestros Valores"},"content":{"rendered":"<h2>En l\u00ednea con el futuro<\/h2>\n<p>Hablamos el idioma de la web. Estamos en el centro de los modelos m\u00e1s innovadores de la econom\u00eda digital, creando una asociaci\u00f3n con nuestros clientes, con el fin de satisfacer las nuevas necesidades de consumo y uso de los servicios.<\/p>\n<h3 style=\"text-align: left;\"><span class=\"text_05\">Win Win<\/span><\/h3>\n<p style=\"text-align: left;\"><strong>Somos conscientes de que el \u00e9xito de nuestros clientes es nuestro \u00e9xito.<\/strong> Trabajamos diariamente para analizar necesidades, compartir conocimiento y crear productos de los m\u00e1s altos niveles de calidad.<\/p>\n<h3 style=\"text-align: left;\"><span class=\"text_05\">Flexible<\/span><\/h3>\n<p style=\"text-align: left;\"><strong>Estamos listos para responder a cada solicitud<\/strong>, desde grandes sistemas para la gesti\u00f3n integrada y global de procesos, hasta software para la gesti\u00f3n de servicios individuales, con soluciones cada vez m\u00e1s personalizadas.<\/p>\n<h3 style=\"text-align: left;\"><span class=\"text_05\">Orientado a lo digital<\/span><\/h3>\n<p style=\"text-align: left;\"><strong>Sabemos que \u00ablo digital\u00bb no es una mera tecnolog\u00eda<\/strong>, sino una nueva forma de ser y de pensar que cambia los patrones de las relaciones entre las empresas y sus clientes.<\/p>\n<h3 style=\"text-align: left;\"><span class=\"text_05\">Innovador<\/span><\/h3>\n<p style=\"text-align: left;\"><strong>Trabajamos de forma continua para mantenernos al paso de un mercado que evoluciona r\u00e1pidamente.<\/strong> Creamos innovaci\u00f3n, hacemos inversiones constantes en investigaci\u00f3n para proporcionar al mercado herramientas que permitan conseguir y conservar altos niveles de ventaja competitiva.<\/p>\n<h3 style=\"text-align: left;\"><span class=\"text_05\">Orientado a las personas<\/span><\/h3>\n<p style=\"text-align: left;\"><strong>Creemos que el valor de la empresa reside en sus personas.<\/strong> Alentamos el entusiasmo, la competencia, el <a href=\"https:\/\/www.aurigaspa.com\/es\/carreras\/trabaja-con-nosostros\/\" target=\"_blank\" rel=\"noopener noreferrer\">trabajo en equipo<\/a> y un modelo de \u00abinteligencia colectiva\u00bb que permitir\u00e1 nuestro \u00e9xito futuro continuo.<\/p>\n<h3 style=\"text-align: left;\"><strong><span class=\"text_05\">Italiano<\/span><\/strong><\/h3>\n<p style=\"text-align: left;\"><strong>Queremos ser reconocidos en todo el mundo como ejemplo de excelencia italiana.<\/strong> Somos parte de una cultura que nos fortalece y es apreciada en todo el mundo por su experiencia y creatividad.<\/p>\n","protected":false},"excerpt":{"rendered":"<p>En l\u00ednea con el futuro Hablamos el idioma de la web. Estamos en el centro de los modelos m\u00e1s innovadores de la econom\u00eda digital, creando una asociaci\u00f3n con nuestros clientes, con el fin de satisfacer las nuevas necesidades de consumo y uso de los servicios. Win Win Somos conscientes de que el \u00e9xito de nuestros<\/p>\n","protected":false},"author":1,"featured_media":0,"parent":32734,"menu_order":2,"comment_status":"closed","ping_status":"closed","template":"","meta":{"footnotes":""},"class_list":["post-32744","page","type-page","status-publish","hentry"],"yoast_head":"<!-- This site is optimized with the Yoast SEO Premium plugin v27.4 (Yoast SEO v27.4) - https:\/\/yoast.com\/product\/yoast-seo-premium-wordpress\/ -->\n<title>Lo &quot;Digital&quot; no es una Mera Tecnolog\u00eda - Descubre los Valores de Auriga<\/title>\n<meta name=\"description\" content=\"Estamos en el Centro de los Modelos M\u00e1s Innovadores de la Econom\u00eda Digital con el fin de Satisfacer las Nuevas Necesidades de Consumo\" \/>\n<meta name=\"robots\" content=\"index, follow, max-snippet:-1, max-image-preview:large, max-video-preview:-1\" \/>\n<link rel=\"canonical\" href=\"https:\/\/www.aurigaspa.com\/es\/empresa\/valores\/\" \/>\n<meta property=\"og:locale\" content=\"es_ES\" \/>\n<meta property=\"og:type\" content=\"article\" \/>\n<meta property=\"og:title\" content=\"Lo &quot;Digital&quot; no es una Mera Tecnolog\u00eda - Descubre los Valores de Auriga\" \/>\n<meta property=\"og:description\" content=\"Estamos en el Centro de los Modelos M\u00e1s Innovadores de la Econom\u00eda Digital con el fin de Satisfacer las Nuevas Necesidades de Consumo\" \/>\n<meta property=\"og:url\" content=\"https:\/\/www.aurigaspa.com\/es\/empresa\/valores\/\" \/>\n<meta property=\"og:site_name\" content=\"Auriga\" \/>\n<meta property=\"article:publisher\" content=\"https:\/\/www.facebook.com\/aurigaspa\" \/>\n<meta property=\"article:modified_time\" content=\"2025-11-11T10:10:52+00:00\" \/>\n<meta property=\"og:image\" content=\"https:\/\/www.aurigaspa.com\/wp-content\/uploads\/valores.png\" \/>\n\t<meta property=\"og:image:width\" content=\"1200\" \/>\n\t<meta property=\"og:image:height\" content=\"627\" \/>\n\t<meta property=\"og:image:type\" content=\"image\/png\" \/>\n<meta name=\"twitter:card\" content=\"summary_large_image\" \/>\n<meta name=\"twitter:title\" content=\"Lo &quot;Digital&quot; no es una Mera Tecnolog\u00eda - Descubre los Valores de Auriga\" \/>\n<meta name=\"twitter:description\" content=\"Estamos en el Centro de los Modelos M\u00e1s Innovadores de la Econom\u00eda Digital con el fin de Satisfacer las Nuevas Necesidades de Consumo\" \/>\n<meta name=\"twitter:label1\" content=\"Tiempo de lectura\" \/>\n\t<meta name=\"twitter:data1\" content=\"2 minutos\" \/>\n<script type=\"application\/ld+json\" class=\"yoast-schema-graph\">{\"@context\":\"https:\\\/\\\/schema.org\",\"@graph\":[{\"@type\":\"WebPage\",\"@id\":\"https:\\\/\\\/www.aurigaspa.com\\\/es\\\/empresa\\\/valores\\\/\",\"url\":\"https:\\\/\\\/www.aurigaspa.com\\\/es\\\/empresa\\\/valores\\\/\",\"name\":\"Lo \\\"Digital\\\" no es una Mera Tecnolog\u00eda - Descubre los Valores de Auriga\",\"isPartOf\":{\"@id\":\"https:\\\/\\\/www.aurigaspa.com\\\/es\\\/#website\"},\"datePublished\":\"2017-08-22T09:28:24+00:00\",\"dateModified\":\"2025-11-11T10:10:52+00:00\",\"description\":\"Estamos en el Centro de los Modelos M\u00e1s Innovadores de la Econom\u00eda Digital con el fin de Satisfacer las Nuevas Necesidades de Consumo\",\"breadcrumb\":{\"@id\":\"https:\\\/\\\/www.aurigaspa.com\\\/es\\\/empresa\\\/valores\\\/#breadcrumb\"},\"inLanguage\":\"es\",\"potentialAction\":[{\"@type\":\"ReadAction\",\"target\":[\"https:\\\/\\\/www.aurigaspa.com\\\/es\\\/empresa\\\/valores\\\/\"]}]},{\"@type\":\"BreadcrumbList\",\"@id\":\"https:\\\/\\\/www.aurigaspa.com\\\/es\\\/empresa\\\/valores\\\/#breadcrumb\",\"itemListElement\":[{\"@type\":\"ListItem\",\"position\":1,\"name\":\"Home\",\"item\":\"https:\\\/\\\/www.aurigaspa.com\\\/es\\\/\"},{\"@type\":\"ListItem\",\"position\":2,\"name\":\"Empresa\",\"item\":\"https:\\\/\\\/www.aurigaspa.com\\\/es\\\/empresa\\\/\"},{\"@type\":\"ListItem\",\"position\":3,\"name\":\"Nuestros Valores\"}]},{\"@type\":\"WebSite\",\"@id\":\"https:\\\/\\\/www.aurigaspa.com\\\/es\\\/#website\",\"url\":\"https:\\\/\\\/www.aurigaspa.com\\\/es\\\/\",\"name\":\"Auriga\",\"description\":\"The banking evolution\",\"publisher\":{\"@id\":\"https:\\\/\\\/www.aurigaspa.com\\\/es\\\/#organization\"},\"potentialAction\":[{\"@type\":\"SearchAction\",\"target\":{\"@type\":\"EntryPoint\",\"urlTemplate\":\"https:\\\/\\\/www.aurigaspa.com\\\/es\\\/?s={search_term_string}\"},\"query-input\":{\"@type\":\"PropertyValueSpecification\",\"valueRequired\":true,\"valueName\":\"search_term_string\"}}],\"inLanguage\":\"es\"},{\"@type\":\"Organization\",\"@id\":\"https:\\\/\\\/www.aurigaspa.com\\\/es\\\/#organization\",\"name\":\"Auriga\",\"url\":\"https:\\\/\\\/www.aurigaspa.com\\\/es\\\/\",\"logo\":{\"@type\":\"ImageObject\",\"inLanguage\":\"es\",\"@id\":\"https:\\\/\\\/www.aurigaspa.com\\\/es\\\/#\\\/schema\\\/logo\\\/image\\\/\",\"url\":\"https:\\\/\\\/www.aurigaspa.com\\\/wp-content\\\/uploads\\\/marchio_auriga_nopayoff_web.png\",\"contentUrl\":\"https:\\\/\\\/www.aurigaspa.com\\\/wp-content\\\/uploads\\\/marchio_auriga_nopayoff_web.png\",\"width\":660,\"height\":360,\"caption\":\"Auriga\"},\"image\":{\"@id\":\"https:\\\/\\\/www.aurigaspa.com\\\/es\\\/#\\\/schema\\\/logo\\\/image\\\/\"},\"sameAs\":[\"https:\\\/\\\/www.facebook.com\\\/aurigaspa\",\"https:\\\/\\\/www.instagram.com\\\/auriga_the_banking_evolution\\\/\",\"https:\\\/\\\/www.linkedin.com\\\/company\\\/auriga-spa\",\"https:\\\/\\\/www.youtube.com\\\/user\\\/aurigaspacom\"]}]}<\/script>\n<!-- \/ Yoast SEO Premium plugin. -->","yoast_head_json":{"title":"Lo \"Digital\" no es una Mera Tecnolog\u00eda - Descubre los Valores de Auriga","description":"Estamos en el Centro de los Modelos M\u00e1s Innovadores de la Econom\u00eda Digital con el fin de Satisfacer las Nuevas Necesidades de Consumo","robots":{"index":"index","follow":"follow","max-snippet":"max-snippet:-1","max-image-preview":"max-image-preview:large","max-video-preview":"max-video-preview:-1"},"canonical":"https:\/\/www.aurigaspa.com\/es\/empresa\/valores\/","og_locale":"es_ES","og_type":"article","og_title":"Lo \"Digital\" no es una Mera Tecnolog\u00eda - Descubre los Valores de Auriga","og_description":"Estamos en el Centro de los Modelos M\u00e1s Innovadores de la Econom\u00eda Digital con el fin de Satisfacer las Nuevas Necesidades de Consumo","og_url":"https:\/\/www.aurigaspa.com\/es\/empresa\/valores\/","og_site_name":"Auriga","article_publisher":"https:\/\/www.facebook.com\/aurigaspa","article_modified_time":"2025-11-11T10:10:52+00:00","og_image":[{"width":1200,"height":627,"url":"https:\/\/www.aurigaspa.com\/wp-content\/uploads\/valores.png","type":"image\/png"}],"twitter_card":"summary_large_image","twitter_title":"Lo \"Digital\" no es una Mera Tecnolog\u00eda - Descubre los Valores de Auriga","twitter_description":"Estamos en el Centro de los Modelos M\u00e1s Innovadores de la Econom\u00eda Digital con el fin de Satisfacer las Nuevas Necesidades de Consumo","twitter_misc":{"Tiempo de lectura":"2 minutos"},"schema":{"@context":"https:\/\/schema.org","@graph":[{"@type":"WebPage","@id":"https:\/\/www.aurigaspa.com\/es\/empresa\/valores\/","url":"https:\/\/www.aurigaspa.com\/es\/empresa\/valores\/","name":"Lo \"Digital\" no es una Mera Tecnolog\u00eda - Descubre los Valores de Auriga","isPartOf":{"@id":"https:\/\/www.aurigaspa.com\/es\/#website"},"datePublished":"2017-08-22T09:28:24+00:00","dateModified":"2025-11-11T10:10:52+00:00","description":"Estamos en el Centro de los Modelos M\u00e1s Innovadores de la Econom\u00eda Digital con el fin de Satisfacer las Nuevas Necesidades de Consumo","breadcrumb":{"@id":"https:\/\/www.aurigaspa.com\/es\/empresa\/valores\/#breadcrumb"},"inLanguage":"es","potentialAction":[{"@type":"ReadAction","target":["https:\/\/www.aurigaspa.com\/es\/empresa\/valores\/"]}]},{"@type":"BreadcrumbList","@id":"https:\/\/www.aurigaspa.com\/es\/empresa\/valores\/#breadcrumb","itemListElement":[{"@type":"ListItem","position":1,"name":"Home","item":"https:\/\/www.aurigaspa.com\/es\/"},{"@type":"ListItem","position":2,"name":"Empresa","item":"https:\/\/www.aurigaspa.com\/es\/empresa\/"},{"@type":"ListItem","position":3,"name":"Nuestros Valores"}]},{"@type":"WebSite","@id":"https:\/\/www.aurigaspa.com\/es\/#website","url":"https:\/\/www.aurigaspa.com\/es\/","name":"Auriga","description":"The banking evolution","publisher":{"@id":"https:\/\/www.aurigaspa.com\/es\/#organization"},"potentialAction":[{"@type":"SearchAction","target":{"@type":"EntryPoint","urlTemplate":"https:\/\/www.aurigaspa.com\/es\/?s={search_term_string}"},"query-input":{"@type":"PropertyValueSpecification","valueRequired":true,"valueName":"search_term_string"}}],"inLanguage":"es"},{"@type":"Organization","@id":"https:\/\/www.aurigaspa.com\/es\/#organization","name":"Auriga","url":"https:\/\/www.aurigaspa.com\/es\/","logo":{"@type":"ImageObject","inLanguage":"es","@id":"https:\/\/www.aurigaspa.com\/es\/#\/schema\/logo\/image\/","url":"https:\/\/www.aurigaspa.com\/wp-content\/uploads\/marchio_auriga_nopayoff_web.png","contentUrl":"https:\/\/www.aurigaspa.com\/wp-content\/uploads\/marchio_auriga_nopayoff_web.png","width":660,"height":360,"caption":"Auriga"},"image":{"@id":"https:\/\/www.aurigaspa.com\/es\/#\/schema\/logo\/image\/"},"sameAs":["https:\/\/www.facebook.com\/aurigaspa","https:\/\/www.instagram.com\/auriga_the_banking_evolution\/","https:\/\/www.linkedin.com\/company\/auriga-spa","https:\/\/www.youtube.com\/user\/aurigaspacom"]}]}},"_links":{"self":[{"href":"https:\/\/www.aurigaspa.com\/es\/wp-json\/wp\/v2\/pages\/32744","targetHints":{"allow":["GET"]}}],"collection":[{"href":"https:\/\/www.aurigaspa.com\/es\/wp-json\/wp\/v2\/pages"}],"about":[{"href":"https:\/\/www.aurigaspa.com\/es\/wp-json\/wp\/v2\/types\/page"}],"author":[{"embeddable":true,"href":"https:\/\/www.aurigaspa.com\/es\/wp-json\/wp\/v2\/users\/1"}],"replies":[{"embeddable":true,"href":"https:\/\/www.aurigaspa.com\/es\/wp-json\/wp\/v2\/comments?post=32744"}],"version-history":[{"count":5,"href":"https:\/\/www.aurigaspa.com\/es\/wp-json\/wp\/v2\/pages\/32744\/revisions"}],"predecessor-version":[{"id":77773,"href":"https:\/\/www.aurigaspa.com\/es\/wp-json\/wp\/v2\/pages\/32744\/revisions\/77773"}],"up":[{"embeddable":true,"href":"https:\/\/www.aurigaspa.com\/es\/wp-json\/wp\/v2\/pages\/32734"}],"wp:attachment":[{"href":"https:\/\/www.aurigaspa.com\/es\/wp-json\/wp\/v2\/media?parent=32744"}],"curies":[{"name":"wp","href":"https:\/\/api.w.org\/{rel}","templated":true}]}}