{"id":32741,"date":"2017-08-22T09:28:24","date_gmt":"2017-08-22T09:28:24","guid":{"rendered":"https:\/\/www.aurigaspa.com\/compania\/storia\/"},"modified":"2025-11-11T11:01:29","modified_gmt":"2025-11-11T10:01:29","slug":"historia-auriga-2","status":"publish","type":"page","link":"https:\/\/www.aurigaspa.com\/es\/empresa\/historia-auriga-2\/","title":{"rendered":"Historia de Auriga"},"content":{"rendered":"<div class=\"text_01\">\n<h2>Excelencia italiana desde 1992<\/h2>\n<\/div>\n<div class=\"boxTesto\">\n<div class=\"text_02\">\n<p>Establecida durante los a\u00f1os de los primeros desarrollos de internet, Auriga fue capaz de prever el potencial de la revoluci\u00f3n digital.<\/p>\n<\/div>\n<p style=\"text-align: left;\"><span class=\"data\"><strong>1992<\/strong>:<\/span> se constituye Auriga Informatica en Roma. La empresa se especializa en asesor\u00eda para la administraci\u00f3n y mantenimiento de aplicaciones de software para sistemas de pago a trav\u00e9s de cajero autom\u00e1tico y TPV. Durante los a\u00f1os siguientes, Auriga comienza a dise\u00f1ar y desarrollar su propio software.<\/p>\n<p style=\"text-align: left;\"><span class=\"data\"><strong>1994<\/strong>:<\/span> Lanzamiento de <a href=\"http:\/\/www.simplybankweb.com\/en\/index.php\" target=\"_blank\" rel=\"noopener noreferrer\">SimplyBank<\/a> y SimplyBank Web, ambas soluciones innovadoras para banca corporativa e internet que en los a\u00f1os siguientes fueron adoptadas por los centros de servicio m\u00e1s importantes de Italia: Phoenix, Federazione Marche, SBA, Cedecra, Cabel.<\/p>\n<p style=\"text-align: left;\"><span class=\"data\"><strong>2000<\/strong>:<\/span> Se constituye Auriganet, una divisi\u00f3n dedicada al desarrollo de soluciones para la gesti\u00f3n de canales de autoservicio para grandes bancos minoristas.<\/p>\n<p style=\"text-align: left;\"><span class=\"data\"><strong>2003<\/strong>:<\/span> Lanzamiento de la primera plataforma compatible con m\u00faltiples proveedores para la gesti\u00f3n de cajeros autom\u00e1ticos y m\u00e1quinas de autoservicio que fue adoptada por grandes grupos bancarios como Banca Intesa, Poste Italiane y Unicredit.<\/p>\n<p style=\"text-align: left;\"><span class=\"data\"><strong>2007<\/strong>:<\/span> La fusi\u00f3n de Auriga Informatica y Auriganet da a luz a <strong>Auriga SpA<\/strong>.<\/p>\n<p style=\"text-align: left;\"><span class=\"data\"><strong>2008<\/strong>:<\/span> Lanzamiento de la primera versi\u00f3n de <a href=\"https:\/\/www.aurigaspa.com\/es\/banca\/descripcion-general\/\">WinWebServer (WWS)<\/a>, una plataforma para la gesti\u00f3n integrada de banca omnicanal.<\/p>\n<p style=\"text-align: left;\"><span class=\"data\"><strong>2009<\/strong>:<\/span> Auriga presenta WWS Client, una soluci\u00f3n innovadora basada en Vassallo, el primer esquema propietario independiente de proveedores para el desarrollo de software para cajeros autom\u00e1ticos. En enero del mismo a\u00f1o se abre la oficina de Mil\u00e1n.<\/p>\n<p style=\"text-align: left;\"><span class=\"data\"><strong>2010<\/strong>:<\/span> Se crea <a href=\"https:\/\/www.simplymobile.it\/en\/\" target=\"_blank\" rel=\"noopener noreferrer\">SimplyMobile<\/a>, una aplicaci\u00f3n para la administraci\u00f3n de cuentas corrientes personales a trav\u00e9s de dispositivos m\u00f3viles.<\/p>\n<p style=\"text-align: left;\"><span class=\"data\"><strong>2011<\/strong>:<\/span> Auriga lanza PlainPay, una innovadora soluci\u00f3n de pago m\u00f3vil basada en la tecnolog\u00eda de c\u00f3digo QR, y decide entrar en el mercado minorista.<\/p>\n<p style=\"text-align: left;\"><span class=\"data\"><strong>2012<\/strong>:<\/span> Auriga abre su primera sucursal en Londres a fin de desarrollar negocios internacionales.<\/p>\n<p style=\"text-align: left;\"><span class=\"data\"><strong>2013<\/strong>:<\/span> Siguiendo el proceso de internacionalizaci\u00f3n, Auriga abre una sucursal en Par\u00eds.<\/p>\n<p style=\"text-align: left;\"><span class=\"data\"><strong>2015<\/strong>:<\/span> Auriga abre una sucursal en Fr\u00e1ncfort.<\/p>\n<p><strong>2017 <\/strong>&#8211; La empresa celebra sus 25 a\u00f1os. Adem\u00e1s, la entidad que re\u00fane las asociaciones banc\u00e1rias alemanas\u00a0 \u2013\u00a0 The German Banking Industry Committee (DK-Zulassungsb\u00fcro der Deutschen Kreditwirtschaft) \u2013 otorga a Auriga la certificaci\u00f3n \u201c<a href=\"https:\/\/www.aurigaspa.com\/en\/news-and-media\/news\/auriga-passes-important-milestone-in-expansion-plans-for-german-banking-market\/\">Deutsche Geldautomaten-System Zulassung<\/a>\u201d para WWS ATM.<\/p>\n<p><strong>2018<\/strong> &#8211; Auriga lanza en Italia su incubadora de startups <a href=\"https:\/\/www.ic406.com\/en\/\" target=\"_blank\" rel=\"noopener noreferrer\">IC406<\/a>, para llevar al \u00e9xito a equipos prometedores y j\u00f3venes talentos con ideas innovadoras en el marco de los negocios digitales.<\/p>\n<p><img loading=\"lazy\" decoding=\"async\" class=\"size-full wp-image-34607 aligncenter\" src=\"https:\/\/www.aurigaspa.com\/wp-content\/uploads\/auriga25.png\" alt=\"Historia Auriga\" width=\"1024\" height=\"470\" \/><\/p>\n<\/div>\n","protected":false},"excerpt":{"rendered":"<p>Excelencia italiana desde 1992 Establecida durante los a\u00f1os de los primeros desarrollos de internet, Auriga fue capaz de prever el potencial de la revoluci\u00f3n digital. 1992: se constituye Auriga Informatica en Roma. La empresa se especializa en asesor\u00eda para la administraci\u00f3n y mantenimiento de aplicaciones de software para sistemas de pago a trav\u00e9s de cajero<\/p>\n","protected":false},"author":1,"featured_media":0,"parent":32734,"menu_order":1,"comment_status":"closed","ping_status":"closed","template":"","meta":{"footnotes":""},"class_list":["post-32741","page","type-page","status-publish","hentry"],"yoast_head":"<!-- This site is optimized with the Yoast SEO Premium plugin v27.5 (Yoast SEO v27.5) - https:\/\/yoast.com\/product\/yoast-seo-premium-wordpress\/ -->\n<title>Historia de Auriga - Excelencia Italiana desde 1992<\/title>\n<meta name=\"description\" content=\"Establecida durante los A\u00f1os de los Primeros Desarrollos de Internet, Auriga fue Capaz de Prever el Potencial de la Revoluci\u00f3n Digital.\" \/>\n<meta name=\"robots\" content=\"index, follow, max-snippet:-1, max-image-preview:large, max-video-preview:-1\" \/>\n<link rel=\"canonical\" href=\"https:\/\/www.aurigaspa.com\/es\/empresa\/historia-auriga-2\/\" \/>\n<meta property=\"og:locale\" content=\"es_ES\" \/>\n<meta property=\"og:type\" content=\"article\" \/>\n<meta property=\"og:title\" content=\"Historia de Auriga | Auriga\" \/>\n<meta property=\"og:description\" content=\"Establecida durante los A\u00f1os de los Primeros Desarrollos de Internet, Auriga fue Capaz de Prever el Potencial de la Revoluci\u00f3n Digital.\" \/>\n<meta property=\"og:url\" content=\"https:\/\/www.aurigaspa.com\/es\/empresa\/historia-auriga-2\/\" \/>\n<meta property=\"og:site_name\" content=\"Auriga\" \/>\n<meta property=\"article:publisher\" content=\"https:\/\/www.facebook.com\/aurigaspa\" \/>\n<meta property=\"article:modified_time\" content=\"2025-11-11T10:01:29+00:00\" \/>\n<meta property=\"og:image\" content=\"https:\/\/www.aurigaspa.com\/wp-content\/uploads\/historia.png\" \/>\n\t<meta property=\"og:image:width\" content=\"1200\" \/>\n\t<meta property=\"og:image:height\" content=\"627\" \/>\n\t<meta property=\"og:image:type\" content=\"image\/jpeg\" \/>\n<meta name=\"twitter:card\" content=\"summary_large_image\" \/>\n<meta name=\"twitter:image\" content=\"https:\/\/www.aurigaspa.com\/wp-content\/uploads\/historia.png\" \/>\n<meta name=\"twitter:label1\" content=\"Tiempo de lectura\" \/>\n\t<meta name=\"twitter:data1\" content=\"3 minutos\" \/>\n<script type=\"application\/ld+json\" class=\"yoast-schema-graph\">{\"@context\":\"https:\\\/\\\/schema.org\",\"@graph\":[{\"@type\":\"WebPage\",\"@id\":\"https:\\\/\\\/www.aurigaspa.com\\\/es\\\/empresa\\\/historia-auriga-2\\\/\",\"url\":\"https:\\\/\\\/www.aurigaspa.com\\\/es\\\/empresa\\\/historia-auriga-2\\\/\",\"name\":\"Historia de Auriga - Excelencia Italiana desde 1992\",\"isPartOf\":{\"@id\":\"https:\\\/\\\/www.aurigaspa.com\\\/es\\\/#website\"},\"primaryImageOfPage\":{\"@id\":\"https:\\\/\\\/www.aurigaspa.com\\\/es\\\/empresa\\\/historia-auriga-2\\\/#primaryimage\"},\"image\":{\"@id\":\"https:\\\/\\\/www.aurigaspa.com\\\/es\\\/empresa\\\/historia-auriga-2\\\/#primaryimage\"},\"thumbnailUrl\":\"https:\\\/\\\/www.aurigaspa.com\\\/wp-content\\\/uploads\\\/auriga25.png\",\"datePublished\":\"2017-08-22T09:28:24+00:00\",\"dateModified\":\"2025-11-11T10:01:29+00:00\",\"description\":\"Establecida durante los A\u00f1os de los Primeros Desarrollos de Internet, Auriga fue Capaz de Prever el Potencial de la Revoluci\u00f3n Digital.\",\"breadcrumb\":{\"@id\":\"https:\\\/\\\/www.aurigaspa.com\\\/es\\\/empresa\\\/historia-auriga-2\\\/#breadcrumb\"},\"inLanguage\":\"es\",\"potentialAction\":[{\"@type\":\"ReadAction\",\"target\":[\"https:\\\/\\\/www.aurigaspa.com\\\/es\\\/empresa\\\/historia-auriga-2\\\/\"]}]},{\"@type\":\"ImageObject\",\"inLanguage\":\"es\",\"@id\":\"https:\\\/\\\/www.aurigaspa.com\\\/es\\\/empresa\\\/historia-auriga-2\\\/#primaryimage\",\"url\":\"https:\\\/\\\/www.aurigaspa.com\\\/wp-content\\\/uploads\\\/auriga25.png\",\"contentUrl\":\"https:\\\/\\\/www.aurigaspa.com\\\/wp-content\\\/uploads\\\/auriga25.png\"},{\"@type\":\"BreadcrumbList\",\"@id\":\"https:\\\/\\\/www.aurigaspa.com\\\/es\\\/empresa\\\/historia-auriga-2\\\/#breadcrumb\",\"itemListElement\":[{\"@type\":\"ListItem\",\"position\":1,\"name\":\"Home\",\"item\":\"https:\\\/\\\/www.aurigaspa.com\\\/es\\\/\"},{\"@type\":\"ListItem\",\"position\":2,\"name\":\"Empresa\",\"item\":\"https:\\\/\\\/www.aurigaspa.com\\\/es\\\/empresa\\\/\"},{\"@type\":\"ListItem\",\"position\":3,\"name\":\"Historia de Auriga\"}]},{\"@type\":\"WebSite\",\"@id\":\"https:\\\/\\\/www.aurigaspa.com\\\/es\\\/#website\",\"url\":\"https:\\\/\\\/www.aurigaspa.com\\\/es\\\/\",\"name\":\"Auriga\",\"description\":\"The banking evolution\",\"publisher\":{\"@id\":\"https:\\\/\\\/www.aurigaspa.com\\\/es\\\/#organization\"},\"potentialAction\":[{\"@type\":\"SearchAction\",\"target\":{\"@type\":\"EntryPoint\",\"urlTemplate\":\"https:\\\/\\\/www.aurigaspa.com\\\/es\\\/?s={search_term_string}\"},\"query-input\":{\"@type\":\"PropertyValueSpecification\",\"valueRequired\":true,\"valueName\":\"search_term_string\"}}],\"inLanguage\":\"es\"},{\"@type\":\"Organization\",\"@id\":\"https:\\\/\\\/www.aurigaspa.com\\\/es\\\/#organization\",\"name\":\"Auriga\",\"url\":\"https:\\\/\\\/www.aurigaspa.com\\\/es\\\/\",\"logo\":{\"@type\":\"ImageObject\",\"inLanguage\":\"es\",\"@id\":\"https:\\\/\\\/www.aurigaspa.com\\\/es\\\/#\\\/schema\\\/logo\\\/image\\\/\",\"url\":\"https:\\\/\\\/www.aurigaspa.com\\\/wp-content\\\/uploads\\\/marchio_auriga_nopayoff_web.png\",\"contentUrl\":\"https:\\\/\\\/www.aurigaspa.com\\\/wp-content\\\/uploads\\\/marchio_auriga_nopayoff_web.png\",\"width\":660,\"height\":360,\"caption\":\"Auriga\"},\"image\":{\"@id\":\"https:\\\/\\\/www.aurigaspa.com\\\/es\\\/#\\\/schema\\\/logo\\\/image\\\/\"},\"sameAs\":[\"https:\\\/\\\/www.facebook.com\\\/aurigaspa\",\"https:\\\/\\\/www.instagram.com\\\/auriga_the_banking_evolution\\\/\",\"https:\\\/\\\/www.linkedin.com\\\/company\\\/auriga-spa\",\"https:\\\/\\\/www.youtube.com\\\/user\\\/aurigaspacom\"]}]}<\/script>\n<!-- \/ Yoast SEO Premium plugin. -->","yoast_head_json":{"title":"Historia de Auriga - Excelencia Italiana desde 1992","description":"Establecida durante los A\u00f1os de los Primeros Desarrollos de Internet, Auriga fue Capaz de Prever el Potencial de la Revoluci\u00f3n Digital.","robots":{"index":"index","follow":"follow","max-snippet":"max-snippet:-1","max-image-preview":"max-image-preview:large","max-video-preview":"max-video-preview:-1"},"canonical":"https:\/\/www.aurigaspa.com\/es\/empresa\/historia-auriga-2\/","og_locale":"es_ES","og_type":"article","og_title":"Historia de Auriga | Auriga","og_description":"Establecida durante los A\u00f1os de los Primeros Desarrollos de Internet, Auriga fue Capaz de Prever el Potencial de la Revoluci\u00f3n Digital.","og_url":"https:\/\/www.aurigaspa.com\/es\/empresa\/historia-auriga-2\/","og_site_name":"Auriga","article_publisher":"https:\/\/www.facebook.com\/aurigaspa","article_modified_time":"2025-11-11T10:01:29+00:00","og_image":[{"width":1200,"height":627,"url":"https:\/\/www.aurigaspa.com\/wp-content\/uploads\/historia.png","type":"image\/jpeg"}],"twitter_card":"summary_large_image","twitter_image":"https:\/\/www.aurigaspa.com\/wp-content\/uploads\/historia.png","twitter_misc":{"Tiempo de lectura":"3 minutos"},"schema":{"@context":"https:\/\/schema.org","@graph":[{"@type":"WebPage","@id":"https:\/\/www.aurigaspa.com\/es\/empresa\/historia-auriga-2\/","url":"https:\/\/www.aurigaspa.com\/es\/empresa\/historia-auriga-2\/","name":"Historia de Auriga - Excelencia Italiana desde 1992","isPartOf":{"@id":"https:\/\/www.aurigaspa.com\/es\/#website"},"primaryImageOfPage":{"@id":"https:\/\/www.aurigaspa.com\/es\/empresa\/historia-auriga-2\/#primaryimage"},"image":{"@id":"https:\/\/www.aurigaspa.com\/es\/empresa\/historia-auriga-2\/#primaryimage"},"thumbnailUrl":"https:\/\/www.aurigaspa.com\/wp-content\/uploads\/auriga25.png","datePublished":"2017-08-22T09:28:24+00:00","dateModified":"2025-11-11T10:01:29+00:00","description":"Establecida durante los A\u00f1os de los Primeros Desarrollos de Internet, Auriga fue Capaz de Prever el Potencial de la Revoluci\u00f3n Digital.","breadcrumb":{"@id":"https:\/\/www.aurigaspa.com\/es\/empresa\/historia-auriga-2\/#breadcrumb"},"inLanguage":"es","potentialAction":[{"@type":"ReadAction","target":["https:\/\/www.aurigaspa.com\/es\/empresa\/historia-auriga-2\/"]}]},{"@type":"ImageObject","inLanguage":"es","@id":"https:\/\/www.aurigaspa.com\/es\/empresa\/historia-auriga-2\/#primaryimage","url":"https:\/\/www.aurigaspa.com\/wp-content\/uploads\/auriga25.png","contentUrl":"https:\/\/www.aurigaspa.com\/wp-content\/uploads\/auriga25.png"},{"@type":"BreadcrumbList","@id":"https:\/\/www.aurigaspa.com\/es\/empresa\/historia-auriga-2\/#breadcrumb","itemListElement":[{"@type":"ListItem","position":1,"name":"Home","item":"https:\/\/www.aurigaspa.com\/es\/"},{"@type":"ListItem","position":2,"name":"Empresa","item":"https:\/\/www.aurigaspa.com\/es\/empresa\/"},{"@type":"ListItem","position":3,"name":"Historia de Auriga"}]},{"@type":"WebSite","@id":"https:\/\/www.aurigaspa.com\/es\/#website","url":"https:\/\/www.aurigaspa.com\/es\/","name":"Auriga","description":"The banking evolution","publisher":{"@id":"https:\/\/www.aurigaspa.com\/es\/#organization"},"potentialAction":[{"@type":"SearchAction","target":{"@type":"EntryPoint","urlTemplate":"https:\/\/www.aurigaspa.com\/es\/?s={search_term_string}"},"query-input":{"@type":"PropertyValueSpecification","valueRequired":true,"valueName":"search_term_string"}}],"inLanguage":"es"},{"@type":"Organization","@id":"https:\/\/www.aurigaspa.com\/es\/#organization","name":"Auriga","url":"https:\/\/www.aurigaspa.com\/es\/","logo":{"@type":"ImageObject","inLanguage":"es","@id":"https:\/\/www.aurigaspa.com\/es\/#\/schema\/logo\/image\/","url":"https:\/\/www.aurigaspa.com\/wp-content\/uploads\/marchio_auriga_nopayoff_web.png","contentUrl":"https:\/\/www.aurigaspa.com\/wp-content\/uploads\/marchio_auriga_nopayoff_web.png","width":660,"height":360,"caption":"Auriga"},"image":{"@id":"https:\/\/www.aurigaspa.com\/es\/#\/schema\/logo\/image\/"},"sameAs":["https:\/\/www.facebook.com\/aurigaspa","https:\/\/www.instagram.com\/auriga_the_banking_evolution\/","https:\/\/www.linkedin.com\/company\/auriga-spa","https:\/\/www.youtube.com\/user\/aurigaspacom"]}]}},"_links":{"self":[{"href":"https:\/\/www.aurigaspa.com\/es\/wp-json\/wp\/v2\/pages\/32741","targetHints":{"allow":["GET"]}}],"collection":[{"href":"https:\/\/www.aurigaspa.com\/es\/wp-json\/wp\/v2\/pages"}],"about":[{"href":"https:\/\/www.aurigaspa.com\/es\/wp-json\/wp\/v2\/types\/page"}],"author":[{"embeddable":true,"href":"https:\/\/www.aurigaspa.com\/es\/wp-json\/wp\/v2\/users\/1"}],"replies":[{"embeddable":true,"href":"https:\/\/www.aurigaspa.com\/es\/wp-json\/wp\/v2\/comments?post=32741"}],"version-history":[{"count":5,"href":"https:\/\/www.aurigaspa.com\/es\/wp-json\/wp\/v2\/pages\/32741\/revisions"}],"predecessor-version":[{"id":77771,"href":"https:\/\/www.aurigaspa.com\/es\/wp-json\/wp\/v2\/pages\/32741\/revisions\/77771"}],"up":[{"embeddable":true,"href":"https:\/\/www.aurigaspa.com\/es\/wp-json\/wp\/v2\/pages\/32734"}],"wp:attachment":[{"href":"https:\/\/www.aurigaspa.com\/es\/wp-json\/wp\/v2\/media?parent=32741"}],"curies":[{"name":"wp","href":"https:\/\/api.w.org\/{rel}","templated":true}]}}